{"id":13051,"date":"2017-11-30T16:02:25","date_gmt":"2017-11-30T15:02:25","guid":{"rendered":"https:\/\/www.canalfriends.com\/donate-to-canalfriends-free-downloadable-guides\/"},"modified":"2025-03-09T15:10:54","modified_gmt":"2025-03-09T14:10:54","slug":"faire-un-don-guides-gratuits-canalfriends","status":"publish","type":"page","link":"https:\/\/www.canalfriends.com\/fr\/faire-un-don-guides-gratuits-canalfriends\/","title":{"rendered":"Faire un don: guides gratuits canalfriends"},"content":{"rendered":"\n<style type=\"text\/css\" data-created_by=\"avia_inline_auto\" id=\"style-css-av-7foqfln-f0ba6e26f58d14fe47ae259d8e44ab07\">\n.avia-section.av-7foqfln-f0ba6e26f58d14fe47ae259d8e44ab07 .av-extra-border-element .av-extra-border-inner{\nbackground-color:#ed9e17;\n}\n<\/style>\n<div id='av_section_1'  class='avia-section av-7foqfln-f0ba6e26f58d14fe47ae259d8e44ab07 main_color avia-section-large avia-shadow  avia-builder-el-0  el_before_av_one_full  avia-builder-el-first  avia-bg-style-scroll container_wrap fullsize'  ><div class='container av-section-cont-open' ><main  role=\"main\" itemprop=\"mainContentOfPage\"  class='template-page content  av-content-full alpha units'><div class='post-entry post-entry-type-page post-entry-13051'><div class='entry-content-wrapper clearfix'>\n\n<style type=\"text\/css\" data-created_by=\"avia_inline_auto\" id=\"style-css-av-70nw9ob-afa385fce60faa9aa0e34f20723662f3\">\n#top .av-special-heading.av-70nw9ob-afa385fce60faa9aa0e34f20723662f3{\npadding-bottom:10px;\n}\nbody .av-special-heading.av-70nw9ob-afa385fce60faa9aa0e34f20723662f3 .av-special-heading-tag .heading-char{\nfont-size:25px;\n}\n.av-special-heading.av-70nw9ob-afa385fce60faa9aa0e34f20723662f3 .av-subheading{\nfont-size:15px;\n}\n<\/style>\n<div  class='av-special-heading av-70nw9ob-afa385fce60faa9aa0e34f20723662f3 av-special-heading-h2 blockquote modern-quote modern-centered  avia-builder-el-1  avia-builder-el-no-sibling '><h2 class='av-special-heading-tag '  itemprop=\"headline\"  >Soutenez les actions Canalfriends par un don<\/h2><div class=\"special-heading-border\"><div class=\"special-heading-inner-border\"><\/div><\/div><\/div>\n<\/div><\/div><\/main><!-- close content main element --><\/div><div class='av-extra-border-element border-extra-diagonal border-extra-diagonal-inverse '><div class='av-extra-border-outer'><div class='av-extra-border-inner'><\/div><\/div><\/div><\/div><div id='after_section_1'  class='main_color av_default_container_wrap container_wrap fullsize'  ><div class='container av-section-cont-open' ><div class='template-page content  av-content-full alpha units'><div class='post-entry post-entry-type-page post-entry-13051'><div class='entry-content-wrapper clearfix'>\n\n<style type=\"text\/css\" data-created_by=\"avia_inline_auto\" id=\"style-css-av-6vptimz-4aa333d65515baa107ce52020d02750c\">\n#top .flex_column.av-6vptimz-4aa333d65515baa107ce52020d02750c{\nmargin-top:20px;\nmargin-bottom:20px;\n}\n.flex_column.av-6vptimz-4aa333d65515baa107ce52020d02750c{\nborder-radius:0px 0px 0px 0px;\npadding:0px 0px 0px 0px;\n}\n.responsive #top #wrap_all .flex_column.av-6vptimz-4aa333d65515baa107ce52020d02750c{\nmargin-top:20px;\nmargin-bottom:20px;\n}\n<\/style>\n<div  class='flex_column av-6vptimz-4aa333d65515baa107ce52020d02750c av_one_full  avia-builder-el-2  el_after_av_section  el_before_av_one_fourth  avia-builder-el-first  first flex_column_div av-zero-column-padding  '     ><style type=\"text\/css\" data-created_by=\"avia_inline_auto\" id=\"style-css-av-68wbm57-000904e02546edf2bb696d6a695a2305\">\n#top .av_textblock_section.av-68wbm57-000904e02546edf2bb696d6a695a2305 .avia_textblock{\ncolor:#ededed;\n}\n<\/style>\n<section  class='av_textblock_section av-68wbm57-000904e02546edf2bb696d6a695a2305 '   itemscope=\"itemscope\" itemtype=\"https:\/\/schema.org\/CreativeWork\" ><div class='avia_textblock av_inherit_color'  itemprop=\"text\" ><h3><span style=\"color: #808080;\"><span style=\"font-size: medium;\">Vous appr\u00e9ciez nos guides gratuits, nos s\u00e9jours d\u00e9couvertes, nos conseils ou tout simplement notre approche bienveillante, conviviale et responsable du tourisme au fil de l&rsquo;eau.<\/span><\/span><\/h3>\n<h3><span style=\"color: #808080;\"><span style=\"font-size: medium;\">En nous soutenant, vous nous permettez de poursuivre financi\u00e8rement nos efforts et surtout vous entretenez notre formidable envie de faire bouger les lignes avec tous ceux qui partagent\u00a0 ce souhait.<\/span><\/span><\/h3>\n<h3><span style=\"color: #808080;\"><span style=\"font-size: medium;\">Tous les montants, aussi petits soient-ils, nous aiderons \u00e0 f\u00e9d\u00e9rer de nouveaux acteurs, proposer de nouveaux guides et mettre \u00e0 jour ceux existants et \u00e0 imaginer avec notre communaut\u00e9, dont vous ferez partie, de nouvelles actions de promotion de nos canaux\u00a0et rivi\u00e8res.<\/span><\/span><\/h3>\n<h3><span style=\"color: #808080;\"><span style=\"font-size: medium;\">Pour nous aider, vous pouvez faire un don \u00e0 RIVIERE DEVELOPPEMENT, soci\u00e9t\u00e9 qui porte Canalfriends, soit directement par internet en cliquant ci-dessous sur &laquo;&nbsp;Donate&nbsp;&raquo; soit en adressant un ch\u00e8que. N&rsquo;h\u00e9sitez pas \u00e0 nous contacter pour toute pr\u00e9cision, suggestions&#8230; : 05 53 96 72 50.<\/span><\/span><\/h3>\n<\/div><\/section><\/div>\n\n<style type=\"text\/css\" data-created_by=\"avia_inline_auto\" id=\"style-css-av-5l12twb-47c6eafa6bf7b7e8925891d43ff78f5b\">\n#top .flex_column.av-5l12twb-47c6eafa6bf7b7e8925891d43ff78f5b{\nmargin-top:10px;\nmargin-bottom:10px;\n}\n.flex_column.av-5l12twb-47c6eafa6bf7b7e8925891d43ff78f5b{\nborder-radius:0px 0px 0px 0px;\npadding:0px 0px 0px 0px;\n}\n.responsive #top #wrap_all .flex_column.av-5l12twb-47c6eafa6bf7b7e8925891d43ff78f5b{\nmargin-top:10px;\nmargin-bottom:10px;\n}\n<\/style>\n<div  class='flex_column av-5l12twb-47c6eafa6bf7b7e8925891d43ff78f5b av_one_fourth  avia-builder-el-4  el_after_av_one_full  el_before_av_one_fourth  first flex_column_div av-zero-column-padding  column-top-margin'     ><p>\n<style type=\"text\/css\" data-created_by=\"avia_inline_auto\" id=\"style-css-av-5e99tob-d79c017db881842cd8ac66f4127de7a7\">\n#top .av-special-heading.av-5e99tob-d79c017db881842cd8ac66f4127de7a7{\npadding-bottom:17px;\nfont-size:20px;\n}\nbody .av-special-heading.av-5e99tob-d79c017db881842cd8ac66f4127de7a7 .av-special-heading-tag .heading-char{\nfont-size:25px;\n}\n#top #wrap_all .av-special-heading.av-5e99tob-d79c017db881842cd8ac66f4127de7a7 .av-special-heading-tag{\nfont-size:20px;\n}\n.av-special-heading.av-5e99tob-d79c017db881842cd8ac66f4127de7a7 .av-subheading{\nfont-size:15px;\n}\n\n@media only screen and (min-width: 480px) and (max-width: 767px){ \n#top #wrap_all .av-special-heading.av-5e99tob-d79c017db881842cd8ac66f4127de7a7 .av-special-heading-tag{\nfont-size:0.8em;\n}\n}\n\n@media only screen and (max-width: 479px){ \n#top #wrap_all .av-special-heading.av-5e99tob-d79c017db881842cd8ac66f4127de7a7 .av-special-heading-tag{\nfont-size:0.8em;\n}\n}\n<\/style>\n<div  class='av-special-heading av-5e99tob-d79c017db881842cd8ac66f4127de7a7 av-special-heading-h3 blockquote modern-quote  avia-builder-el-5  el_before_av_sidebar  avia-builder-el-first  av-inherit-size'><h3 class='av-special-heading-tag '  itemprop=\"headline\"  >Faire un don en cliquant sur \u2018\u2019donate\u2019\u2019 ci-dessous.<\/h3><div class=\"special-heading-border\"><div class=\"special-heading-inner-border\"><\/div><\/div><\/div><br \/>\n<div  class='avia-builder-widget-area clearfix  avia-builder-el-6  el_after_av_heading  avia-builder-el-last '><div id=\"paypal_donations-2\" class=\"widget clearfix widget_paypal_donations\"><!-- Begin PayPal Donations by https:\/\/www.tipsandtricks-hq.com\/paypal-donations-widgets-plugin -->\n\n<form action=\"https:\/\/www.paypal.com\/cgi-bin\/webscr\" method=\"post\" target=\"_blank\">\n    <div class=\"paypal-donations\">\n        <input type=\"hidden\" name=\"cmd\" value=\"_donations\" \/>\n        <input type=\"hidden\" name=\"bn\" value=\"TipsandTricks_SP\" \/>\n        <input type=\"hidden\" name=\"business\" value=\"contact@canalfriends.com\" \/>\n        <input type=\"hidden\" name=\"rm\" value=\"0\" \/>\n        <input type=\"hidden\" name=\"currency_code\" value=\"EUR\" \/>\n        <input type=\"image\" style=\"cursor: pointer;\" src=\"https:\/\/www.paypalobjects.com\/en_US\/i\/btn\/btn_donateCC_LG.gif\" name=\"submit\" alt=\"PayPal - The safer, easier way to pay online.\" \/>\n        <img loading=\"lazy\" decoding=\"async\" alt=\"\" src=\"https:\/\/www.paypalobjects.com\/en_US\/i\/scr\/pixel.gif\" width=\"1\" height=\"1\" \/>\n    <\/div>\n<\/form>\n<!-- End PayPal Donations -->\n<\/div><\/div><\/p><\/div>\n\n<style type=\"text\/css\" data-created_by=\"avia_inline_auto\" id=\"style-css-av-4jm817f-1d90263ba787a6853a15b36ba0c2d8d3\">\n#top .flex_column.av-4jm817f-1d90263ba787a6853a15b36ba0c2d8d3{\nmargin-top:10px;\nmargin-bottom:10px;\n}\n.flex_column.av-4jm817f-1d90263ba787a6853a15b36ba0c2d8d3{\nborder-radius:0px 0px 0px 0px;\npadding:0px 0px 0px 0px;\n}\n.responsive #top #wrap_all .flex_column.av-4jm817f-1d90263ba787a6853a15b36ba0c2d8d3{\nmargin-top:10px;\nmargin-bottom:10px;\n}\n<\/style>\n<div  class='flex_column av-4jm817f-1d90263ba787a6853a15b36ba0c2d8d3 av_one_fourth  avia-builder-el-7  el_after_av_one_fourth  el_before_av_one_fourth  flex_column_div av-zero-column-padding  column-top-margin'     ><p>\n<style type=\"text\/css\" data-created_by=\"avia_inline_auto\" id=\"style-css-av-41s1w4b-47b0c4edb875e2b7058eaafafaa057b4\">\n#top .av-special-heading.av-41s1w4b-47b0c4edb875e2b7058eaafafaa057b4{\npadding-bottom:17px;\nfont-size:20px;\n}\nbody .av-special-heading.av-41s1w4b-47b0c4edb875e2b7058eaafafaa057b4 .av-special-heading-tag .heading-char{\nfont-size:25px;\n}\n#top #wrap_all .av-special-heading.av-41s1w4b-47b0c4edb875e2b7058eaafafaa057b4 .av-special-heading-tag{\nfont-size:20px;\n}\n.av-special-heading.av-41s1w4b-47b0c4edb875e2b7058eaafafaa057b4 .av-subheading{\nfont-size:15px;\n}\n\n@media only screen and (min-width: 480px) and (max-width: 767px){ \n#top #wrap_all .av-special-heading.av-41s1w4b-47b0c4edb875e2b7058eaafafaa057b4 .av-special-heading-tag{\nfont-size:0.8em;\n}\n}\n\n@media only screen and (max-width: 479px){ \n#top #wrap_all .av-special-heading.av-41s1w4b-47b0c4edb875e2b7058eaafafaa057b4 .av-special-heading-tag{\nfont-size:0.8em;\n}\n}\n<\/style>\n<div  class='av-special-heading av-41s1w4b-47b0c4edb875e2b7058eaafafaa057b4 av-special-heading-h3 blockquote modern-quote  avia-builder-el-8  el_before_av_textblock  avia-builder-el-first  av-inherit-size'><h3 class='av-special-heading-tag '  itemprop=\"headline\"  >Envoyer un ch\u00e8que<\/h3><div class=\"special-heading-border\"><div class=\"special-heading-inner-border\"><\/div><\/div><\/div><br \/>\n<section  class='av_textblock_section av-3nsd6cb-ddf5332ece86daf2d28a550299612be4 '   itemscope=\"itemscope\" itemtype=\"https:\/\/schema.org\/CreativeWork\" ><div class='avia_textblock'  itemprop=\"text\" ><p>A l&rsquo;ordre de Rivi\u00e8re D\u00e9veloppement<\/p>\n<p>A l&rsquo;adresse :<\/p>\n<p>Rivi\u00e8re D\u00e9veloppement\/Canalfriends<\/p>\n<p>1151 c\u00f4te de Lacarrerasse<\/p>\n<p>47310 Sainte Colombe en Bruilhois<\/p>\n<\/div><\/section><\/p><\/div>\n<style type=\"text\/css\" data-created_by=\"avia_inline_auto\" id=\"style-css-av-b1cz7f-38e3e540a05d28a48e8e2a92b19fcfe4\">\n#top .flex_column.av-b1cz7f-38e3e540a05d28a48e8e2a92b19fcfe4{\nmargin-top:10px;\nmargin-bottom:10px;\n}\n.flex_column.av-b1cz7f-38e3e540a05d28a48e8e2a92b19fcfe4{\nborder-radius:0px 0px 0px 0px;\npadding:0px 0px 0px 0px;\n}\n.responsive #top #wrap_all .flex_column.av-b1cz7f-38e3e540a05d28a48e8e2a92b19fcfe4{\nmargin-top:10px;\nmargin-bottom:10px;\n}\n<\/style>\n<div  class='flex_column av-b1cz7f-38e3e540a05d28a48e8e2a92b19fcfe4 av_one_fourth  avia-builder-el-10  el_after_av_one_fourth  el_before_av_one_fourth  flex_column_div av-zero-column-padding  column-top-margin'     ><p>\n<style type=\"text\/css\" data-created_by=\"avia_inline_auto\" id=\"style-css-av-2d85dsr-538f3a6040e219c9128aec7c845408a2\">\n.avia-image-container.av-2d85dsr-538f3a6040e219c9128aec7c845408a2 img.avia_image{\nbox-shadow:none;\n}\n.avia-image-container.av-2d85dsr-538f3a6040e219c9128aec7c845408a2 .av-image-caption-overlay-center{\ncolor:#ffffff;\n}\n<\/style>\n<div  class='avia-image-container av-2d85dsr-538f3a6040e219c9128aec7c845408a2 av-styling- avia-align-center  avia-builder-el-11  el_before_av_image  avia-builder-el-first '   itemprop=\"image\" itemscope=\"itemscope\" itemtype=\"https:\/\/schema.org\/ImageObject\" ><div class=\"avia-image-container-inner\"><div class=\"avia-image-overlay-wrap\"><img decoding=\"async\" fetchpriority=\"high\" class='wp-image-21671 avia-img-lazy-loading-not-21671 avia_image ' src=\"https:\/\/i0.wp.com\/www.canalfriends.com\/wp-content\/uploads\/2022\/05\/Couverture-Canalfriends-3-guides-fr-2022.jpg?fit=469%2C332&ssl=1\" alt='' title='Couverture Canalfriends 3 guides fr 2022'  height=\"332\" width=\"469\"  itemprop=\"thumbnailUrl\" srcset=\"https:\/\/i0.wp.com\/www.canalfriends.com\/wp-content\/uploads\/2022\/05\/Couverture-Canalfriends-3-guides-fr-2022.jpg?w=1754&amp;ssl=1 1754w, https:\/\/i0.wp.com\/www.canalfriends.com\/wp-content\/uploads\/2022\/05\/Couverture-Canalfriends-3-guides-fr-2022.jpg?resize=469%2C332&amp;ssl=1 469w, https:\/\/i0.wp.com\/www.canalfriends.com\/wp-content\/uploads\/2022\/05\/Couverture-Canalfriends-3-guides-fr-2022.jpg?resize=900%2C636&amp;ssl=1 900w, https:\/\/i0.wp.com\/www.canalfriends.com\/wp-content\/uploads\/2022\/05\/Couverture-Canalfriends-3-guides-fr-2022.jpg?resize=1536%2C1086&amp;ssl=1 1536w, https:\/\/i0.wp.com\/www.canalfriends.com\/wp-content\/uploads\/2022\/05\/Couverture-Canalfriends-3-guides-fr-2022.jpg?resize=1500%2C1060&amp;ssl=1 1500w, https:\/\/i0.wp.com\/www.canalfriends.com\/wp-content\/uploads\/2022\/05\/Couverture-Canalfriends-3-guides-fr-2022.jpg?resize=260%2C185&amp;ssl=1 260w, https:\/\/i0.wp.com\/www.canalfriends.com\/wp-content\/uploads\/2022\/05\/Couverture-Canalfriends-3-guides-fr-2022.jpg?resize=705%2C498&amp;ssl=1 705w\" sizes=\"(max-width: 469px) 100vw, 469px\" \/><\/div><\/div><\/div><br \/>\n\n<style type=\"text\/css\" data-created_by=\"avia_inline_auto\" id=\"style-css-av-23pbzob-badf001da86d2b08dbd535796d4f97b2\">\n.avia-image-container.av-23pbzob-badf001da86d2b08dbd535796d4f97b2 img.avia_image{\nbox-shadow:none;\n}\n.avia-image-container.av-23pbzob-badf001da86d2b08dbd535796d4f97b2 .av-image-caption-overlay-center{\ncolor:#ffffff;\n}\n<\/style>\n<div  class='avia-image-container av-23pbzob-badf001da86d2b08dbd535796d4f97b2 av-styling- avia-align-center  avia-builder-el-12  el_after_av_image  avia-builder-el-last '   itemprop=\"image\" itemscope=\"itemscope\" itemtype=\"https:\/\/schema.org\/ImageObject\" ><div class=\"avia-image-container-inner\"><div class=\"avia-image-overlay-wrap\"><img decoding=\"async\" fetchpriority=\"high\" class='wp-image-13066 avia-img-lazy-loading-not-13066 avia_image ' src=\"https:\/\/i0.wp.com\/www.canalfriends.com\/wp-content\/uploads\/2017\/12\/Canalfriends-La-Grande-leyre-3.jpg?fit=469%2C352&ssl=1\" alt='la Leyre, canoe, kayak, bassin arcachon, canalfriends' title='Canalfriends La Grande leyre 3'  height=\"352\" width=\"469\"  itemprop=\"thumbnailUrl\" srcset=\"https:\/\/i0.wp.com\/www.canalfriends.com\/wp-content\/uploads\/2017\/12\/Canalfriends-La-Grande-leyre-3.jpg?w=600&amp;ssl=1 600w, https:\/\/i0.wp.com\/www.canalfriends.com\/wp-content\/uploads\/2017\/12\/Canalfriends-La-Grande-leyre-3.jpg?resize=80%2C60&amp;ssl=1 80w, https:\/\/i0.wp.com\/www.canalfriends.com\/wp-content\/uploads\/2017\/12\/Canalfriends-La-Grande-leyre-3.jpg?resize=496%2C372&amp;ssl=1 496w, https:\/\/i0.wp.com\/www.canalfriends.com\/wp-content\/uploads\/2017\/12\/Canalfriends-La-Grande-leyre-3.jpg?resize=533%2C400&amp;ssl=1 533w\" sizes=\"(max-width: 469px) 100vw, 469px\" \/><\/div><\/div><\/div><\/p><\/div><\/p>\n\n<style type=\"text\/css\" data-created_by=\"avia_inline_auto\" id=\"style-css-av-1k5wcfv-9467bb83cf1264f3d8e3e5dfe1e67750\">\n#top .flex_column.av-1k5wcfv-9467bb83cf1264f3d8e3e5dfe1e67750{\nmargin-top:10px;\nmargin-bottom:10px;\n}\n.flex_column.av-1k5wcfv-9467bb83cf1264f3d8e3e5dfe1e67750{\nborder-radius:0px 0px 0px 0px;\npadding:0px 0px 0px 0px;\n}\n.responsive #top #wrap_all .flex_column.av-1k5wcfv-9467bb83cf1264f3d8e3e5dfe1e67750{\nmargin-top:10px;\nmargin-bottom:10px;\n}\n<\/style>\n<div  class='flex_column av-1k5wcfv-9467bb83cf1264f3d8e3e5dfe1e67750 av_one_fourth  avia-builder-el-13  el_after_av_one_fourth  avia-builder-el-last  flex_column_div av-zero-column-padding  column-top-margin'     ><p>\n<style type=\"text\/css\" data-created_by=\"avia_inline_auto\" id=\"style-css-av-18nxniz-50267582b9b94a9d452321eaf7e7c99d\">\n.avia-image-container.av-18nxniz-50267582b9b94a9d452321eaf7e7c99d img.avia_image{\nbox-shadow:none;\n}\n.avia-image-container.av-18nxniz-50267582b9b94a9d452321eaf7e7c99d .av-image-caption-overlay-center{\ncolor:#ffffff;\n}\n<\/style>\n<div  class='avia-image-container av-18nxniz-50267582b9b94a9d452321eaf7e7c99d av-styling- avia-align-center  avia-builder-el-14  el_before_av_image  avia-builder-el-first '   itemprop=\"image\" itemscope=\"itemscope\" itemtype=\"https:\/\/schema.org\/ImageObject\" ><div class=\"avia-image-container-inner\"><div class=\"avia-image-overlay-wrap\"><img decoding=\"async\" fetchpriority=\"high\" class='wp-image-8028 avia-img-lazy-loading-not-8028 avia_image ' src=\"https:\/\/i0.wp.com\/www.canalfriends.com\/wp-content\/uploads\/2016\/06\/canalfriends.com_sunset_pont-1.jpg?fit=469%2C352&ssl=1\" alt='Canalfriends.com' title='Canalfriends.com'  height=\"352\" width=\"469\"  itemprop=\"thumbnailUrl\" srcset=\"https:\/\/i0.wp.com\/www.canalfriends.com\/wp-content\/uploads\/2016\/06\/canalfriends.com_sunset_pont-1.jpg?w=600&amp;ssl=1 600w, https:\/\/i0.wp.com\/www.canalfriends.com\/wp-content\/uploads\/2016\/06\/canalfriends.com_sunset_pont-1.jpg?resize=80%2C60&amp;ssl=1 80w, https:\/\/i0.wp.com\/www.canalfriends.com\/wp-content\/uploads\/2016\/06\/canalfriends.com_sunset_pont-1.jpg?resize=496%2C372&amp;ssl=1 496w, https:\/\/i0.wp.com\/www.canalfriends.com\/wp-content\/uploads\/2016\/06\/canalfriends.com_sunset_pont-1.jpg?resize=533%2C400&amp;ssl=1 533w, https:\/\/i0.wp.com\/www.canalfriends.com\/wp-content\/uploads\/2016\/06\/canalfriends.com_sunset_pont-1.jpg?resize=450%2C338&amp;ssl=1 450w\" sizes=\"(max-width: 469px) 100vw, 469px\" \/><\/div><\/div><\/div><br \/>\n\n<style type=\"text\/css\" data-created_by=\"avia_inline_auto\" id=\"style-css-av-pugi9n-10c7162c756f7a93e41454b8ac90e432\">\n.avia-image-container.av-pugi9n-10c7162c756f7a93e41454b8ac90e432 img.avia_image{\nbox-shadow:none;\n}\n.avia-image-container.av-pugi9n-10c7162c756f7a93e41454b8ac90e432 .av-image-caption-overlay-center{\ncolor:#ffffff;\n}\n<\/style>\n<div  class='avia-image-container av-pugi9n-10c7162c756f7a93e41454b8ac90e432 av-styling- avia-align-center  avia-builder-el-15  el_after_av_image  avia-builder-el-last '   itemprop=\"image\" itemscope=\"itemscope\" itemtype=\"https:\/\/schema.org\/ImageObject\" ><div class=\"avia-image-container-inner\"><div class=\"avia-image-overlay-wrap\"><img decoding=\"async\" fetchpriority=\"high\" class='wp-image-13067 avia-img-lazy-loading-not-13067 avia_image ' src=\"https:\/\/i0.wp.com\/www.canalfriends.com\/wp-content\/uploads\/2017\/12\/43-obelisque-riquet-canalfriends.jpg?fit=469%2C352&ssl=1\" alt='rigoles canal du midi, obelisque riquet' title='43 obelisque riquet canalfriends'  height=\"352\" width=\"469\"  itemprop=\"thumbnailUrl\" srcset=\"https:\/\/i0.wp.com\/www.canalfriends.com\/wp-content\/uploads\/2017\/12\/43-obelisque-riquet-canalfriends.jpg?w=600&amp;ssl=1 600w, https:\/\/i0.wp.com\/www.canalfriends.com\/wp-content\/uploads\/2017\/12\/43-obelisque-riquet-canalfriends.jpg?resize=80%2C60&amp;ssl=1 80w, https:\/\/i0.wp.com\/www.canalfriends.com\/wp-content\/uploads\/2017\/12\/43-obelisque-riquet-canalfriends.jpg?resize=496%2C372&amp;ssl=1 496w, https:\/\/i0.wp.com\/www.canalfriends.com\/wp-content\/uploads\/2017\/12\/43-obelisque-riquet-canalfriends.jpg?resize=533%2C400&amp;ssl=1 533w\" sizes=\"(max-width: 469px) 100vw, 469px\" \/><\/div><\/div><\/div><\/p><\/div>\n","protected":false},"excerpt":{"rendered":"","protected":false},"author":14,"featured_media":0,"parent":0,"menu_order":0,"comment_status":"closed","ping_status":"closed","template":"","meta":{"footnotes":""},"class_list":["post-13051","page","type-page","status-publish","hentry"],"jetpack_sharing_enabled":true,"_links":{"self":[{"href":"https:\/\/www.canalfriends.com\/fr\/wp-json\/wp\/v2\/pages\/13051","targetHints":{"allow":["GET"]}}],"collection":[{"href":"https:\/\/www.canalfriends.com\/fr\/wp-json\/wp\/v2\/pages"}],"about":[{"href":"https:\/\/www.canalfriends.com\/fr\/wp-json\/wp\/v2\/types\/page"}],"author":[{"embeddable":true,"href":"https:\/\/www.canalfriends.com\/fr\/wp-json\/wp\/v2\/users\/14"}],"replies":[{"embeddable":true,"href":"https:\/\/www.canalfriends.com\/fr\/wp-json\/wp\/v2\/comments?post=13051"}],"version-history":[{"count":2,"href":"https:\/\/www.canalfriends.com\/fr\/wp-json\/wp\/v2\/pages\/13051\/revisions"}],"predecessor-version":[{"id":22827,"href":"https:\/\/www.canalfriends.com\/fr\/wp-json\/wp\/v2\/pages\/13051\/revisions\/22827"}],"wp:attachment":[{"href":"https:\/\/www.canalfriends.com\/fr\/wp-json\/wp\/v2\/media?parent=13051"}],"curies":[{"name":"wp","href":"https:\/\/api.w.org\/{rel}","templated":true}]}}