{"id":14614,"date":"2018-04-30T18:24:17","date_gmt":"2018-04-30T16:24:17","guid":{"rendered":"https:\/\/www.canalfriends.com\/?page_id=14614"},"modified":"2026-04-13T18:43:56","modified_gmt":"2026-04-13T16:43:56","slug":"leyre","status":"publish","type":"page","link":"https:\/\/www.canalfriends.com\/fr\/leyre\/","title":{"rendered":"Leyre"},"content":{"rendered":"\n<style type=\"text\/css\" data-created_by=\"avia_inline_auto\" id=\"style-css-av-4l9rewm-5683c8252c7912d03d4e0a4929f83cfb\">\n.flex_column.av-4l9rewm-5683c8252c7912d03d4e0a4929f83cfb{\nborder-radius:0px 0px 0px 0px;\npadding:0px 0px 0px 0px;\n}\n<\/style>\n<div  class='flex_column av-4l9rewm-5683c8252c7912d03d4e0a4929f83cfb av_one_full  avia-builder-el-0  el_before_av_hr  avia-builder-el-first  first flex_column_div av-zero-column-padding  '     ><style type=\"text\/css\" data-created_by=\"avia_inline_auto\" id=\"style-css-av-42juv9y-9eff2efd072a0720639298258095b9dd\">\n#top .av-special-heading.av-42juv9y-9eff2efd072a0720639298258095b9dd{\npadding-bottom:5px;\n}\nbody .av-special-heading.av-42juv9y-9eff2efd072a0720639298258095b9dd .av-special-heading-tag .heading-char{\nfont-size:25px;\n}\n.av-special-heading.av-42juv9y-9eff2efd072a0720639298258095b9dd .av-subheading{\nfont-size:15px;\n}\n<\/style>\n<div  class='av-special-heading av-42juv9y-9eff2efd072a0720639298258095b9dd av-special-heading-h2 blockquote modern-quote modern-centered  avia-builder-el-1  avia-builder-el-no-sibling '><h2 class='av-special-heading-tag '  itemprop=\"headline\"  >La Leyre jusqu\u2018au bassin d\u2019Arcachon <\/h2><div class=\"special-heading-border\"><div class=\"special-heading-inner-border\"><\/div><\/div><\/div><\/div>\n\n<style type=\"text\/css\" data-created_by=\"avia_inline_auto\" id=\"style-css-av-3ce5jqu-8ccdb99b763062fb8ae61e9b23f401eb\">\n#top .hr.av-3ce5jqu-8ccdb99b763062fb8ae61e9b23f401eb{\nmargin-top:3px;\nmargin-bottom:3px;\n}\n.hr.av-3ce5jqu-8ccdb99b763062fb8ae61e9b23f401eb .hr-inner{\nwidth:1200px;\nborder-color:#2d753a;\n}\n<\/style>\n<div  class='hr av-3ce5jqu-8ccdb99b763062fb8ae61e9b23f401eb hr-custom  avia-builder-el-2  el_after_av_one_full  el_before_av_one_third  hr-center hr-icon-no'><span class='hr-inner inner-border-av-border-fat'><span class=\"hr-inner-style\"><\/span><\/span><\/div>\n\n<style type=\"text\/css\" data-created_by=\"avia_inline_auto\" id=\"style-css-av-afg9cm-ef0da690a6486c07a397873f5ab8ee05\">\n.flex_column.av-afg9cm-ef0da690a6486c07a397873f5ab8ee05{\nborder-radius:0px 0px 0px 0px;\npadding:0px 0px 0px 0px;\n}\n<\/style>\n<div  class='flex_column av-afg9cm-ef0da690a6486c07a397873f5ab8ee05 av_one_third  avia-builder-el-3  el_after_av_hr  el_before_av_two_third  first flex_column_div av-zero-column-padding  '     ><p><section  class='av_textblock_section av-tt400m-4cb92de23d633b2ad1af0ef50839e97e '   itemscope=\"itemscope\" itemtype=\"https:\/\/schema.org\/CreativeWork\" ><div class='avia_textblock'  itemprop=\"text\" ><p>T\u00e9l\u00e9chagez gratuitement le <a href=\"http:\/\/www.guides.canalfriends.com\/\" target=\"_blank\" rel=\"noopener\">Guide Canalfriends Du canal de Garonne au Bassin d\u2019Arcachon en passant par les rivi\u00e8res Ciron et Leyre<\/a><\/p>\n<\/div><\/section><br \/>\n\n<style type=\"text\/css\" data-created_by=\"avia_inline_auto\" id=\"style-css-av-23e52pi-6ce4e62aea0a17cd225584c1dcb860eb\">\n.avia-image-container.av-23e52pi-6ce4e62aea0a17cd225584c1dcb860eb img.avia_image{\nbox-shadow:none;\n}\n.avia-image-container.av-23e52pi-6ce4e62aea0a17cd225584c1dcb860eb .av-image-caption-overlay-center{\ncolor:#ffffff;\n}\n<\/style>\n<div  class='avia-image-container av-23e52pi-6ce4e62aea0a17cd225584c1dcb860eb av-styling- av-img-linked avia-align-center  avia-builder-el-5  el_after_av_textblock  el_before_av_textblock '   itemprop=\"image\" itemscope=\"itemscope\" itemtype=\"https:\/\/schema.org\/ImageObject\" ><div class=\"avia-image-container-inner\"><div class=\"avia-image-overlay-wrap\"><a href=\"http:\/\/www.guides.canalfriends.com\/\" class='avia_image '  target=\"_blank\"  rel=\"noopener noreferrer\" aria-label='Couverture 2026 Guide canal bassin Arcachon Canalfriends'><img decoding=\"async\" fetchpriority=\"high\" class='wp-image-23226 avia-img-lazy-loading-not-23226 avia_image ' src=\"https:\/\/i0.wp.com\/www.canalfriends.com\/wp-content\/uploads\/2026\/04\/Couverture-2026-Guide-canal-bassin-Arcachon-Canalfriends.jpg?fit=282%2C400&ssl=1\" alt='' title='Couverture 2026 Guide canal bassin Arcachon Canalfriends'  height=\"400\" width=\"282\"  itemprop=\"thumbnailUrl\" srcset=\"https:\/\/i0.wp.com\/www.canalfriends.com\/wp-content\/uploads\/2026\/04\/Couverture-2026-Guide-canal-bassin-Arcachon-Canalfriends.jpg?w=1410&amp;ssl=1 1410w, https:\/\/i0.wp.com\/www.canalfriends.com\/wp-content\/uploads\/2026\/04\/Couverture-2026-Guide-canal-bassin-Arcachon-Canalfriends.jpg?resize=282%2C400&amp;ssl=1 282w, https:\/\/i0.wp.com\/www.canalfriends.com\/wp-content\/uploads\/2026\/04\/Couverture-2026-Guide-canal-bassin-Arcachon-Canalfriends.jpg?resize=726%2C1030&amp;ssl=1 726w, https:\/\/i0.wp.com\/www.canalfriends.com\/wp-content\/uploads\/2026\/04\/Couverture-2026-Guide-canal-bassin-Arcachon-Canalfriends.jpg?resize=1083%2C1536&amp;ssl=1 1083w, https:\/\/i0.wp.com\/www.canalfriends.com\/wp-content\/uploads\/2026\/04\/Couverture-2026-Guide-canal-bassin-Arcachon-Canalfriends.jpg?resize=1058%2C1500&amp;ssl=1 1058w, https:\/\/i0.wp.com\/www.canalfriends.com\/wp-content\/uploads\/2026\/04\/Couverture-2026-Guide-canal-bassin-Arcachon-Canalfriends.jpg?resize=497%2C705&amp;ssl=1 497w\" sizes=\"(max-width: 282px) 100vw, 282px\" \/><\/a><\/div><\/div><\/div><br \/>\n\n<style type=\"text\/css\" data-created_by=\"avia_inline_auto\" id=\"style-css-av-1r806mu-5066dfc3b6eca42f9662839f86bb8436\">\n#top .av_textblock_section.av-1r806mu-5066dfc3b6eca42f9662839f86bb8436 .avia_textblock{\nfont-size:14px;\n}\n<\/style>\n<section  class='av_textblock_section av-1r806mu-5066dfc3b6eca42f9662839f86bb8436 '   itemscope=\"itemscope\" itemtype=\"https:\/\/schema.org\/CreativeWork\" ><div class='avia_textblock'  itemprop=\"text\" ><p><strong>Extrait du guide :\u00a0<\/strong><\/p>\n<p>La Leyre est un magnifique petit fleuve c\u00f4tier de 90 km qui se jette dans le bassin d\u2019Arcachon entre Biganos et le Teich (Gironde), aux portes de l\u2019Oc\u00e9an Atlantique.<\/p>\n<p>L\u2019\u00e9t\u00e9, elle devient un lieu id\u00e9al pour les passionn\u00e9s de tourisme nature et les d\u00e9couvertes en douceur \u00e0 l\u2019aide de cano\u00ebs et de kayaks. Elle est aussi tr\u00e8s recherch\u00e9e par les p\u00eacheurs&#8230;&#8230;.la suite dans le guide.<\/p>\n<\/div><\/section><\/p><\/div>\n\n<style type=\"text\/css\" data-created_by=\"avia_inline_auto\" id=\"style-css-av-12ngh6e-a856992e805a8fd9748990402a654fb6\">\n.flex_column.av-12ngh6e-a856992e805a8fd9748990402a654fb6{\nborder-radius:0px 0px 0px 0px;\npadding:0px 0px 0px 0px;\n}\n<\/style>\n<div  class='flex_column av-12ngh6e-a856992e805a8fd9748990402a654fb6 av_two_third  avia-builder-el-7  el_after_av_one_third  avia-builder-el-last  flex_column_div av-zero-column-padding  '     ><p><section  class='av_textblock_section av-2nw3v12-b57d3f537024cefa4f723ed0268589a5 '   itemscope=\"itemscope\" itemtype=\"https:\/\/schema.org\/CreativeWork\" ><div class='avia_textblock'  itemprop=\"text\" ><p><a href=\"https:\/\/www.canalfriends.com\/fr\/useful-adresses-canal-de-garonne-la-garonne-et-lestuaire-de-la-gironde\/\" target=\"_blank\" rel=\"noopener\">D\u00e9couvrez les activit\u00e9s et h\u00e9bergements en cliquant : Ici<\/a><\/p>\n<p>Localisez-les sur la carte ci-dessous<\/p>\n<\/div><\/section><br \/>\n<section  class='av_textblock_section av-paoy6u-27e68be2787d195154f5bb8a82c0775e '   itemscope=\"itemscope\" itemtype=\"https:\/\/schema.org\/CreativeWork\" ><div class='avia_textblock'  itemprop=\"text\" ><p><iframe loading=\"lazy\" src=\"https:\/\/www.google.com\/maps\/d\/u\/0\/embed?mid=1ogNaRX1YPsXItyosYiweNM37MR8\" width=\"640\" height=\"480\"><\/iframe><\/p>\n<\/div><\/section><\/p><\/div>\n","protected":false},"excerpt":{"rendered":"","protected":false},"author":8,"featured_media":0,"parent":0,"menu_order":0,"comment_status":"closed","ping_status":"closed","template":"","meta":{"footnotes":""},"class_list":["post-14614","page","type-page","status-publish","hentry"],"jetpack_sharing_enabled":true,"_links":{"self":[{"href":"https:\/\/www.canalfriends.com\/fr\/wp-json\/wp\/v2\/pages\/14614","targetHints":{"allow":["GET"]}}],"collection":[{"href":"https:\/\/www.canalfriends.com\/fr\/wp-json\/wp\/v2\/pages"}],"about":[{"href":"https:\/\/www.canalfriends.com\/fr\/wp-json\/wp\/v2\/types\/page"}],"author":[{"embeddable":true,"href":"https:\/\/www.canalfriends.com\/fr\/wp-json\/wp\/v2\/users\/8"}],"replies":[{"embeddable":true,"href":"https:\/\/www.canalfriends.com\/fr\/wp-json\/wp\/v2\/comments?post=14614"}],"version-history":[{"count":4,"href":"https:\/\/www.canalfriends.com\/fr\/wp-json\/wp\/v2\/pages\/14614\/revisions"}],"predecessor-version":[{"id":23231,"href":"https:\/\/www.canalfriends.com\/fr\/wp-json\/wp\/v2\/pages\/14614\/revisions\/23231"}],"wp:attachment":[{"href":"https:\/\/www.canalfriends.com\/fr\/wp-json\/wp\/v2\/media?parent=14614"}],"curies":[{"name":"wp","href":"https:\/\/api.w.org\/{rel}","templated":true}]}}