{"id":18778,"date":"2019-03-31T20:24:06","date_gmt":"2019-03-31T18:24:06","guid":{"rendered":"https:\/\/www.canalfriends.com\/?page_id=18778"},"modified":"2025-10-22T18:39:30","modified_gmt":"2025-10-22T16:39:30","slug":"canalfriends-decouverte-des-voies-deau-par-les-personnes-porteuses-dun-handicap","status":"publish","type":"page","link":"https:\/\/www.canalfriends.com\/fr\/canalfriends-decouverte-des-voies-deau-par-les-personnes-porteuses-dun-handicap\/","title":{"rendered":"Canalfriends D\u00e9couverte des voies d\u2019eau par les personnes porteuses d\u2019un handicap"},"content":{"rendered":"\n<style type=\"text\/css\" data-created_by=\"avia_inline_auto\" id=\"style-css-av-1kwt57s-0bb034514ddfcd21609d1f449a2e458b\">\n.flex_column.av-1kwt57s-0bb034514ddfcd21609d1f449a2e458b{\nborder-radius:0px 0px 0px 0px;\npadding:0px 0px 0px 0px;\n}\n<\/style>\n<div  class='flex_column av-1kwt57s-0bb034514ddfcd21609d1f449a2e458b av_one_full  avia-builder-el-0  el_before_av_one_half  avia-builder-el-first  first flex_column_div av-zero-column-padding  '     ><style type=\"text\/css\" data-created_by=\"avia_inline_auto\" id=\"style-css-av-jtx81y8k-61332a732728f0dbf7ab5e0c30d8aad2\">\n#top .av-special-heading.av-jtx81y8k-61332a732728f0dbf7ab5e0c30d8aad2{\npadding-bottom:14px;\ncolor:#25406f;\nfont-size:24px;\n}\nbody .av-special-heading.av-jtx81y8k-61332a732728f0dbf7ab5e0c30d8aad2 .av-special-heading-tag .heading-char{\nfont-size:25px;\n}\n#top #wrap_all .av-special-heading.av-jtx81y8k-61332a732728f0dbf7ab5e0c30d8aad2 .av-special-heading-tag{\nfont-size:24px;\n}\n.av-special-heading.av-jtx81y8k-61332a732728f0dbf7ab5e0c30d8aad2 .special-heading-inner-border{\nborder-color:#25406f;\n}\n.av-special-heading.av-jtx81y8k-61332a732728f0dbf7ab5e0c30d8aad2 .av-subheading{\nfont-size:20px;\n}\n\n@media only screen and (min-width: 480px) and (max-width: 767px){ \n#top #wrap_all .av-special-heading.av-jtx81y8k-61332a732728f0dbf7ab5e0c30d8aad2 .av-special-heading-tag{\nfont-size:0.8em;\n}\n}\n\n@media only screen and (max-width: 479px){ \n#top #wrap_all .av-special-heading.av-jtx81y8k-61332a732728f0dbf7ab5e0c30d8aad2 .av-special-heading-tag{\nfont-size:0.8em;\n}\n}\n<\/style>\n<div  class='av-special-heading av-jtx81y8k-61332a732728f0dbf7ab5e0c30d8aad2 av-special-heading-h1 custom-color-heading blockquote modern-quote modern-centered  avia-builder-el-1  avia-builder-el-no-sibling  av-inherit-size'><h1 class='av-special-heading-tag '  itemprop=\"headline\"  >D\u00e9couverte des voies d\u2019eau par les personnes porteuses d\u2019un handicap<\/h1><div class=\"special-heading-border\"><div class=\"special-heading-inner-border\"><\/div><\/div><\/div><\/div>\n\n<style type=\"text\/css\" data-created_by=\"avia_inline_auto\" id=\"style-css-av-czsl03s-3bd4155dd9e2f7fc0b84a6792b66003b\">\n.flex_column.av-czsl03s-3bd4155dd9e2f7fc0b84a6792b66003b{\nborder-radius:0px 0px 0px 0px;\npadding:0px 0px 0px 0px;\n}\n<\/style>\n<div  class='flex_column av-czsl03s-3bd4155dd9e2f7fc0b84a6792b66003b av_one_half  avia-builder-el-2  el_after_av_one_full  el_before_av_one_half  first flex_column_div av-zero-column-padding  column-top-margin'     ><p>\n<style type=\"text\/css\" data-created_by=\"avia_inline_auto\" id=\"style-css-av-743m5ew-42103a950247dae3e170def5ad077f9f\">\n.avia-image-container.av-743m5ew-42103a950247dae3e170def5ad077f9f img.avia_image{\nbox-shadow:none;\n}\n.avia-image-container.av-743m5ew-42103a950247dae3e170def5ad077f9f .av-image-caption-overlay-center{\ncolor:#ffffff;\n}\n<\/style>\n<div  class='avia-image-container av-743m5ew-42103a950247dae3e170def5ad077f9f av-styling- avia-align-center  avia-builder-el-3  el_before_av_textblock  avia-builder-el-first '   itemprop=\"image\" itemscope=\"itemscope\" itemtype=\"https:\/\/schema.org\/ImageObject\" ><div class=\"avia-image-container-inner\"><div class=\"avia-image-overlay-wrap\"><img decoding=\"async\" fetchpriority=\"high\" class='wp-image-23051 avia-img-lazy-loading-not-23051 avia_image ' src=\"https:\/\/i0.wp.com\/www.canalfriends.com\/wp-content\/uploads\/2025\/10\/6G-binome-handi-valide-400-1.jpg?fit=469%2C351&ssl=1\" alt='' title='6G binome handi valide 400'  height=\"351\" width=\"469\"  itemprop=\"thumbnailUrl\"  \/><\/div><\/div><\/div><br \/>\n\n<style type=\"text\/css\" data-created_by=\"avia_inline_auto\" id=\"style-css-av-cq1o45k-26e676a913c1c3e9fcebc5382d116882\">\n#top .av_textblock_section.av-cq1o45k-26e676a913c1c3e9fcebc5382d116882 .avia_textblock{\ncolor:#25406f;\n}\n<\/style>\n<section  class='av_textblock_section av-cq1o45k-26e676a913c1c3e9fcebc5382d116882 '   itemscope=\"itemscope\" itemtype=\"https:\/\/schema.org\/CreativeWork\" ><div class='avia_textblock av_inherit_color'  itemprop=\"text\" ><p>Afin de d\u00e9velopper les belles rencontres qui rendent un voyage inoubliable, Canalfriends a d\u00e9cid\u00e9 de\u00a0 faciliter la d\u00e9couverte des voies d&rsquo;eau aux personnes porteuses d\u2019un handicap.<\/p>\n<p>Ce projet a \u00e9t\u00e9 imagin\u00e9 en 2018, avec Fabienne, Kim et Thierry, qui ont l\u2019habitude de parcourir les chemins et petites routes avec\u00a0 des aides motoris\u00e9es (fauteuil roulant avec 3\u00e8me roue \u00e0 assistance \u00e9lectrique ou fauteuil tout terrain \u00e0 assistance \u00e9lectrique).<\/p>\n<p>A partir de 2019, les supports de Canalfriends permettent d\u2019identifier les installations :<\/p>\n<ul>\n<li>\u00ab labellis\u00e9es Tourisme et Handicap \u00bb pour l\u2019un ou plusieurs handicaps : auditif, mental, moteur, visuel ;<\/li>\n<li>\u00ab PMR Friendly \u00bb : installations accessibles \u00e0 des Personnes \u00e0 mobilit\u00e9 r\u00e9duite. Les am\u00e9nagements\u00a0 sont pr\u00e9cis\u00e9s dans l\u2019annonce afin que chacun v\u00e9rifie s\u2019ils sont adapt\u00e9s \u00e0 son handicap.<\/li>\n<\/ul>\n<\/div><\/section><\/p><\/div>\n<style type=\"text\/css\" data-created_by=\"avia_inline_auto\" id=\"style-css-av-8gr59zc-e6b92936ad8b8283ff4c07fe8e3be46b\">\n.flex_column.av-8gr59zc-e6b92936ad8b8283ff4c07fe8e3be46b{\nborder-radius:0px 0px 0px 0px;\npadding:0px 0px 0px 0px;\n}\n<\/style>\n<div  class='flex_column av-8gr59zc-e6b92936ad8b8283ff4c07fe8e3be46b av_one_half  avia-builder-el-5  el_after_av_one_half  el_before_av_hr  flex_column_div av-zero-column-padding  column-top-margin'     ><p>\n<style type=\"text\/css\" data-created_by=\"avia_inline_auto\" id=\"style-css-av-743m5ew-2-6eb5d971b08ce378426560181ef67237\">\n.avia-image-container.av-743m5ew-2-6eb5d971b08ce378426560181ef67237 img.avia_image{\nbox-shadow:none;\n}\n.avia-image-container.av-743m5ew-2-6eb5d971b08ce378426560181ef67237 .av-image-caption-overlay-center{\ncolor:#ffffff;\n}\n<\/style>\n<div  class='avia-image-container av-743m5ew-2-6eb5d971b08ce378426560181ef67237 av-styling- avia-align-center  avia-builder-el-6  el_before_av_textblock  avia-builder-el-first '   itemprop=\"image\" itemscope=\"itemscope\" itemtype=\"https:\/\/schema.org\/ImageObject\" ><div class=\"avia-image-container-inner\"><div class=\"avia-image-overlay-wrap\"><img decoding=\"async\" fetchpriority=\"high\" class='wp-image-22244 avia-img-lazy-loading-not-22244 avia_image ' src=\"https:\/\/i0.wp.com\/www.canalfriends.com\/wp-content\/uploads\/2023\/05\/Le-schultz-1000.jpg?fit=469%2C352&ssl=1\" alt='' title='Le schultz 1000'  height=\"352\" width=\"469\"  itemprop=\"thumbnailUrl\" srcset=\"https:\/\/i0.wp.com\/www.canalfriends.com\/wp-content\/uploads\/2023\/05\/Le-schultz-1000.jpg?w=1000&amp;ssl=1 1000w, https:\/\/i0.wp.com\/www.canalfriends.com\/wp-content\/uploads\/2023\/05\/Le-schultz-1000.jpg?resize=469%2C352&amp;ssl=1 469w, https:\/\/i0.wp.com\/www.canalfriends.com\/wp-content\/uploads\/2023\/05\/Le-schultz-1000.jpg?resize=705%2C529&amp;ssl=1 705w\" sizes=\"(max-width: 469px) 100vw, 469px\" \/><\/div><\/div><\/div><br \/>\n\n<style type=\"text\/css\" data-created_by=\"avia_inline_auto\" id=\"style-css-av-9ea7hu0-501e554a876897fbe0e932a76848c20e\">\n#top .av_textblock_section.av-9ea7hu0-501e554a876897fbe0e932a76848c20e .avia_textblock{\ncolor:#25406f;\n}\n<\/style>\n<section  class='av_textblock_section av-9ea7hu0-501e554a876897fbe0e932a76848c20e '   itemscope=\"itemscope\" itemtype=\"https:\/\/schema.org\/CreativeWork\" ><div class='avia_textblock av_inherit_color'  itemprop=\"text\" ><p><strong>Ainsi :<\/strong><\/p>\n<ul>\n<li>Le site canalfriends.com int\u00e8gre dans la liste des h\u00e9bergements et activit\u00e9s la cat\u00e9gorie \u00ab Tourisme &amp; Handicap et PMR Friendly \u00bb qui permet de rep\u00e9rer facilement les \u00e9tablissements ;<\/li>\n<li>Les informations dans les annonces pr\u00e9cisent les handicaps concern\u00e9s ou les \u00e9l\u00e9ments d\u2019accessibilit\u00e9 ;<\/li>\n<li>Les adresses mentionn\u00e9es dans les guides indiquent ceux qui sont dans cette cat\u00e9gorie. En cliquant sur le titre de l\u2019annonce, on acc\u00e8de aux informations ;<\/li>\n<li>La carte de g\u00e9olocalisation accessible de nos guides int\u00e8gre un calque \u00ab Tourisme &amp; Handicap et PMR Friendly \u00bb. Sont pr\u00e9cis\u00e9s les \u00e9tablissements qui sont :<\/li>\n<\/ul>\n<\/div><\/section><br \/>\n\n<style type=\"text\/css\" data-created_by=\"avia_inline_auto\" id=\"style-css-av-an4kcmg-c76333ab044121dfa86fcfc65aa5e204\">\n.avia-image-container.av-an4kcmg-c76333ab044121dfa86fcfc65aa5e204 img.avia_image{\nbox-shadow:none;\n}\n.avia-image-container.av-an4kcmg-c76333ab044121dfa86fcfc65aa5e204 .av-image-caption-overlay-center{\ncolor:#ffffff;\n}\n<\/style>\n<div  class='avia-image-container av-an4kcmg-c76333ab044121dfa86fcfc65aa5e204 av-styling- avia-align-center  avia-builder-el-8  el_after_av_textblock  el_before_av_textblock '   itemprop=\"image\" itemscope=\"itemscope\" itemtype=\"https:\/\/schema.org\/ImageObject\" ><div class=\"avia-image-container-inner\"><div class=\"avia-image-overlay-wrap\"><img decoding=\"async\" fetchpriority=\"high\" class='wp-image-15631 avia-img-lazy-loading-not-15631 avia_image ' src=\"https:\/\/i0.wp.com\/www.canalfriends.com\/wp-content\/uploads\/2018\/09\/Logo-PMR-a-int%C3%A9grer.png?fit=308%2C71&ssl=1\" alt='Canalfriends Eau Defis' title='Logo PMR a int\u00e9grer'  height=\"71\" width=\"308\"  itemprop=\"thumbnailUrl\"  \/><\/div><\/div><\/div><br \/>\n\n<style type=\"text\/css\" data-created_by=\"avia_inline_auto\" id=\"style-css-av-9ea7hu0-1-c0fc945d2f86b10857e199be0c264540\">\n#top .av_textblock_section.av-9ea7hu0-1-c0fc945d2f86b10857e199be0c264540 .avia_textblock{\ncolor:#25406f;\n}\n<\/style>\n<section  class='av_textblock_section av-9ea7hu0-1-c0fc945d2f86b10857e199be0c264540 '   itemscope=\"itemscope\" itemtype=\"https:\/\/schema.org\/CreativeWork\" ><div class='avia_textblock av_inherit_color'  itemprop=\"text\" ><p><b>Pour en savoir plus sur :<\/b><\/p>\n<ul>\n<li>PMR Friendly et origine du projet : <b><a href=\"https:\/\/www.canalfriends.com\/fr\/canalfriends-eau-defis-accueil-des-pmr-avec-fabienne-et-kim\/\">ICI<\/a><\/b><\/li>\n<li>3 tours de roues sur le Canal du Midi : <a href=\"https:\/\/blog.canalfriends.com\/3-tours-de-roues-sur-les-canaux-du-midi\/\">ICI<\/a><\/li>\n<li>Balade entre amis sur le canal de Garonne : <a href=\"https:\/\/blog.canalfriends.com\/balade-entre-amis-sur-le-canal-et-la-garonne\/\">ICI<\/a><br \/>\n<b><\/b><\/li>\n<li>Contact : contact@canalfriends.com<\/li>\n<\/ul>\n<\/div><\/section><\/p><\/div><\/p>\n\n<style type=\"text\/css\" data-created_by=\"avia_inline_auto\" id=\"style-css-av-5o3cbd4-d6feadcb2b7fbdbbdfa345744dffa268\">\n#top .hr.av-5o3cbd4-d6feadcb2b7fbdbbdfa345744dffa268{\nmargin-top:6px;\nmargin-bottom:6px;\n}\n.hr.av-5o3cbd4-d6feadcb2b7fbdbbdfa345744dffa268 .hr-inner{\nwidth:1200px;\n}\n<\/style>\n<div  class='hr av-5o3cbd4-d6feadcb2b7fbdbbdfa345744dffa268 hr-custom  avia-builder-el-10  el_after_av_one_half  el_before_av_heading  hr-center hr-icon-no'><span class='hr-inner inner-border-av-border-fat'><span class=\"hr-inner-style\"><\/span><\/span><\/div>\n\n<style type=\"text\/css\" data-created_by=\"avia_inline_auto\" id=\"style-css-av-ugzkl6-2695a87f19d8462c2397b233390e00f8\">\n#top .av-special-heading.av-ugzkl6-2695a87f19d8462c2397b233390e00f8{\npadding-bottom:0;\ncolor:#26581d;\nfont-size:22px;\n}\nbody .av-special-heading.av-ugzkl6-2695a87f19d8462c2397b233390e00f8 .av-special-heading-tag .heading-char{\nfont-size:25px;\n}\n#top #wrap_all .av-special-heading.av-ugzkl6-2695a87f19d8462c2397b233390e00f8 .av-special-heading-tag{\nfont-size:22px;\n}\n.av-special-heading.av-ugzkl6-2695a87f19d8462c2397b233390e00f8 .special-heading-inner-border{\nborder-color:#26581d;\n}\n.av-special-heading.av-ugzkl6-2695a87f19d8462c2397b233390e00f8 .av-subheading{\nfont-size:20px;\n}\n\n@media only screen and (min-width: 480px) and (max-width: 767px){ \n#top #wrap_all .av-special-heading.av-ugzkl6-2695a87f19d8462c2397b233390e00f8 .av-special-heading-tag{\nfont-size:0.8em;\n}\n}\n\n@media only screen and (max-width: 479px){ \n#top #wrap_all .av-special-heading.av-ugzkl6-2695a87f19d8462c2397b233390e00f8 .av-special-heading-tag{\nfont-size:0.8em;\n}\n}\n<\/style>\n<div  class='av-special-heading av-ugzkl6-2695a87f19d8462c2397b233390e00f8 av-special-heading-h2 custom-color-heading blockquote modern-quote modern-centered  avia-builder-el-11  el_after_av_hr  el_before_av_one_full  av-inherit-size'><h2 class='av-special-heading-tag '  itemprop=\"headline\"  >Envie d\u2019en savoir plus sur Canalfriends ?<\/h2><div class=\"special-heading-border\"><div class=\"special-heading-inner-border\"><\/div><\/div><\/div>\n\n<style type=\"text\/css\" data-created_by=\"avia_inline_auto\" id=\"style-css-av-4zar98o-0aa0f165a073ae6e0c26316ed6133c28\">\n.flex_column.av-4zar98o-0aa0f165a073ae6e0c26316ed6133c28{\nborder-radius:0px 0px 0px 0px;\npadding:0px 0px 0px 0px;\n}\n<\/style>\n<div  class='flex_column av-4zar98o-0aa0f165a073ae6e0c26316ed6133c28 av_one_full  avia-builder-el-12  el_after_av_heading  el_before_av_one_fourth  first no_margin flex_column_div av-zero-column-padding  '     ><style type=\"text\/css\" data-created_by=\"avia_inline_auto\" id=\"style-css-av-49z8m2w-7569cbb6c8f4b08df4a5f990681bb2e7\">\n#top .av_textblock_section.av-49z8m2w-7569cbb6c8f4b08df4a5f990681bb2e7 .avia_textblock{\ncolor:#26581d;\n}\n<\/style>\n<section  class='av_textblock_section av-49z8m2w-7569cbb6c8f4b08df4a5f990681bb2e7 '   itemscope=\"itemscope\" itemtype=\"https:\/\/schema.org\/CreativeWork\" ><div class='avia_textblock av_inherit_color'  itemprop=\"text\" ><p style=\"text-align: center;\"><strong>Rejoignez notre communaut\u00e9, ouverte \u00e0 tous les passionn\u00e9s et acteurs des voies d&rsquo;eau qui souhaitent pr\u00e9senter leurs activit\u00e9s sur notre site et dans nos guides de voyage gratuits, participer \u00e0 nos actions, animer leur territoire.<\/strong><\/p>\n<\/div><\/section><\/div>\n\n<style type=\"text\/css\" data-created_by=\"avia_inline_auto\" id=\"style-css-av-3wue5fs-33db3b2d146a1301ba6d1fceb3bfe831\">\n.flex_column.av-3wue5fs-33db3b2d146a1301ba6d1fceb3bfe831{\nborder-radius:0px 0px 0px 0px;\npadding:0px 0px 0px 0px;\n}\n<\/style>\n<div  class='flex_column av-3wue5fs-33db3b2d146a1301ba6d1fceb3bfe831 av_one_fourth  avia-builder-el-14  el_after_av_one_full  el_before_av_one_fourth  first flex_column_div av-zero-column-padding  column-top-margin'     ><div  class='avia-button-wrap av-3fy1fig-a604cba33d4627232fcf6053dfe6b9a9-wrap avia-button-center  avia-builder-el-15  avia-builder-el-no-sibling '><a href='http:\/\/www.canalfriends.com\/fr\/contact\/'  class='avia-button av-3fy1fig-a604cba33d4627232fcf6053dfe6b9a9 av-link-btn avia-icon_select-yes-left-icon avia-size-small avia-position-center avia-color-grey'  target=\"_blank\"  rel=\"noopener noreferrer\"  aria-label=\"Contactez-nous\"><span class='avia_button_icon avia_button_icon_left avia-iconfont avia-font-entypo-fontello' data-av_icon='\ue805' data-av_iconfont='entypo-fontello' ><\/span><span class='avia_iconbox_title' >Contactez-nous<\/span><\/a><\/div><\/div>\n\n<style type=\"text\/css\" data-created_by=\"avia_inline_auto\" id=\"style-css-av-31izqbs-40f3fc88400e415800560ebab21850b7\">\n.flex_column.av-31izqbs-40f3fc88400e415800560ebab21850b7{\nborder-radius:0px 0px 0px 0px;\npadding:0px 0px 0px 0px;\n}\n<\/style>\n<div  class='flex_column av-31izqbs-40f3fc88400e415800560ebab21850b7 av_one_fourth  avia-builder-el-16  el_after_av_one_fourth  el_before_av_one_fourth  flex_column_div av-zero-column-padding  column-top-margin'     ><div  class='avia-button-wrap av-2ng14q0-80f389771f620c8951f7a95e17c68aea-wrap avia-button-center  avia-builder-el-17  avia-builder-el-no-sibling '>\n<style type=\"text\/css\" data-created_by=\"avia_inline_auto\" id=\"style-css-av-2ng14q0-80f389771f620c8951f7a95e17c68aea\">\n#top #wrap_all .avia-button.av-2ng14q0-80f389771f620c8951f7a95e17c68aea{\nbackground-color:#100f66;\nborder-color:#100f66;\ncolor:#ffffff;\ntransition:all 0.4s ease-in-out;\n}\n#top #wrap_all .avia-button.av-2ng14q0-80f389771f620c8951f7a95e17c68aea .avia-svg-icon svg:first-child{\nfill:#ffffff;\nstroke:#ffffff;\n}\n<\/style>\n<a href='https:\/\/www.facebook.com\/canalfriends.fr'  class='avia-button av-2ng14q0-80f389771f620c8951f7a95e17c68aea av-link-btn avia-icon_select-yes-left-icon avia-size-small avia-position-center'   aria-label=\"Suivez-nous sur Facebook\"><span class='avia_button_icon avia_button_icon_left avia-iconfont avia-font-entypo-fontello' data-av_icon='\ue8f5' data-av_iconfont='entypo-fontello' ><\/span><span class='avia_iconbox_title' >Suivez-nous sur Facebook<\/span><\/a><\/div><\/div>\n\n<style type=\"text\/css\" data-created_by=\"avia_inline_auto\" id=\"style-css-av-7y7cso-1314854bb47b1b574177dcae55098e77\">\n.flex_column.av-7y7cso-1314854bb47b1b574177dcae55098e77{\nborder-radius:0px 0px 0px 0px;\npadding:0px 0px 0px 0px;\n}\n<\/style>\n<div  class='flex_column av-7y7cso-1314854bb47b1b574177dcae55098e77 av_one_fourth  avia-builder-el-18  el_after_av_one_fourth  el_before_av_one_fourth  flex_column_div av-zero-column-padding  column-top-margin'     ><div  class='avia-button-wrap av-1g7q1ew-87855437757b03f6a32e11ac00884655-wrap avia-button-center  avia-builder-el-19  avia-builder-el-no-sibling '><a href='https:\/\/twitter.com\/Canal_Friends'  class='avia-button av-1g7q1ew-87855437757b03f6a32e11ac00884655 av-link-btn avia-icon_select-yes-left-icon avia-size-small avia-position-center avia-color-blue'   aria-label=\"Suivez-nous sur Twitter\"><span class='avia_button_icon avia_button_icon_left avia-iconfont avia-font-entypo-fontello' data-av_icon='\ue8f1' data-av_iconfont='entypo-fontello' ><\/span><span class='avia_iconbox_title' >Suivez-nous sur Twitter<\/span><\/a><\/div><\/div>\n\n<style type=\"text\/css\" data-created_by=\"avia_inline_auto\" id=\"style-css-av-1a2wd54-97a93cabb54a56b4b5c8f6ddf86d8c2d\">\n.flex_column.av-1a2wd54-97a93cabb54a56b4b5c8f6ddf86d8c2d{\nborder-radius:0px 0px 0px 0px;\npadding:0px 0px 0px 0px;\n}\n<\/style>\n<div  class='flex_column av-1a2wd54-97a93cabb54a56b4b5c8f6ddf86d8c2d av_one_fourth  avia-builder-el-20  el_after_av_one_fourth  avia-builder-el-last  flex_column_div av-zero-column-padding  column-top-margin'     ><div  class='avia-button-wrap av-ngb39k-c59aebb9996136f3cc6bdce33861c21c-wrap avia-button-center  avia-builder-el-21  avia-builder-el-no-sibling '><a href='http:\/\/www.instagram.com\/canal_friends\/'  class='avia-button av-ngb39k-c59aebb9996136f3cc6bdce33861c21c av-link-btn avia-icon_select-yes-left-icon avia-size-small avia-position-center avia-color-red'   aria-label=\"Suivez-nous sur Instagram\"><span class='avia_button_icon avia_button_icon_left avia-iconfont avia-font-entypo-fontello' data-av_icon='\ue909' data-av_iconfont='entypo-fontello' ><\/span><span class='avia_iconbox_title' >Suivez-nous sur Instagram<\/span><\/a><\/div><\/div>\n","protected":false},"excerpt":{"rendered":"","protected":false},"author":8,"featured_media":0,"parent":0,"menu_order":0,"comment_status":"closed","ping_status":"closed","template":"","meta":{"footnotes":""},"class_list":["post-18778","page","type-page","status-publish","hentry"],"jetpack_sharing_enabled":true,"_links":{"self":[{"href":"https:\/\/www.canalfriends.com\/fr\/wp-json\/wp\/v2\/pages\/18778","targetHints":{"allow":["GET"]}}],"collection":[{"href":"https:\/\/www.canalfriends.com\/fr\/wp-json\/wp\/v2\/pages"}],"about":[{"href":"https:\/\/www.canalfriends.com\/fr\/wp-json\/wp\/v2\/types\/page"}],"author":[{"embeddable":true,"href":"https:\/\/www.canalfriends.com\/fr\/wp-json\/wp\/v2\/users\/8"}],"replies":[{"embeddable":true,"href":"https:\/\/www.canalfriends.com\/fr\/wp-json\/wp\/v2\/comments?post=18778"}],"version-history":[{"count":3,"href":"https:\/\/www.canalfriends.com\/fr\/wp-json\/wp\/v2\/pages\/18778\/revisions"}],"predecessor-version":[{"id":23055,"href":"https:\/\/www.canalfriends.com\/fr\/wp-json\/wp\/v2\/pages\/18778\/revisions\/23055"}],"wp:attachment":[{"href":"https:\/\/www.canalfriends.com\/fr\/wp-json\/wp\/v2\/media?parent=18778"}],"curies":[{"name":"wp","href":"https:\/\/api.w.org\/{rel}","templated":true}]}}