{"id":20753,"date":"2020-05-05T15:40:09","date_gmt":"2020-05-05T13:40:09","guid":{"rendered":"https:\/\/www.canalfriends.com\/canalfriends-suite-au-covid-19\/"},"modified":"2020-08-25T17:03:43","modified_gmt":"2020-08-25T15:03:43","slug":"canalfriends-suite-au-covid-19","status":"publish","type":"page","link":"https:\/\/www.canalfriends.com\/fr\/canalfriends-suite-au-covid-19\/","title":{"rendered":"Canalfriends suite au COVID-19"},"content":{"rendered":"\n<style type=\"text\/css\" data-created_by=\"avia_inline_auto\" id=\"style-css-av-1kwt57s-0bb034514ddfcd21609d1f449a2e458b\">\n.flex_column.av-1kwt57s-0bb034514ddfcd21609d1f449a2e458b{\nborder-radius:0px 0px 0px 0px;\npadding:0px 0px 0px 0px;\n}\n<\/style>\n<div  class='flex_column av-1kwt57s-0bb034514ddfcd21609d1f449a2e458b av_one_full  avia-builder-el-0  el_before_av_one_full  avia-builder-el-first  first flex_column_div av-zero-column-padding  '     ><style type=\"text\/css\" data-created_by=\"avia_inline_auto\" id=\"style-css-av-k9pis7lv-dbef397516f544d31914581c7724963b\">\n#top .av-special-heading.av-k9pis7lv-dbef397516f544d31914581c7724963b{\npadding-bottom:14px;\ncolor:#25406f;\nfont-size:32px;\n}\nbody .av-special-heading.av-k9pis7lv-dbef397516f544d31914581c7724963b .av-special-heading-tag .heading-char{\nfont-size:25px;\n}\n#top #wrap_all .av-special-heading.av-k9pis7lv-dbef397516f544d31914581c7724963b .av-special-heading-tag{\nfont-size:32px;\n}\n.av-special-heading.av-k9pis7lv-dbef397516f544d31914581c7724963b .special-heading-inner-border{\nborder-color:#25406f;\n}\n.av-special-heading.av-k9pis7lv-dbef397516f544d31914581c7724963b .av-subheading{\nfont-size:20px;\n}\n\n@media only screen and (min-width: 480px) and (max-width: 767px){ \n#top #wrap_all .av-special-heading.av-k9pis7lv-dbef397516f544d31914581c7724963b .av-special-heading-tag{\nfont-size:0.8em;\n}\n}\n\n@media only screen and (max-width: 479px){ \n#top #wrap_all .av-special-heading.av-k9pis7lv-dbef397516f544d31914581c7724963b .av-special-heading-tag{\nfont-size:0.8em;\n}\n}\n<\/style>\n<div  class='av-special-heading av-k9pis7lv-dbef397516f544d31914581c7724963b av-special-heading-h1 custom-color-heading blockquote modern-quote modern-centered  avia-builder-el-1  avia-builder-el-no-sibling  av-inherit-size'><h1 class='av-special-heading-tag '  itemprop=\"headline\"  >Activit\u00e9s de la communaut\u00e9 Canalfriends disponibles pendant les restrictions li\u00e9es au COVID-19<\/h1><div class=\"special-heading-border\"><div class=\"special-heading-inner-border\"><\/div><\/div><\/div><\/div>\n\n<style type=\"text\/css\" data-created_by=\"avia_inline_auto\" id=\"style-css-av-4zar98o-0aa0f165a073ae6e0c26316ed6133c28\">\n.flex_column.av-4zar98o-0aa0f165a073ae6e0c26316ed6133c28{\nborder-radius:0px 0px 0px 0px;\npadding:0px 0px 0px 0px;\n}\n<\/style>\n<div  class='flex_column av-4zar98o-0aa0f165a073ae6e0c26316ed6133c28 av_one_full  avia-builder-el-2  el_after_av_one_full  el_before_av_one_third  first no_margin flex_column_div av-zero-column-padding  column-top-margin'     ><section  class='av_textblock_section av-k9pj37ze-5aaeca8a03452dca6ce294340e775325 '   itemscope=\"itemscope\" itemtype=\"https:\/\/schema.org\/CreativeWork\" ><div class='avia_textblock'  itemprop=\"text\" ><p style=\"text-align: left;\">La crise du COVID-19 a conduit certains membres de notre communaut\u00e9 \u00e0 fermer temporairement leur activit\u00e9 ou \u00e0 la limiter.<\/p>\n<ul>\n<li>T\u00e9l\u00e9chargez les derni\u00e8res pr\u00e9cisions sur les activit\u00e9s ouvertes suite au COVID-19 : <a href=\"https:\/\/www.canalfriends.com\/wp-content\/uploads\/2020\/08\/Canalfriends-Covid-listes-adresses-2020-08-25.pdf\">Version 25 08 2020<\/a><\/li>\n<li>La liste est r\u00e9guli\u00e8rement mise \u00e0 jour<\/li>\n<li>Informez-vous sur le site de <a href=\"https:\/\/www.vnf.fr\/vnf\/\">VNF (Voies Navigables de France)<\/a><\/li>\n<li>Retrouvez plus d&rsquo;informations sur le COVID-19 sur le<a href=\"https:\/\/www.gouvernement.fr\/info-coronavirus\"> site du gouvernement<\/a><\/li>\n<li>T\u00e9l\u00e9chargez les <a href=\"https:\/\/guides.canalfriends.com\/\">guides Canalfriends gratuits et bilingues<\/a><\/li>\n<\/ul>\n<\/div><\/section><\/div>\n<style type=\"text\/css\" data-created_by=\"avia_inline_auto\" id=\"style-css-av-4zar98o-0aa0f165a073ae6e0c26316ed6133c28\">\n.flex_column.av-4zar98o-0aa0f165a073ae6e0c26316ed6133c28{\nborder-radius:0px 0px 0px 0px;\npadding:0px 0px 0px 0px;\n}\n<\/style>\n<div  class='flex_column av-4zar98o-0aa0f165a073ae6e0c26316ed6133c28 av_one_third  avia-builder-el-4  el_after_av_one_full  el_before_av_one_third  first no_margin flex_column_div av-zero-column-padding  column-top-margin'     ><style type=\"text\/css\" data-created_by=\"avia_inline_auto\" id=\"style-css-av-k9ppm05k-aa78f9362dbac2760524c15515e0d7a3\">\n.avia-image-container.av-k9ppm05k-aa78f9362dbac2760524c15515e0d7a3 img.avia_image{\nbox-shadow:none;\n}\n.avia-image-container.av-k9ppm05k-aa78f9362dbac2760524c15515e0d7a3 .av-image-caption-overlay-center{\ncolor:#ffffff;\n}\n<\/style>\n<div  class='avia-image-container av-k9ppm05k-aa78f9362dbac2760524c15515e0d7a3 av-styling- avia-align-center  avia-builder-el-5  avia-builder-el-no-sibling '   itemprop=\"image\" itemscope=\"itemscope\" itemtype=\"https:\/\/schema.org\/ImageObject\" ><div class=\"avia-image-container-inner\"><div class=\"avia-image-overlay-wrap\"><img decoding=\"async\" fetchpriority=\"high\" class='wp-image-20750 avia-img-lazy-loading-not-20750 avia_image ' src=\"https:\/\/i0.wp.com\/www.canalfriends.com\/wp-content\/uploads\/2020\/05\/canalfriends-lesomail.jpg?fit=469%2C352&ssl=1\" alt='canal du midi; le somail' title='canalfriends lesomail'  height=\"352\" width=\"469\"  itemprop=\"thumbnailUrl\" srcset=\"https:\/\/i0.wp.com\/www.canalfriends.com\/wp-content\/uploads\/2020\/05\/canalfriends-lesomail.jpg?w=600&amp;ssl=1 600w, https:\/\/i0.wp.com\/www.canalfriends.com\/wp-content\/uploads\/2020\/05\/canalfriends-lesomail.jpg?resize=469%2C352&amp;ssl=1 469w\" sizes=\"(max-width: 469px) 100vw, 469px\" \/><\/div><\/div><\/div><\/div><\/p>\n\n<style type=\"text\/css\" data-created_by=\"avia_inline_auto\" id=\"style-css-av-4zar98o-6ccf235088b397598b8fc6968824c53e\">\n.flex_column.av-4zar98o-6ccf235088b397598b8fc6968824c53e{\nborder-radius:0px 0px 0px 0px;\npadding:0px 0px 0px 0px;\n}\n<\/style>\n<div  class='flex_column av-4zar98o-6ccf235088b397598b8fc6968824c53e av_one_third  avia-builder-el-6  el_after_av_one_third  el_before_av_one_third  no_margin flex_column_div av-zero-column-padding  column-top-margin'     ><style type=\"text\/css\" data-created_by=\"avia_inline_auto\" id=\"style-css-av-k9ppm05k-98b5e94fb9ffc8bd2b5407578cb4892e\">\n.avia-image-container.av-k9ppm05k-98b5e94fb9ffc8bd2b5407578cb4892e img.avia_image{\nbox-shadow:none;\n}\n.avia-image-container.av-k9ppm05k-98b5e94fb9ffc8bd2b5407578cb4892e .av-image-caption-overlay-center{\ncolor:#ffffff;\n}\n<\/style>\n<div  class='avia-image-container av-k9ppm05k-98b5e94fb9ffc8bd2b5407578cb4892e av-styling- avia-align-center  avia-builder-el-7  avia-builder-el-no-sibling '   itemprop=\"image\" itemscope=\"itemscope\" itemtype=\"https:\/\/schema.org\/ImageObject\" ><div class=\"avia-image-container-inner\"><div class=\"avia-image-overlay-wrap\"><img decoding=\"async\" fetchpriority=\"high\" class='wp-image-20760 avia-img-lazy-loading-not-20760 avia_image ' src=\"https:\/\/i0.wp.com\/www.canalfriends.com\/wp-content\/uploads\/2020\/05\/Chez-Christophe-fromagerie-Canalfriends.jpg?fit=469%2C352&ssl=1\" alt='' title='Chez Christophe fromagerie Canalfriends'  height=\"352\" width=\"469\"  itemprop=\"thumbnailUrl\" srcset=\"https:\/\/i0.wp.com\/www.canalfriends.com\/wp-content\/uploads\/2020\/05\/Chez-Christophe-fromagerie-Canalfriends.jpg?w=640&amp;ssl=1 640w, https:\/\/i0.wp.com\/www.canalfriends.com\/wp-content\/uploads\/2020\/05\/Chez-Christophe-fromagerie-Canalfriends.jpg?resize=469%2C352&amp;ssl=1 469w\" sizes=\"(max-width: 469px) 100vw, 469px\" \/><\/div><\/div><\/div><\/div>\n\n<style type=\"text\/css\" data-created_by=\"avia_inline_auto\" id=\"style-css-av-4zar98o-6ccf235088b397598b8fc6968824c53e\">\n.flex_column.av-4zar98o-6ccf235088b397598b8fc6968824c53e{\nborder-radius:0px 0px 0px 0px;\npadding:0px 0px 0px 0px;\n}\n<\/style>\n<div  class='flex_column av-4zar98o-6ccf235088b397598b8fc6968824c53e av_one_third  avia-builder-el-8  el_after_av_one_third  el_before_av_hr  no_margin flex_column_div av-zero-column-padding  column-top-margin'     ><style type=\"text\/css\" data-created_by=\"avia_inline_auto\" id=\"style-css-av-k9ppmhc7-1a3ed1f9903d61f39d72fb863b0f1a9f\">\n.avia-image-container.av-k9ppmhc7-1a3ed1f9903d61f39d72fb863b0f1a9f img.avia_image{\nbox-shadow:none;\n}\n.avia-image-container.av-k9ppmhc7-1a3ed1f9903d61f39d72fb863b0f1a9f .av-image-caption-overlay-center{\ncolor:#ffffff;\n}\n<\/style>\n<div  class='avia-image-container av-k9ppmhc7-1a3ed1f9903d61f39d72fb863b0f1a9f av-styling- avia-align-center  avia-builder-el-9  avia-builder-el-no-sibling '   itemprop=\"image\" itemscope=\"itemscope\" itemtype=\"https:\/\/schema.org\/ImageObject\" ><div class=\"avia-image-container-inner\"><div class=\"avia-image-overlay-wrap\"><img decoding=\"async\" fetchpriority=\"high\" class='wp-image-20646 avia-img-lazy-loading-not-20646 avia_image ' src=\"https:\/\/i0.wp.com\/www.canalfriends.com\/wp-content\/uploads\/2020\/02\/V%C3%A9lo-canal-du-midi-canalfriends.jpg?fit=469%2C351&ssl=1\" alt='Bike Hire; canal du Midi; canal de Garonne' title='V\u00e9lo location &amp; services'  height=\"351\" width=\"469\"  itemprop=\"thumbnailUrl\"  \/><\/div><\/div><\/div><\/div>\n\n<style type=\"text\/css\" data-created_by=\"avia_inline_auto\" id=\"style-css-av-5o3cbd4-d6feadcb2b7fbdbbdfa345744dffa268\">\n#top .hr.av-5o3cbd4-d6feadcb2b7fbdbbdfa345744dffa268{\nmargin-top:6px;\nmargin-bottom:6px;\n}\n.hr.av-5o3cbd4-d6feadcb2b7fbdbbdfa345744dffa268 .hr-inner{\nwidth:1200px;\n}\n<\/style>\n<div  class='hr av-5o3cbd4-d6feadcb2b7fbdbbdfa345744dffa268 hr-custom  avia-builder-el-10  el_after_av_one_third  el_before_av_heading  hr-center hr-icon-no'><span class='hr-inner inner-border-av-border-fat'><span class=\"hr-inner-style\"><\/span><\/span><\/div>\n\n<style type=\"text\/css\" data-created_by=\"avia_inline_auto\" id=\"style-css-av-av_heading-f9e89654f2b192d61b90d758fc83d941\">\n#top .av-special-heading.av-av_heading-f9e89654f2b192d61b90d758fc83d941{\npadding-bottom:0;\ncolor:#26581d;\nfont-size:22px;\n}\nbody .av-special-heading.av-av_heading-f9e89654f2b192d61b90d758fc83d941 .av-special-heading-tag .heading-char{\nfont-size:25px;\n}\n#top #wrap_all .av-special-heading.av-av_heading-f9e89654f2b192d61b90d758fc83d941 .av-special-heading-tag{\nfont-size:22px;\n}\n.av-special-heading.av-av_heading-f9e89654f2b192d61b90d758fc83d941 .special-heading-inner-border{\nborder-color:#26581d;\n}\n.av-special-heading.av-av_heading-f9e89654f2b192d61b90d758fc83d941 .av-subheading{\nfont-size:20px;\n}\n\n@media only screen and (min-width: 480px) and (max-width: 767px){ \n#top #wrap_all .av-special-heading.av-av_heading-f9e89654f2b192d61b90d758fc83d941 .av-special-heading-tag{\nfont-size:0.8em;\n}\n}\n\n@media only screen and (max-width: 479px){ \n#top #wrap_all .av-special-heading.av-av_heading-f9e89654f2b192d61b90d758fc83d941 .av-special-heading-tag{\nfont-size:0.8em;\n}\n}\n<\/style>\n<div  class='av-special-heading av-av_heading-f9e89654f2b192d61b90d758fc83d941 av-special-heading-h2 custom-color-heading blockquote modern-quote modern-centered  avia-builder-el-11  el_after_av_hr  el_before_av_one_full  av-inherit-size'><h2 class='av-special-heading-tag '  itemprop=\"headline\"  >Envie d\u2019en savoir plus sur Canalfriends ?<\/h2><div class=\"special-heading-border\"><div class=\"special-heading-inner-border\"><\/div><\/div><\/div>\n\n<style type=\"text\/css\" data-created_by=\"avia_inline_auto\" id=\"style-css-av-4zar98o-0aa0f165a073ae6e0c26316ed6133c28\">\n.flex_column.av-4zar98o-0aa0f165a073ae6e0c26316ed6133c28{\nborder-radius:0px 0px 0px 0px;\npadding:0px 0px 0px 0px;\n}\n<\/style>\n<div  class='flex_column av-4zar98o-0aa0f165a073ae6e0c26316ed6133c28 av_one_full  avia-builder-el-12  el_after_av_heading  el_before_av_one_fourth  first no_margin flex_column_div av-zero-column-padding  '     ><style type=\"text\/css\" data-created_by=\"avia_inline_auto\" id=\"style-css-av-49z8m2w-7569cbb6c8f4b08df4a5f990681bb2e7\">\n#top .av_textblock_section.av-49z8m2w-7569cbb6c8f4b08df4a5f990681bb2e7 .avia_textblock{\ncolor:#26581d;\n}\n<\/style>\n<section  class='av_textblock_section av-49z8m2w-7569cbb6c8f4b08df4a5f990681bb2e7 '   itemscope=\"itemscope\" itemtype=\"https:\/\/schema.org\/CreativeWork\" ><div class='avia_textblock av_inherit_color'  itemprop=\"text\" ><p style=\"text-align: center;\"><strong>Rejoignez notre communaut\u00e9, ouverte \u00e0 tous les passionn\u00e9s et acteurs des voies d&rsquo;eau qui souhaitent pr\u00e9senter leurs activit\u00e9s sur notre site et dans nos guides de voyage gratuits, participer \u00e0 nos actions, animer leur territoire.<\/strong><\/p>\n<\/div><\/section><\/div>\n\n<style type=\"text\/css\" data-created_by=\"avia_inline_auto\" id=\"style-css-av-3wue5fs-33db3b2d146a1301ba6d1fceb3bfe831\">\n.flex_column.av-3wue5fs-33db3b2d146a1301ba6d1fceb3bfe831{\nborder-radius:0px 0px 0px 0px;\npadding:0px 0px 0px 0px;\n}\n<\/style>\n<div  class='flex_column av-3wue5fs-33db3b2d146a1301ba6d1fceb3bfe831 av_one_fourth  avia-builder-el-14  el_after_av_one_full  el_before_av_one_fourth  first flex_column_div av-zero-column-padding  column-top-margin'     ><div  class='avia-button-wrap av-3fy1fig-a604cba33d4627232fcf6053dfe6b9a9-wrap avia-button-center  avia-builder-el-15  avia-builder-el-no-sibling '><a href='http:\/\/www.canalfriends.com\/fr\/contact\/'  class='avia-button av-3fy1fig-a604cba33d4627232fcf6053dfe6b9a9 av-link-btn avia-icon_select-yes-left-icon avia-size-small avia-position-center avia-color-grey'  target=\"_blank\"  rel=\"noopener noreferrer\"  aria-label=\"Contactez-nous\"><span class='avia_button_icon avia_button_icon_left avia-iconfont avia-font-entypo-fontello' data-av_icon='\ue805' data-av_iconfont='entypo-fontello' ><\/span><span class='avia_iconbox_title' >Contactez-nous<\/span><\/a><\/div><\/div>\n\n<style type=\"text\/css\" data-created_by=\"avia_inline_auto\" id=\"style-css-av-31izqbs-40f3fc88400e415800560ebab21850b7\">\n.flex_column.av-31izqbs-40f3fc88400e415800560ebab21850b7{\nborder-radius:0px 0px 0px 0px;\npadding:0px 0px 0px 0px;\n}\n<\/style>\n<div  class='flex_column av-31izqbs-40f3fc88400e415800560ebab21850b7 av_one_fourth  avia-builder-el-16  el_after_av_one_fourth  el_before_av_one_fourth  flex_column_div av-zero-column-padding  column-top-margin'     ><div  class='avia-button-wrap av-2ng14q0-80f389771f620c8951f7a95e17c68aea-wrap avia-button-center  avia-builder-el-17  avia-builder-el-no-sibling '>\n<style type=\"text\/css\" data-created_by=\"avia_inline_auto\" id=\"style-css-av-2ng14q0-80f389771f620c8951f7a95e17c68aea\">\n#top #wrap_all .avia-button.av-2ng14q0-80f389771f620c8951f7a95e17c68aea{\nbackground-color:#100f66;\nborder-color:#100f66;\ncolor:#ffffff;\ntransition:all 0.4s ease-in-out;\n}\n#top #wrap_all .avia-button.av-2ng14q0-80f389771f620c8951f7a95e17c68aea .avia-svg-icon svg:first-child{\nfill:#ffffff;\nstroke:#ffffff;\n}\n<\/style>\n<a href='https:\/\/www.facebook.com\/canalfriends.fr'  class='avia-button av-2ng14q0-80f389771f620c8951f7a95e17c68aea av-link-btn avia-icon_select-yes-left-icon avia-size-small avia-position-center'   aria-label=\"Suivez-nous sur Facebook\"><span class='avia_button_icon avia_button_icon_left avia-iconfont avia-font-entypo-fontello' data-av_icon='\ue8f5' data-av_iconfont='entypo-fontello' ><\/span><span class='avia_iconbox_title' >Suivez-nous sur Facebook<\/span><\/a><\/div><\/div>\n\n<style type=\"text\/css\" data-created_by=\"avia_inline_auto\" id=\"style-css-av-7y7cso-1314854bb47b1b574177dcae55098e77\">\n.flex_column.av-7y7cso-1314854bb47b1b574177dcae55098e77{\nborder-radius:0px 0px 0px 0px;\npadding:0px 0px 0px 0px;\n}\n<\/style>\n<div  class='flex_column av-7y7cso-1314854bb47b1b574177dcae55098e77 av_one_fourth  avia-builder-el-18  el_after_av_one_fourth  el_before_av_one_fourth  flex_column_div av-zero-column-padding  column-top-margin'     ><div  class='avia-button-wrap av-1g7q1ew-87855437757b03f6a32e11ac00884655-wrap avia-button-center  avia-builder-el-19  avia-builder-el-no-sibling '><a href='https:\/\/twitter.com\/Canal_Friends'  class='avia-button av-1g7q1ew-87855437757b03f6a32e11ac00884655 av-link-btn avia-icon_select-yes-left-icon avia-size-small avia-position-center avia-color-blue'   aria-label=\"Suivez-nous sur Twitter\"><span class='avia_button_icon avia_button_icon_left avia-iconfont avia-font-entypo-fontello' data-av_icon='\ue8f1' data-av_iconfont='entypo-fontello' ><\/span><span class='avia_iconbox_title' >Suivez-nous sur Twitter<\/span><\/a><\/div><\/div>\n\n<style type=\"text\/css\" data-created_by=\"avia_inline_auto\" id=\"style-css-av-1a2wd54-97a93cabb54a56b4b5c8f6ddf86d8c2d\">\n.flex_column.av-1a2wd54-97a93cabb54a56b4b5c8f6ddf86d8c2d{\nborder-radius:0px 0px 0px 0px;\npadding:0px 0px 0px 0px;\n}\n<\/style>\n<div  class='flex_column av-1a2wd54-97a93cabb54a56b4b5c8f6ddf86d8c2d av_one_fourth  avia-builder-el-20  el_after_av_one_fourth  el_before_av_two_third  flex_column_div av-zero-column-padding  column-top-margin'     ><div  class='avia-button-wrap av-ngb39k-c59aebb9996136f3cc6bdce33861c21c-wrap avia-button-center  avia-builder-el-21  avia-builder-el-no-sibling '><a href='http:\/\/www.instagram.com\/canal_friends\/'  class='avia-button av-ngb39k-c59aebb9996136f3cc6bdce33861c21c av-link-btn avia-icon_select-yes-left-icon avia-size-small avia-position-center avia-color-red'   aria-label=\"Suivez-nous sur Instagram\"><span class='avia_button_icon avia_button_icon_left avia-iconfont avia-font-entypo-fontello' data-av_icon='\ue909' data-av_iconfont='entypo-fontello' ><\/span><span class='avia_iconbox_title' >Suivez-nous sur Instagram<\/span><\/a><\/div><\/div>\n\n<style type=\"text\/css\" data-created_by=\"avia_inline_auto\" id=\"style-css-av-qsio05-65e461e187853352fb53cc044285a5f0\">\n.flex_column.av-qsio05-65e461e187853352fb53cc044285a5f0{\nborder-radius:0px 0px 0px 0px;\npadding:0px 0px 0px 0px;\n}\n<\/style>\n<div  class='flex_column av-qsio05-65e461e187853352fb53cc044285a5f0 av_two_third  avia-builder-el-22  el_after_av_one_fourth  avia-builder-el-last  first flex_column_div av-zero-column-padding  column-top-margin'     ><\/div>\n","protected":false},"excerpt":{"rendered":"","protected":false},"author":1,"featured_media":20788,"parent":0,"menu_order":0,"comment_status":"closed","ping_status":"closed","template":"","meta":{"footnotes":""},"class_list":["post-20753","page","type-page","status-publish","has-post-thumbnail","hentry"],"jetpack_sharing_enabled":true,"_links":{"self":[{"href":"https:\/\/www.canalfriends.com\/fr\/wp-json\/wp\/v2\/pages\/20753","targetHints":{"allow":["GET"]}}],"collection":[{"href":"https:\/\/www.canalfriends.com\/fr\/wp-json\/wp\/v2\/pages"}],"about":[{"href":"https:\/\/www.canalfriends.com\/fr\/wp-json\/wp\/v2\/types\/page"}],"author":[{"embeddable":true,"href":"https:\/\/www.canalfriends.com\/fr\/wp-json\/wp\/v2\/users\/1"}],"replies":[{"embeddable":true,"href":"https:\/\/www.canalfriends.com\/fr\/wp-json\/wp\/v2\/comments?post=20753"}],"version-history":[{"count":0,"href":"https:\/\/www.canalfriends.com\/fr\/wp-json\/wp\/v2\/pages\/20753\/revisions"}],"wp:featuredmedia":[{"embeddable":true,"href":"https:\/\/www.canalfriends.com\/fr\/wp-json\/wp\/v2\/media\/20788"}],"wp:attachment":[{"href":"https:\/\/www.canalfriends.com\/fr\/wp-json\/wp\/v2\/media?parent=20753"}],"curies":[{"name":"wp","href":"https:\/\/api.w.org\/{rel}","templated":true}]}}