{"id":21766,"date":"2022-12-13T16:56:48","date_gmt":"2022-12-13T15:56:48","guid":{"rendered":"https:\/\/www.canalfriends.com\/?page_id=21766"},"modified":"2025-10-22T19:13:16","modified_gmt":"2025-10-22T17:13:16","slug":"boatstop-fr","status":"publish","type":"page","link":"https:\/\/www.canalfriends.com\/fr\/boatstop-fr\/","title":{"rendered":"BoatStop.fr"},"content":{"rendered":"\n<style type=\"text\/css\" data-created_by=\"avia_inline_auto\" id=\"style-css-av-jljcne-919f78d12eb87685fc71cb791618e319\">\n#top .av-special-heading.av-jljcne-919f78d12eb87685fc71cb791618e319{\npadding-bottom:0;\ncolor:#277534;\n}\nbody .av-special-heading.av-jljcne-919f78d12eb87685fc71cb791618e319 .av-special-heading-tag .heading-char{\nfont-size:25px;\n}\n.av-special-heading.av-jljcne-919f78d12eb87685fc71cb791618e319 .special-heading-inner-border{\nborder-color:#277534;\n}\n.av-special-heading.av-jljcne-919f78d12eb87685fc71cb791618e319 .av-subheading{\nfont-size:17px;\n}\n<\/style>\n<div  class='av-special-heading av-jljcne-919f78d12eb87685fc71cb791618e319 av-special-heading-h2 custom-color-heading blockquote modern-quote modern-centered  avia-builder-el-0  el_before_av_section  avia-builder-el-no-sibling '><h2 class='av-special-heading-tag '  itemprop=\"headline\"  >Canalfriends BoatStop<\/h2><div class=\"special-heading-border\"><div class=\"special-heading-inner-border\"><\/div><\/div><\/div>\n<\/div><\/div><\/div><!-- close content main div --><\/div><\/div>\n<style type=\"text\/css\" data-created_by=\"avia_inline_auto\" id=\"style-css-av-h9vy5m-79868ff32fea83e82d86352972791d1c\">\n.avia-section.av-h9vy5m-79868ff32fea83e82d86352972791d1c{\nbackground-color:#f3f3f3;\nbackground-image:unset;\n}\n<\/style>\n<div id='av_section_1'  class='avia-section av-h9vy5m-79868ff32fea83e82d86352972791d1c main_color avia-section-small avia-no-border-styling  avia-builder-el-1  el_after_av_heading  avia-builder-el-last  avia-bg-style-scroll container_wrap fullsize'  ><div class='container av-section-cont-open' ><div class='template-page content  av-content-full alpha units'><div class='post-entry post-entry-type-page post-entry-21766'><div class='entry-content-wrapper clearfix'>\n\n<style type=\"text\/css\" data-created_by=\"avia_inline_auto\" id=\"style-css-av-ggimvu-7b1c9e87786525aeef7ecb4a40d80b0e\">\n.flex_column.av-ggimvu-7b1c9e87786525aeef7ecb4a40d80b0e{\nborder-radius:0px 0px 0px 0px;\npadding:0px 0px 0px 0px;\n}\n<\/style>\n<div  class='flex_column av-ggimvu-7b1c9e87786525aeef7ecb4a40d80b0e av_two_fifth  avia-builder-el-2  el_before_av_three_fifth  avia-builder-el-first  first flex_column_div av-zero-column-padding  '     ><style type=\"text\/css\" data-created_by=\"avia_inline_auto\" id=\"style-css-av-du1km2-a8de43dffd30f775fae0db83aab50d5c\">\n.avia-image-container.av-du1km2-a8de43dffd30f775fae0db83aab50d5c img.avia_image{\nbox-shadow:none;\n}\n.avia-image-container.av-du1km2-a8de43dffd30f775fae0db83aab50d5c .av-image-caption-overlay-center{\ncolor:#ffffff;\n}\n<\/style>\n<div  class='avia-image-container av-du1km2-a8de43dffd30f775fae0db83aab50d5c av-styling- av-hover-grow avia-align-center  avia-builder-el-3  avia-builder-el-no-sibling '   itemprop=\"image\" itemscope=\"itemscope\" itemtype=\"https:\/\/schema.org\/ImageObject\" ><div class=\"avia-image-container-inner\"><div class=\"avia-image-overlay-wrap\"><img decoding=\"async\" fetchpriority=\"high\" class='wp-image-5508 avia-img-lazy-loading-not-5508 avia_image ' src=\"https:\/\/i0.wp.com\/www.canalfriends.com\/wp-content\/uploads\/2015\/01\/PIC_0907-2.jpg?resize=764%2C430&ssl=1\" alt='' title='Canalfriends BoatStop'  height=\"430\" width=\"764\"  itemprop=\"thumbnailUrl\"  \/><\/div><\/div><\/div><\/div>\n<style type=\"text\/css\" data-created_by=\"avia_inline_auto\" id=\"style-css-av-c5hkoa-8c1963762ec9e6615f1c1b320248c917\">\n.flex_column.av-c5hkoa-8c1963762ec9e6615f1c1b320248c917{\nborder-radius:0px 0px 0px 0px;\npadding:0px 0px 0px 0px;\n}\n<\/style>\n<div  class='flex_column av-c5hkoa-8c1963762ec9e6615f1c1b320248c917 av_three_fifth  avia-builder-el-4  el_after_av_two_fifth  avia-builder-el-last  flex_column_div av-zero-column-padding  '     ><section  class='av_textblock_section av-bdj23u-9922cb4d8b2fdd0af18571e46d1769ee '   itemscope=\"itemscope\" itemtype=\"https:\/\/schema.org\/CreativeWork\" ><div class='avia_textblock'  itemprop=\"text\" ><h4>Le BoatStop de Canalfriends est un moyen de d\u00e9couvrir la navigation sur les voies d\u2019eau, dans un esprit du partage communautaire, en accompagnant les propri\u00e9taires de bateaux durant leur d\u00e9placement.<\/h4>\n<p>Comment \u00e7a marche ?<\/p>\n<p><strong>Vous \u00eates propri\u00e9taire d\u2019un bateau, pour proposer un BoatStop :<\/strong><\/p>\n<ol>\n<li>V\u00e9rifiez que vous poss\u00e9dez une police d\u2019assurance vous permettant de proposer un BoatStop<\/li>\n<li>R\u00e9digez votre annonce en cliquant sur ce lien : \u00a0<a href=\"http:\/\/www.canalfriends.com\/fr\/offre-boatstop\/\" target=\"_blank\" rel=\"noopener\">Offre BoatStop<\/a><\/li>\n<li>Pr\u00e9cisez au passager, d\u00e8s l\u2019annonce\u00a0et\u00a0avant que le passager monte \u00e0 bord les r\u00e8gles \u00e0 respecter et la contribution \u00e9ventuellement demand\u00e9e<\/li>\n<li>Vous pouvez refuser \u00e0 tout moment la mont\u00e9e \u00e0 bord, si vous consid\u00e9rez que cela peut g\u00e9n\u00e9rer un danger pour vous, pour le passager\u00a0ou pour votre bateau<\/li>\n<li>La\u00a0contribution\u00a0doit rester modique pour \u00eatre en phase avec l\u2019esprit collaboratif de\u00a0BoatStop\u00a0: la rencontre, le partage d\u2019exp\u00e9rience et de frais. A titre d\u2019illustration, cela peut \u00eatre une\u00a0participation aux repas, aux frais de fioul,\u2026<\/li>\n<li>R\u00e9pondez rapidement, aux questions re\u00e7ues par mail ou t\u00e9l\u00e9phone<\/li>\n<li>Assurez-vous que le(s) passager(s) a plus de 18 ans<\/li>\n<li>Transmettez toutes les pr\u00e9cisions n\u00e9cessaires (lieu, date et horaire exacts, tenue conseill\u00e9e, \u00e9quipement autoris\u00e9\/ v\u00e9los..)<\/li>\n<\/ol>\n<p><strong>Vous souhaitez d\u00e9couvrir la navigation avec le BoatStop :<\/strong><\/p>\n<ol>\n<li>S\u00e9lectionnez l\u2019annonce qui vous convient<\/li>\n<li>Contactez directement le propri\u00e9taire, demandez toute pr\u00e9cision utile.<\/li>\n<li>Engagez-vous aupr\u00e8s de lui \u00e0 respecter ses conditions de s\u00e9curit\u00e9 et de conduite \u00e0 bord<\/li>\n<li>Entendez-vous avec lui sur la forme de la contribution<\/li>\n<li>Soyez \u00e0 l\u2019heure au rendez-vous fix\u00e9 :\u00a0BoatStop n\u2019\u00e9tant pas une croisi\u00e8re, vous devez vous adapter \u00e0 son parcours, arr\u00eats et horaires.<\/li>\n<li>Donnez votre avis, une fois le trajet effectu\u00e9, sur le site<\/li>\n<\/ol>\n<p>Canalfriends d\u00e9cline tout litige entre les personnes. Comme tout service innovant, le BoatStop est amen\u00e9 \u00e0 \u00e9voluer. N\u2019h\u00e9sitez pas \u00e0 nous transmettre vos remarques et souhaits.<\/p>\n<\/div><\/section><\/div>\n","protected":false},"excerpt":{"rendered":"","protected":false},"author":14,"featured_media":0,"parent":0,"menu_order":0,"comment_status":"closed","ping_status":"closed","template":"","meta":{"footnotes":""},"class_list":["post-21766","page","type-page","status-publish","hentry"],"jetpack_sharing_enabled":true,"_links":{"self":[{"href":"https:\/\/www.canalfriends.com\/fr\/wp-json\/wp\/v2\/pages\/21766","targetHints":{"allow":["GET"]}}],"collection":[{"href":"https:\/\/www.canalfriends.com\/fr\/wp-json\/wp\/v2\/pages"}],"about":[{"href":"https:\/\/www.canalfriends.com\/fr\/wp-json\/wp\/v2\/types\/page"}],"author":[{"embeddable":true,"href":"https:\/\/www.canalfriends.com\/fr\/wp-json\/wp\/v2\/users\/14"}],"replies":[{"embeddable":true,"href":"https:\/\/www.canalfriends.com\/fr\/wp-json\/wp\/v2\/comments?post=21766"}],"version-history":[{"count":5,"href":"https:\/\/www.canalfriends.com\/fr\/wp-json\/wp\/v2\/pages\/21766\/revisions"}],"predecessor-version":[{"id":23062,"href":"https:\/\/www.canalfriends.com\/fr\/wp-json\/wp\/v2\/pages\/21766\/revisions\/23062"}],"wp:attachment":[{"href":"https:\/\/www.canalfriends.com\/fr\/wp-json\/wp\/v2\/media?parent=21766"}],"curies":[{"name":"wp","href":"https:\/\/api.w.org\/{rel}","templated":true}]}}