{"id":22189,"date":"2023-05-04T17:37:40","date_gmt":"2023-05-04T15:37:40","guid":{"rendered":"https:\/\/www.canalfriends.com\/?page_id=22189"},"modified":"2026-02-17T16:30:59","modified_gmt":"2026-02-17T15:30:59","slug":"guide-canalfriends-junior-canal-du-midi-reponses","status":"publish","type":"page","link":"https:\/\/www.canalfriends.com\/fr\/guide-canalfriends-junior-canal-du-midi-reponses\/","title":{"rendered":"Guide Canalfriends Junior Canal du Midi &#8211; R\u00e9ponses"},"content":{"rendered":"<div  class='flex_column av-ywfj0t-4620263bc92f773aa8a6c674a26aa503 av_one_half  avia-builder-el-0  el_before_av_one_half  avia-builder-el-first  first flex_column_div  '     ><p>\n<style type=\"text\/css\" data-created_by=\"avia_inline_auto\" id=\"style-css-av-lhezu3pi-5592bb04d7b745a5f402fc88256cb51e\">\n#top .av-special-heading.av-lhezu3pi-5592bb04d7b745a5f402fc88256cb51e{\npadding-bottom:10px;\n}\nbody .av-special-heading.av-lhezu3pi-5592bb04d7b745a5f402fc88256cb51e .av-special-heading-tag .heading-char{\nfont-size:25px;\n}\n.av-special-heading.av-lhezu3pi-5592bb04d7b745a5f402fc88256cb51e .av-subheading{\nfont-size:15px;\n}\n<\/style>\n<div  class='av-special-heading av-lhezu3pi-5592bb04d7b745a5f402fc88256cb51e av-special-heading-h3  avia-builder-el-1  el_before_av_textblock  avia-builder-el-first '><h3 class='av-special-heading-tag '  itemprop=\"headline\"  >R\u00e9ponses aux jeux du Guide Canalfriends Junior Canal du Midi<\/h3><div class=\"special-heading-border\"><div class=\"special-heading-inner-border\"><\/div><\/div><\/div><br \/>\n<section  class='av_textblock_section av-lh9aj2i5-ee8f805b7834b28de2f18b978d111683 '   itemscope=\"itemscope\" itemtype=\"https:\/\/schema.org\/CreativeWork\" ><div class='avia_textblock'  itemprop=\"text\" ><ul>\n<li><strong><span class=\"WdYUQQ\">1\u00e8re \u00e9nigme \u00e0 Toulouse<\/span><\/strong><\/li>\n<\/ul>\n<p>Dans cette cath\u00e9drale, tu trouveras sur un pilier une plaque avec le nom d&rsquo;un grand homme qui a construit un canal passant dans Toulouse.<\/p>\n<p>Question 1 :\u00a0 <span class=\"WdYUQQ\">\u00a0Identifie la cath\u00e9drale<\/span> sur la photo<\/p>\n<p><span class=\"WdYUQQ\">R\u00e9ponse : Cath\u00e9drale Saint Etienne<\/span><\/p>\n<p class=\"_04xlpA direction-ltr align-justify para-style-body\"><span class=\"WdYUQQ\">Question 2 &#8211; Ecris le nom de ce grand homme et du canal<\/span><\/p>\n<p class=\"_04xlpA direction-ltr align-justify para-style-body\"><span class=\"WdYUQQ\">R\u00e9ponse : Pierre Paul Riquet, cr\u00e9ateur du Canal du Midi<\/span><\/p>\n<ul>\n<li><strong><span class=\"WdYUQQ\">2\u00e8me \u00e9nigme \u00e0 Naurouze<\/span><\/strong><\/li>\n<\/ul>\n<p class=\"_04xlpA direction-ltr align-justify para-style-body\"><span class=\"WdYUQQ\">Le seuil de Naurouze est le point le plus haut du Canal du Midi.<\/span><\/p>\n<p class=\"_04xlpA direction-ltr align-justify para-style-body\"><span class=\"WdYUQQ\">Regarde les 2 \u00e9cluses qui le d\u00e9limitent. A ton avis pourquoi :<\/span><\/p>\n<p class=\"_04xlpA direction-ltr align-justify para-style-body\"><span class=\"WdYUQQ\">Question 1 : Pourquoi l&nbsp;&raquo;\u00e9cluse vers Toulouse s&rsquo;appelle l&rsquo;\u00e9cluse de l&rsquo;Oc\u00e9an ?<\/span><\/p>\n<p class=\"_04xlpA direction-ltr align-justify para-style-body\"><span class=\"WdYUQQ\">R\u00e9ponse\u00a0 : L&rsquo;\u00e9cluse vers Toulouse s&rsquo;appelle l&rsquo;\u00e9cluse de l&rsquo;Oc\u00e9an car le courant va vers Toulouse et donc en direction de l&rsquo;oc\u00e9an Atlantique.<\/span><\/p>\n<p class=\"_04xlpA direction-ltr align-justify para-style-body\"><span class=\"WdYUQQ\">Question 2 : Pourquoi l&rsquo;\u00e9cluse vers S\u00e8te s&rsquo;appelle l&rsquo;\u00e9cluse de la M\u00e9diterran\u00e9e ?<\/span><\/p>\n<p class=\"_04xlpA direction-ltr align-justify para-style-body\"><span class=\"WdYUQQ\">R\u00e9ponse : L&rsquo;\u00e9cluse vers S\u00e8te s&rsquo;appelle l&rsquo;\u00e9cluse de la M\u00e9diterran\u00e9e car le courant va vers S\u00e8te et donc en direction de la mer M\u00e9diterran\u00e9e<\/span><\/p>\n<p class=\"_04xlpA direction-ltr align-justify para-style-body\"><span class=\"WdYUQQ\">Question 3 : A Naurouze, trouve la rigole qui alimente le Canal du Midi<\/span><\/p>\n<p class=\"_04xlpA direction-ltr align-justify para-style-body\"><span class=\"WdYUQQ\">R\u00e9ponse\u00a0 : C&rsquo;est la rigole de la plaine qui arrive de la Montagne Noire \u00e0 Naurouze pour alimenter le Canal du Midi<\/span><\/p>\n<ul>\n<li><strong><span class=\"WdYUQQ\">3\u00e8me \u00e9nigme \u00e0 Tr\u00e8bes<\/span><\/strong><\/li>\n<\/ul>\n<p class=\"_04xlpA direction-ltr align-justify para-style-body\"><span class=\"WdYUQQ\">Sur le port de Tr\u00e8bes, il y\u2019a plusieurs restaurants.<\/span><\/p>\n<p class=\"_04xlpA direction-ltr align-justify para-style-body\"><span class=\"WdYUQQ\">Question : Au niveau d\u2019un des restaurants, sur son mur, quelqu\u2019un t\u2019observe, mais qui est-ce ?<\/span><\/p>\n<p class=\"_04xlpA direction-ltr align-justify para-style-body\"><span class=\"WdYUQQ\">R\u00e9ponse : Panneau en bois d\u2019un p\u00e9cheur sur la fa\u00e7ade du restaurant La poissonnerie moderne<\/span><\/p>\n<ul>\n<li><strong><span class=\"WdYUQQ\">4\u00e8me \u00e9nigme au Somail<\/span><\/strong><\/li>\n<\/ul>\n<p class=\"cvGsUA direction-ltr align-justify para-style-body\"><span class=\"a_GcMg font-feature-liga-off font-feature-clig-off font-feature-calt-off text-decoration-none text-strikethrough-none\">Le Somail est un hameau construit au XVII\u1d49 si\u00e8cle <\/span><span class=\"a_GcMg font-feature-liga-off font-feature-clig-off font-feature-calt-off text-decoration-none text-strikethrough-none\">pour accueillir les voyageurs du canal du Midi. <\/span><span class=\"a_GcMg font-feature-liga-off font-feature-clig-off font-feature-calt-off text-decoration-none text-strikethrough-none\">\u00c0 l\u2019Office de Tourisme, tu peux rencontrer l\u2019hologramme <\/span><span class=\"a_GcMg font-feature-liga-off font-feature-clig-off font-feature-calt-off text-decoration-none text-strikethrough-none\">de Mrs Cradock, une voyageuse du XVIII\u1d49 si\u00e8cle <\/span><span class=\"a_GcMg font-feature-liga-off font-feature-clig-off font-feature-calt-off text-decoration-none text-strikethrough-none\">qui raconte l\u2019histoire de son voyage sur le Canal.<\/span><\/p>\n<p class=\"cvGsUA direction-ltr align-justify para-style-body\"><span class=\"a_GcMg font-feature-liga-off font-feature-clig-off font-feature-calt-off text-decoration-none text-strikethrough-none\">Question 1 : Pourquoi Mrs Cradock s\u2019est-elle arr\u00eat\u00e9e au Somail ?<\/span><\/p>\n<p class=\"cvGsUA direction-ltr align-justify para-style-body\"><span class=\"a_GcMg font-feature-liga-off font-feature-clig-off font-feature-calt-off text-decoration-none text-strikethrough-none\">R\u00e9ponse : Pour dormir \u00e0 l&rsquo;auberge du Somail<\/span><\/p>\n<p class=\"cvGsUA direction-ltr align-justify para-style-body\"><span class=\"a_GcMg font-feature-liga-off font-feature-clig-off font-feature-calt-off text-decoration-none text-strikethrough-none\">Question 2 :\u00a0 Peux-tu deviner de quel pays vient Mrs Cradock ?<\/span><\/p>\n<p class=\"_04xlpA direction-ltr align-justify para-style-body\"><span class=\"WdYUQQ\">R\u00e9ponse : Elle vient d&rsquo;Angleterre<\/span><\/p>\n<ul>\n<li><strong><span class=\"WdYUQQ\">5\u00e8me \u00e9nigme \u00e0 Agde<\/span><\/strong><\/li>\n<\/ul>\n<p class=\"_04xlpA direction-ltr align-justify para-style-body\"><span class=\"WdYUQQ\">Question 1 : A l&rsquo;\u00e9cluse ronde de Agde, dans combien de directions les bateaux peuvent-ils partir ?<\/span><\/p>\n<p class=\"_04xlpA direction-ltr align-justify para-style-body\"><span class=\"WdYUQQ\">R\u00e9ponse : A l&rsquo;\u00e9cluse ronde de Agde, les bateaux peuvent aller dans 3 directions<\/span><\/p>\n<p class=\"_04xlpA direction-ltr align-justify para-style-body\"><span class=\"WdYUQQ\">Question 2 : Comment s&rsquo;appelle le fleuve que tu peux rejoindre par cette \u00e9cluse ?<\/span><\/p>\n<p class=\"_04xlpA direction-ltr align-justify para-style-body\"><span class=\"WdYUQQ\">R\u00e9ponse : Par cette \u00e9cluse, les bateaux peuvent aller sur le fleuve H\u00e9rault, qui se jette dans la M\u00e9diterran\u00e9e<\/span><\/p>\n<ul>\n<li><strong><span class=\"WdYUQQ\">Quizz<\/span><\/strong><\/li>\n<\/ul>\n<p class=\"_04xlpA direction-ltr align-justify para-style-body\"><span class=\"WdYUQQ\">Q1 : a et c<\/span><\/p>\n<p class=\"_04xlpA direction-ltr align-justify para-style-body\"><span class=\"WdYUQQ\">Q2 : a<\/span><\/p>\n<p class=\"_04xlpA direction-ltr align-justify para-style-body\"><span class=\"WdYUQQ\">Q3 : b<\/span><\/p>\n<p class=\"_04xlpA direction-ltr align-justify para-style-body\"><span class=\"WdYUQQ\">Q4 : c<\/span><\/p>\n<p class=\"_04xlpA direction-ltr align-justify para-style-body\"><span class=\"WdYUQQ\">Q5 : c<\/span><\/p>\n<p class=\"_04xlpA direction-ltr align-justify para-style-body\"><span class=\"WdYUQQ\">Q6 : c<\/span><\/p>\n<p class=\"_04xlpA direction-ltr align-justify para-style-body\"><span class=\"WdYUQQ\">Q7 : c<\/span><\/p>\n<p class=\"_04xlpA direction-ltr align-justify para-style-body\"><span class=\"WdYUQQ\"> Q8 : c<\/span><\/p>\n<\/div><\/section><\/p><\/div><div  class='flex_column av-nc33ot-e3c24ae4a6c7f941af316f97fd5d409e av_one_half  avia-builder-el-3  el_after_av_one_half  avia-builder-el-last  flex_column_div  '     ><style type=\"text\/css\" data-created_by=\"avia_inline_auto\" id=\"style-css-av-lh9ajj0m-1d84e9b8e2d8b38a4ca2f973ef03193a\">\n.avia-image-container.av-lh9ajj0m-1d84e9b8e2d8b38a4ca2f973ef03193a img.avia_image{\nbox-shadow:none;\n}\n.avia-image-container.av-lh9ajj0m-1d84e9b8e2d8b38a4ca2f973ef03193a .av-image-caption-overlay-center{\ncolor:#ffffff;\n}\n<\/style>\n<div  class='avia-image-container av-lh9ajj0m-1d84e9b8e2d8b38a4ca2f973ef03193a av-styling- av-img-linked avia-align-center  avia-builder-el-4  avia-builder-el-no-sibling '   itemprop=\"image\" itemscope=\"itemscope\" itemtype=\"https:\/\/schema.org\/ImageObject\" ><div class=\"avia-image-container-inner\"><div class=\"avia-image-overlay-wrap\"><a href=\"https:\/\/guides.canalfriends.com\/\" class='avia_image '  target=\"_blank\"  rel=\"noopener noreferrer\" aria-label='Couverture Guide Junior Midi Canalfriends'><img decoding=\"async\" fetchpriority=\"high\" class='wp-image-22178 avia-img-lazy-loading-not-22178 avia_image ' src=\"https:\/\/i0.wp.com\/www.canalfriends.com\/wp-content\/uploads\/2023\/05\/Couverture-Guide-Junior-Midi-Canalfriends.jpg?fit=282%2C400&ssl=1\" alt='' title='Couverture Guide Junior Midi Canalfriends'  height=\"400\" width=\"282\"  itemprop=\"thumbnailUrl\" srcset=\"https:\/\/i0.wp.com\/www.canalfriends.com\/wp-content\/uploads\/2023\/05\/Couverture-Guide-Junior-Midi-Canalfriends.jpg?w=1410&amp;ssl=1 1410w, https:\/\/i0.wp.com\/www.canalfriends.com\/wp-content\/uploads\/2023\/05\/Couverture-Guide-Junior-Midi-Canalfriends.jpg?resize=282%2C400&amp;ssl=1 282w, https:\/\/i0.wp.com\/www.canalfriends.com\/wp-content\/uploads\/2023\/05\/Couverture-Guide-Junior-Midi-Canalfriends.jpg?resize=726%2C1030&amp;ssl=1 726w, https:\/\/i0.wp.com\/www.canalfriends.com\/wp-content\/uploads\/2023\/05\/Couverture-Guide-Junior-Midi-Canalfriends.jpg?resize=1083%2C1536&amp;ssl=1 1083w, https:\/\/i0.wp.com\/www.canalfriends.com\/wp-content\/uploads\/2023\/05\/Couverture-Guide-Junior-Midi-Canalfriends.jpg?resize=1058%2C1500&amp;ssl=1 1058w, https:\/\/i0.wp.com\/www.canalfriends.com\/wp-content\/uploads\/2023\/05\/Couverture-Guide-Junior-Midi-Canalfriends.jpg?resize=497%2C705&amp;ssl=1 497w\" sizes=\"(max-width: 282px) 100vw, 282px\" \/><\/a><\/div><\/div><\/div><\/div><\/p>\n","protected":false},"excerpt":{"rendered":"","protected":false},"author":8,"featured_media":0,"parent":0,"menu_order":0,"comment_status":"closed","ping_status":"closed","template":"","meta":{"footnotes":""},"class_list":["post-22189","page","type-page","status-publish","hentry"],"jetpack_sharing_enabled":true,"_links":{"self":[{"href":"https:\/\/www.canalfriends.com\/fr\/wp-json\/wp\/v2\/pages\/22189","targetHints":{"allow":["GET"]}}],"collection":[{"href":"https:\/\/www.canalfriends.com\/fr\/wp-json\/wp\/v2\/pages"}],"about":[{"href":"https:\/\/www.canalfriends.com\/fr\/wp-json\/wp\/v2\/types\/page"}],"author":[{"embeddable":true,"href":"https:\/\/www.canalfriends.com\/fr\/wp-json\/wp\/v2\/users\/8"}],"replies":[{"embeddable":true,"href":"https:\/\/www.canalfriends.com\/fr\/wp-json\/wp\/v2\/comments?post=22189"}],"version-history":[{"count":2,"href":"https:\/\/www.canalfriends.com\/fr\/wp-json\/wp\/v2\/pages\/22189\/revisions"}],"predecessor-version":[{"id":23101,"href":"https:\/\/www.canalfriends.com\/fr\/wp-json\/wp\/v2\/pages\/22189\/revisions\/23101"}],"wp:attachment":[{"href":"https:\/\/www.canalfriends.com\/fr\/wp-json\/wp\/v2\/media?parent=22189"}],"curies":[{"name":"wp","href":"https:\/\/api.w.org\/{rel}","templated":true}]}}