{"id":22197,"date":"2023-05-08T20:56:22","date_gmt":"2023-05-08T18:56:22","guid":{"rendered":"https:\/\/www.canalfriends.com\/?page_id=22197"},"modified":"2026-03-27T18:50:59","modified_gmt":"2026-03-27T17:50:59","slug":"guide-junior-canalfriends-canal-de-garonne-reponses","status":"publish","type":"page","link":"https:\/\/www.canalfriends.com\/fr\/guide-junior-canalfriends-canal-de-garonne-reponses\/","title":{"rendered":"Guide Junior Canalfriends Canal de Garonne &#8211; R\u00e9ponses"},"content":{"rendered":"<div  class='flex_column av-2032jkl-0f3bbe073388ea494b18b465e4f65f5f av_one_half  avia-builder-el-0  el_before_av_one_half  avia-builder-el-first  first flex_column_div  '     ><section  class='av_textblock_section av-lhf9wpog-6283fa44d1aa1288ae90cabaaeed1ebb '   itemscope=\"itemscope\" itemtype=\"https:\/\/schema.org\/CreativeWork\" ><div class='avia_textblock'  itemprop=\"text\" ><h2>R\u00e9ponses aux jeux du guide Junior Canalfriends Canal de Garonne<\/h2>\n<\/div><\/section><br \/>\n<section  class='av_textblock_section av-1mgji9h-98f1ba8185b8b7d804fdc36efdf5b7dc '   itemscope=\"itemscope\" itemtype=\"https:\/\/schema.org\/CreativeWork\" ><div class='avia_textblock'  itemprop=\"text\" ><ul>\n<li><strong><span class=\"WdYUQQ\">1\u00e8re \u00e9nigme \u00e0 Toulouse :<\/span><\/strong><\/li>\n<\/ul>\n<p>Dans cette cath\u00e9drale, tu trouveras sur un pilier une plaque avec le nom d&rsquo;un grand homme qui a construit un canal passant dans Toulouse.<\/p>\n<p>Question 1 :\u00a0 <span class=\"WdYUQQ\">\u00a0Identifie la cath\u00e9drale sur la photo<\/span><\/p>\n<p class=\"_04xlpA direction-ltr align-justify para-style-body\"><span class=\"WdYUQQ\">R\u00e9ponse : Cath\u00e9drale Saint Etienne<\/span><\/p>\n<p class=\"_04xlpA direction-ltr align-justify para-style-body\"><span class=\"WdYUQQ\">Question 2 :Ecris le nom de ce grand homme et du canal :<\/span><\/p>\n<p class=\"_04xlpA direction-ltr align-justify para-style-body\"><span class=\"WdYUQQ\">R\u00e9ponse : Pierre Paul Riquet, cr\u00e9ateur du Canal du Midi<\/span><\/p>\n<ul>\n<li class=\"_04xlpA direction-ltr align-justify para-style-body\"><strong>Quizz 1<\/strong><\/li>\n<\/ul>\n<p>Q1 : a et c<\/p>\n<p>Q2 : a<\/p>\n<p>Q3 : b<\/p>\n<p>Q4 : c<\/p>\n<ul>\n<li><strong><\/strong><strong><span class=\"WdYUQQ\">2\u00e8me \u00e9nigme \u00e0 Saint Jean de Thurac :<\/span><\/strong><\/li>\n<\/ul>\n<p>Attention, \u00e0 l&rsquo;\u00e9cluse 33, la poule s&rsquo;est envol\u00e9e avec son v\u00e9lo.<\/p>\n<p class=\"_04xlpA direction-ltr align-justify para-style-body\">Question :\u00a0<span class=\"WdYUQQ\">Sauras-tu trouver l\u00e0 o\u00f9 elle est perch\u00e9e<\/span><\/p>\n<p class=\"_04xlpA direction-ltr align-justify para-style-body\"><span class=\"WdYUQQ\">R\u00e9ponse : Sur la fa\u00e7ade de la maison \u00e9clusi\u00e8re<\/span><\/p>\n<ul>\n<li><strong><span class=\"WdYUQQ\">Fruits et l\u00e9gumes de la r\u00e9gion<\/span><\/strong><\/li>\n<\/ul>\n<p class=\"_04xlpA direction-ltr align-center para-style-body\"><span class=\"WdYUQQ\">Question 1 : Nom des fruits et l\u00e9gumes<\/span><\/p>\n<p class=\"_04xlpA direction-ltr align-justify para-style-body\"><span class=\"WdYUQQ\">1 : noix <\/span><\/p>\n<p class=\"_04xlpA direction-ltr align-justify para-style-body\"><span class=\"WdYUQQ\">2 : tomate<\/span><\/p>\n<p class=\"_04xlpA direction-ltr align-justify para-style-body\"><span class=\"WdYUQQ\">3 : fraise<\/span><\/p>\n<p class=\"_04xlpA direction-ltr align-justify para-style-body\"><span class=\"WdYUQQ\">4 : abricot<\/span><\/p>\n<p class=\"_04xlpA direction-ltr align-justify para-style-body\"><span class=\"WdYUQQ\">5 : asperge <\/span><\/p>\n<p class=\"_04xlpA direction-ltr align-justify para-style-body\"><span class=\"WdYUQQ\">6 : cerise<\/span><\/p>\n<p class=\"_04xlpA direction-ltr align-justify para-style-body\"><span class=\"WdYUQQ\">7 : pomme<\/span><\/p>\n<p class=\"_04xlpA direction-ltr align-justify para-style-body\"><span class=\"WdYUQQ\">8 : raisin<\/span><\/p>\n<p class=\"_04xlpA direction-ltr align-justify para-style-body\"><span class=\"WdYUQQ\">9 : noisette<\/span><\/p>\n<p class=\"_04xlpA direction-ltr align-justify para-style-body\"><span class=\"WdYUQQ\">10 : kiwi<\/span><\/p>\n<p class=\"_04xlpA direction-ltr align-justify para-style-body\"><span class=\"WdYUQQ\">11 : ananas<\/span><\/p>\n<p class=\"_04xlpA direction-ltr align-justify para-style-body\"><span class=\"WdYUQQ\">12 : figue<\/span><\/p>\n<p class=\"_04xlpA direction-ltr align-justify para-style-body\"><span class=\"WdYUQQ\">13 : poire<\/span><\/p>\n<p class=\"_04xlpA direction-ltr align-justify para-style-body\"><span class=\"WdYUQQ\">14 : courgette<\/span><\/p>\n<p class=\"_04xlpA direction-ltr align-justify para-style-body\"><span class=\"WdYUQQ\">15 : melon<\/span><\/p>\n<p class=\"_04xlpA direction-ltr align-justify para-style-body\"><span class=\"WdYUQQ\">16 : p\u00eache<\/span><\/p>\n<p class=\"_04xlpA direction-ltr align-justify para-style-body\"><span class=\"WdYUQQ\">Question 2 : Trouve l&rsquo;intru qui n&rsquo;est pas cultiv\u00e9 dans la r\u00e9gion\u00a0<\/span><\/p>\n<p class=\"_04xlpA direction-ltr align-justify para-style-body\"><span class=\"WdYUQQ\">R\u00e9ponse : L&rsquo;ananas<\/span><\/p>\n<ul>\n<li><strong>Quizz 2<\/strong><\/li>\n<\/ul>\n<p>Q5 : c<\/p>\n<p>Q6 : c<\/p>\n<p>Q7 : c<\/p>\n<ul>\n<li><strong><span class=\"WdYUQQ\">3\u00e8me \u00e9nigme \u00e0 Castets-et-Castillon :<\/span><\/strong><\/li>\n<\/ul>\n<p class=\"cvGsUA direction-ltr align-justify para-style-body\"><span class=\"a_GcMg font-feature-liga-off font-feature-clig-off font-feature-calt-off text-decoration-none text-strikethrough-none\">Sur la maison \u00e9clusi\u00e8re Castets n\u00b0 53, <\/span><span class=\"a_GcMg font-feature-liga-off font-feature-clig-off font-feature-calt-off text-decoration-none text-strikethrough-none\">\u00e0 quoi correspond l\u2019\u00e9chelle sur la fa\u00e7ade ?<\/span><\/p>\n<p class=\"cvGsUA direction-ltr align-justify para-style-body\"><span class=\"a_GcMg font-feature-liga-off font-feature-clig-off font-feature-calt-off text-decoration-none text-strikethrough-none\">R\u00e9ponse : A ce niveau, la Garonne est tr\u00e8s proche du canal. <\/span><\/p>\n<p class=\"cvGsUA direction-ltr align-justify para-style-body\"><span class=\"a_GcMg font-feature-liga-off font-feature-clig-off font-feature-calt-off text-decoration-none text-strikethrough-none\">Cette \u00e9chelle s&rsquo;appelle une \u00e9chelle de crue. Elle indique l&rsquo;ann\u00e9e et le niveau des grandes crues de la Garonne.<\/span><\/p>\n<p class=\"cvGsUA direction-ltr align-justify para-style-body\"><span class=\"a_GcMg font-feature-liga-off font-feature-clig-off font-feature-calt-off text-decoration-none text-strikethrough-none\">Que s\u2019est-il pass\u00e9 le 8 janvier 1879 ?<\/span><\/p>\n<p class=\"_04xlpA direction-ltr align-justify para-style-body\"><span class=\"WdYUQQ\">Au point le plus haut de cette crue, la Garonne \u00e9tait mont\u00e9e de pr\u00e8s de 11m ; soit \u00e0 mi-hauteur des grandes fen\u00e8tres.<\/span><\/p>\n<\/div><\/section><\/p><\/div><div  class='flex_column av-19ggigl-105c8361045adc33b5e788e9e6f7a703 av_one_half  avia-builder-el-3  el_after_av_one_half  el_before_av_textblock  flex_column_div  '     ><style type=\"text\/css\" data-created_by=\"avia_inline_auto\" id=\"style-css-av-lhf7cj84-5ed5362dafb336d404162ea73fe72bcf\">\n.avia-image-container.av-lhf7cj84-5ed5362dafb336d404162ea73fe72bcf img.avia_image{\nbox-shadow:none;\n}\n.avia-image-container.av-lhf7cj84-5ed5362dafb336d404162ea73fe72bcf .av-image-caption-overlay-center{\ncolor:#ffffff;\n}\n<\/style>\n<div  class='avia-image-container av-lhf7cj84-5ed5362dafb336d404162ea73fe72bcf av-styling- av-img-linked avia-align-center  avia-builder-el-4  avia-builder-el-no-sibling '   itemprop=\"image\" itemscope=\"itemscope\" itemtype=\"https:\/\/schema.org\/ImageObject\" ><div class=\"avia-image-container-inner\"><div class=\"avia-image-overlay-wrap\"><a href=\"https:\/\/guides.canalfriends.com\/\" class='avia_image '  target=\"_blank\"  rel=\"noopener noreferrer\" aria-label='couverture Guide Junior Garonne Canalfriends'><img decoding=\"async\" fetchpriority=\"high\" class='wp-image-22182 avia-img-lazy-loading-not-22182 avia_image ' src=\"https:\/\/i0.wp.com\/www.canalfriends.com\/wp-content\/uploads\/2023\/05\/couverture-Guide-Junior-Garonne-Canalfriends-1.jpg?fit=282%2C400&ssl=1\" alt='' title='couverture Guide Junior Garonne Canalfriends'  height=\"400\" width=\"282\"  itemprop=\"thumbnailUrl\" srcset=\"https:\/\/i0.wp.com\/www.canalfriends.com\/wp-content\/uploads\/2023\/05\/couverture-Guide-Junior-Garonne-Canalfriends-1.jpg?w=1410&amp;ssl=1 1410w, https:\/\/i0.wp.com\/www.canalfriends.com\/wp-content\/uploads\/2023\/05\/couverture-Guide-Junior-Garonne-Canalfriends-1.jpg?resize=282%2C400&amp;ssl=1 282w, https:\/\/i0.wp.com\/www.canalfriends.com\/wp-content\/uploads\/2023\/05\/couverture-Guide-Junior-Garonne-Canalfriends-1.jpg?resize=726%2C1030&amp;ssl=1 726w, https:\/\/i0.wp.com\/www.canalfriends.com\/wp-content\/uploads\/2023\/05\/couverture-Guide-Junior-Garonne-Canalfriends-1.jpg?resize=1083%2C1536&amp;ssl=1 1083w, https:\/\/i0.wp.com\/www.canalfriends.com\/wp-content\/uploads\/2023\/05\/couverture-Guide-Junior-Garonne-Canalfriends-1.jpg?resize=1058%2C1500&amp;ssl=1 1058w, https:\/\/i0.wp.com\/www.canalfriends.com\/wp-content\/uploads\/2023\/05\/couverture-Guide-Junior-Garonne-Canalfriends-1.jpg?resize=497%2C705&amp;ssl=1 497w\" sizes=\"(max-width: 282px) 100vw, 282px\" \/><\/a><\/div><\/div><\/div><\/div><\/p>\n<section  class='av_textblock_section av-wribo5-80ec13e11ac3d7051da2b38409465f7c '   itemscope=\"itemscope\" itemtype=\"https:\/\/schema.org\/CreativeWork\" ><div class='avia_textblock'  itemprop=\"text\" ><p>Click here to add your own text<\/p>\n<\/div><\/section>\n<section  class='av_textblock_section av-lydeol-df6f5f8dc05875b20175c8d854c75a9f '   itemscope=\"itemscope\" itemtype=\"https:\/\/schema.org\/CreativeWork\" ><div class='avia_textblock'  itemprop=\"text\" ><p>Click here to add your own text<\/p>\n<\/div><\/section>\n","protected":false},"excerpt":{"rendered":"","protected":false},"author":8,"featured_media":0,"parent":0,"menu_order":0,"comment_status":"closed","ping_status":"closed","template":"","meta":{"footnotes":""},"class_list":["post-22197","page","type-page","status-publish","hentry"],"jetpack_sharing_enabled":true,"_links":{"self":[{"href":"https:\/\/www.canalfriends.com\/fr\/wp-json\/wp\/v2\/pages\/22197","targetHints":{"allow":["GET"]}}],"collection":[{"href":"https:\/\/www.canalfriends.com\/fr\/wp-json\/wp\/v2\/pages"}],"about":[{"href":"https:\/\/www.canalfriends.com\/fr\/wp-json\/wp\/v2\/types\/page"}],"author":[{"embeddable":true,"href":"https:\/\/www.canalfriends.com\/fr\/wp-json\/wp\/v2\/users\/8"}],"replies":[{"embeddable":true,"href":"https:\/\/www.canalfriends.com\/fr\/wp-json\/wp\/v2\/comments?post=22197"}],"version-history":[{"count":2,"href":"https:\/\/www.canalfriends.com\/fr\/wp-json\/wp\/v2\/pages\/22197\/revisions"}],"predecessor-version":[{"id":23144,"href":"https:\/\/www.canalfriends.com\/fr\/wp-json\/wp\/v2\/pages\/22197\/revisions\/23144"}],"wp:attachment":[{"href":"https:\/\/www.canalfriends.com\/fr\/wp-json\/wp\/v2\/media?parent=22197"}],"curies":[{"name":"wp","href":"https:\/\/api.w.org\/{rel}","templated":true}]}}