{"id":22970,"date":"2025-05-27T23:18:34","date_gmt":"2025-05-27T21:18:34","guid":{"rendered":"https:\/\/www.canalfriends.com\/?page_id=22970"},"modified":"2025-05-29T10:48:09","modified_gmt":"2025-05-29T08:48:09","slug":"politique-de-confidentialite","status":"publish","type":"page","link":"https:\/\/www.canalfriends.com\/fr\/politique-de-confidentialite\/","title":{"rendered":"Politique de confidentialit\u00e9"},"content":{"rendered":"<section  class='av_textblock_section av-mb94t0aa-b5b35652b2d3f58c214ca5bd9ab67d53 '   itemscope=\"itemscope\" itemtype=\"https:\/\/schema.org\/CreativeWork\" ><div class='avia_textblock'  itemprop=\"text\" ><p><strong>1 &#8211; Donn\u00e9es personnelles r\u00e9colt\u00e9es :<\/strong><\/p>\n<p>Canalfriends n\u2019utilise pas de cookies et aucune donn\u00e9e n\u2019est transmise \u00e0 un tiers.<\/p>\n<p>Les donn\u00e9es collect\u00e9es sont recueillies par le biais\u00a0:<\/p>\n<ul class=\"wp-block-list\">\n<li style=\"list-style-type: none;\">\n<ul class=\"wp-block-list\">\n<li><strong>Formulaire de contact<\/strong>: <a href=\"https:\/\/www.canalfriends.com\/fr\/contact\/\">https:\/\/www.canalfriends.com\/fr\/contact\/<\/a><\/li>\n<\/ul>\n<\/li>\n<\/ul>\n<p>Ce formulaire est destin\u00e9 \u00e0 permettre \u00e0 tout visiteur du site d\u2019entrer en contact avec l\u2019\u00e9quipe Canalfriends. Les informations saisies concernent uniquement le mail, le nom et le contenu de son message. Ces informations sont uniquement trait\u00e9es par l\u2019\u00e9quipe Canalfriends.<\/p>\n<ul class=\"wp-block-list\">\n<li style=\"list-style-type: none;\">\n<ul class=\"wp-block-list\">\n<li><strong>Formulaire de t\u00e9l\u00e9chargement des guides gratuits Canalfriends<\/strong><\/li>\n<\/ul>\n<\/li>\n<\/ul>\n<p>Le t\u00e9l\u00e9chargement des guides num\u00e9riques Canalfriends est gratuit.<\/p>\n<p>Il suffit \u00e0 l\u2019utilisateur de transmettre son mail afin de recevoir le guide. Il peut aussi pr\u00e9ciser son nom.<\/p>\n<p>Une case lui permet de donner son accord pour que son mail soit enregistr\u00e9. En cas d\u2019accord, son mail aura uniquement vocation \u00e0 le rendre destinataire des articles du blog Canalfriends.<\/p>\n<ul class=\"wp-block-list\">\n<li style=\"list-style-type: none;\">\n<ul class=\"wp-block-list\">\n<li><strong>Inscription et d\u00e9sinscription du blog<\/strong><\/li>\n<\/ul>\n<\/li>\n<\/ul>\n<p>Pour commenter un article du blog, il est n\u00e9cessaire de saisir son adresse et son mail en bas de l\u2019article.<\/p>\n<p>Il est possible de se d\u00e9sinscrire \u00e0 r\u00e9ception de chaque article, \u00e0 partir d\u2019un lien en fin d&rsquo;article ou par le formulaire de contact : https:\/\/www.canalfriends.com\/fr\/contact\/<\/p>\n<ul class=\"wp-block-list\">\n<li style=\"list-style-type: none;\">\n<ul class=\"wp-block-list\">\n<li><strong>Donn\u00e9es collect\u00e9es par l\u2019outil de mesure d\u2019audience WebStat de l\u2019h\u00e9bergeur Ionos<\/strong><\/li>\n<\/ul>\n<\/li>\n<\/ul>\n<p>Dans WebStat, les donn\u00e9es sont collect\u00e9es exclusivement \u00e0 des fins d&rsquo;\u00e9valuation statistique et d&rsquo;optimisation technique du site Web.<\/p>\n<p>WebStat n&rsquo;utilise pas de cookies et aucune donn\u00e9e n\u2019est transmise \u00e0 un tiers.<\/p>\n<p>Lorsque l&rsquo;outil enregistre l&rsquo;acc\u00e8s \u00e0 une page du site web par un visiteur, l&rsquo;adresse IP de ce dernier est d\u00e9tect\u00e9e. Toutefois, l&rsquo;adresse IP est imm\u00e9diatement rendue anonyme et trait\u00e9e sans r\u00e9f\u00e9rence \u00e0 la personne.<\/p>\n<p>IONOS ne stocke aucune donn\u00e9e qui permette de tirer des conclusions au niveau personnel des visiteurs de votre site Web. Les donn\u00e9es suivantes sont collect\u00e9es :<\/p>\n<ul class=\"wp-block-list\">\n<li style=\"list-style-type: none;\">\n<ul class=\"wp-block-list\">\n<li>R\u00e9f\u00e9rent (site Web visit\u00e9 pr\u00e9c\u00e9demment)<\/li>\n<\/ul>\n<\/li>\n<\/ul>\n<ul class=\"wp-block-list\">\n<li style=\"list-style-type: none;\">\n<ul class=\"wp-block-list\">\n<li>Site web ou fichier consult\u00e9<\/li>\n<\/ul>\n<\/li>\n<\/ul>\n<ul class=\"wp-block-list\">\n<li style=\"list-style-type: none;\">\n<ul class=\"wp-block-list\">\n<li>Type et version du navigateur<\/li>\n<\/ul>\n<\/li>\n<\/ul>\n<ul class=\"wp-block-list\">\n<li style=\"list-style-type: none;\">\n<ul class=\"wp-block-list\">\n<li>Syst\u00e8me d&rsquo;exploitation<\/li>\n<\/ul>\n<\/li>\n<\/ul>\n<ul class=\"wp-block-list\">\n<li style=\"list-style-type: none;\">\n<ul class=\"wp-block-list\">\n<li>Type d&rsquo;appareil utilis\u00e9<\/li>\n<\/ul>\n<\/li>\n<\/ul>\n<ul class=\"wp-block-list\">\n<li style=\"list-style-type: none;\">\n<ul class=\"wp-block-list\">\n<li>Heure d&rsquo;acc\u00e8s<\/li>\n<\/ul>\n<\/li>\n<\/ul>\n<ul class=\"wp-block-list\">\n<li style=\"list-style-type: none;\">\n<ul class=\"wp-block-list\">\n<li>Adresse IP sous forme anonyme (utilis\u00e9e uniquement pour d\u00e9terminer le lieu d&rsquo;acc\u00e8s)<\/li>\n<\/ul>\n<\/li>\n<\/ul>\n<ol class=\"wp-block-list\" start=\"2\">\n<li style=\"list-style-type: none;\">\n<ol class=\"wp-block-list\" start=\"2\">\n<li><strong>Droit d\u2019opposition et de retrait :<\/strong><\/li>\n<\/ol>\n<\/li>\n<\/ol>\n<p>Nous nous engageons \u00e0 vous offrir un droit d\u2019opposition et de retrait quant \u00e0 vos renseignements personnels. Le droit d\u2019opposition s\u2019entend comme \u00e9tant la possibilit\u00e9 offerte aux internautes de refuser que leurs renseignements personnels soient utilis\u00e9s \u00e0 certaines fins mentionn\u00e9es lors de la collecte.<\/p>\n<p>Le droit de retrait s\u2019entend comme \u00e9tant la possibilit\u00e9 offerte aux internautes de demander \u00e0 ce que leurs renseignements personnels ne figurent plus, par exemple, dans une liste de diffusion.<\/p>\n<p>L\u2019exercice de ses droits se fait via :<\/p>\n<p>Adresse postale : Rivi\u00e8re D\u00e9veloppement, 1151 c\u00f4te de Lacarrerasse 47310 Sainte Colombe en Bruilhois<br \/>\nSection du site web : <a href=\"https:\/\/www.canalfriends.com\/fr\/contact\/\">https:\/\/www.canalfriends.com\/fr\/contact\/<\/a><\/p>\n<ol class=\"wp-block-list\" start=\"3\">\n<li style=\"list-style-type: none;\">\n<ol class=\"wp-block-list\" start=\"3\">\n<li><strong>Droit d\u2019acc\u00e8s :<\/strong><\/li>\n<\/ol>\n<\/li>\n<\/ol>\n<p>Nous nous engageons \u00e0 reconna\u00eetre un droit d\u2019acc\u00e8s et de rectification aux personnes concern\u00e9es d\u00e9sireuses de consulter, modifier, voire radier les informations les concernant.<\/p>\n<p>L\u2019exercice de ses droits se fait via :<\/p>\n<p>Adresse postale : Rivi\u00e8re D\u00e9veloppement, 1151 c\u00f4te de Lacarrerasse 47310 Sainte Colombe en Bruilhois<br \/>\nSection du site web : <a href=\"https:\/\/www.canalfriends.com\/fr\/contact\/\">https:\/\/www.canalfriends.com\/fr\/contact\/<\/a><\/p>\n<ol class=\"wp-block-list\" start=\"4\">\n<li style=\"list-style-type: none;\">\n<ol class=\"wp-block-list\" start=\"4\">\n<li><strong>S\u00e9curit\u00e9 :<\/strong><\/li>\n<\/ol>\n<\/li>\n<\/ol>\n<p>Les renseignements personnels que nous collectons sont conserv\u00e9s dans un environnement s\u00e9curis\u00e9. Les personnes travaillant pour nous sont tenues de respecter la confidentialit\u00e9 de vos informations. Pour assurer la s\u00e9curit\u00e9 de vos renseignements personnels, nous avons recours aux mesures suivantes :<\/p>\n<ul class=\"wp-block-list\">\n<li style=\"list-style-type: none;\">\n<ul class=\"wp-block-list\">\n<li>Protocole SSL (Secure Sockets Layer)<\/li>\n<\/ul>\n<\/li>\n<\/ul>\n<ul class=\"wp-block-list\">\n<li style=\"list-style-type: none;\">\n<ul class=\"wp-block-list\">\n<li>Gestion des acc\u00e8s \u2013 personne autoris\u00e9e<\/li>\n<\/ul>\n<\/li>\n<\/ul>\n<ul class=\"wp-block-list\">\n<li style=\"list-style-type: none;\">\n<ul class=\"wp-block-list\">\n<li>Sauvegarde informatique<\/li>\n<\/ul>\n<\/li>\n<\/ul>\n<ul class=\"wp-block-list\">\n<li style=\"list-style-type: none;\">\n<ul class=\"wp-block-list\">\n<li>Pare-feu (Firewalls)<\/li>\n<\/ul>\n<\/li>\n<\/ul>\n<ol class=\"wp-block-list\" start=\"5\">\n<li style=\"list-style-type: none;\">\n<ol class=\"wp-block-list\" start=\"5\">\n<li><strong>L\u00e9gislation :<\/strong><\/li>\n<\/ol>\n<\/li>\n<\/ol>\n<p>Nous nous engageons \u00e0 respecter les dispositions l\u00e9gislatives du R\u00e8glement g\u00e9n\u00e9ral sur la protection des donn\u00e9es (RGPD).<\/p>\n<p>Click here to add your own text<\/p>\n<\/div><\/section>\n","protected":false},"excerpt":{"rendered":"","protected":false},"author":14,"featured_media":0,"parent":0,"menu_order":0,"comment_status":"closed","ping_status":"closed","template":"","meta":{"footnotes":""},"class_list":["post-22970","page","type-page","status-publish","hentry"],"jetpack_sharing_enabled":true,"_links":{"self":[{"href":"https:\/\/www.canalfriends.com\/fr\/wp-json\/wp\/v2\/pages\/22970","targetHints":{"allow":["GET"]}}],"collection":[{"href":"https:\/\/www.canalfriends.com\/fr\/wp-json\/wp\/v2\/pages"}],"about":[{"href":"https:\/\/www.canalfriends.com\/fr\/wp-json\/wp\/v2\/types\/page"}],"author":[{"embeddable":true,"href":"https:\/\/www.canalfriends.com\/fr\/wp-json\/wp\/v2\/users\/14"}],"replies":[{"embeddable":true,"href":"https:\/\/www.canalfriends.com\/fr\/wp-json\/wp\/v2\/comments?post=22970"}],"version-history":[{"count":3,"href":"https:\/\/www.canalfriends.com\/fr\/wp-json\/wp\/v2\/pages\/22970\/revisions"}],"predecessor-version":[{"id":22998,"href":"https:\/\/www.canalfriends.com\/fr\/wp-json\/wp\/v2\/pages\/22970\/revisions\/22998"}],"wp:attachment":[{"href":"https:\/\/www.canalfriends.com\/fr\/wp-json\/wp\/v2\/media?parent=22970"}],"curies":[{"name":"wp","href":"https:\/\/api.w.org\/{rel}","templated":true}]}}