{"id":5760,"date":"2015-01-28T14:01:16","date_gmt":"2015-01-28T13:01:16","guid":{"rendered":"http:\/\/www.canalfriends.com\/fr\/boatstop\/"},"modified":"2020-06-01T22:33:26","modified_gmt":"2020-06-01T20:33:26","slug":"boatstop-2","status":"publish","type":"page","link":"https:\/\/www.canalfriends.com\/fr\/boatstop-2\/","title":{"rendered":"BoatStop"},"content":{"rendered":"\n<style type=\"text\/css\" data-created_by=\"avia_inline_auto\" id=\"style-css-av-av_heading-f55846e0a6a375ad53247e5bfa80d1e7\">\n#top .av-special-heading.av-av_heading-f55846e0a6a375ad53247e5bfa80d1e7{\npadding-bottom:3px;\ncolor:#277534;\n}\nbody .av-special-heading.av-av_heading-f55846e0a6a375ad53247e5bfa80d1e7 .av-special-heading-tag .heading-char{\nfont-size:25px;\n}\n.av-special-heading.av-av_heading-f55846e0a6a375ad53247e5bfa80d1e7 .special-heading-inner-border{\nborder-color:#277534;\n}\n.av-special-heading.av-av_heading-f55846e0a6a375ad53247e5bfa80d1e7 .av-subheading{\nfont-size:17px;\n}\n<\/style>\n<div  class='av-special-heading av-av_heading-f55846e0a6a375ad53247e5bfa80d1e7 av-special-heading-h2 custom-color-heading blockquote modern-quote modern-centered  avia-builder-el-0  el_before_av_section  avia-builder-el-no-sibling '><h2 class='av-special-heading-tag '  itemprop=\"headline\"  >Rejoignez Canalfriends BoatStop!<\/h2><div class=\"special-heading-border\"><div class=\"special-heading-inner-border\"><\/div><\/div><\/div>\n<\/div><\/div><\/div><!-- close content main div --><\/div><\/div>\n<style type=\"text\/css\" data-created_by=\"avia_inline_auto\" id=\"style-css-av-hwla8w-f9c915b041bc46f1b629131950f26c4e\">\n.avia-section.av-hwla8w-f9c915b041bc46f1b629131950f26c4e{\nbackground-color:#f3f3f3;\nbackground-image:unset;\n}\n<\/style>\n<div id='av_section_1'  class='avia-section av-hwla8w-f9c915b041bc46f1b629131950f26c4e main_color avia-section-default avia-no-shadow  avia-builder-el-1  el_after_av_heading  avia-builder-el-last  avia-bg-style-scroll container_wrap fullsize'  ><div class='container av-section-cont-open' ><div class='template-page content  av-content-full alpha units'><div class='post-entry post-entry-type-page post-entry-5760'><div class='entry-content-wrapper clearfix'>\n\n<style type=\"text\/css\" data-created_by=\"avia_inline_auto\" id=\"style-css-av-g0kao0-1097ab86b1df45e320786fcccff9a7c2\">\n.flex_column.av-g0kao0-1097ab86b1df45e320786fcccff9a7c2{\nborder-radius:0px 0px 0px 0px;\npadding:0px 0px 0px 0px;\n}\n<\/style>\n<div  class='flex_column av-g0kao0-1097ab86b1df45e320786fcccff9a7c2 av_two_fifth  avia-builder-el-2  el_before_av_three_fifth  avia-builder-el-first  first flex_column_div av-zero-column-padding  '     ><style type=\"text\/css\" data-created_by=\"avia_inline_auto\" id=\"style-css-av-esai4g-0c375ac4506e4817d6f785cdefb395e5\">\n.avia-image-container.av-esai4g-0c375ac4506e4817d6f785cdefb395e5 img.avia_image{\nbox-shadow:none;\n}\n.avia-image-container.av-esai4g-0c375ac4506e4817d6f785cdefb395e5 .av-image-caption-overlay-center{\ncolor:#ffffff;\n}\n<\/style>\n<div  class='avia-image-container av-esai4g-0c375ac4506e4817d6f785cdefb395e5 av-styling- av-hover-grow avia-align-center  avia-builder-el-3  avia-builder-el-no-sibling '   itemprop=\"image\" itemscope=\"itemscope\" itemtype=\"https:\/\/schema.org\/ImageObject\" ><div class=\"avia-image-container-inner\"><div class=\"avia-image-overlay-wrap\"><img decoding=\"async\" fetchpriority=\"high\" class='wp-image-5508 avia-img-lazy-loading-not-5508 avia_image ' src=\"https:\/\/i0.wp.com\/www.canalfriends.com\/wp-content\/uploads\/2015\/01\/PIC_0907-2.jpg?resize=764%2C430&ssl=1\" alt='' title='Canalfriends BoatStop'  height=\"430\" width=\"764\"  itemprop=\"thumbnailUrl\"  \/><\/div><\/div><\/div><\/div>\n<style type=\"text\/css\" data-created_by=\"avia_inline_auto\" id=\"style-css-av-cfpg7k-3a3b69fd8b384eae87327fed5ee0f459\">\n.flex_column.av-cfpg7k-3a3b69fd8b384eae87327fed5ee0f459{\nborder-radius:0px 0px 0px 0px;\npadding:0px 0px 0px 0px;\n}\n<\/style>\n<div  class='flex_column av-cfpg7k-3a3b69fd8b384eae87327fed5ee0f459 av_three_fifth  avia-builder-el-4  el_after_av_two_fifth  avia-builder-el-last  flex_column_div av-zero-column-padding  '     ><style type=\"text\/css\" data-created_by=\"avia_inline_auto\" id=\"style-css-av-ao1zxc-abd912934cd242e1cd095d4faf89155d\">\n#top .av_textblock_section.av-ao1zxc-abd912934cd242e1cd095d4faf89155d .avia_textblock{\ncolor:#2d753a;\n}\n<\/style>\n<section  class='av_textblock_section av-ao1zxc-abd912934cd242e1cd095d4faf89155d '   itemscope=\"itemscope\" itemtype=\"https:\/\/schema.org\/CreativeWork\" ><div class='avia_textblock av_inherit_color'  itemprop=\"text\" ><h4 style=\"text-align: justify;\"><span style=\"color: #008000;\"><strong>Avec\u00a0BoatStop, naviguez sur la p\u00e9niche d\u2019un propri\u00e9taire lors de ses d\u00e9placements, d\u00e9couvrez son univers et le monde du fluvial. \u00a0<\/strong>Le tout dans l\u2019esprit tr\u00e8s convivial,\u00a0tr\u00e8s\u00a0Canalfriends.<\/span><\/h4>\n<\/div><\/section><br \/>\n<div  class='hr av-8qqpog-9cd06f652faacb14c56d036cb74be0cb hr-default  avia-builder-el-6  el_after_av_textblock  el_before_av_button '><span class='hr-inner '><span class=\"hr-inner-style\"><\/span><\/span><\/div><br \/>\n<div  class='avia-button-wrap av-6tdppc-8050e01c930fd0e0b23829282b73a32c-wrap avia-button-center  avia-builder-el-7  el_after_av_hr  el_before_av_button '><a href='https:\/\/www.canalfriends.com\/fr\/gd-place\/france\/occitanie\/carcassonne\/boatstopfr\/boatstop-avec-philippe-de-carcassonne-a-bordeaux-juin-2020\/'  class='avia-button av-6tdppc-8050e01c930fd0e0b23829282b73a32c av-link-btn avia-icon_select-yes-left-icon avia-size-large avia-position-center avia-color-blue'  target=\"_blank\"  rel=\"noopener noreferrer\"  aria-label=\"BoatStop de Carcassonne \u00e0 Bordeaux avec Philippe - Juin 2020\"><span class='avia_button_icon avia_button_icon_left avia-iconfont avia-font-entypo-fontello' data-av_icon='\ue82b' data-av_iconfont='entypo-fontello' ><\/span><span class='avia_iconbox_title' >BoatStop de Carcassonne \u00e0 Bordeaux avec Philippe - Juin 2020<\/span><\/a><\/div><br \/>\n<div  class='avia-button-wrap av-6tdppc-36801ae2cb0e57df5024553dcf6eb5f7-wrap avia-button-center  avia-builder-el-8  el_after_av_button  el_before_av_button '><a href='https:\/\/www.canalfriends.com\/fr\/comment-ca-marche-2\/#tab-id-1'  class='avia-button av-6tdppc-36801ae2cb0e57df5024553dcf6eb5f7 av-link-btn avia-icon_select-yes-left-icon avia-size-large avia-position-center avia-color-blue'  target=\"_blank\"  rel=\"noopener noreferrer\"  aria-label=\"BoatStop: Comment \u00e7a marche \"><span class='avia_button_icon avia_button_icon_left avia-iconfont avia-font-entypo-fontello' data-av_icon='\ue81f' data-av_iconfont='entypo-fontello' ><\/span><span class='avia_iconbox_title' >BoatStop: Comment \u00e7a marche <\/span><\/a><\/div><br \/>\n<div  class='avia-button-wrap av-554fkg-bac9eb701e8f1d14c93fec42b35cce8e-wrap avia-button-center  avia-builder-el-9  el_after_av_button  avia-builder-el-last '><a href='http:\/\/www.canalfriends.com\/fr\/ajouter-autres-annonces\/?listing_type=gd_place'  class='avia-button av-554fkg-bac9eb701e8f1d14c93fec42b35cce8e av-link-btn avia-icon_select-yes-left-icon avia-size-large avia-position-center avia-color-blue'  target=\"_blank\"  rel=\"noopener noreferrer\"  aria-label=\"Proposez un BoatStop\"><span class='avia_button_icon avia_button_icon_left avia-iconfont avia-font-entypo-fontello' data-av_icon='\ue82a' data-av_iconfont='entypo-fontello' ><\/span><span class='avia_iconbox_title' >Proposez un BoatStop<\/span><\/a><\/div><\/p><\/div>\n","protected":false},"excerpt":{"rendered":"","protected":false},"author":1,"featured_media":0,"parent":0,"menu_order":0,"comment_status":"closed","ping_status":"closed","template":"","meta":{"footnotes":""},"class_list":["post-5760","page","type-page","status-publish","hentry"],"jetpack_sharing_enabled":true,"_links":{"self":[{"href":"https:\/\/www.canalfriends.com\/fr\/wp-json\/wp\/v2\/pages\/5760","targetHints":{"allow":["GET"]}}],"collection":[{"href":"https:\/\/www.canalfriends.com\/fr\/wp-json\/wp\/v2\/pages"}],"about":[{"href":"https:\/\/www.canalfriends.com\/fr\/wp-json\/wp\/v2\/types\/page"}],"author":[{"embeddable":true,"href":"https:\/\/www.canalfriends.com\/fr\/wp-json\/wp\/v2\/users\/1"}],"replies":[{"embeddable":true,"href":"https:\/\/www.canalfriends.com\/fr\/wp-json\/wp\/v2\/comments?post=5760"}],"version-history":[{"count":2,"href":"https:\/\/www.canalfriends.com\/fr\/wp-json\/wp\/v2\/pages\/5760\/revisions"}],"predecessor-version":[{"id":20810,"href":"https:\/\/www.canalfriends.com\/fr\/wp-json\/wp\/v2\/pages\/5760\/revisions\/20810"}],"wp:attachment":[{"href":"https:\/\/www.canalfriends.com\/fr\/wp-json\/wp\/v2\/media?parent=5760"}],"curies":[{"name":"wp","href":"https:\/\/api.w.org\/{rel}","templated":true}]}}