{"id":5762,"date":"2015-01-21T21:07:05","date_gmt":"2015-01-21T20:07:05","guid":{"rendered":"http:\/\/www.canalfriends.com\/fr\/the-canalfriends-community\/"},"modified":"2023-10-12T11:30:07","modified_gmt":"2023-10-12T09:30:07","slug":"la-communite-canalfriends","status":"publish","type":"page","link":"https:\/\/www.canalfriends.com\/fr\/la-communite-canalfriends\/","title":{"rendered":"La Communaut\u00e9 Canalfriends"},"content":{"rendered":"\n<style type=\"text\/css\" data-created_by=\"avia_inline_auto\" id=\"style-css-av-1x39he-21f7a830d63a2f38464806c9a440255b\">\n#top .av-special-heading.av-1x39he-21f7a830d63a2f38464806c9a440255b{\npadding-bottom:14px;\ncolor:#2d753a;\nfont-size:25px;\n}\nbody .av-special-heading.av-1x39he-21f7a830d63a2f38464806c9a440255b .av-special-heading-tag .heading-char{\nfont-size:25px;\n}\n#top #wrap_all .av-special-heading.av-1x39he-21f7a830d63a2f38464806c9a440255b .av-special-heading-tag{\nfont-size:25px;\n}\n.av-special-heading.av-1x39he-21f7a830d63a2f38464806c9a440255b .special-heading-inner-border{\nborder-color:#2d753a;\n}\n.av-special-heading.av-1x39he-21f7a830d63a2f38464806c9a440255b .av-subheading{\nfont-size:25px;\n}\n\n@media only screen and (min-width: 480px) and (max-width: 767px){ \n#top #wrap_all .av-special-heading.av-1x39he-21f7a830d63a2f38464806c9a440255b .av-special-heading-tag{\nfont-size:0.8em;\n}\n}\n\n@media only screen and (max-width: 479px){ \n#top #wrap_all .av-special-heading.av-1x39he-21f7a830d63a2f38464806c9a440255b .av-special-heading-tag{\nfont-size:0.8em;\n}\n}\n<\/style>\n<div  class='av-special-heading av-1x39he-21f7a830d63a2f38464806c9a440255b av-special-heading-h3 custom-color-heading blockquote modern-quote modern-centered  avia-builder-el-0  el_before_av_hr  avia-builder-el-first  av-inherit-size'><h3 class='av-special-heading-tag '  itemprop=\"headline\"  >Canalfriends est la 1\u00e8re plateforme du tourisme fluvial participatif<\/h3><div class='av_custom_color av-subheading av-subheading_below'><p>Bateliers, loueurs de bateaux, de v\u00e9los, de cano\u00ebs, restaurateurs, producteurs locaux.<\/p>\n<\/div><div class=\"special-heading-border\"><div class=\"special-heading-inner-border\"><\/div><\/div><\/div>\n\n<style type=\"text\/css\" data-created_by=\"avia_inline_auto\" id=\"style-css-av-jm2agi-189822589c980fd2bdec64a9913ffd13\">\n#top .hr.av-jm2agi-189822589c980fd2bdec64a9913ffd13{\nmargin-top:6px;\nmargin-bottom:6px;\n}\n.hr.av-jm2agi-189822589c980fd2bdec64a9913ffd13 .hr-inner{\nwidth:1200px;\n}\n<\/style>\n<div  class='hr av-jm2agi-189822589c980fd2bdec64a9913ffd13 hr-custom  avia-builder-el-1  el_after_av_heading  el_before_av_one_fourth  hr-center hr-icon-no'><span class='hr-inner inner-border-av-border-fat'><span class=\"hr-inner-style\"><\/span><\/span><\/div>\n\n<style type=\"text\/css\" data-created_by=\"avia_inline_auto\" id=\"style-css-av-1qbs1u-4cbbe82e4c6b83aa4c0952901b6856d4\">\n.flex_column.av-1qbs1u-4cbbe82e4c6b83aa4c0952901b6856d4{\nborder-radius:0px 0px 0px 0px;\npadding:0px 0px 0px 0px;\n}\n<\/style>\n<div  class='flex_column av-1qbs1u-4cbbe82e4c6b83aa4c0952901b6856d4 av_one_fourth  avia-builder-el-2  el_after_av_hr  el_before_av_one_fourth  first flex_column_div av-zero-column-padding  '     ><p>\n<style type=\"text\/css\" data-created_by=\"avia_inline_auto\" id=\"style-css-av-fojzea-08fcb5bc236bd9f2a2fb0da3fe23007d\">\n.avia-image-container.av-fojzea-08fcb5bc236bd9f2a2fb0da3fe23007d img.avia_image{\nbox-shadow:none;\n}\n.avia-image-container.av-fojzea-08fcb5bc236bd9f2a2fb0da3fe23007d .av-image-caption-overlay-center{\ncolor:#ffffff;\n}\n<\/style>\n<div  class='avia-image-container av-fojzea-08fcb5bc236bd9f2a2fb0da3fe23007d av-styling- avia-align-center  avia-builder-el-3  el_before_av_image  avia-builder-el-first '   itemprop=\"image\" itemscope=\"itemscope\" itemtype=\"https:\/\/schema.org\/ImageObject\" ><div class=\"avia-image-container-inner\"><div class=\"avia-image-overlay-wrap\"><img decoding=\"async\" fetchpriority=\"high\" class='wp-image-5592 avia-img-lazy-loading-not-5592 avia_image ' src=\"https:\/\/i0.wp.com\/www.canalfriends.com\/wp-content\/uploads\/2015\/01\/Seppe495x400.jpg?fit=495%2C400&ssl=1\" alt='Canalfriends self drive boat hire, canal du midi, canal de garonne' title='canalfriends boatstop'  height=\"400\" width=\"495\"  itemprop=\"thumbnailUrl\" srcset=\"https:\/\/i0.wp.com\/www.canalfriends.com\/wp-content\/uploads\/2015\/01\/Seppe495x400.jpg?w=495&amp;ssl=1 495w, https:\/\/i0.wp.com\/www.canalfriends.com\/wp-content\/uploads\/2015\/01\/Seppe495x400.jpg?resize=80%2C65&amp;ssl=1 80w, https:\/\/i0.wp.com\/www.canalfriends.com\/wp-content\/uploads\/2015\/01\/Seppe495x400.jpg?resize=450%2C364&amp;ssl=1 450w\" sizes=\"(max-width: 495px) 100vw, 495px\" \/><\/div><\/div><\/div><br \/>\n\n<style type=\"text\/css\" data-created_by=\"avia_inline_auto\" id=\"style-css-av-du82w2-10b17a47846ded1131267f5740a131ad\">\n.avia-image-container.av-du82w2-10b17a47846ded1131267f5740a131ad img.avia_image{\nbox-shadow:none;\n}\n.avia-image-container.av-du82w2-10b17a47846ded1131267f5740a131ad .av-image-caption-overlay-center{\ncolor:#ffffff;\n}\n<\/style>\n<div  class='avia-image-container av-du82w2-10b17a47846ded1131267f5740a131ad av-styling- avia-align-center  avia-builder-el-4  el_after_av_image  avia-builder-el-last '   itemprop=\"image\" itemscope=\"itemscope\" itemtype=\"https:\/\/schema.org\/ImageObject\" ><div class=\"avia-image-container-inner\"><div class=\"avia-image-overlay-wrap\"><img decoding=\"async\" fetchpriority=\"high\" class='wp-image-5522 avia-img-lazy-loading-not-5522 avia_image ' src=\"https:\/\/i0.wp.com\/www.canalfriends.com\/wp-content\/uploads\/2015\/01\/noelle-john-pic.jpg?fit=600%2C450&ssl=1\" alt='' title='Community 1'  height=\"450\" width=\"600\"  itemprop=\"thumbnailUrl\" srcset=\"https:\/\/i0.wp.com\/www.canalfriends.com\/wp-content\/uploads\/2015\/01\/noelle-john-pic.jpg?w=600&amp;ssl=1 600w, https:\/\/i0.wp.com\/www.canalfriends.com\/wp-content\/uploads\/2015\/01\/noelle-john-pic.jpg?resize=80%2C60&amp;ssl=1 80w, https:\/\/i0.wp.com\/www.canalfriends.com\/wp-content\/uploads\/2015\/01\/noelle-john-pic.jpg?resize=450%2C338&amp;ssl=1 450w\" sizes=\"(max-width: 600px) 100vw, 600px\" \/><\/div><\/div><\/div><\/p><\/div>\n\n<style type=\"text\/css\" data-created_by=\"avia_inline_auto\" id=\"style-css-av-cokleq-d87606b1ccf22f21d84f3d3eaf88529d\">\n.flex_column.av-cokleq-d87606b1ccf22f21d84f3d3eaf88529d{\nborder-radius:0px 0px 0px 0px;\npadding:0px 0px 0px 0px;\n}\n<\/style>\n<div  class='flex_column av-cokleq-d87606b1ccf22f21d84f3d3eaf88529d av_one_fourth  avia-builder-el-5  el_after_av_one_fourth  el_before_av_one_half  flex_column_div av-zero-column-padding  '     ><p>\n<style type=\"text\/css\" data-created_by=\"avia_inline_auto\" id=\"style-css-av-bhfb76-6612d04924c2e7b25ce42fad27399440\">\n.avia-image-container.av-bhfb76-6612d04924c2e7b25ce42fad27399440 img.avia_image{\nbox-shadow:none;\n}\n.avia-image-container.av-bhfb76-6612d04924c2e7b25ce42fad27399440 .av-image-caption-overlay-center{\ncolor:#ffffff;\n}\n<\/style>\n<div  class='avia-image-container av-bhfb76-6612d04924c2e7b25ce42fad27399440 av-styling- avia-align-center  avia-builder-el-6  el_before_av_image  avia-builder-el-first '   itemprop=\"image\" itemscope=\"itemscope\" itemtype=\"https:\/\/schema.org\/ImageObject\" ><div class=\"avia-image-container-inner\"><div class=\"avia-image-overlay-wrap\"><img decoding=\"async\" fetchpriority=\"high\" class='wp-image-5524 avia-img-lazy-loading-not-5524 avia_image ' src=\"https:\/\/i0.wp.com\/www.canalfriends.com\/wp-content\/uploads\/2015\/01\/will-pic.jpg?fit=600%2C450&ssl=1\" alt='' title='Community 3'  height=\"450\" width=\"600\"  itemprop=\"thumbnailUrl\" srcset=\"https:\/\/i0.wp.com\/www.canalfriends.com\/wp-content\/uploads\/2015\/01\/will-pic.jpg?w=600&amp;ssl=1 600w, https:\/\/i0.wp.com\/www.canalfriends.com\/wp-content\/uploads\/2015\/01\/will-pic.jpg?resize=80%2C60&amp;ssl=1 80w, https:\/\/i0.wp.com\/www.canalfriends.com\/wp-content\/uploads\/2015\/01\/will-pic.jpg?resize=450%2C338&amp;ssl=1 450w\" sizes=\"(max-width: 600px) 100vw, 600px\" \/><\/div><\/div><\/div><br \/>\n\n<style type=\"text\/css\" data-created_by=\"avia_inline_auto\" id=\"style-css-av-8qt2k2-9ee5145024bbe563231dc7f8ac2a8692\">\n.avia-image-container.av-8qt2k2-9ee5145024bbe563231dc7f8ac2a8692 img.avia_image{\nbox-shadow:none;\n}\n.avia-image-container.av-8qt2k2-9ee5145024bbe563231dc7f8ac2a8692 .av-image-caption-overlay-center{\ncolor:#ffffff;\n}\n<\/style>\n<div  class='avia-image-container av-8qt2k2-9ee5145024bbe563231dc7f8ac2a8692 av-styling- avia-align-center  avia-builder-el-7  el_after_av_image  avia-builder-el-last '   itemprop=\"image\" itemscope=\"itemscope\" itemtype=\"https:\/\/schema.org\/ImageObject\" ><div class=\"avia-image-container-inner\"><div class=\"avia-image-overlay-wrap\"><img decoding=\"async\" fetchpriority=\"high\" class='wp-image-5523 avia-img-lazy-loading-not-5523 avia_image ' src=\"https:\/\/i0.wp.com\/www.canalfriends.com\/wp-content\/uploads\/2015\/01\/tourmente-pic.jpg?fit=600%2C450&ssl=1\" alt='' title='Community 2'  height=\"450\" width=\"600\"  itemprop=\"thumbnailUrl\" srcset=\"https:\/\/i0.wp.com\/www.canalfriends.com\/wp-content\/uploads\/2015\/01\/tourmente-pic.jpg?w=600&amp;ssl=1 600w, https:\/\/i0.wp.com\/www.canalfriends.com\/wp-content\/uploads\/2015\/01\/tourmente-pic.jpg?resize=80%2C60&amp;ssl=1 80w, https:\/\/i0.wp.com\/www.canalfriends.com\/wp-content\/uploads\/2015\/01\/tourmente-pic.jpg?resize=450%2C338&amp;ssl=1 450w\" sizes=\"(max-width: 600px) 100vw, 600px\" \/><\/div><\/div><\/div><\/p><\/div>\n\n<style type=\"text\/css\" data-created_by=\"avia_inline_auto\" id=\"style-css-av-qe9oy-dbd9ea0157038d209397f914adf0faeb\">\n.flex_column.av-qe9oy-dbd9ea0157038d209397f914adf0faeb{\nborder-radius:0px 0px 0px 0px;\npadding:0px 0px 0px 0px;\n}\n<\/style>\n<div  class='flex_column av-qe9oy-dbd9ea0157038d209397f914adf0faeb av_one_half  avia-builder-el-8  el_after_av_one_fourth  avia-builder-el-last  flex_column_div av-zero-column-padding  '     ><p><section  class='av_textblock_section av-5aaote-1af1483cc3cdca8cc452b63bc1f91e08 '   itemscope=\"itemscope\" itemtype=\"https:\/\/schema.org\/CreativeWork\" ><div class='avia_textblock'  itemprop=\"text\" ><p>La Communaut\u00e9 Canalfriends rassemble des particuliers (riverains, plaisanciers, p\u00eacheurs, voyageurs..), des professionnels (bateliers, loueurs de bateaux, de v\u00e9los, de cano\u00ebs, restaurateurs, producteurs locaux, \u2026), des territoires et des gestionnaires des voies d\u2019eau.<\/p>\n<p>Les relations de confiance cr\u00e9\u00e9es au fil du temps,\u00a0permettent d&rsquo;imaginer ensemble de nouvelles activit\u00e9s et de renforcer celles existantes.<\/p>\n<p>Nous sommes de plus en plus sollicit\u00e9s pour des conseils sur des destinations, faire connaitre des nouvelles activit\u00e9s ou des\u00a0innovations, trouver\u00a0des partenaires ou des sites d&rsquo;implantation.<\/p>\n<p>Si vous aussi, vous souhaitez d\u00e9couvrir les voies d\u2019eau, y vivre ou travailler dans ce domaine, promouvoir votre activit\u00e9, rejoignez-nous !<\/p>\n<\/div><\/section><br \/>\n<div  class='avia-button-wrap av-471kwi-c2724b719eeed3b557c51423093500e2-wrap avia-button-center  avia-builder-el-10  el_after_av_textblock  el_before_av_button '>\n<style type=\"text\/css\" data-created_by=\"avia_inline_auto\" id=\"style-css-av-471kwi-c2724b719eeed3b557c51423093500e2\">\n#top #wrap_all .avia-button.av-471kwi-c2724b719eeed3b557c51423093500e2{\nbackground-color:#19910a;\nborder-color:#19910a;\ncolor:#ffffff;\ntransition:all 0.4s ease-in-out;\n}\n#top #wrap_all .avia-button.av-471kwi-c2724b719eeed3b557c51423093500e2 .avia-svg-icon svg:first-child{\nfill:#ffffff;\nstroke:#ffffff;\n}\n<\/style>\n<a href='https:\/\/blog.canalfriends.com\/'  class='avia-button av-471kwi-c2724b719eeed3b557c51423093500e2 av-link-btn avia-icon_select-yes-left-icon avia-size-small avia-position-center'  target=\"_blank\"  rel=\"noopener noreferrer\"  aria-label=\"Blog de la communaut\u00e9\"><span class='avia_button_icon avia_button_icon_left avia-iconfont avia-font-entypo-fontello' data-av_icon='\ue836' data-av_iconfont='entypo-fontello' ><\/span><span class='avia_iconbox_title' >Blog de la communaut\u00e9<\/span><\/a><\/div><br \/>\n<div  class='avia-button-wrap av-3624sy-0cdf2ac58b593ad648324bccf909ad24-wrap avia-button-center  avia-builder-el-11  el_after_av_button  el_before_av_button '>\n<style type=\"text\/css\" data-created_by=\"avia_inline_auto\" id=\"style-css-av-3624sy-0cdf2ac58b593ad648324bccf909ad24\">\n#top #wrap_all .avia-button.av-3624sy-0cdf2ac58b593ad648324bccf909ad24{\nbackground-color:#2c3060;\nborder-color:#2c3060;\ncolor:#ffffff;\ntransition:all 0.4s ease-in-out;\n}\n#top #wrap_all .avia-button.av-3624sy-0cdf2ac58b593ad648324bccf909ad24 .avia-svg-icon svg:first-child{\nfill:#ffffff;\nstroke:#ffffff;\n}\n<\/style>\n<a href='https:\/\/www.facebook.com\/canalfriends.fr'  class='avia-button av-3624sy-0cdf2ac58b593ad648324bccf909ad24 av-link-btn avia-icon_select-yes-left-icon avia-size-small avia-position-center'   aria-label=\"Suivez-nous sur Facebook\"><span class='avia_button_icon avia_button_icon_left avia-iconfont avia-font-entypo-fontello' data-av_icon='\ue8f5' data-av_iconfont='entypo-fontello' ><\/span><span class='avia_iconbox_title' >Suivez-nous sur Facebook<\/span><\/a><\/div><br \/>\n<div  class='avia-button-wrap av-471kwi-2247bb79ff194b4a421cee32fbc7c706-wrap avia-button-center  avia-builder-el-12  el_after_av_button  avia-builder-el-last '><a href='http:\/\/www.canalfriends.com\/fr\/contact\/'  class='avia-button av-471kwi-2247bb79ff194b4a421cee32fbc7c706 av-link-btn avia-icon_select-yes-left-icon avia-size-small avia-position-center avia-color-grey'  target=\"_blank\"  rel=\"noopener noreferrer\"  aria-label=\"Contactez-nous\"><span class='avia_button_icon avia_button_icon_left avia-iconfont avia-font-entypo-fontello' data-av_icon='\ue805' data-av_iconfont='entypo-fontello' ><\/span><span class='avia_iconbox_title' >Contactez-nous<\/span><\/a><\/div><\/p><\/div>\n","protected":false},"excerpt":{"rendered":"","protected":false},"author":1,"featured_media":0,"parent":0,"menu_order":0,"comment_status":"closed","ping_status":"closed","template":"","meta":{"footnotes":""},"class_list":["post-5762","page","type-page","status-publish","hentry"],"jetpack_sharing_enabled":true,"_links":{"self":[{"href":"https:\/\/www.canalfriends.com\/fr\/wp-json\/wp\/v2\/pages\/5762","targetHints":{"allow":["GET"]}}],"collection":[{"href":"https:\/\/www.canalfriends.com\/fr\/wp-json\/wp\/v2\/pages"}],"about":[{"href":"https:\/\/www.canalfriends.com\/fr\/wp-json\/wp\/v2\/types\/page"}],"author":[{"embeddable":true,"href":"https:\/\/www.canalfriends.com\/fr\/wp-json\/wp\/v2\/users\/1"}],"replies":[{"embeddable":true,"href":"https:\/\/www.canalfriends.com\/fr\/wp-json\/wp\/v2\/comments?post=5762"}],"version-history":[{"count":2,"href":"https:\/\/www.canalfriends.com\/fr\/wp-json\/wp\/v2\/pages\/5762\/revisions"}],"predecessor-version":[{"id":22267,"href":"https:\/\/www.canalfriends.com\/fr\/wp-json\/wp\/v2\/pages\/5762\/revisions\/22267"}],"wp:attachment":[{"href":"https:\/\/www.canalfriends.com\/fr\/wp-json\/wp\/v2\/media?parent=5762"}],"curies":[{"name":"wp","href":"https:\/\/api.w.org\/{rel}","templated":true}]}}