{"id":5916,"date":"2015-11-11T09:24:04","date_gmt":"2015-11-11T08:24:04","guid":{"rendered":"http:\/\/www.canalfriends.com\/fr\/canal-de-garonne\/"},"modified":"2026-04-13T18:21:07","modified_gmt":"2026-04-13T16:21:07","slug":"canal-de-garonne","status":"publish","type":"page","link":"https:\/\/www.canalfriends.com\/fr\/voies-eau\/canal-de-garonne\/","title":{"rendered":"Canal de Garonne, Garonne et estuaire de la Gironde"},"content":{"rendered":"\n<style type=\"text\/css\" data-created_by=\"avia_inline_auto\" id=\"style-css-av-7ph4s-dc98d608076f1a83b9f77cc08672643b\">\n#top .av-special-heading.av-7ph4s-dc98d608076f1a83b9f77cc08672643b{\npadding-bottom:2px;\nfont-size:29px;\n}\nbody .av-special-heading.av-7ph4s-dc98d608076f1a83b9f77cc08672643b .av-special-heading-tag .heading-char{\nfont-size:25px;\n}\n#top #wrap_all .av-special-heading.av-7ph4s-dc98d608076f1a83b9f77cc08672643b .av-special-heading-tag{\nfont-size:29px;\n}\n.av-special-heading.av-7ph4s-dc98d608076f1a83b9f77cc08672643b .av-subheading{\nfont-size:15px;\n}\n\n@media only screen and (min-width: 480px) and (max-width: 767px){ \n#top #wrap_all .av-special-heading.av-7ph4s-dc98d608076f1a83b9f77cc08672643b .av-special-heading-tag{\nfont-size:0.8em;\n}\n}\n\n@media only screen and (max-width: 479px){ \n#top #wrap_all .av-special-heading.av-7ph4s-dc98d608076f1a83b9f77cc08672643b .av-special-heading-tag{\nfont-size:0.8em;\n}\n}\n<\/style>\n<div  class='av-special-heading av-7ph4s-dc98d608076f1a83b9f77cc08672643b av-special-heading-h2 blockquote modern-quote modern-centered  avia-builder-el-0  el_before_av_one_half  avia-builder-el-first  av-inherit-size'><h2 class='av-special-heading-tag '  itemprop=\"headline\"  >Canal de Garonne<\/h2><div class=\"special-heading-border\"><div class=\"special-heading-inner-border\"><\/div><\/div><\/div>\n\n<style type=\"text\/css\" data-created_by=\"avia_inline_auto\" id=\"style-css-av-cafzcc-08ab906ab8d8db98f1b6724c77fe59ed\">\n.flex_column.av-cafzcc-08ab906ab8d8db98f1b6724c77fe59ed{\nborder-radius:0px 0px 0px 0px;\npadding:0px 0px 0px 0px;\n}\n<\/style>\n<div  class='flex_column av-cafzcc-08ab906ab8d8db98f1b6724c77fe59ed av_one_half  avia-builder-el-1  el_after_av_heading  el_before_av_one_half  first flex_column_div av-zero-column-padding  '     ><p>\n<style type=\"text\/css\" data-created_by=\"avia_inline_auto\" id=\"style-css-av-b16lxo-2137e94f7785250819ff20842b92d843\">\n#top .av_textblock_section.av-b16lxo-2137e94f7785250819ff20842b92d843 .avia_textblock{\ncolor:#2d753a;\n}\n<\/style>\n<section  class='av_textblock_section av-b16lxo-2137e94f7785250819ff20842b92d843 '   itemscope=\"itemscope\" itemtype=\"https:\/\/schema.org\/CreativeWork\" ><div class='avia_textblock av_inherit_color'  itemprop=\"text\" ><p><a href=\"https:\/\/guides.canalfriends.com\/\" target=\"_blank\" rel=\"noopener\">T\u00e9l\u00e9chargez gratuitement nos guides :\u00a0<\/a><\/p>\n<ul>\n<li>Guide de voyage Canalfriends &laquo;&nbsp;Canal de Garonne, Garonne et estuaire de la Gironde&nbsp;&raquo;<\/li>\n<li>Guide Junior Canal de Garonne<\/li>\n<\/ul>\n<\/div><\/section><br \/>\n\n<style type=\"text\/css\" data-created_by=\"avia_inline_auto\" id=\"style-css-av-9qcnho-e3e030ea8cc45d634ab7202bb56b9478\">\n.avia-image-container.av-9qcnho-e3e030ea8cc45d634ab7202bb56b9478 img.avia_image{\nbox-shadow:none;\n}\n.avia-image-container.av-9qcnho-e3e030ea8cc45d634ab7202bb56b9478 .av-image-caption-overlay-center{\ncolor:#ffffff;\n}\n<\/style>\n<div  class='avia-image-container av-9qcnho-e3e030ea8cc45d634ab7202bb56b9478 av-styling- av-img-linked avia-align-center  avia-builder-el-3  el_after_av_textblock  el_before_av_image '   itemprop=\"image\" itemscope=\"itemscope\" itemtype=\"https:\/\/schema.org\/ImageObject\" ><div class=\"avia-image-container-inner\"><div class=\"avia-image-overlay-wrap\"><a href=\"https:\/\/guides.canalfriends.com\/\" class='avia_image '  target=\"_blank\"  rel=\"noopener noreferrer\" aria-label='Couv Guide Canalfriends 2026 canal de Garonne, Garonne, estuaire de gironde_V0'><img decoding=\"async\" fetchpriority=\"high\" class='wp-image-23196 avia-img-lazy-loading-not-23196 avia_image ' src=\"https:\/\/i0.wp.com\/www.canalfriends.com\/wp-content\/uploads\/2026\/04\/Couv-Guide-Canalfriends-2026-canal-de-Garonne-Garonne-estuaire-de-gironde_V0.jpg?fit=300%2C400&ssl=1\" alt='' title='Couv Guide Canalfriends 2026 canal de Garonne, Garonne, estuaire de gironde_V0'  height=\"400\" width=\"300\"  itemprop=\"thumbnailUrl\" srcset=\"https:\/\/i0.wp.com\/www.canalfriends.com\/wp-content\/uploads\/2026\/04\/Couv-Guide-Canalfriends-2026-canal-de-Garonne-Garonne-estuaire-de-gironde_V0.jpg?w=720&amp;ssl=1 720w, https:\/\/i0.wp.com\/www.canalfriends.com\/wp-content\/uploads\/2026\/04\/Couv-Guide-Canalfriends-2026-canal-de-Garonne-Garonne-estuaire-de-gironde_V0.jpg?resize=300%2C400&amp;ssl=1 300w, https:\/\/i0.wp.com\/www.canalfriends.com\/wp-content\/uploads\/2026\/04\/Couv-Guide-Canalfriends-2026-canal-de-Garonne-Garonne-estuaire-de-gironde_V0.jpg?resize=529%2C705&amp;ssl=1 529w\" sizes=\"(max-width: 300px) 100vw, 300px\" \/><\/a><\/div><\/div><\/div><br \/>\n\n<style type=\"text\/css\" data-created_by=\"avia_inline_auto\" id=\"style-css-av-mnwutgpt-abb6563a3e21dce9f3717eca3a738442\">\n.avia-image-container.av-mnwutgpt-abb6563a3e21dce9f3717eca3a738442 img.avia_image{\nbox-shadow:none;\n}\n.avia-image-container.av-mnwutgpt-abb6563a3e21dce9f3717eca3a738442 .av-image-caption-overlay-center{\ncolor:#ffffff;\n}\n<\/style>\n<div  class='avia-image-container av-mnwutgpt-abb6563a3e21dce9f3717eca3a738442 av-styling- av-img-linked avia-align-center  avia-builder-el-4  el_after_av_image  avia-builder-el-last '   itemprop=\"image\" itemscope=\"itemscope\" itemtype=\"https:\/\/schema.org\/ImageObject\" ><div class=\"avia-image-container-inner\"><div class=\"avia-image-overlay-wrap\"><a href=\"https:\/\/guides.canalfriends.com\/\" class='avia_image '  target=\"_blank\"  rel=\"noopener noreferrer\" aria-label='Couverture Guide 2026 Junior Garonne Canalfriends'><img decoding=\"async\" fetchpriority=\"high\" class='wp-image-23191 avia-img-lazy-loading-not-23191 avia_image ' src=\"https:\/\/i0.wp.com\/www.canalfriends.com\/wp-content\/uploads\/2026\/04\/Couverture-Guide-2026-Junior-Garonne-Canalfriends.jpg?fit=282%2C400&ssl=1\" alt='' title='Couverture Guide 2026 Junior Garonne Canalfriends'  height=\"400\" width=\"282\"  itemprop=\"thumbnailUrl\" srcset=\"https:\/\/i0.wp.com\/www.canalfriends.com\/wp-content\/uploads\/2026\/04\/Couverture-Guide-2026-Junior-Garonne-Canalfriends.jpg?w=1410&amp;ssl=1 1410w, https:\/\/i0.wp.com\/www.canalfriends.com\/wp-content\/uploads\/2026\/04\/Couverture-Guide-2026-Junior-Garonne-Canalfriends.jpg?resize=282%2C400&amp;ssl=1 282w, https:\/\/i0.wp.com\/www.canalfriends.com\/wp-content\/uploads\/2026\/04\/Couverture-Guide-2026-Junior-Garonne-Canalfriends.jpg?resize=726%2C1030&amp;ssl=1 726w, https:\/\/i0.wp.com\/www.canalfriends.com\/wp-content\/uploads\/2026\/04\/Couverture-Guide-2026-Junior-Garonne-Canalfriends.jpg?resize=1083%2C1536&amp;ssl=1 1083w, https:\/\/i0.wp.com\/www.canalfriends.com\/wp-content\/uploads\/2026\/04\/Couverture-Guide-2026-Junior-Garonne-Canalfriends.jpg?resize=1058%2C1500&amp;ssl=1 1058w, https:\/\/i0.wp.com\/www.canalfriends.com\/wp-content\/uploads\/2026\/04\/Couverture-Guide-2026-Junior-Garonne-Canalfriends.jpg?resize=497%2C705&amp;ssl=1 497w\" sizes=\"(max-width: 282px) 100vw, 282px\" \/><\/a><\/div><\/div><\/div><\/p><\/div>\n<style type=\"text\/css\" data-created_by=\"avia_inline_auto\" id=\"style-css-av-5aj1v0-4c2424fb4b6581318af3cb461b281ccd\">\n.flex_column.av-5aj1v0-4c2424fb4b6581318af3cb461b281ccd{\nborder-radius:0px 0px 0px 0px;\npadding:0px 0px 0px 0px;\n}\n<\/style>\n<div  class='flex_column av-5aj1v0-4c2424fb4b6581318af3cb461b281ccd av_one_half  avia-builder-el-5  el_after_av_one_half  el_before_av_hr  flex_column_div av-zero-column-padding  '     ><p>\n<style type=\"text\/css\" data-created_by=\"avia_inline_auto\" id=\"style-css-av-mnxeeuc0-552ffbbc7781cac2cfac3e9b83247c92\">\n#top .av_textblock_section.av-mnxeeuc0-552ffbbc7781cac2cfac3e9b83247c92 .avia_textblock{\ncolor:#2d753a;\n}\n<\/style>\n<section  class='av_textblock_section av-mnxeeuc0-552ffbbc7781cac2cfac3e9b83247c92 '   itemscope=\"itemscope\" itemtype=\"https:\/\/schema.org\/CreativeWork\" ><div class='avia_textblock av_inherit_color'  itemprop=\"text\" ><p><a href=\"https:\/\/www.canalfriends.com\/fr\/bonnes-adresses-useful-addresses-canal-du-midi\/\" target=\"_blank\" rel=\"noopener\">D\u00e9couvrez les activit\u00e9s pr\u00e9sentes sur le parcours : Ici<\/a><\/p>\n<p>G\u00e9olocalisez-les sur la carte ci-dessous<\/p>\n<\/div><\/section><br \/>\n<section  class='av_textblock_section av-3xp2to-888ae91aec56378eeedf3e2bb97ed65f '   itemscope=\"itemscope\" itemtype=\"https:\/\/schema.org\/CreativeWork\" ><div class='avia_textblock'  itemprop=\"text\" ><p><iframe loading=\"lazy\" src=\"https:\/\/www.google.com\/maps\/d\/embed?mid=zsqLFpEKeI28.k723XvVSbeDo\" width=\"640\" height=\"480\"><\/iframe><\/p>\n<\/div><\/section><\/p><\/div><\/p>\n<div  class='hr av-rk7w-72f2791284898a18d2b36d3fd45985b7 hr-short  avia-builder-el-8  el_after_av_one_half  avia-builder-el-last  hr-center'><span class='hr-inner '><span class=\"hr-inner-style\"><\/span><\/span><\/div>\n","protected":false},"excerpt":{"rendered":"","protected":false},"author":1,"featured_media":0,"parent":5963,"menu_order":0,"comment_status":"closed","ping_status":"closed","template":"","meta":{"footnotes":""},"class_list":["post-5916","page","type-page","status-publish","hentry"],"jetpack_sharing_enabled":true,"_links":{"self":[{"href":"https:\/\/www.canalfriends.com\/fr\/wp-json\/wp\/v2\/pages\/5916","targetHints":{"allow":["GET"]}}],"collection":[{"href":"https:\/\/www.canalfriends.com\/fr\/wp-json\/wp\/v2\/pages"}],"about":[{"href":"https:\/\/www.canalfriends.com\/fr\/wp-json\/wp\/v2\/types\/page"}],"author":[{"embeddable":true,"href":"https:\/\/www.canalfriends.com\/fr\/wp-json\/wp\/v2\/users\/1"}],"replies":[{"embeddable":true,"href":"https:\/\/www.canalfriends.com\/fr\/wp-json\/wp\/v2\/comments?post=5916"}],"version-history":[{"count":9,"href":"https:\/\/www.canalfriends.com\/fr\/wp-json\/wp\/v2\/pages\/5916\/revisions"}],"predecessor-version":[{"id":23212,"href":"https:\/\/www.canalfriends.com\/fr\/wp-json\/wp\/v2\/pages\/5916\/revisions\/23212"}],"up":[{"embeddable":true,"href":"https:\/\/www.canalfriends.com\/fr\/wp-json\/wp\/v2\/pages\/5963"}],"wp:attachment":[{"href":"https:\/\/www.canalfriends.com\/fr\/wp-json\/wp\/v2\/media?parent=5916"}],"curies":[{"name":"wp","href":"https:\/\/api.w.org\/{rel}","templated":true}]}}