{"id":5919,"date":"2015-11-11T09:24:51","date_gmt":"2015-11-11T08:24:51","guid":{"rendered":"http:\/\/www.canalfriends.com\/fr\/canal-du-midi-2\/"},"modified":"2026-04-13T14:07:21","modified_gmt":"2026-04-13T12:07:21","slug":"canal-du-midi-2","status":"publish","type":"page","link":"https:\/\/www.canalfriends.com\/fr\/voies-eau\/canal-du-midi-2\/","title":{"rendered":"Canal du Midi &#038; canal de la Robine, rigoles d&rsquo;alimentation"},"content":{"rendered":"\n<style type=\"text\/css\" data-created_by=\"avia_inline_auto\" id=\"style-css-av-2tn8yn-ccafff57a28be93569b8ba6f77b6164c\">\n#top .av-special-heading.av-2tn8yn-ccafff57a28be93569b8ba6f77b6164c{\npadding-bottom:10px;\nfont-size:29px;\n}\nbody .av-special-heading.av-2tn8yn-ccafff57a28be93569b8ba6f77b6164c .av-special-heading-tag .heading-char{\nfont-size:25px;\n}\n#top #wrap_all .av-special-heading.av-2tn8yn-ccafff57a28be93569b8ba6f77b6164c .av-special-heading-tag{\nfont-size:29px;\n}\n.av-special-heading.av-2tn8yn-ccafff57a28be93569b8ba6f77b6164c .av-subheading{\nfont-size:15px;\n}\n\n@media only screen and (min-width: 480px) and (max-width: 767px){ \n#top #wrap_all .av-special-heading.av-2tn8yn-ccafff57a28be93569b8ba6f77b6164c .av-special-heading-tag{\nfont-size:0.8em;\n}\n}\n\n@media only screen and (max-width: 479px){ \n#top #wrap_all .av-special-heading.av-2tn8yn-ccafff57a28be93569b8ba6f77b6164c .av-special-heading-tag{\nfont-size:0.8em;\n}\n}\n<\/style>\n<div  class='av-special-heading av-2tn8yn-ccafff57a28be93569b8ba6f77b6164c av-special-heading-h2 blockquote modern-quote modern-centered  avia-builder-el-0  el_before_av_one_half  avia-builder-el-first  av-inherit-size'><h2 class='av-special-heading-tag '  itemprop=\"headline\"  >Le canal du Midi, ses rigoles d\u2019alimentation, le canal de Jonction et le canal de la Robine<\/h2><div class=\"special-heading-border\"><div class=\"special-heading-inner-border\"><\/div><\/div><\/div>\n\n<style type=\"text\/css\" data-created_by=\"avia_inline_auto\" id=\"style-css-av-170hb3-52655f5d916362964da7190b94b8df41\">\n.flex_column.av-170hb3-52655f5d916362964da7190b94b8df41{\nborder-radius:0px 0px 0px 0px;\npadding:0px 0px 0px 0px;\n}\n<\/style>\n<div  class='flex_column av-170hb3-52655f5d916362964da7190b94b8df41 av_one_half  avia-builder-el-1  el_after_av_heading  el_before_av_one_half  first flex_column_div av-zero-column-padding  '     ><p><section  class='av_textblock_section av-b0ygq7-0416399f6fda105ae22db98146c6da97 '   itemscope=\"itemscope\" itemtype=\"https:\/\/schema.org\/CreativeWork\" ><div class='avia_textblock'  itemprop=\"text\" ><p><a href=\"https:\/\/guides.canalfriends.com\/\" target=\"_blank\" rel=\"noopener\">T\u00e9l\u00e9chargez gratuitement nos guides sur le canal du Midi :\u00a0<\/a><\/p>\n<ul>\n<li>Guide de voyage Canalfriends &laquo;&nbsp;Canal du Midi, ses rigoles, canal de Jonction et de la Robine<\/li>\n<li>Guide Junior Canal de Midi<\/li>\n<li>Catalogue illustr\u00e9 sur la v\u00e9g\u00e9tation du canal du Midi<\/li>\n<\/ul>\n<p><strong>\u00a0<\/strong><\/p>\n<\/div><\/section><br \/>\n\n<style type=\"text\/css\" data-created_by=\"avia_inline_auto\" id=\"style-css-av-wjw7j-31e27463ff08392747c0ee609b70c37f\">\n.avia-image-container.av-wjw7j-31e27463ff08392747c0ee609b70c37f img.avia_image{\nbox-shadow:none;\n}\n.avia-image-container.av-wjw7j-31e27463ff08392747c0ee609b70c37f .av-image-caption-overlay-center{\ncolor:#ffffff;\n}\n<\/style>\n<div  class='avia-image-container av-wjw7j-31e27463ff08392747c0ee609b70c37f av-styling- av-img-linked avia-align-center  avia-builder-el-3  el_after_av_textblock  el_before_av_image '   itemprop=\"image\" itemscope=\"itemscope\" itemtype=\"https:\/\/schema.org\/ImageObject\" ><div class=\"avia-image-container-inner\"><div class=\"avia-image-overlay-wrap\"><a href=\"https:\/\/guides.canalfriends.com\/\" class='avia_image '  target=\"_blank\"  rel=\"noopener noreferrer\" aria-label='Couv Guide Canalfriends 2026 Canal du Midi, Jonction, Robine, rigoles_V0'><img decoding=\"async\" fetchpriority=\"high\" class='wp-image-23195 avia-img-lazy-loading-not-23195 avia_image ' src=\"https:\/\/i0.wp.com\/www.canalfriends.com\/wp-content\/uploads\/2026\/04\/Couv-Guide-Canalfriends-2026-Canal-du-Midi-Jonction-Robine-rigoles_V0.jpg?fit=300%2C400&ssl=1\" alt='' title='Couv Guide Canalfriends 2026 Canal du Midi, Jonction, Robine, rigoles_V0'  height=\"400\" width=\"300\"  itemprop=\"thumbnailUrl\" srcset=\"https:\/\/i0.wp.com\/www.canalfriends.com\/wp-content\/uploads\/2026\/04\/Couv-Guide-Canalfriends-2026-Canal-du-Midi-Jonction-Robine-rigoles_V0.jpg?w=720&amp;ssl=1 720w, https:\/\/i0.wp.com\/www.canalfriends.com\/wp-content\/uploads\/2026\/04\/Couv-Guide-Canalfriends-2026-Canal-du-Midi-Jonction-Robine-rigoles_V0.jpg?resize=300%2C400&amp;ssl=1 300w, https:\/\/i0.wp.com\/www.canalfriends.com\/wp-content\/uploads\/2026\/04\/Couv-Guide-Canalfriends-2026-Canal-du-Midi-Jonction-Robine-rigoles_V0.jpg?resize=529%2C705&amp;ssl=1 529w\" sizes=\"(max-width: 300px) 100vw, 300px\" \/><\/a><\/div><\/div><\/div><br \/>\n\n<style type=\"text\/css\" data-created_by=\"avia_inline_auto\" id=\"style-css-av-mnwunk8o-070c01efa3ace0e9d4c4a6d08acab2cc\">\n.avia-image-container.av-mnwunk8o-070c01efa3ace0e9d4c4a6d08acab2cc img.avia_image{\nbox-shadow:none;\n}\n.avia-image-container.av-mnwunk8o-070c01efa3ace0e9d4c4a6d08acab2cc .av-image-caption-overlay-center{\ncolor:#ffffff;\n}\n<\/style>\n<div  class='avia-image-container av-mnwunk8o-070c01efa3ace0e9d4c4a6d08acab2cc av-styling- av-img-linked avia-align-center  avia-builder-el-4  el_after_av_image  el_before_av_image '   itemprop=\"image\" itemscope=\"itemscope\" itemtype=\"https:\/\/schema.org\/ImageObject\" ><div class=\"avia-image-container-inner\"><div class=\"avia-image-overlay-wrap\"><a href=\"https:\/\/guides.canalfriends.com\/\" class='avia_image '  target=\"_blank\"  rel=\"noopener noreferrer\" aria-label='couverture Guide 2026 Junior Midi Canalfriends'><img decoding=\"async\" fetchpriority=\"high\" class='wp-image-23192 avia-img-lazy-loading-not-23192 avia_image ' src=\"https:\/\/i0.wp.com\/www.canalfriends.com\/wp-content\/uploads\/2026\/04\/couverture-Guide-2026-Junior-Midi-Canalfriends.jpg?fit=282%2C400&ssl=1\" alt='' title='couverture Guide 2026 Junior Midi Canalfriends'  height=\"400\" width=\"282\"  itemprop=\"thumbnailUrl\" srcset=\"https:\/\/i0.wp.com\/www.canalfriends.com\/wp-content\/uploads\/2026\/04\/couverture-Guide-2026-Junior-Midi-Canalfriends.jpg?w=1410&amp;ssl=1 1410w, https:\/\/i0.wp.com\/www.canalfriends.com\/wp-content\/uploads\/2026\/04\/couverture-Guide-2026-Junior-Midi-Canalfriends.jpg?resize=282%2C400&amp;ssl=1 282w, https:\/\/i0.wp.com\/www.canalfriends.com\/wp-content\/uploads\/2026\/04\/couverture-Guide-2026-Junior-Midi-Canalfriends.jpg?resize=726%2C1030&amp;ssl=1 726w, https:\/\/i0.wp.com\/www.canalfriends.com\/wp-content\/uploads\/2026\/04\/couverture-Guide-2026-Junior-Midi-Canalfriends.jpg?resize=1083%2C1536&amp;ssl=1 1083w, https:\/\/i0.wp.com\/www.canalfriends.com\/wp-content\/uploads\/2026\/04\/couverture-Guide-2026-Junior-Midi-Canalfriends.jpg?resize=1058%2C1500&amp;ssl=1 1058w, https:\/\/i0.wp.com\/www.canalfriends.com\/wp-content\/uploads\/2026\/04\/couverture-Guide-2026-Junior-Midi-Canalfriends.jpg?resize=497%2C705&amp;ssl=1 497w\" sizes=\"(max-width: 282px) 100vw, 282px\" \/><\/a><\/div><\/div><\/div><br \/>\n\n<style type=\"text\/css\" data-created_by=\"avia_inline_auto\" id=\"style-css-av-m909km95-5fa12e81aa05e4459ed19590bfc59b76\">\n.avia-image-container.av-m909km95-5fa12e81aa05e4459ed19590bfc59b76 img.avia_image{\nbox-shadow:none;\n}\n.avia-image-container.av-m909km95-5fa12e81aa05e4459ed19590bfc59b76 .av-image-caption-overlay-center{\ncolor:#ffffff;\n}\n<\/style>\n<div  class='avia-image-container av-m909km95-5fa12e81aa05e4459ed19590bfc59b76 av-styling- av-img-linked avia-align-center  avia-builder-el-5  el_after_av_image  avia-builder-el-last '   itemprop=\"image\" itemscope=\"itemscope\" itemtype=\"https:\/\/schema.org\/ImageObject\" ><div class=\"avia-image-container-inner\"><div class=\"avia-image-overlay-wrap\"><a href=\"https:\/\/guides.canalfriends.com\/\" class='avia_image '  target=\"_blank\"  rel=\"noopener noreferrer\" aria-label='Guide vegetation image'><img decoding=\"async\" fetchpriority=\"high\" class='wp-image-22766 avia-img-lazy-loading-not-22766 avia_image ' src=\"https:\/\/i0.wp.com\/www.canalfriends.com\/wp-content\/uploads\/2025\/02\/Guide-vegetation-image.jpg?fit=469%2C325&ssl=1\" alt='' title='Guide vegetation image'  height=\"325\" width=\"469\"  itemprop=\"thumbnailUrl\" srcset=\"https:\/\/i0.wp.com\/www.canalfriends.com\/wp-content\/uploads\/2025\/02\/Guide-vegetation-image.jpg?w=1040&amp;ssl=1 1040w, https:\/\/i0.wp.com\/www.canalfriends.com\/wp-content\/uploads\/2025\/02\/Guide-vegetation-image.jpg?resize=469%2C325&amp;ssl=1 469w, https:\/\/i0.wp.com\/www.canalfriends.com\/wp-content\/uploads\/2025\/02\/Guide-vegetation-image.jpg?resize=1030%2C713&amp;ssl=1 1030w, https:\/\/i0.wp.com\/www.canalfriends.com\/wp-content\/uploads\/2025\/02\/Guide-vegetation-image.jpg?resize=705%2C488&amp;ssl=1 705w\" sizes=\"(max-width: 469px) 100vw, 469px\" \/><\/a><\/div><\/div><\/div><\/p><\/div>\n\n<style type=\"text\/css\" data-created_by=\"avia_inline_auto\" id=\"style-css-av-61dhj3-bd206f6a37a892bd4edff0902fe1724b\">\n.flex_column.av-61dhj3-bd206f6a37a892bd4edff0902fe1724b{\nborder-radius:0px 0px 0px 0px;\npadding:0px 0px 0px 0px;\n}\n<\/style>\n<div  class='flex_column av-61dhj3-bd206f6a37a892bd4edff0902fe1724b av_one_half  avia-builder-el-6  el_after_av_one_half  avia-builder-el-last  flex_column_div av-zero-column-padding  '     ><p><section  class='av_textblock_section av-mnx4bvtd-b8c55ce9dbeacf9f8fd57a814d927661 '   itemscope=\"itemscope\" itemtype=\"https:\/\/schema.org\/CreativeWork\" ><div class='avia_textblock'  itemprop=\"text\" ><p><a href=\"https:\/\/www.canalfriends.com\/fr\/bonnes-adresses-useful-addresses-canal-du-midi\/\" target=\"_blank\" rel=\"noopener\">D\u00e9couvrez les activit\u00e9s pr\u00e9sentes sur le parcours : Ici<\/a><\/p>\n<p>G\u00e9olocalisez-les sur la carte ci-dessous<\/p>\n<\/div><\/section><br \/>\n<section  class='av_textblock_section av-49ww5r-cd98e627e0753814895763b59b074b0a '   itemscope=\"itemscope\" itemtype=\"https:\/\/schema.org\/CreativeWork\" ><div class='avia_textblock'  itemprop=\"text\" ><p><iframe loading=\"lazy\" src=\"https:\/\/www.google.com\/maps\/d\/embed?mid=1fjB-QDrAafp7NtZlJxHf4hCEt2U\" width=\"640\" height=\"480\"><\/iframe><\/p>\n<\/div><\/section><\/p><\/div>\n","protected":false},"excerpt":{"rendered":"","protected":false},"author":1,"featured_media":0,"parent":5963,"menu_order":0,"comment_status":"closed","ping_status":"closed","template":"","meta":{"footnotes":""},"class_list":["post-5919","page","type-page","status-publish","hentry"],"jetpack_sharing_enabled":true,"_links":{"self":[{"href":"https:\/\/www.canalfriends.com\/fr\/wp-json\/wp\/v2\/pages\/5919","targetHints":{"allow":["GET"]}}],"collection":[{"href":"https:\/\/www.canalfriends.com\/fr\/wp-json\/wp\/v2\/pages"}],"about":[{"href":"https:\/\/www.canalfriends.com\/fr\/wp-json\/wp\/v2\/types\/page"}],"author":[{"embeddable":true,"href":"https:\/\/www.canalfriends.com\/fr\/wp-json\/wp\/v2\/users\/1"}],"replies":[{"embeddable":true,"href":"https:\/\/www.canalfriends.com\/fr\/wp-json\/wp\/v2\/comments?post=5919"}],"version-history":[{"count":12,"href":"https:\/\/www.canalfriends.com\/fr\/wp-json\/wp\/v2\/pages\/5919\/revisions"}],"predecessor-version":[{"id":23198,"href":"https:\/\/www.canalfriends.com\/fr\/wp-json\/wp\/v2\/pages\/5919\/revisions\/23198"}],"up":[{"embeddable":true,"href":"https:\/\/www.canalfriends.com\/fr\/wp-json\/wp\/v2\/pages\/5963"}],"wp:attachment":[{"href":"https:\/\/www.canalfriends.com\/fr\/wp-json\/wp\/v2\/media?parent=5919"}],"curies":[{"name":"wp","href":"https:\/\/api.w.org\/{rel}","templated":true}]}}