{"id":5925,"date":"2015-11-11T09:26:09","date_gmt":"2015-11-11T08:26:09","guid":{"rendered":"http:\/\/www.canalfriends.com\/fr\/lot\/"},"modified":"2025-09-19T16:53:55","modified_gmt":"2025-09-19T14:53:55","slug":"lot-de-la-source-a-la-garonne","status":"publish","type":"page","link":"https:\/\/www.canalfriends.com\/fr\/voies-eau\/lot-de-la-source-a-la-garonne\/","title":{"rendered":"Lot de sa source \u00e0 la Garonne"},"content":{"rendered":"\n<style type=\"text\/css\" data-created_by=\"avia_inline_auto\" id=\"style-css-av-906fqt-b85a9ab88849e722c9e211944cd7de5d\">\n#top .av-special-heading.av-906fqt-b85a9ab88849e722c9e211944cd7de5d{\npadding-bottom:3px;\n}\nbody .av-special-heading.av-906fqt-b85a9ab88849e722c9e211944cd7de5d .av-special-heading-tag .heading-char{\nfont-size:25px;\n}\n.av-special-heading.av-906fqt-b85a9ab88849e722c9e211944cd7de5d .av-subheading{\nfont-size:15px;\n}\n<\/style>\n<div  class='av-special-heading av-906fqt-b85a9ab88849e722c9e211944cd7de5d av-special-heading-h2 blockquote modern-quote modern-centered  avia-builder-el-0  el_before_av_two_fifth  avia-builder-el-first '><h2 class='av-special-heading-tag '  itemprop=\"headline\"  >Lot de sa source \u00e0 la Garonne<\/h2><div class=\"special-heading-border\"><div class=\"special-heading-inner-border\"><\/div><\/div><\/div>\n\n<style type=\"text\/css\" data-created_by=\"avia_inline_auto\" id=\"style-css-av-893n5h-25097bc9339105a47f928697d4495aef\">\n.flex_column.av-893n5h-25097bc9339105a47f928697d4495aef{\nborder-radius:0px 0px 0px 0px;\npadding:0px 0px 0px 0px;\n}\n<\/style>\n<div  class='flex_column av-893n5h-25097bc9339105a47f928697d4495aef av_two_fifth  avia-builder-el-1  el_after_av_heading  el_before_av_three_fifth  first flex_column_div av-zero-column-padding  '     ><style type=\"text\/css\" data-created_by=\"avia_inline_auto\" id=\"style-css-av-6j29x1-4028cb4112f41ba3aeefc4a331b6c212\">\n#top .av_textblock_section.av-6j29x1-4028cb4112f41ba3aeefc4a331b6c212 .avia_textblock{\ncolor:#2d753a;\n}\n<\/style>\n<section  class='av_textblock_section av-6j29x1-4028cb4112f41ba3aeefc4a331b6c212 '   itemscope=\"itemscope\" itemtype=\"https:\/\/schema.org\/CreativeWork\" ><div class='avia_textblock av_inherit_color'  itemprop=\"text\" ><p style=\"text-align: justify;\"><strong>Le Lot prend sa source dans les C\u00e9vennes (en Loz\u00e8re) pour se jeter 485km plus loin, dans la Garonne \u00e0 Aiguillon (Lot-et-Garonne).<\/strong><\/p>\n<p style=\"text-align: justify;\"><strong>Il est navigable sur 3 tron\u00e7ons pr\u00e9sent\u00e9s sur la carte ci-dessous en bleu fonc\u00e9\u00a0 : 78 km d\u2019Aiguillon \u00e0 l\u2019aval de Fumel dans le Lot-et-Garonne, 44 km de Touzac \u00e0 Albas dans le Lot, 75 km de Luzech \u00e0 C\u00e9n\u00e9vi\u00e8res dans le Lot. Les \u00e9toiles bleues repr\u00e9sentent les \u00e9cluses. Un patrimoine d\u2019exception raconte l\u2019histoire de cette vall\u00e9e (ch\u00e2teaux, villages perch\u00e9s\u2026) et invite \u00e0 la d\u00e9couverte de son territoire.<\/strong><\/p>\n<ul>\n<li style=\"text-align: justify;\"><strong>Cliquez\u00a0sur les \u00e9toiles noires, pour rep\u00e9rer des sites d\u2019int\u00e9r\u00eat patrimonial (Ch\u00e2teaux, villages\u2026..). N\u2019h\u00e9sitez pas \u00e0 nous indiquer des oublis.<\/strong><\/li>\n<li style=\"text-align: justify;\"><strong>Retrouvez des adresses d\u2019h\u00e9bergements, d\u2019activit\u00e9s et d\u2019\u00e9v\u00e9nements autour du Lot dans les rubriques correspondantes de notre site.<\/strong><\/li>\n<\/ul>\n<\/div><\/section><\/div>\n<style type=\"text\/css\" data-created_by=\"avia_inline_auto\" id=\"style-css-av-4docph-2ec92897696fc9f4dd42b20c164d6249\">\n.flex_column.av-4docph-2ec92897696fc9f4dd42b20c164d6249{\nborder-radius:0px 0px 0px 0px;\npadding:0px 0px 0px 0px;\n}\n<\/style>\n<div  class='flex_column av-4docph-2ec92897696fc9f4dd42b20c164d6249 av_three_fifth  avia-builder-el-3  el_after_av_two_fifth  avia-builder-el-last  flex_column_div av-zero-column-padding  '     ><section  class='av_textblock_section av-2zafs5-deb3d86edaf0d4e9b9ae8cffb0240511 '   itemscope=\"itemscope\" itemtype=\"https:\/\/schema.org\/CreativeWork\" ><div class='avia_textblock'  itemprop=\"text\" ><p><iframe loading=\"lazy\" src=\"https:\/\/www.google.com\/maps\/d\/embed?mid=zsqLFpEKeI28.kN6kk2aI8Bfg\" width=\"1500\" height=\"480\"><\/iframe><\/p>\n<\/div><\/section><\/div><\/p>\n","protected":false},"excerpt":{"rendered":"","protected":false},"author":1,"featured_media":0,"parent":5963,"menu_order":0,"comment_status":"closed","ping_status":"closed","template":"","meta":{"footnotes":""},"class_list":["post-5925","page","type-page","status-publish","hentry"],"jetpack_sharing_enabled":true,"_links":{"self":[{"href":"https:\/\/www.canalfriends.com\/fr\/wp-json\/wp\/v2\/pages\/5925","targetHints":{"allow":["GET"]}}],"collection":[{"href":"https:\/\/www.canalfriends.com\/fr\/wp-json\/wp\/v2\/pages"}],"about":[{"href":"https:\/\/www.canalfriends.com\/fr\/wp-json\/wp\/v2\/types\/page"}],"author":[{"embeddable":true,"href":"https:\/\/www.canalfriends.com\/fr\/wp-json\/wp\/v2\/users\/1"}],"replies":[{"embeddable":true,"href":"https:\/\/www.canalfriends.com\/fr\/wp-json\/wp\/v2\/comments?post=5925"}],"version-history":[{"count":6,"href":"https:\/\/www.canalfriends.com\/fr\/wp-json\/wp\/v2\/pages\/5925\/revisions"}],"predecessor-version":[{"id":23045,"href":"https:\/\/www.canalfriends.com\/fr\/wp-json\/wp\/v2\/pages\/5925\/revisions\/23045"}],"up":[{"embeddable":true,"href":"https:\/\/www.canalfriends.com\/fr\/wp-json\/wp\/v2\/pages\/5963"}],"wp:attachment":[{"href":"https:\/\/www.canalfriends.com\/fr\/wp-json\/wp\/v2\/media?parent=5925"}],"curies":[{"name":"wp","href":"https:\/\/api.w.org\/{rel}","templated":true}]}}