{"id":5927,"date":"2015-11-11T09:26:44","date_gmt":"2015-11-11T08:26:44","guid":{"rendered":"http:\/\/www.canalfriends.com\/fr\/tarn\/"},"modified":"2017-06-08T08:37:57","modified_gmt":"2017-06-08T06:37:57","slug":"tarn","status":"publish","type":"page","link":"https:\/\/www.canalfriends.com\/fr\/voies-eau\/tarn\/","title":{"rendered":"Tarn"},"content":{"rendered":"\n<style type=\"text\/css\" data-created_by=\"avia_inline_auto\" id=\"style-css-av-av_one_full-9497bbf8bff73ea4c6992cc17fa9ec36\">\n.flex_column.av-av_one_full-9497bbf8bff73ea4c6992cc17fa9ec36{\nborder-radius:0px 0px 0px 0px;\npadding:0px 0px 0px 0px;\n}\n<\/style>\n<div  class='flex_column av-av_one_full-9497bbf8bff73ea4c6992cc17fa9ec36 av_one_full  avia-builder-el-0  el_before_av_two_fifth  avia-builder-el-first  first flex_column_div av-zero-column-padding  '     ><style type=\"text\/css\" data-created_by=\"avia_inline_auto\" id=\"style-css-av-av_heading-eaddcb2005f4cac6b8d676f537cc4968\">\n#top .av-special-heading.av-av_heading-eaddcb2005f4cac6b8d676f537cc4968{\npadding-bottom:3px;\n}\nbody .av-special-heading.av-av_heading-eaddcb2005f4cac6b8d676f537cc4968 .av-special-heading-tag .heading-char{\nfont-size:25px;\n}\n.av-special-heading.av-av_heading-eaddcb2005f4cac6b8d676f537cc4968 .av-subheading{\nfont-size:15px;\n}\n<\/style>\n<div  class='av-special-heading av-av_heading-eaddcb2005f4cac6b8d676f537cc4968 av-special-heading-h2 blockquote modern-quote modern-centered  avia-builder-el-1  avia-builder-el-no-sibling '><h2 class='av-special-heading-tag '  itemprop=\"headline\"  >Tarn de sa source \u00e0 la Garonne<\/h2><div class=\"special-heading-border\"><div class=\"special-heading-inner-border\"><\/div><\/div><\/div><\/div>\n\n<style type=\"text\/css\" data-created_by=\"avia_inline_auto\" id=\"style-css-av-av_hr-36ba5711fab053787fe2a3b66396786a\">\n#top .hr.av-av_hr-36ba5711fab053787fe2a3b66396786a{\nmargin-top:8px;\nmargin-bottom:8px;\n}\n.hr.av-av_hr-36ba5711fab053787fe2a3b66396786a .hr-inner{\nwidth:1500px;\n}\n<\/style>\n<div  class='hr av-av_hr-36ba5711fab053787fe2a3b66396786a hr-custom hr-center hr-icon-no'><span class='hr-inner inner-border-av-border-fat'><span class=\"hr-inner-style\"><\/span><\/span><\/div>\n\n<style type=\"text\/css\" data-created_by=\"avia_inline_auto\" id=\"style-css-av-av_two_fifth-9497bbf8bff73ea4c6992cc17fa9ec36\">\n.flex_column.av-av_two_fifth-9497bbf8bff73ea4c6992cc17fa9ec36{\nborder-radius:0px 0px 0px 0px;\npadding:0px 0px 0px 0px;\n}\n<\/style>\n<div  class='flex_column av-av_two_fifth-9497bbf8bff73ea4c6992cc17fa9ec36 av_two_fifth  avia-builder-el-2  el_after_av_one_full  el_before_av_three_fifth  first flex_column_div av-zero-column-padding  column-top-margin'     ><style type=\"text\/css\" data-created_by=\"avia_inline_auto\" id=\"style-css-av-av_textblock-394dd68d17dfcdcf5e16b8c6767abebd\">\n#top .av_textblock_section.av-av_textblock-394dd68d17dfcdcf5e16b8c6767abebd .avia_textblock{\ncolor:#2d753a;\n}\n<\/style>\n<section  class='av_textblock_section av-av_textblock-394dd68d17dfcdcf5e16b8c6767abebd '   itemscope=\"itemscope\" itemtype=\"https:\/\/schema.org\/CreativeWork\" ><div class='avia_textblock av_inherit_color'  itemprop=\"text\" ><p style=\"text-align: justify;\"><strong>Le Tarn\u00a0prend sa source \u00e0 Pont de Montvert (Loz\u00e8re)\u00a0pour se jeter 380\u00a0km plus loin, dans la Garonne, \u00e0 Saint-Nicolas-de-la-Grave (Tarn-et-Garonne).Il a \u00e9t\u00e9 navigable de Saint Ju\u00e9ry \u00e0 la Garonne; il est accessible \u00e0 certaines p\u00e9riodes de l\u2019ann\u00e9e et sur des faibles tron\u00e7ons, \u00e0 Moissac du canal lat\u00e9ral de La Garonne, \u00e0 Montauban du canal de Montech. \u00a0Il est surtout appr\u00e9ci\u00e9 par les activit\u00e9s en eaux vives, le cano\u00eb Kayak, l\u2019aviron et la p\u00eache. Depuis 2004, le viaduc de Millau permet de le franchir sur\u00a02\u00a0460\u00a0m\u00e8tres\u00a0de longueur et \u00e0\u00a0270\u00a0m\u00e8tres\u00a0de profondeur au point le plus haut.<\/strong><\/p>\n<ul>\n<li style=\"text-align: justify;\"><strong>Cliquez\u00a0sur les \u00e9toiles noires, pour rep\u00e9rer des sites d&rsquo;int\u00e9r\u00eat patrimoniaux (Ch\u00e2teaux, villages&#8230;..). N&rsquo;h\u00e9sitez pas \u00e0 nous indiquer des oublis.<\/strong><\/li>\n<\/ul>\n<ul>\n<li style=\"text-align: justify;\"><strong>Plus d&rsquo;informations sur les h\u00e9bergements, activit\u00e9s et \u00e9v\u00e9nements mentionn\u00e9s dans la\u00a0carte ci-jointe, dans les rubriques correspondantes du site canalfriends.com<\/strong><\/li>\n<\/ul>\n<\/div><\/section><\/div>\n<style type=\"text\/css\" data-created_by=\"avia_inline_auto\" id=\"style-css-av-av_three_fifth-9c1d454dc06f7247226bc4e8f931daae\">\n.flex_column.av-av_three_fifth-9c1d454dc06f7247226bc4e8f931daae{\nborder-radius:0px 0px 0px 0px;\npadding:0px 0px 0px 0px;\n}\n<\/style>\n<div  class='flex_column av-av_three_fifth-9c1d454dc06f7247226bc4e8f931daae av_three_fifth  avia-builder-el-4  el_after_av_two_fifth  el_before_av_one_third  flex_column_div av-zero-column-padding  column-top-margin'     ><section  class='av_textblock_section av-av_textblock-0366cc7376be6c9e82a3e9cc8987b64f '   itemscope=\"itemscope\" itemtype=\"https:\/\/schema.org\/CreativeWork\" ><div class='avia_textblock'  itemprop=\"text\" ><p><iframe loading=\"lazy\" src=\"https:\/\/www.google.com\/maps\/d\/embed?mid=zsqLFpEKeI28.kp3-07F8V6P4\" width=\"1500\" height=\"600\"><\/iframe><\/p>\n<\/div><\/section><\/div><\/p>\n","protected":false},"excerpt":{"rendered":"","protected":false},"author":1,"featured_media":0,"parent":5963,"menu_order":0,"comment_status":"closed","ping_status":"closed","template":"","meta":{"footnotes":""},"class_list":["post-5927","page","type-page","status-publish","hentry"],"jetpack_sharing_enabled":true,"_links":{"self":[{"href":"https:\/\/www.canalfriends.com\/fr\/wp-json\/wp\/v2\/pages\/5927","targetHints":{"allow":["GET"]}}],"collection":[{"href":"https:\/\/www.canalfriends.com\/fr\/wp-json\/wp\/v2\/pages"}],"about":[{"href":"https:\/\/www.canalfriends.com\/fr\/wp-json\/wp\/v2\/types\/page"}],"author":[{"embeddable":true,"href":"https:\/\/www.canalfriends.com\/fr\/wp-json\/wp\/v2\/users\/1"}],"replies":[{"embeddable":true,"href":"https:\/\/www.canalfriends.com\/fr\/wp-json\/wp\/v2\/comments?post=5927"}],"version-history":[{"count":1,"href":"https:\/\/www.canalfriends.com\/fr\/wp-json\/wp\/v2\/pages\/5927\/revisions"}],"predecessor-version":[{"id":5928,"href":"https:\/\/www.canalfriends.com\/fr\/wp-json\/wp\/v2\/pages\/5927\/revisions\/5928"}],"up":[{"embeddable":true,"href":"https:\/\/www.canalfriends.com\/fr\/wp-json\/wp\/v2\/pages\/5963"}],"wp:attachment":[{"href":"https:\/\/www.canalfriends.com\/fr\/wp-json\/wp\/v2\/media?parent=5927"}],"curies":[{"name":"wp","href":"https:\/\/api.w.org\/{rel}","templated":true}]}}