{"id":5941,"date":"2016-01-06T14:43:05","date_gmt":"2016-01-06T13:43:05","guid":{"rendered":"http:\/\/www.canalfriends.com\/fr\/self-drive-canal-river-boat-rentals-free-advice\/"},"modified":"2018-07-30T17:05:29","modified_gmt":"2018-07-30T15:05:29","slug":"formulaire-conseils-gratuits-location","status":"publish","type":"page","link":"https:\/\/www.canalfriends.com\/fr\/formulaire-conseils-gratuits-location\/","title":{"rendered":"Formulaire pour trouver votre location de bateau sans permis"},"content":{"rendered":"\n<style type=\"text\/css\" data-created_by=\"avia_inline_auto\" id=\"style-css-av-12s4rat-358cef4a9151a439891f5e0ed74f05f4\">\n.flex_column.av-12s4rat-358cef4a9151a439891f5e0ed74f05f4{\nborder-radius:0px 0px 0px 0px;\npadding:0px 0px 0px 0px;\n}\n<\/style>\n<div  class='flex_column av-12s4rat-358cef4a9151a439891f5e0ed74f05f4 av_one_full  avia-builder-el-0  el_before_av_hr  avia-builder-el-first  first flex_column_div av-zero-column-padding  '     ><style type=\"text\/css\" data-created_by=\"avia_inline_auto\" id=\"style-css-av-10wk9ut-7b4e059db6f98ffab18ee802b876ba76\">\n#top .av-special-heading.av-10wk9ut-7b4e059db6f98ffab18ee802b876ba76{\npadding-bottom:5px;\ncolor:#2d753a;\nfont-size:25px;\n}\nbody .av-special-heading.av-10wk9ut-7b4e059db6f98ffab18ee802b876ba76 .av-special-heading-tag .heading-char{\nfont-size:25px;\n}\n#top #wrap_all .av-special-heading.av-10wk9ut-7b4e059db6f98ffab18ee802b876ba76 .av-special-heading-tag{\nfont-size:25px;\n}\n.av-special-heading.av-10wk9ut-7b4e059db6f98ffab18ee802b876ba76 .special-heading-inner-border{\nborder-color:#2d753a;\n}\n.av-special-heading.av-10wk9ut-7b4e059db6f98ffab18ee802b876ba76 .av-subheading{\nfont-size:20px;\n}\n\n@media only screen and (min-width: 480px) and (max-width: 767px){ \n#top #wrap_all .av-special-heading.av-10wk9ut-7b4e059db6f98ffab18ee802b876ba76 .av-special-heading-tag{\nfont-size:0.8em;\n}\n}\n\n@media only screen and (max-width: 479px){ \n#top #wrap_all .av-special-heading.av-10wk9ut-7b4e059db6f98ffab18ee802b876ba76 .av-special-heading-tag{\nfont-size:0.8em;\n}\n}\n<\/style>\n<div  class='av-special-heading av-10wk9ut-7b4e059db6f98ffab18ee802b876ba76 av-special-heading-h3 custom-color-heading blockquote modern-quote modern-centered  avia-builder-el-1  avia-builder-el-no-sibling  av-inherit-size'><h3 class='av-special-heading-tag '  itemprop=\"headline\"  >Formulaire : Pour vous aider \u00e0 trouver votre bateau de location sans permis<\/h3><div class='av_custom_color av-subheading av-subheading_below'><p>Nous vous aidons \u00e0 organiser vos vacances id\u00e9ales !<\/p>\n<\/div><div class=\"special-heading-border\"><div class=\"special-heading-inner-border\"><\/div><\/div><\/div><\/div>\n\n<style type=\"text\/css\" data-created_by=\"avia_inline_auto\" id=\"style-css-av-z0u7sl-19d18cae0a99c2f06b5615cfbc0fd565\">\n#top .hr.av-z0u7sl-19d18cae0a99c2f06b5615cfbc0fd565{\nmargin-top:6px;\nmargin-bottom:6px;\n}\n.hr.av-z0u7sl-19d18cae0a99c2f06b5615cfbc0fd565 .hr-inner{\nwidth:1200px;\n}\n<\/style>\n<div  class='hr av-z0u7sl-19d18cae0a99c2f06b5615cfbc0fd565 hr-custom  avia-builder-el-2  el_after_av_one_full  el_before_av_one_full  hr-center hr-icon-no'><span class='hr-inner inner-border-av-border-fat'><span class=\"hr-inner-style\"><\/span><\/span><\/div>\n\n<style type=\"text\/css\" data-created_by=\"avia_inline_auto\" id=\"style-css-av-y1kpmt-2afd6f49b8cf42149a2f9e1c086a31f0\">\n.flex_column.av-y1kpmt-2afd6f49b8cf42149a2f9e1c086a31f0{\nborder-radius:0px 0px 0px 0px;\npadding:0px 0px 0px 0px;\n}\n<\/style>\n<div  class='flex_column av-y1kpmt-2afd6f49b8cf42149a2f9e1c086a31f0 av_one_full  avia-builder-el-3  el_after_av_hr  avia-builder-el-last  first flex_column_div av-zero-column-padding  '     ><form action=\"https:\/\/www.canalfriends.com\/fr\/formulaire-conseils-gratuits-location\/\" method=\"post\" data-fields-with-error=\"Erreurs trouv\u00e9es dans les champs suivants :\" class=\"avia_ajax_form av-form-labels-visible   avia-builder-el-4  avia-builder-el-no-sibling   \" data-avia-form-id=\"1\" data-avia-redirect='' ><fieldset><p class='  first_form  form_element form_fullwidth' id='element_avia_1_1'><label for=\"avia_1_1\">A quelle date et combien de jours voudriez-vous naviguer ?  <abbr class=\"required\" title=\"requis(e)\">*<\/abbr><\/label> <input name=\"avia_1_1\" class=\"text_input is_empty\" type=\"text\" id=\"avia_1_1\" value=\"\" \/><\/p><p class='  first_form  form_element form_fullwidth' id='element_avia_2_1'><label for=\"avia_2_1\">Destination(s) recherch\u00e9es : Canal, rivi\u00e8re, r\u00e9gion <abbr class=\"required\" title=\"requis(e)\">*<\/abbr><\/label> <input name=\"avia_2_1\" class=\"text_input is_empty\" type=\"text\" id=\"avia_2_1\" value=\"\" \/><\/p><p class='  first_form  form_element form_element_half' id='element_avia_3_1'><label for=\"avia_3_1\">Nombre de personnes <abbr class=\"required\" title=\"requis(e)\">*<\/abbr><\/label> <input name=\"avia_3_1\" class=\"text_input is_empty\" type=\"text\" id=\"avia_3_1\" value=\"\" \/><\/p><p class='  form_element form_element_half' id='element_avia_4_1'><label for=\"avia_4_1\">Nombre d\u2019enfants et \u00e2ge : <abbr class=\"required\" title=\"requis(e)\">*<\/abbr><\/label> <input name=\"avia_4_1\" class=\"text_input is_empty\" type=\"text\" id=\"avia_4_1\" value=\"\" \/><\/p><p class='  first_form  form_element form_fullwidth' id='element_avia_5_1'><label for=\"avia_5_1\" class=\"textare_label hidden textare_label_avia_5_1\">Mobilit\u00e9 : pr\u00e9cisez les \u00e9ventuels probl\u00e8mes de mobilit\u00e9 de passagers pour nous permettre de trouver le bateau le plus adapt\u00e9 <abbr class=\"required\" title=\"requis(e)\">*<\/abbr><\/label><textarea  name=\"avia_5_1\" class=\"text_area is_empty\" cols=\"40\" rows=\"7\" id=\"avia_5_1\" ><\/textarea><\/p><p class='  first_form  form_element form_fullwidth' id='element_avia_6_1'><label for=\"avia_6_1\">Qu\u2019est ce qui est le plus important pour vous ?<\/label> <input name=\"avia_6_1\" class=\"text_input \" type=\"text\" id=\"avia_6_1\" value=\"\" \/><\/p><p class='  first_form  form_element form_fullwidth' id='element_avia_7_1'><input  name=\"avia_7_1\" class=\"input_checkbox \" type=\"checkbox\" id=\"avia_7_1\" value=\"true\"\/><label class=\"input_checkbox_label\" for=\"avia_7_1\">Niveau de confort \u00e9lev\u00e9 : salle de bain dans chaque cabine, double pilotage (int\u00e9rieur et ext\u00e9rieur)<\/label><\/p><p class='  first_form  form_element form_fullwidth' id='element_avia_8_1'><input  name=\"avia_8_1\" class=\"input_checkbox \" type=\"checkbox\" id=\"avia_8_1\" value=\"true\"\/><label class=\"input_checkbox_label\" for=\"avia_8_1\">Offre \u00e9conomique<\/label><\/p><p class='  first_form  form_element form_fullwidth' id='element_avia_9_1'><label for=\"avia_9_1\">Cochez les activit\u00e9s qui vous int\u00e9ressent le plus durant votre s\u00e9jour sur l\u2019eau (max 3)?<\/label> <input name=\"avia_9_1\" class=\"text_input \" type=\"text\" id=\"avia_9_1\" value=\"\" \/><\/p><p class='  first_form  form_element form_fullwidth' id='element_avia_10_1'><input  name=\"avia_10_1\" class=\"input_checkbox \" type=\"checkbox\" id=\"avia_10_1\" value=\"true\"\/><label class=\"input_checkbox_label\" for=\"avia_10_1\">Sports (excursions \u00e0 v\u00e9lo, \u00e0 pieds)<\/label><\/p><p class='  first_form  form_element form_fullwidth' id='element_avia_11_1'><input  name=\"avia_11_1\" class=\"input_checkbox \" type=\"checkbox\" id=\"avia_11_1\" value=\"true\"\/><label class=\"input_checkbox_label\" for=\"avia_11_1\">Nature<\/label><\/p><p class='  first_form  form_element form_fullwidth' id='element_avia_12_1'><input  name=\"avia_12_1\" class=\"input_checkbox \" type=\"checkbox\" id=\"avia_12_1\" value=\"true\"\/><label class=\"input_checkbox_label\" for=\"avia_12_1\">Gastronomie et oenologie<\/label><\/p><p class='  first_form  form_element form_fullwidth' id='element_avia_13_1'><input  name=\"avia_13_1\" class=\"input_checkbox \" type=\"checkbox\" id=\"avia_13_1\" value=\"true\"\/><label class=\"input_checkbox_label\" for=\"avia_13_1\">Patrimoine<\/label><\/p><p class='  first_form  form_element form_fullwidth' id='element_avia_14_1'><label for=\"avia_14_1\" class=\"textare_label hidden textare_label_avia_14_1\">Autres pr\u00e9cisions \u00e0 nous indiquer<\/label><textarea  name=\"avia_14_1\" class=\"text_area \" cols=\"40\" rows=\"7\" id=\"avia_14_1\" ><\/textarea><\/p><p class='  first_form  form_element form_element_third' id='element_avia_15_1'><label for=\"avia_15_1\">Pour vous contacter, merci de nous indiquer votre nom <abbr class=\"required\" title=\"requis(e)\">*<\/abbr><\/label> <input name=\"avia_15_1\" class=\"text_input is_empty\" type=\"text\" id=\"avia_15_1\" value=\"\" \/><\/p><p class='  form_element form_element_third' id='element_avia_16_1'><label for=\"avia_16_1\">Votre e-mail <abbr class=\"required\" title=\"requis(e)\">*<\/abbr><\/label> <input name=\"avia_16_1\" class=\"text_input is_email\" type=\"text\" id=\"avia_16_1\" value=\"\" \/><\/p><p class='  form_element form_element_third' id='element_avia_17_1'><label for=\"avia_17_1\">Votre t\u00e9l\u00e9phone (y compris code pays) <abbr class=\"required\" title=\"requis(e)\">*<\/abbr><\/label> <input name=\"avia_17_1\" class=\"text_input is_empty\" type=\"text\" id=\"avia_17_1\" value=\"\" \/><\/p><p class=\"hidden\"><input type=\"text\" name=\"avia_18_1\" class=\"hidden \" id=\"avia_18_1\" value=\"\" \/><\/p><p class='   form_element form_fullwidth' id='element_avia_19_1'><span class='value_verifier_label'>1 + 3 = ?<\/span><input name=\"avia_19_1_verifier\" type=\"hidden\" id=\"avia_19_1_verifier\" value=\"247864455\"\/><label for=\"avia_19_1\">Merci de prouver que vous \u00eates un humain en donnant le r\u00e9sultat de cette op\u00e9ration <abbr class=\"required\" title=\"requis(e)\">*<\/abbr><\/label><input name=\"avia_19_1\" class=\"text_input captcha\" type=\"text\" id=\"avia_19_1\" value=\"\"\/><\/p><p class=\"form_element \"><input type=\"hidden\" value=\"1\" name=\"avia_generated_form1\" \/><input type=\"submit\" value=\"Envoyer\" class=\"button\"  data-sending-label=\"Envoi\"\/><\/p><\/fieldset><\/form><div id=\"ajaxresponse_1\" class=\"ajaxresponse ajaxresponse_1 hidden\"><\/div><\/div>\n","protected":false},"excerpt":{"rendered":"","protected":false},"author":1,"featured_media":0,"parent":0,"menu_order":0,"comment_status":"closed","ping_status":"closed","template":"","meta":{"footnotes":""},"class_list":["post-5941","page","type-page","status-publish","hentry"],"jetpack_sharing_enabled":true,"_links":{"self":[{"href":"https:\/\/www.canalfriends.com\/fr\/wp-json\/wp\/v2\/pages\/5941","targetHints":{"allow":["GET"]}}],"collection":[{"href":"https:\/\/www.canalfriends.com\/fr\/wp-json\/wp\/v2\/pages"}],"about":[{"href":"https:\/\/www.canalfriends.com\/fr\/wp-json\/wp\/v2\/types\/page"}],"author":[{"embeddable":true,"href":"https:\/\/www.canalfriends.com\/fr\/wp-json\/wp\/v2\/users\/1"}],"replies":[{"embeddable":true,"href":"https:\/\/www.canalfriends.com\/fr\/wp-json\/wp\/v2\/comments?post=5941"}],"version-history":[{"count":2,"href":"https:\/\/www.canalfriends.com\/fr\/wp-json\/wp\/v2\/pages\/5941\/revisions"}],"predecessor-version":[{"id":14852,"href":"https:\/\/www.canalfriends.com\/fr\/wp-json\/wp\/v2\/pages\/5941\/revisions\/14852"}],"wp:attachment":[{"href":"https:\/\/www.canalfriends.com\/fr\/wp-json\/wp\/v2\/media?parent=5941"}],"curies":[{"name":"wp","href":"https:\/\/api.w.org\/{rel}","templated":true}]}}