{"id":5964,"date":"2016-01-28T19:56:12","date_gmt":"2016-01-28T18:56:12","guid":{"rendered":"http:\/\/www.canalfriends.com\/fr\/?page_id=5964"},"modified":"2023-02-07T13:08:30","modified_gmt":"2023-02-07T12:08:30","slug":"comment-ca-marche-2","status":"publish","type":"page","link":"https:\/\/www.canalfriends.com\/fr\/comment-ca-marche-2\/","title":{"rendered":"Comment \u00e7a marche d\u00e9tail"},"content":{"rendered":"\n<style type=\"text\/css\" data-created_by=\"avia_inline_auto\" id=\"style-css-av-jg33p8-55eabe58f58e832f9a07d5666325198e\">\n.flex_column.av-jg33p8-55eabe58f58e832f9a07d5666325198e{\nborder-radius:0px 0px 0px 0px;\npadding:0px 0px 0px 0px;\n}\n<\/style>\n<div  class='flex_column av-jg33p8-55eabe58f58e832f9a07d5666325198e av_one_full  avia-builder-el-0  el_before_av_hr  avia-builder-el-first  first flex_column_div av-zero-column-padding  '     ><style type=\"text\/css\" data-created_by=\"avia_inline_auto\" id=\"style-css-av-h21jcs-b1da41be69d17537a3fe3e4205d43a83\">\n#top .av-special-heading.av-h21jcs-b1da41be69d17537a3fe3e4205d43a83{\npadding-bottom:5px;\ncolor:#2d753a;\n}\nbody .av-special-heading.av-h21jcs-b1da41be69d17537a3fe3e4205d43a83 .av-special-heading-tag .heading-char{\nfont-size:25px;\n}\n.av-special-heading.av-h21jcs-b1da41be69d17537a3fe3e4205d43a83 .special-heading-inner-border{\nborder-color:#2d753a;\n}\n.av-special-heading.av-h21jcs-b1da41be69d17537a3fe3e4205d43a83 .av-subheading{\nfont-size:18px;\n}\n<\/style>\n<div  class='av-special-heading av-h21jcs-b1da41be69d17537a3fe3e4205d43a83 av-special-heading-h3 custom-color-heading blockquote modern-quote modern-centered  avia-builder-el-1  avia-builder-el-no-sibling '><h3 class='av-special-heading-tag '  itemprop=\"headline\"  >Comment \u00e7a marche ?<\/h3><div class=\"special-heading-border\"><div class=\"special-heading-inner-border\"><\/div><\/div><\/div><\/div>\n\n<style type=\"text\/css\" data-created_by=\"avia_inline_auto\" id=\"style-css-av-g47org-602388143f886e2c6011d79ee907ec64\">\n#top .hr.av-g47org-602388143f886e2c6011d79ee907ec64{\nmargin-top:10px;\nmargin-bottom:10px;\n}\n.hr.av-g47org-602388143f886e2c6011d79ee907ec64 .hr-inner{\nwidth:1200px;\nborder-color:#2d753a;\n}\n<\/style>\n<div  class='hr av-g47org-602388143f886e2c6011d79ee907ec64 hr-custom  avia-builder-el-2  el_after_av_one_full  el_before_av_tab_container  hr-center hr-icon-no'><span class='hr-inner inner-border-av-border-fat'><span class=\"hr-inner-style\"><\/span><\/span><\/div>\n<div  class='tabcontainer av-ldu77g9k-4083bb87f5f779d5eb842bf5a1413539 top_tab  avia-builder-el-3  el_after_av_hr  avia-builder-el-last '>\n<section class='av_tab_section av_tab_section av-av_tab-134d3fa6213789b1d65e9016da26fa34'  itemscope=\"itemscope\" itemtype=\"https:\/\/schema.org\/CreativeWork\" ><div id='tab-id-1-tab' class='tab active_tab' role='tab' aria-selected=\"true\" tabindex=\"0\" data-fake-id='#tab-id-1' aria-controls='tab-id-1-content'  itemprop=\"headline\" >BoatStop<\/div><div id='tab-id-1-content' class='tab_content active_tab_content' role='tabpanel' aria-labelledby='tab-id-1-tab' aria-hidden=\"false\"><div class='tab_inner_content invers-color'  itemprop=\"text\" ><p><strong>BOATSTOP<\/strong><\/p>\n<p>Le BoatStop de Canalfriends est un moyen de d\u00e9couvrir la navigation sur les voies d\u2019eau, dans un esprit du partage communautaire, en accompagnant les propri\u00e9taires de bateaux durant leur d\u00e9placement.<\/p>\n<p><strong>Vous \u00eates propri\u00e9taire d\u2019un bateau, pour proposer un BoatStop :<\/strong><\/p>\n<ol>\n<li>Inscrivez-vous sur le site Canalfriends.com<\/li>\n<li>V\u00e9rifiez que vous poss\u00e9dez une police d\u2019assurance vous permettant de proposer un BoatStop<\/li>\n<li>Diffusez votre annonce sur le site en cliquant sur ce lien : \u00a0<a href=\"http:\/\/www.canalfriends.com\/fr\/offre-boatstop\/\" target=\"_blank\" rel=\"noopener\">Offre BoatStop<\/a><\/li>\n<li>Pr\u00e9cisez au passager, d\u00e8s l\u2019annonce\u00a0et\u00a0avant que le passager monte \u00e0 bord les r\u00e8gles \u00e0 respecter et la contribution \u00e9ventuellement demand\u00e9e<\/li>\n<li>Vous pouvez refuser \u00e0 tout moment la mont\u00e9e \u00e0 bord, si vous consid\u00e9rez que cela peut g\u00e9n\u00e9rer un danger pour vous, pour le passager\u00a0ou pour votre bateau<\/li>\n<li>La\u00a0contribution\u00a0doit rester modique pour \u00eatre en phase avec l\u2019esprit collaboratif de\u00a0BoatStop\u00a0: la rencontre, le partage d\u2019exp\u00e9rience et de frais. A titre d\u2019illustration, cela peut \u00eatre une\u00a0participation aux repas, aux frais de fioul,\u2026<\/li>\n<li>R\u00e9pondez rapidement, aux questions re\u00e7ues par mail ou t\u00e9l\u00e9phone<\/li>\n<li>Assurez-vous que le(s) passager(s) a plus de 18 ans<\/li>\n<li>Transmettez toutes les pr\u00e9cisions n\u00e9cessaires (lieu, date et horaire exacts, tenue conseill\u00e9e, \u00e9quipement autoris\u00e9\/ v\u00e9los..)<\/li>\n<\/ol>\n<p><strong>Vous souhaitez d\u00e9couvrir la navigation avec le BoatStop :<\/strong><\/p>\n<ol>\n<li>Inscrivez-vous sur le site :<\/li>\n<li>S\u00e9lectionnez l\u2019annonce qui vous convient en cliquant sur ce lien :<\/li>\n<li>Contactez directement le propri\u00e9taire, demandez toute pr\u00e9cision utile.<\/li>\n<li>Engagez-vous aupr\u00e8s de lui \u00e0 respecter ses conditions de s\u00e9curit\u00e9 et de conduite \u00e0 bord<\/li>\n<li>Entendez-vous avec lui sur la forme de la contribution<\/li>\n<li>Soyez \u00e0 l&rsquo;heure au rendez-vous fix\u00e9 :\u00a0BoatStop n\u2019\u00e9tant pas une croisi\u00e8re, vous devez vous adapter \u00e0 son parcours, arr\u00eats et horaires.<\/li>\n<li>Donnez votre avis, une fois le trajet effectu\u00e9, sur le site<\/li>\n<\/ol>\n<p>Comme tout service innovant, le BoatStop est amen\u00e9 \u00e0 \u00e9voluer. N\u2019h\u00e9sitez pas \u00e0 nous transmettre\u00a0vos remarques et souhaits<\/p>\n<\/div><\/div><\/section>\n<section class='av_tab_section av_tab_section av-av_tab-0fe19038c18ebff54ad94a17384353dd'  itemscope=\"itemscope\" itemtype=\"https:\/\/schema.org\/CreativeWork\" ><div id='tab-id-2-tab' class='tab' role='tab' aria-selected=\"false\" tabindex=\"0\" data-fake-id='#tab-id-2' aria-controls='tab-id-2-content'  itemprop=\"headline\" >Conseils gratuits<\/div><div id='tab-id-2-content' class='tab_content' role='tabpanel' aria-labelledby='tab-id-2-tab' aria-hidden=\"true\"><div class='tab_inner_content invers-color'  itemprop=\"text\" ><p><strong>CONSEILS GRATUITS<\/strong><\/p>\n<ul>\n<li>Vous avez toujours r\u00eav\u00e9 de naviguer\u00a0en famille ou avec des amis mais vous ne savez pas quel circuit et quel bateau choisir pour profiter de cette exp\u00e9rience?<\/li>\n<li>Vous recherchez un lieu pour vos prochaines vacances o\u00f9 chacun de vous pourra exercer l&rsquo;activit\u00e9 qui lui plait?<\/li>\n<li>Vous voulez organiser un s\u00e9jour ludique, sportif ou culturel pour f\u00e9d\u00e9rer vos \u00e9quipes?<\/li>\n<li>Contactez-nous,\u00a0pr\u00e9cisez vos souhaits et vos contraintes (date, budget, &#8230;), nos conseils sont gratuits et sans engagement.<\/li>\n<\/ul>\n<\/div><\/div><\/section>\n<section class='av_tab_section av_tab_section av-av_tab-69c06738c7261daf949330f80aacec8b'  itemscope=\"itemscope\" itemtype=\"https:\/\/schema.org\/CreativeWork\" ><div id='tab-id-3-tab' class='tab' role='tab' aria-selected=\"false\" tabindex=\"0\" data-fake-id='#tab-id-3' aria-controls='tab-id-3-content'  itemprop=\"headline\" >Annonces<\/div><div id='tab-id-3-content' class='tab_content' role='tabpanel' aria-labelledby='tab-id-3-tab' aria-hidden=\"true\"><div class='tab_inner_content invers-color'  itemprop=\"text\" ><p><strong>ANNONCES<\/strong><\/p>\n<p>Canalfriends.com vous permet de publier ou de r\u00e9pondre \u00e0 une annonce pour une prestation ou un bien situ\u00e9\u00a0\u00a0\u00e0 moins de 10km d&rsquo;une rivi\u00e8re ou d&rsquo;un canal . Les annonces sont r\u00e9parties selon 4 groupes :<\/p>\n<ul>\n<li>H\u00e9bergement<\/li>\n<li>Activit\u00e9<\/li>\n<li>BoatStop<\/li>\n<li>Immobilier et bateaux<\/li>\n<\/ul>\n<p><u><\/u><strong>Comment publier une annonce<\/strong><\/p>\n<ol>\n<li>Cr\u00e9ez votre\u00a0compte sur le site Canalfriends.com<\/li>\n<li>Choisissez la cat\u00e9gorie qui correspond \u00e0 son annonce et quand il a le choix, la formule\u00a0souhait\u00e9e<\/li>\n<li>Compl\u00e9tez en ligne le formulaire correspondant<\/li>\n<li>Le site \u00e9tant bilingue (fran\u00e7ais, anglais), r\u00e9digez dans un premier temps votre annonce dans la langue souhait\u00e9e.<\/li>\n<li>Si vous souhaitez que l&rsquo;annonce soit publi\u00e9e dans les 2 langues, soit vous traduisez vous-m\u00eame votre annonce, soit nous pouvons la traduire selon les conditions pr\u00e9vues dans la rubrique\u00a0Tarif des annonces<\/li>\n<li>Acceptez les conditions g\u00e9n\u00e9rales d&rsquo;utilisation et de vente du site<\/li>\n<li>Si la formule choisie est payante, r\u00e9glez\u00a0selon le mode de paiement choisi\u00a0: PayPal, virement, ch\u00e8que.<\/li>\n<li>L&rsquo;annonce est publi\u00e9e, apr\u00e8s validation, sur le site pour la dur\u00e9e choisie, sauf si vous la\u00a0supprimez avant.<\/li>\n<li>Nous nous\u00a0 r\u00e9servons le droit de supprimer toute annonce qui ne respecterait pas les conditions g\u00e9n\u00e9rales d\u2019utilisation et de vente de canalfriends.com<\/li>\n<\/ol>\n<p>Il se peut que votre activit\u00e9 apparaisse d\u00e9j\u00e0 sur le site, pour reprendre la main et compl\u00e9ter l&rsquo;annonce :<\/p>\n<ol>\n<li>Cr\u00e9ez un compte<\/li>\n<li>Ouvrez l&rsquo;annonce correspondant et demandez\u00a0la reprise de gestion en cliquant sur &laquo;&nbsp;vous \u00eates le propri\u00e9taire\/associ\u00e9&nbsp;&raquo;<\/li>\n<li>Vous recevrez un mail dans les plus brefs d\u00e9lais vous donnant la main<\/li>\n<li>Modifiez si vous souhaitez la formule de votre annonce et compl\u00e9tez la tel que mentionn\u00e9 au paragraphe ci-dessus<\/li>\n<\/ol>\n<p>Si vous d\u00e9marrez une activit\u00e9 nouvelle, contactez-nous pour \u00e9tudier ensemble comment vous aider \u00e0 trouver rapidement votre public<\/p>\n<p><strong>Comment trouver une annonce<\/strong><\/p>\n<ol>\n<li>Cliquez sur la rubrique du site correspondante puis sur \u00ab\u00a0chercher\u00a0\u00bb.<\/li>\n<li>S\u00e9lectionnez l&rsquo;annonce qui vous int\u00e9resse<\/li>\n<li>Contactez l&rsquo;annonceur \u00e0 partir des coordonn\u00e9es mentionn\u00e9es dans son annonce<\/li>\n<li>R\u00e9servez et r\u00e9glez selon ses propres conditions, sans passer par le site<\/li>\n<\/ol>\n<p><strong>R\u00c8GLES DE PUBLICATION D&rsquo;UNE ANNONCE<\/strong><\/p>\n<ol>\n<li>Les annonces ne doivent concerner que des produits et des services dont la vente ou la location est l\u00e9gale et l\u2019annonceur autoris\u00e9 \u00e0 les proposer<\/li>\n<li>L\u2019annonceur doit souscrire, si n\u00e9cessaire, une police d\u2019assurance lui permettant de r\u00e9aliser les prestations telles que propos\u00e9es dans son annonce<\/li>\n<li>L\u2019annonce doit \u00eatre d\u00e9pos\u00e9e dans une cat\u00e9gorie correspondant au produit ou service propos\u00e9. En cas d\u2019erreur, RIVIERE DEVELOPPEMENT informera l\u2019annonceur du d\u00e9placement de son annonce dans la bonne cat\u00e9gorie et selon les conditions pr\u00e9cis\u00e9es dans la grille tarifaire.<\/li>\n<li>Le site \u00e9tant bilingue (fran\u00e7ais et anglais), une annonce ne peut \u00eatre r\u00e9dig\u00e9e qu\u2019en fran\u00e7ais ou en anglais\u00a0; aucune autre langue n\u2019est accept\u00e9e.\u00a0Une annonce peut \u00eatre traduite du fran\u00e7ais \u00e0 l\u2019anglais ou inversement, selon les conditions mentionn\u00e9es dans la grille tarifaire.<\/li>\n<li>Une m\u00eame annonce ne peut \u00eatre publi\u00e9e qu\u2019une seule fois.<\/li>\n<li>Une annonce ancienne doit \u00eatre supprim\u00e9e avant d\u2019en ins\u00e9rer\u00a0 une nouvelle relative au m\u00eame bien.<\/li>\n<li>Une annonce ne peut \u00eatre mise simultan\u00e9ment dans plusieurs cat\u00e9gories.<\/li>\n<li>Les annonceurs d\u2019offres d\u2019activit\u00e9s et d\u2019h\u00e9bergements sur plusieurs territoires peuvent contacter le site pour \u00e9tudier la meilleure fa\u00e7on de diffuser leur annonce<\/li>\n<li>Pour les annonces mentionnant des prix, ils doivent \u00eatre indiqu\u00e9s en euros toute taxe comprise (\u20ac TTC)<\/li>\n<li>Les professionnels et associations qui d\u00e9posent une annonce doivent mentionner leur num\u00e9ro SIREN<\/li>\n<\/ol>\n<\/div><\/div><\/section>\n<section class='av_tab_section av_tab_section av-av_tab-f9c77cf71a5332fc92daa50226db1300'  itemscope=\"itemscope\" itemtype=\"https:\/\/schema.org\/CreativeWork\" ><div id='tab-id-4-tab' class='tab' role='tab' aria-selected=\"false\" tabindex=\"0\" data-fake-id='#tab-id-4' aria-controls='tab-id-4-content'  itemprop=\"headline\" >Librairie fluviale<\/div><div id='tab-id-4-content' class='tab_content' role='tabpanel' aria-labelledby='tab-id-4-tab' aria-hidden=\"true\"><div class='tab_inner_content invers-color'  itemprop=\"text\" ><p><strong>Librairie fluviale<\/strong><\/p>\n<p>Vous n\u2019avez pas besoin de cr\u00e9er un compte pour acheter sur la\u00a0librairie fluviale :\u00a0vous achetez des produits de \u00a0partenaires sugg\u00e9r\u00e9s. Actuellement, il s\u2019agit d\u2019ouvrages sur les rivi\u00e8res et voies d\u2019eau vendus par Amazon<\/p>\n<ul>\n<li>Cliquez\u00a0sur le produit qui vous int\u00e9resse, pour \u00eatre\u00a0orient\u00e9 vers le site du partenaire.<\/li>\n<li>Les termes et conditions du partenaire s\u2019appliquent \u00e0 votre achat.<\/li>\n<\/ul>\n<\/div><\/div><\/section>\n<\/div>\n","protected":false},"excerpt":{"rendered":"","protected":false},"author":1,"featured_media":0,"parent":0,"menu_order":0,"comment_status":"closed","ping_status":"closed","template":"","meta":{"footnotes":""},"class_list":["post-5964","page","type-page","status-publish","hentry"],"jetpack_sharing_enabled":true,"_links":{"self":[{"href":"https:\/\/www.canalfriends.com\/fr\/wp-json\/wp\/v2\/pages\/5964","targetHints":{"allow":["GET"]}}],"collection":[{"href":"https:\/\/www.canalfriends.com\/fr\/wp-json\/wp\/v2\/pages"}],"about":[{"href":"https:\/\/www.canalfriends.com\/fr\/wp-json\/wp\/v2\/types\/page"}],"author":[{"embeddable":true,"href":"https:\/\/www.canalfriends.com\/fr\/wp-json\/wp\/v2\/users\/1"}],"replies":[{"embeddable":true,"href":"https:\/\/www.canalfriends.com\/fr\/wp-json\/wp\/v2\/comments?post=5964"}],"version-history":[{"count":3,"href":"https:\/\/www.canalfriends.com\/fr\/wp-json\/wp\/v2\/pages\/5964\/revisions"}],"predecessor-version":[{"id":23058,"href":"https:\/\/www.canalfriends.com\/fr\/wp-json\/wp\/v2\/pages\/5964\/revisions\/23058"}],"wp:attachment":[{"href":"https:\/\/www.canalfriends.com\/fr\/wp-json\/wp\/v2\/media?parent=5964"}],"curies":[{"name":"wp","href":"https:\/\/api.w.org\/{rel}","templated":true}]}}