{"id":5993,"date":"2016-01-29T00:45:37","date_gmt":"2016-01-28T23:45:37","guid":{"rendered":"http:\/\/www.canalfriends.com\/fr\/?page_id=5993"},"modified":"2025-05-29T10:46:29","modified_gmt":"2025-05-29T08:46:29","slug":"conditions-generales","status":"publish","type":"page","link":"https:\/\/www.canalfriends.com\/fr\/conditions-generales\/","title":{"rendered":"Conditions g\u00e9n\u00e9rales d\u2019utilisation et de vente"},"content":{"rendered":"\n<style type=\"text\/css\" data-created_by=\"avia_inline_auto\" id=\"style-css-av-15693t-9868962cefe53d324042f477b0405851\">\n.flex_column.av-15693t-9868962cefe53d324042f477b0405851{\nborder-radius:0px 0px 0px 0px;\npadding:0px 0px 0px 0px;\n}\n<\/style>\n<div  class='flex_column av-15693t-9868962cefe53d324042f477b0405851 av_one_full  avia-builder-el-0  el_before_av_one_full  avia-builder-el-first  first flex_column_div av-zero-column-padding  '     ><style type=\"text\/css\" data-created_by=\"avia_inline_auto\" id=\"style-css-av-8nc4a1-3f47986082e4bba7f00436124bcf378e\">\n#top .av-special-heading.av-8nc4a1-3f47986082e4bba7f00436124bcf378e{\npadding-bottom:1px;\n}\nbody .av-special-heading.av-8nc4a1-3f47986082e4bba7f00436124bcf378e .av-special-heading-tag .heading-char{\nfont-size:25px;\n}\n.av-special-heading.av-8nc4a1-3f47986082e4bba7f00436124bcf378e .av-subheading{\nfont-size:19px;\n}\n<\/style>\n<div  class='av-special-heading av-8nc4a1-3f47986082e4bba7f00436124bcf378e av-special-heading-h3 blockquote modern-quote modern-centered  avia-builder-el-1  avia-builder-el-no-sibling '><h3 class='av-special-heading-tag '  itemprop=\"headline\"  >Conditions g\u00e9n\u00e9rales d\u2019utilisation et de vente (CGU\/CGV)<\/h3><div class=\"special-heading-border\"><div class=\"special-heading-inner-border\"><\/div><\/div><\/div><\/div>\n<style type=\"text\/css\" data-created_by=\"avia_inline_auto\" id=\"style-css-av-868z7t-3840fd51dd57414dc4ce3bb38d62a26a\">\n.flex_column.av-868z7t-3840fd51dd57414dc4ce3bb38d62a26a{\nborder-radius:0px 0px 0px 0px;\npadding:0px 0px 0px 0px;\n}\n<\/style>\n<div  class='flex_column av-868z7t-3840fd51dd57414dc4ce3bb38d62a26a av_one_full  avia-builder-el-2  el_after_av_one_full  avia-builder-el-last  first flex_column_div av-zero-column-padding  column-top-margin'     ><section  class='av_textblock_section av-6cvda1-38b22cc2f471dfe6cf4f3002f25a9ea2 '   itemscope=\"itemscope\" itemtype=\"https:\/\/schema.org\/CreativeWork\" ><div class='avia_textblock av_inherit_color'  itemprop=\"text\" ><p><strong>\u00a0<\/strong><strong>Derni\u00e8re mise \u00e0 jour : 23.05.2025<\/strong><\/p>\n<p>Vous appr\u00e9ciez Canalfriends et vous avez envie de participer \u00e0 nos actions.<\/p>\n<p>Vous souhaitez mieux faire connaitre votre voie d&rsquo;eau, votre territoire, votre h\u00e9bergement, vos services ?<\/p>\n<p>Nos outils de communication en fran\u00e7ais et anglais (<a href=\"https:\/\/www.canalfriends.com\/fr\/\" target=\"_blank\" rel=\"noopener\">site internet<\/a>, <a href=\"https:\/\/guides.canalfriends.com\/\" target=\"_blank\" rel=\"noopener\">guides<\/a>\u00a0et <a href=\"https:\/\/blog.canalfriends.com\/\" target=\"_blank\" rel=\"noopener\">blog<\/a>) sont l\u00e0 pour montrer la richesse des territoires parcourus et identifier les adresses n\u00e9cessires \u00e0 la pr\u00e9paration de son voyage.<\/p>\n<p>Pr\u00e9cisez-nous vos attentes en utilisant le formulaire de contact pour que nous puissions vous proposer la meilleure fa\u00e7on d\u2019y r\u00e9pondre<\/p>\n<p>Formulaire de contact\u00a0: <a href=\"https:\/\/www.canalfriends.com\/fr\/contact\/\">https:\/\/www.canalfriends.com\/fr\/contact\/<\/a><\/p>\n<\/div><\/section><\/div><\/p>\n","protected":false},"excerpt":{"rendered":"","protected":false},"author":1,"featured_media":0,"parent":0,"menu_order":0,"comment_status":"closed","ping_status":"closed","template":"","meta":{"footnotes":""},"class_list":["post-5993","page","type-page","status-publish","hentry"],"jetpack_sharing_enabled":true,"_links":{"self":[{"href":"https:\/\/www.canalfriends.com\/fr\/wp-json\/wp\/v2\/pages\/5993","targetHints":{"allow":["GET"]}}],"collection":[{"href":"https:\/\/www.canalfriends.com\/fr\/wp-json\/wp\/v2\/pages"}],"about":[{"href":"https:\/\/www.canalfriends.com\/fr\/wp-json\/wp\/v2\/types\/page"}],"author":[{"embeddable":true,"href":"https:\/\/www.canalfriends.com\/fr\/wp-json\/wp\/v2\/users\/1"}],"replies":[{"embeddable":true,"href":"https:\/\/www.canalfriends.com\/fr\/wp-json\/wp\/v2\/comments?post=5993"}],"version-history":[{"count":13,"href":"https:\/\/www.canalfriends.com\/fr\/wp-json\/wp\/v2\/pages\/5993\/revisions"}],"predecessor-version":[{"id":23000,"href":"https:\/\/www.canalfriends.com\/fr\/wp-json\/wp\/v2\/pages\/5993\/revisions\/23000"}],"wp:attachment":[{"href":"https:\/\/www.canalfriends.com\/fr\/wp-json\/wp\/v2\/media?parent=5993"}],"curies":[{"name":"wp","href":"https:\/\/api.w.org\/{rel}","templated":true}]}}