{"id":6267,"date":"2016-02-11T15:51:32","date_gmt":"2016-02-11T14:51:32","guid":{"rendered":"http:\/\/www.canalfriends.com\/fr\/?page_id=6267"},"modified":"2020-08-01T10:49:10","modified_gmt":"2020-08-01T08:49:10","slug":"carte-voies-fluviales-francaises","status":"publish","type":"page","link":"https:\/\/www.canalfriends.com\/fr\/la-communite-canalfriends\/carte-voies-fluviales-francaises\/","title":{"rendered":"Carte voies fluviales francaises"},"content":{"rendered":"\n<style type=\"text\/css\" data-created_by=\"avia_inline_auto\" id=\"style-css-av-av_heading-93480164a5da1394e69325c15b968ad6\">\n#top .av-special-heading.av-av_heading-93480164a5da1394e69325c15b968ad6{\npadding-bottom:2px;\ncolor:#2d753a;\n}\nbody .av-special-heading.av-av_heading-93480164a5da1394e69325c15b968ad6 .av-special-heading-tag .heading-char{\nfont-size:25px;\n}\n.av-special-heading.av-av_heading-93480164a5da1394e69325c15b968ad6 .special-heading-inner-border{\nborder-color:#2d753a;\n}\n.av-special-heading.av-av_heading-93480164a5da1394e69325c15b968ad6 .av-subheading{\nfont-size:15px;\n}\n<\/style>\n<div  class='av-special-heading av-av_heading-93480164a5da1394e69325c15b968ad6 av-special-heading-h2 custom-color-heading blockquote modern-quote modern-centered  avia-builder-el-0  el_before_av_one_full  avia-builder-el-first '><h2 class='av-special-heading-tag '  itemprop=\"headline\"  >Canalfriends R\u00e9seau Navigable en France<\/h2><div class='av_custom_color av-subheading av-subheading_below'><p>Cliquez sur une voie pour conna\u00eetre son nom et ses caract\u00e9ristiques.<br \/>\nN&rsquo;h\u00e9sitez pas \u00e0 nous signaler d&rsquo;\u00e9ventuelles erreurs.<br \/>\nCertaines voies peuvent \u00eatre temporairement ferm\u00e9es; assurez vous de leur \u00e9tat lorsque vous pr\u00e9parez votre voyage<\/p>\n<\/div><div class=\"special-heading-border\"><div class=\"special-heading-inner-border\"><\/div><\/div><\/div>\n\n<style type=\"text\/css\" data-created_by=\"avia_inline_auto\" id=\"style-css-av-4ir6rf-de314b0748f99e5d8bf3079915dc1346\">\n.flex_column.av-4ir6rf-de314b0748f99e5d8bf3079915dc1346{\nborder-radius:0px 0px 0px 0px;\npadding:0px 0px 0px 0px;\n}\n<\/style>\n<div  class='flex_column av-4ir6rf-de314b0748f99e5d8bf3079915dc1346 av_one_full  avia-builder-el-1  el_after_av_heading  avia-builder-el-last  first flex_column_div av-zero-column-padding  '     ><section  class='av_textblock_section av-1tvymz-5d0263aa47efa0572bd5ba3f141b5c60 '   itemscope=\"itemscope\" itemtype=\"https:\/\/schema.org\/CreativeWork\" ><div class='avia_textblock'  itemprop=\"text\" ><p><iframe loading=\"lazy\" src=\"https:\/\/www.google.com\/maps\/d\/embed?mid=zsqLFpEKeI28.klKf4xQC2JBQ\" width=\"1500\" height=\"800\"><\/iframe><\/p>\n<\/div><\/section><\/div>\n","protected":false},"excerpt":{"rendered":"","protected":false},"author":1,"featured_media":0,"parent":5762,"menu_order":0,"comment_status":"closed","ping_status":"closed","template":"","meta":{"footnotes":""},"class_list":["post-6267","page","type-page","status-publish","hentry"],"jetpack_sharing_enabled":true,"_links":{"self":[{"href":"https:\/\/www.canalfriends.com\/fr\/wp-json\/wp\/v2\/pages\/6267","targetHints":{"allow":["GET"]}}],"collection":[{"href":"https:\/\/www.canalfriends.com\/fr\/wp-json\/wp\/v2\/pages"}],"about":[{"href":"https:\/\/www.canalfriends.com\/fr\/wp-json\/wp\/v2\/types\/page"}],"author":[{"embeddable":true,"href":"https:\/\/www.canalfriends.com\/fr\/wp-json\/wp\/v2\/users\/1"}],"replies":[{"embeddable":true,"href":"https:\/\/www.canalfriends.com\/fr\/wp-json\/wp\/v2\/comments?post=6267"}],"version-history":[{"count":2,"href":"https:\/\/www.canalfriends.com\/fr\/wp-json\/wp\/v2\/pages\/6267\/revisions"}],"predecessor-version":[{"id":20893,"href":"https:\/\/www.canalfriends.com\/fr\/wp-json\/wp\/v2\/pages\/6267\/revisions\/20893"}],"up":[{"embeddable":true,"href":"https:\/\/www.canalfriends.com\/fr\/wp-json\/wp\/v2\/pages\/5762"}],"wp:attachment":[{"href":"https:\/\/www.canalfriends.com\/fr\/wp-json\/wp\/v2\/media?parent=6267"}],"curies":[{"name":"wp","href":"https:\/\/api.w.org\/{rel}","templated":true}]}}