{"id":6268,"date":"2016-02-11T16:16:26","date_gmt":"2016-02-11T15:16:26","guid":{"rendered":"http:\/\/www.canalfriends.com\/fr\/?page_id=6268"},"modified":"2016-03-07T10:28:26","modified_gmt":"2016-03-07T09:28:26","slug":"dordogne-source-a-la-gironde","status":"publish","type":"page","link":"https:\/\/www.canalfriends.com\/fr\/dordogne-source-a-la-gironde\/","title":{"rendered":"Dordogne de sa source \u00e0 la Gironde"},"content":{"rendered":"\n<style type=\"text\/css\" data-created_by=\"avia_inline_auto\" id=\"style-css-av-av_one_full-9497bbf8bff73ea4c6992cc17fa9ec36\">\n.flex_column.av-av_one_full-9497bbf8bff73ea4c6992cc17fa9ec36{\nborder-radius:0px 0px 0px 0px;\npadding:0px 0px 0px 0px;\n}\n<\/style>\n<div  class='flex_column av-av_one_full-9497bbf8bff73ea4c6992cc17fa9ec36 av_one_full  avia-builder-el-0  el_before_av_hr  avia-builder-el-first  first flex_column_div av-zero-column-padding  '     ><style type=\"text\/css\" data-created_by=\"avia_inline_auto\" id=\"style-css-av-av_heading-d0d043fcfc2e9c11a7c84efcc84084bf\">\n#top .av-special-heading.av-av_heading-d0d043fcfc2e9c11a7c84efcc84084bf{\npadding-bottom:5px;\n}\nbody .av-special-heading.av-av_heading-d0d043fcfc2e9c11a7c84efcc84084bf .av-special-heading-tag .heading-char{\nfont-size:25px;\n}\n.av-special-heading.av-av_heading-d0d043fcfc2e9c11a7c84efcc84084bf .av-subheading{\nfont-size:15px;\n}\n<\/style>\n<div  class='av-special-heading av-av_heading-d0d043fcfc2e9c11a7c84efcc84084bf av-special-heading-h2 blockquote modern-quote modern-centered  avia-builder-el-1  avia-builder-el-no-sibling '><h2 class='av-special-heading-tag '  itemprop=\"headline\"  >Dordogne de sa source \u00e0 la Gironde <\/h2><div class=\"special-heading-border\"><div class=\"special-heading-inner-border\"><\/div><\/div><\/div><\/div>\n<style type=\"text\/css\" data-created_by=\"avia_inline_auto\" id=\"style-css-av-av_hr-53b705018c05ff9c3858fb91ce16bcf7\">\n#top .hr.av-av_hr-53b705018c05ff9c3858fb91ce16bcf7{\nmargin-top:3px;\nmargin-bottom:3px;\n}\n.hr.av-av_hr-53b705018c05ff9c3858fb91ce16bcf7 .hr-inner{\nwidth:1200px;\nborder-color:#2d753a;\n}\n<\/style>\n<div  class='hr av-av_hr-53b705018c05ff9c3858fb91ce16bcf7 hr-custom  avia-builder-el-2  el_after_av_one_full  el_before_av_two_fifth  hr-center hr-icon-no'><span class='hr-inner inner-border-av-border-fat'><span class=\"hr-inner-style\"><\/span><\/span><\/div><\/p>\n\n<style type=\"text\/css\" data-created_by=\"avia_inline_auto\" id=\"style-css-av-av_two_fifth-40e04e59702ace7aa4422b20c9839dbe\">\n.flex_column.av-av_two_fifth-40e04e59702ace7aa4422b20c9839dbe{\nborder-radius:0px 0px 0px 0px;\npadding:0px 0px 0px 0px;\n}\n<\/style>\n<div  class='flex_column av-av_two_fifth-40e04e59702ace7aa4422b20c9839dbe av_two_fifth  avia-builder-el-3  el_after_av_hr  el_before_av_three_fifth  first flex_column_div av-zero-column-padding  '     ><style type=\"text\/css\" data-created_by=\"avia_inline_auto\" id=\"style-css-av-av_textblock-a46e63d3243520f360b66d40f943954f\">\n#top .av_textblock_section.av-av_textblock-a46e63d3243520f360b66d40f943954f .avia_textblock{\nfont-size:14px;\n}\n<\/style>\n<section  class='av_textblock_section av-av_textblock-a46e63d3243520f360b66d40f943954f '   itemscope=\"itemscope\" itemtype=\"https:\/\/schema.org\/CreativeWork\" ><div class='avia_textblock'  itemprop=\"text\" ><p style=\"text-align: justify;\"><strong>La Dordogne s&rsquo;\u00e9tend sur 483 km du Puy de Sancy (Puy de D\u00f4me) au Bec d&rsquo;Amb\u00e8s (Gironde).\u00a0<\/strong><\/p>\n<p style=\"text-align: justify;\"><strong>Form\u00e9e de 2 torrents (La Dore et la Dogne), elle conflue avec la Garonne au niveau de\u00a0l&rsquo;Estuaire de la Gironde. \u00a0<\/strong><strong>Bien que longuement utilis\u00e9e pour le transport de marchandises de toutes sortes, elle est maintenant navigable de l&rsquo;aval de Bergerac \u00e0 l&rsquo;estuaire : paquebots, jusqu&rsquo;\u00e0 Libourne, gabarres et bateaux motoris\u00e9s. En amont, elle est principalement utilis\u00e9e pour des barques de p\u00e9cheurs et des cano\u00ebs.<\/strong><\/p>\n<ul>\n<li style=\"text-align: justify;\"><strong>Cliquez\u00a0sur les \u00e9toiles violettes, pour rep\u00e9rer des sites d&rsquo;int\u00e9r\u00eat patrimoniaux (Ch\u00e2teaux, villages&#8230;..). N&rsquo;h\u00e9sitez pas \u00e0 nous signaler des oublis.<\/strong><\/li>\n<\/ul>\n<ul>\n<li style=\"text-align: justify;\"><strong>Retrouvez des adresses d&rsquo;h\u00e9bergements, d&rsquo;activit\u00e9s et d&rsquo;\u00e9v\u00e9nements autour de la Dordogne dans les rubriques correspondantes de notre site.<\/strong><\/li>\n<\/ul>\n<\/div><\/section><\/div>\n\n<style type=\"text\/css\" data-created_by=\"avia_inline_auto\" id=\"style-css-av-av_three_fifth-9c1d454dc06f7247226bc4e8f931daae\">\n.flex_column.av-av_three_fifth-9c1d454dc06f7247226bc4e8f931daae{\nborder-radius:0px 0px 0px 0px;\npadding:0px 0px 0px 0px;\n}\n<\/style>\n<div  class='flex_column av-av_three_fifth-9c1d454dc06f7247226bc4e8f931daae av_three_fifth  avia-builder-el-5  el_after_av_two_fifth  avia-builder-el-last  flex_column_div av-zero-column-padding  '     ><section  class='av_textblock_section av-av_textblock-0366cc7376be6c9e82a3e9cc8987b64f '   itemscope=\"itemscope\" itemtype=\"https:\/\/schema.org\/CreativeWork\" ><div class='avia_textblock'  itemprop=\"text\" ><p><iframe loading=\"lazy\" src=\"https:\/\/www.google.com\/maps\/d\/embed?mid=zsqLFpEKeI28.ktnZiC4vi4zQ\" width=\"1500\" height=\"800\"><\/iframe><\/p>\n<\/div><\/section><\/div>\n","protected":false},"excerpt":{"rendered":"","protected":false},"author":1,"featured_media":0,"parent":0,"menu_order":0,"comment_status":"closed","ping_status":"closed","template":"","meta":{"footnotes":""},"class_list":["post-6268","page","type-page","status-publish","hentry"],"jetpack_sharing_enabled":true,"_links":{"self":[{"href":"https:\/\/www.canalfriends.com\/fr\/wp-json\/wp\/v2\/pages\/6268","targetHints":{"allow":["GET"]}}],"collection":[{"href":"https:\/\/www.canalfriends.com\/fr\/wp-json\/wp\/v2\/pages"}],"about":[{"href":"https:\/\/www.canalfriends.com\/fr\/wp-json\/wp\/v2\/types\/page"}],"author":[{"embeddable":true,"href":"https:\/\/www.canalfriends.com\/fr\/wp-json\/wp\/v2\/users\/1"}],"replies":[{"embeddable":true,"href":"https:\/\/www.canalfriends.com\/fr\/wp-json\/wp\/v2\/comments?post=6268"}],"version-history":[{"count":2,"href":"https:\/\/www.canalfriends.com\/fr\/wp-json\/wp\/v2\/pages\/6268\/revisions"}],"predecessor-version":[{"id":22503,"href":"https:\/\/www.canalfriends.com\/fr\/wp-json\/wp\/v2\/pages\/6268\/revisions\/22503"}],"wp:attachment":[{"href":"https:\/\/www.canalfriends.com\/fr\/wp-json\/wp\/v2\/media?parent=6268"}],"curies":[{"name":"wp","href":"https:\/\/api.w.org\/{rel}","templated":true}]}}