{"id":6519,"date":"2016-02-21T21:34:27","date_gmt":"2016-02-21T20:34:27","guid":{"rendered":"http:\/\/www.canalfriends.com\/fr\/?page_id=6519"},"modified":"2025-05-26T12:00:16","modified_gmt":"2025-05-26T10:00:16","slug":"mentions-legales","status":"publish","type":"page","link":"https:\/\/www.canalfriends.com\/fr\/mentions-legales\/","title":{"rendered":"Mentions L\u00e9gales"},"content":{"rendered":"\n<style type=\"text\/css\" data-created_by=\"avia_inline_auto\" id=\"style-css-av-4oco1j-d8a4baba753dbb0e3e00bcf9a3e4328e\">\n.flex_column.av-4oco1j-d8a4baba753dbb0e3e00bcf9a3e4328e{\nborder-radius:0px 0px 0px 0px;\npadding:0px 0px 0px 0px;\n}\n<\/style>\n<div  class='flex_column av-4oco1j-d8a4baba753dbb0e3e00bcf9a3e4328e av_one_full  avia-builder-el-0  avia-builder-el-no-sibling  first flex_column_div av-zero-column-padding  '     ><section  class='av_textblock_section av-2qq8k7-6b3010aebb72e55931b14c029e512e9f '   itemscope=\"itemscope\" itemtype=\"https:\/\/schema.org\/CreativeWork\" ><div class='avia_textblock'  itemprop=\"text\" ><p>Le site Canalfriends.com (<a href=\"https:\/\/www.canalfriends.com\/fr\/\">https:\/\/www.canalfriends.com\/fr\/<\/a>) et ses sous-sites, son blog Canalfriends (<a href=\"https:\/\/blog.canalfriends.com\/\">https:\/\/blog.canalfriends.com\/)<\/a> et le site de ses guides Canalfriends\u00a0 (<a href=\"https:\/\/guides.canalfriends.com\/\">https:\/\/guides.canalfriends.com\/)<\/a> sont \u00e9dit\u00e9s par la soci\u00e9t\u00e9 RIVIERE DEVELOPPEMENT<\/p>\n<p>RIVIERE DEVELOPPEMENT<\/p>\n<ul>\n<li>EURL au capital de 1000\u20ac<\/li>\n<li>Domicili\u00e9e 1151 c\u00f4te de Lacarrerasse 47310 Sainte Colombe en Bruilhois.<\/li>\n<li>T\u00e9l\u00e9phone\u00a0: +33(0)5.53.96.72.50<\/li>\n<li>Immatricul\u00e9e au R.C.S d\u2019Agen : 797 427 739 000 17<\/li>\n<li>N\u00b0 d\u2019assujettissement \u00e0 la TVA intracommunautaire : FR 68 797 427739.<\/li>\n<li>Repr\u00e9sentante l\u00e9gale : Nathalie Le Proux de La Rivi\u00e8re<\/li>\n<li>Directrice de la publication : Nathalie Le Proux de La Rivi\u00e8re<\/li>\n<li>N\u00b0 de la d\u00e9claration obtenue aupr\u00e8s de la CNIL : 1855201 v 0<\/li>\n<li>Personne responsable du traitement : Nathalie Le Proux de La Rivi\u00e8re<\/li>\n<\/ul>\n<p>Adresse de r\u00e9clamation pour faire valoir vos droits :<\/p>\n<ul>\n<li>Adresse postale : Rivi\u00e8re D\u00e9veloppement, 1151 c\u00f4te de Lacarrerasse 47310 Sainte Colombe en Bruilhois<\/li>\n<li>Section du site web : <a href=\"https:\/\/www.canalfriends.com\/fr\/contact\/\">https:\/\/www.canalfriends.com\/fr\/contact\/<\/a><\/li>\n<\/ul>\n<p>H\u00e9bergeur\u00a0:<\/p>\n<ul>\n<li>IONOS SARL au capital de 100 000\u20ac<\/li>\n<li>Domicili\u00e9e 7 place de la Gare BP 70109 \u2013 57201 Sarreguemines Cedex<\/li>\n<li>Immatricul\u00e9e au RCS Sarreguemines : B 431 303 775 000 16<\/li>\n<li>Code APE : 6201Z<\/li>\n<li>Site : \u00a0<a href=\"https:\/\/www.ionos.fr\/\">https:\/\/www.ionos.fr\/<\/a><\/li>\n<li>T\u00e9l\u00e9phone : 0970 808 911<\/li>\n<li>Mail : info@ionos.fr<\/li>\n<\/ul>\n<\/div><\/section><\/div>\n","protected":false},"excerpt":{"rendered":"","protected":false},"author":8,"featured_media":0,"parent":0,"menu_order":0,"comment_status":"closed","ping_status":"closed","template":"","meta":{"footnotes":""},"class_list":["post-6519","page","type-page","status-publish","hentry"],"jetpack_sharing_enabled":true,"_links":{"self":[{"href":"https:\/\/www.canalfriends.com\/fr\/wp-json\/wp\/v2\/pages\/6519","targetHints":{"allow":["GET"]}}],"collection":[{"href":"https:\/\/www.canalfriends.com\/fr\/wp-json\/wp\/v2\/pages"}],"about":[{"href":"https:\/\/www.canalfriends.com\/fr\/wp-json\/wp\/v2\/types\/page"}],"author":[{"embeddable":true,"href":"https:\/\/www.canalfriends.com\/fr\/wp-json\/wp\/v2\/users\/8"}],"replies":[{"embeddable":true,"href":"https:\/\/www.canalfriends.com\/fr\/wp-json\/wp\/v2\/comments?post=6519"}],"version-history":[{"count":4,"href":"https:\/\/www.canalfriends.com\/fr\/wp-json\/wp\/v2\/pages\/6519\/revisions"}],"predecessor-version":[{"id":22981,"href":"https:\/\/www.canalfriends.com\/fr\/wp-json\/wp\/v2\/pages\/6519\/revisions\/22981"}],"wp:attachment":[{"href":"https:\/\/www.canalfriends.com\/fr\/wp-json\/wp\/v2\/media?parent=6519"}],"curies":[{"name":"wp","href":"https:\/\/api.w.org\/{rel}","templated":true}]}}