{"id":7356,"date":"2016-03-25T10:10:58","date_gmt":"2016-03-25T09:10:58","guid":{"rendered":"http:\/\/www.canalfriends.com\/fr\/?page_id=7356"},"modified":"2018-04-05T10:02:09","modified_gmt":"2018-04-05T08:02:09","slug":"conseils-gratuits-pour-location-bateau","status":"publish","type":"page","link":"https:\/\/www.canalfriends.com\/fr\/conseils-gratuits-pour-location-bateau\/","title":{"rendered":"Conseils : location de bateaux"},"content":{"rendered":"\n<style type=\"text\/css\" data-created_by=\"avia_inline_auto\" id=\"style-css-av-av_one_full-9497bbf8bff73ea4c6992cc17fa9ec36\">\n.flex_column.av-av_one_full-9497bbf8bff73ea4c6992cc17fa9ec36{\nborder-radius:0px 0px 0px 0px;\npadding:0px 0px 0px 0px;\n}\n<\/style>\n<div  class='flex_column av-av_one_full-9497bbf8bff73ea4c6992cc17fa9ec36 av_one_full  avia-builder-el-0  el_before_av_section  avia-builder-el-no-sibling  first flex_column_div av-zero-column-padding  '     ><style type=\"text\/css\" data-created_by=\"avia_inline_auto\" id=\"style-css-av-av_heading-dd1df23f316b26762e34429ac2704724\">\n#top .av-special-heading.av-av_heading-dd1df23f316b26762e34429ac2704724{\npadding-bottom:3px;\ncolor:#277534;\n}\nbody .av-special-heading.av-av_heading-dd1df23f316b26762e34429ac2704724 .av-special-heading-tag .heading-char{\nfont-size:25px;\n}\n.av-special-heading.av-av_heading-dd1df23f316b26762e34429ac2704724 .special-heading-inner-border{\nborder-color:#277534;\n}\n.av-special-heading.av-av_heading-dd1df23f316b26762e34429ac2704724 .av-subheading{\nfont-size:17px;\n}\n<\/style>\n<div  class='av-special-heading av-av_heading-dd1df23f316b26762e34429ac2704724 av-special-heading-h2 custom-color-heading blockquote modern-quote modern-centered  avia-builder-el-1  avia-builder-el-no-sibling '><h2 class='av-special-heading-tag '  itemprop=\"headline\"  >Aide \u00e0 la recherche de votre bateau de location sans permis<\/h2><div class=\"special-heading-border\"><div class=\"special-heading-inner-border\"><\/div><\/div><\/div><\/div>\n<\/div><\/div><\/div><!-- close content main div --><\/div><\/div>\n<style type=\"text\/css\" data-created_by=\"avia_inline_auto\" id=\"style-css-av-av_section-0b3e61111a9699c3c5c6d53f43b50933\">\n.avia-section.av-av_section-0b3e61111a9699c3c5c6d53f43b50933{\nbackground-color:#f3f3f3;\nbackground-image:unset;\n}\n<\/style>\n<div id='av_section_1'  class='avia-section av-av_section-0b3e61111a9699c3c5c6d53f43b50933 main_color avia-section-default avia-no-shadow  avia-builder-el-2  el_after_av_one_full  avia-builder-el-last  avia-bg-style-scroll container_wrap fullsize'  ><div class='container av-section-cont-open' ><div class='template-page content  av-content-full alpha units'><div class='post-entry post-entry-type-page post-entry-7356'><div class='entry-content-wrapper clearfix'>\n\n<style type=\"text\/css\" data-created_by=\"avia_inline_auto\" id=\"style-css-av-av_one_half-9497bbf8bff73ea4c6992cc17fa9ec36\">\n.flex_column.av-av_one_half-9497bbf8bff73ea4c6992cc17fa9ec36{\nborder-radius:0px 0px 0px 0px;\npadding:0px 0px 0px 0px;\n}\n<\/style>\n<div  class='flex_column av-av_one_half-9497bbf8bff73ea4c6992cc17fa9ec36 av_one_half  avia-builder-el-3  el_before_av_one_fourth  avia-builder-el-first  first flex_column_div av-zero-column-padding  '     ><p>\n<style type=\"text\/css\" data-created_by=\"avia_inline_auto\" id=\"style-css-av-av_textblock-36b0a219bd0cee081933b2b82b87d7da\">\n#top .av_textblock_section.av-av_textblock-36b0a219bd0cee081933b2b82b87d7da .avia_textblock{\ncolor:#2d753a;\n}\n<\/style>\n<section  class='av_textblock_section av-av_textblock-36b0a219bd0cee081933b2b82b87d7da '   itemscope=\"itemscope\" itemtype=\"https:\/\/schema.org\/CreativeWork\" ><div class='avia_textblock av_inherit_color'  itemprop=\"text\" ><p><strong>Vous r\u00eavez de louer un bateau sans permis, pour une croisi\u00e8re en famille ou entre\u00a0amis\u2026<\/strong><\/p>\n<p><strong>Vous avez du mal \u00e0 trouver l\u2019offre qui r\u00e9ponde \u00e0 vos envies. Canalfriends f\u00e9d\u00e8re les plus grandes compagnies de location pr\u00e9sentes sur l&rsquo;ensemble du territoire fran\u00e7ais et \u00e0 l&rsquo;\u00e9tranger . \u00a0<\/strong><\/p>\n<p><strong>Pr\u00e9cisez-nous dans le\u00a0\u00a0formulaire ci-joint, vos crit\u00e8res les plus importants, afin de recevoir des offres qui correspondent \u00e0 vos attentes.<\/strong><\/p>\n<\/div><\/section><br \/>\n<div  class='hr av-av_hr-dcd2069817a0e3d34ae04cad8f3443c7 hr-default  avia-builder-el-5  el_after_av_textblock  el_before_av_button '><span class='hr-inner '><span class=\"hr-inner-style\"><\/span><\/span><\/div><br \/>\n<div  class='avia-button-wrap av-av_button-f27e7bfa29c503576d037bcc203c2a8e-wrap avia-button-center  avia-builder-el-6  el_after_av_hr  avia-builder-el-last '><a href='https:\/\/www.canalfriends.com\/fr\/formulaire-conseils-gratuits-location\/'  class='avia-button av-av_button-f27e7bfa29c503576d037bcc203c2a8e av-link-btn avia-icon_select-yes-left-icon avia-size-x-large avia-position-center avia-color-blue'  target=\"_blank\"  rel=\"noopener noreferrer\"  aria-label=\"Formulaire location de bateaux sans permis\"><span class='avia_button_icon avia_button_icon_left avia-iconfont avia-font-entypo-fontello' data-av_icon='\ue81f' data-av_iconfont='entypo-fontello' ><\/span><span class='avia_iconbox_title' >Formulaire location de bateaux sans permis<\/span><\/a><\/div><\/p><\/div>\n<style type=\"text\/css\" data-created_by=\"avia_inline_auto\" id=\"style-css-av-av_one_fourth-9c1d454dc06f7247226bc4e8f931daae\">\n.flex_column.av-av_one_fourth-9c1d454dc06f7247226bc4e8f931daae{\nborder-radius:0px 0px 0px 0px;\npadding:0px 0px 0px 0px;\n}\n<\/style>\n<div  class='flex_column av-av_one_fourth-9c1d454dc06f7247226bc4e8f931daae av_one_fourth  avia-builder-el-7  el_after_av_one_half  el_before_av_one_fourth  flex_column_div av-zero-column-padding  '     ><style type=\"text\/css\" data-created_by=\"avia_inline_auto\" id=\"style-css-av-av_textblock-624a3361c2a1e546fe8b22cbd724f286\">\n#top .av_textblock_section.av-av_textblock-624a3361c2a1e546fe8b22cbd724f286 .avia_textblock{\ncolor:#2d753a;\n}\n<\/style>\n<section  class='av_textblock_section av-av_textblock-624a3361c2a1e546fe8b22cbd724f286 '   itemscope=\"itemscope\" itemtype=\"https:\/\/schema.org\/CreativeWork\" ><div class='avia_textblock av_inherit_color'  itemprop=\"text\" ><p style=\"text-align: center;\"><a href=\"http:\/\/planning.f2p.net\/adaptations\/fppNouv\/reserver.php?num=&amp;lg=fr&amp;codeTrack=canalfriends\" target=\"_blank\" rel=\"noopener\">Les Canalous<\/a><\/p>\n<\/div><\/section><br \/>\n\n<style type=\"text\/css\" data-created_by=\"avia_inline_auto\" id=\"style-css-av-av_image-eb974be284c2676f8bd416428d7f764e\">\n.avia-image-container.av-av_image-eb974be284c2676f8bd416428d7f764e img.avia_image{\nbox-shadow:none;\n}\n.avia-image-container.av-av_image-eb974be284c2676f8bd416428d7f764e .av-image-caption-overlay-center{\ncolor:#ffffff;\n}\n<\/style>\n<div  class='avia-image-container av-av_image-eb974be284c2676f8bd416428d7f764e av-styling- av-hover-grow av-img-linked avia-align-center  avia-builder-el-9  el_after_av_textblock  el_before_av_textblock '   itemprop=\"image\" itemscope=\"itemscope\" itemtype=\"https:\/\/schema.org\/ImageObject\" ><div class=\"avia-image-container-inner\"><div class=\"avia-image-overlay-wrap\"><a href=\"http:\/\/planning.f2p.net\/adaptations\/fppNouv\/reserver.php?num=&amp;lg=fr&amp;codeTrack=canalfriends\" class='avia_image '  target=\"_blank\"  rel=\"noopener noreferrer\" aria-label='canalous canal midi canalfriends pm'><img decoding=\"async\" fetchpriority=\"high\" class='wp-image-9489 avia-img-lazy-loading-not-9489 avia_image ' src=\"https:\/\/i0.wp.com\/www.canalfriends.com\/wp-content\/uploads\/2016\/03\/canalous-canal-midi-canalfriends-pm.jpg?fit=469%2C352&ssl=1\" alt='location bateau sans permis, canal du midi, navigation' title='canalous canal midi canalfriends pm'  height=\"352\" width=\"469\"  itemprop=\"thumbnailUrl\" srcset=\"https:\/\/i0.wp.com\/www.canalfriends.com\/wp-content\/uploads\/2016\/03\/canalous-canal-midi-canalfriends-pm.jpg?w=600&amp;ssl=1 600w, https:\/\/i0.wp.com\/www.canalfriends.com\/wp-content\/uploads\/2016\/03\/canalous-canal-midi-canalfriends-pm.jpg?resize=80%2C60&amp;ssl=1 80w, https:\/\/i0.wp.com\/www.canalfriends.com\/wp-content\/uploads\/2016\/03\/canalous-canal-midi-canalfriends-pm.jpg?resize=496%2C372&amp;ssl=1 496w, https:\/\/i0.wp.com\/www.canalfriends.com\/wp-content\/uploads\/2016\/03\/canalous-canal-midi-canalfriends-pm.jpg?resize=533%2C400&amp;ssl=1 533w, https:\/\/i0.wp.com\/www.canalfriends.com\/wp-content\/uploads\/2016\/03\/canalous-canal-midi-canalfriends-pm.jpg?resize=450%2C338&amp;ssl=1 450w\" sizes=\"(max-width: 469px) 100vw, 469px\" \/><\/a><\/div><\/div><\/div><br \/>\n\n<style type=\"text\/css\" data-created_by=\"avia_inline_auto\" id=\"style-css-av-av_textblock-624a3361c2a1e546fe8b22cbd724f286\">\n#top .av_textblock_section.av-av_textblock-624a3361c2a1e546fe8b22cbd724f286 .avia_textblock{\ncolor:#2d753a;\n}\n<\/style>\n<section  class='av_textblock_section av-av_textblock-624a3361c2a1e546fe8b22cbd724f286 '   itemscope=\"itemscope\" itemtype=\"https:\/\/schema.org\/CreativeWork\" ><div class='avia_textblock av_inherit_color'  itemprop=\"text\" ><p style=\"text-align: center;\"><a href=\"http:\/\/www.locaboat.com\/fr\/reservation-anticipee.html?utm_source=canal-friends&amp;utm_medium=Referral&amp;utm_campaign=partenariat-fr\" target=\"_blank\" rel=\"noopener\">Locaboat<\/a><\/p>\n<\/div><\/section><br \/>\n\n<style type=\"text\/css\" data-created_by=\"avia_inline_auto\" id=\"style-css-av-av_image-94232e5c238c5fb193e1766ce5d54a23\">\n.avia-image-container.av-av_image-94232e5c238c5fb193e1766ce5d54a23 img.avia_image{\nbox-shadow:none;\n}\n.avia-image-container.av-av_image-94232e5c238c5fb193e1766ce5d54a23 .av-image-caption-overlay-center{\ncolor:#ffffff;\n}\n<\/style>\n<div  class='avia-image-container av-av_image-94232e5c238c5fb193e1766ce5d54a23 av-styling- av-hover-grow av-img-linked avia-align-center  avia-builder-el-11  el_after_av_textblock  avia-builder-el-last '   itemprop=\"image\" itemscope=\"itemscope\" itemtype=\"https:\/\/schema.org\/ImageObject\" ><div class=\"avia-image-container-inner\"><div class=\"avia-image-overlay-wrap\"><a href=\"http:\/\/www.locaboat.com\/fr\/reservation-anticipee.html?utm_source=canal-friends&amp;utm_medium=Referral&amp;utm_campaign=partenariat-fr\" class='avia_image '  target=\"_blank\"  rel=\"noopener noreferrer\" aria-label='Location bateau sans permis Locaboat Canalfriends'><img decoding=\"async\" fetchpriority=\"high\" class='wp-image-9490 avia-img-lazy-loading-not-9490 avia_image ' src=\"https:\/\/i0.wp.com\/www.canalfriends.com\/wp-content\/uploads\/2016\/03\/pic-Loca-baise.jpg?fit=469%2C352&ssl=1\" alt='' title='Location bateau sans permis Locaboat Canalfriends'  height=\"352\" width=\"469\"  itemprop=\"thumbnailUrl\" srcset=\"https:\/\/i0.wp.com\/www.canalfriends.com\/wp-content\/uploads\/2016\/03\/pic-Loca-baise.jpg?w=600&amp;ssl=1 600w, https:\/\/i0.wp.com\/www.canalfriends.com\/wp-content\/uploads\/2016\/03\/pic-Loca-baise.jpg?resize=80%2C60&amp;ssl=1 80w, https:\/\/i0.wp.com\/www.canalfriends.com\/wp-content\/uploads\/2016\/03\/pic-Loca-baise.jpg?resize=496%2C372&amp;ssl=1 496w, https:\/\/i0.wp.com\/www.canalfriends.com\/wp-content\/uploads\/2016\/03\/pic-Loca-baise.jpg?resize=533%2C400&amp;ssl=1 533w, https:\/\/i0.wp.com\/www.canalfriends.com\/wp-content\/uploads\/2016\/03\/pic-Loca-baise.jpg?resize=450%2C338&amp;ssl=1 450w\" sizes=\"(max-width: 469px) 100vw, 469px\" \/><\/a><\/div><\/div><\/div><\/p><\/div>\n<style type=\"text\/css\" data-created_by=\"avia_inline_auto\" id=\"style-css-av-av_one_fourth-9c1d454dc06f7247226bc4e8f931daae\">\n.flex_column.av-av_one_fourth-9c1d454dc06f7247226bc4e8f931daae{\nborder-radius:0px 0px 0px 0px;\npadding:0px 0px 0px 0px;\n}\n<\/style>\n<div  class='flex_column av-av_one_fourth-9c1d454dc06f7247226bc4e8f931daae av_one_fourth  avia-builder-el-12  el_after_av_one_fourth  avia-builder-el-last  flex_column_div av-zero-column-padding  '     ><style type=\"text\/css\" data-created_by=\"avia_inline_auto\" id=\"style-css-av-av_textblock-624a3361c2a1e546fe8b22cbd724f286\">\n#top .av_textblock_section.av-av_textblock-624a3361c2a1e546fe8b22cbd724f286 .avia_textblock{\ncolor:#2d753a;\n}\n<\/style>\n<section  class='av_textblock_section av-av_textblock-624a3361c2a1e546fe8b22cbd724f286 '   itemscope=\"itemscope\" itemtype=\"https:\/\/schema.org\/CreativeWork\" ><div class='avia_textblock av_inherit_color'  itemprop=\"text\" ><p style=\"text-align: center;\"><a href=\"http:\/\/www.leboat.fr\/?agent=canalfriends\" target=\"_blank\" rel=\"noopener\">Le Boat<\/a><\/p>\n<\/div><\/section><br \/>\n\n<style type=\"text\/css\" data-created_by=\"avia_inline_auto\" id=\"style-css-av-av_image-ec8449b18332f524945ed33aab09a865\">\n.avia-image-container.av-av_image-ec8449b18332f524945ed33aab09a865 img.avia_image{\nbox-shadow:none;\n}\n.avia-image-container.av-av_image-ec8449b18332f524945ed33aab09a865 .av-image-caption-overlay-center{\ncolor:#ffffff;\n}\n<\/style>\n<div  class='avia-image-container av-av_image-ec8449b18332f524945ed33aab09a865 av-styling- av-hover-grow av-img-linked avia-align-center  avia-builder-el-14  el_after_av_textblock  el_before_av_textblock '   itemprop=\"image\" itemscope=\"itemscope\" itemtype=\"https:\/\/schema.org\/ImageObject\" ><div class=\"avia-image-container-inner\"><div class=\"avia-image-overlay-wrap\"><a href=\"http:\/\/www.leboat.fr\/?agent=canalfriends\" class='avia_image '  target=\"_blank\"  rel=\"noopener noreferrer\" aria-label='Location de bateau leboat canalfriends'><img decoding=\"async\" fetchpriority=\"high\" class='wp-image-9492 avia-img-lazy-loading-not-9492 avia_image ' src=\"https:\/\/i0.wp.com\/www.canalfriends.com\/wp-content\/uploads\/2016\/03\/Le-boat-location-de-bateaux-canalfriends-pm.jpg?fit=469%2C352&ssl=1\" alt='location de bateau sans permis, canalfriends, canal du midi, canal de garonne' title='Location de bateau leboat canalfriends'  height=\"352\" width=\"469\"  itemprop=\"thumbnailUrl\" srcset=\"https:\/\/i0.wp.com\/www.canalfriends.com\/wp-content\/uploads\/2016\/03\/Le-boat-location-de-bateaux-canalfriends-pm.jpg?w=600&amp;ssl=1 600w, https:\/\/i0.wp.com\/www.canalfriends.com\/wp-content\/uploads\/2016\/03\/Le-boat-location-de-bateaux-canalfriends-pm.jpg?resize=80%2C60&amp;ssl=1 80w, https:\/\/i0.wp.com\/www.canalfriends.com\/wp-content\/uploads\/2016\/03\/Le-boat-location-de-bateaux-canalfriends-pm.jpg?resize=496%2C372&amp;ssl=1 496w, https:\/\/i0.wp.com\/www.canalfriends.com\/wp-content\/uploads\/2016\/03\/Le-boat-location-de-bateaux-canalfriends-pm.jpg?resize=533%2C400&amp;ssl=1 533w, https:\/\/i0.wp.com\/www.canalfriends.com\/wp-content\/uploads\/2016\/03\/Le-boat-location-de-bateaux-canalfriends-pm.jpg?resize=450%2C338&amp;ssl=1 450w\" sizes=\"(max-width: 469px) 100vw, 469px\" \/><\/a><\/div><\/div><\/div><br \/>\n\n<style type=\"text\/css\" data-created_by=\"avia_inline_auto\" id=\"style-css-av-av_textblock-624a3361c2a1e546fe8b22cbd724f286\">\n#top .av_textblock_section.av-av_textblock-624a3361c2a1e546fe8b22cbd724f286 .avia_textblock{\ncolor:#2d753a;\n}\n<\/style>\n<section  class='av_textblock_section av-av_textblock-624a3361c2a1e546fe8b22cbd724f286 '   itemscope=\"itemscope\" itemtype=\"https:\/\/schema.org\/CreativeWork\" ><div class='avia_textblock av_inherit_color'  itemprop=\"text\" ><p style=\"text-align: center;\"><a href=\"http:\/\/www.nicols.com\/?idag=38\" target=\"_blank\" rel=\"noopener\">Nicols<\/a><\/p>\n<\/div><\/section><br \/>\n\n<style type=\"text\/css\" data-created_by=\"avia_inline_auto\" id=\"style-css-av-av_image-94294f8e3e0abbf242eda5a8480842fc\">\n.avia-image-container.av-av_image-94294f8e3e0abbf242eda5a8480842fc img.avia_image{\nbox-shadow:none;\n}\n.avia-image-container.av-av_image-94294f8e3e0abbf242eda5a8480842fc .av-image-caption-overlay-center{\ncolor:#ffffff;\n}\n<\/style>\n<div  class='avia-image-container av-av_image-94294f8e3e0abbf242eda5a8480842fc av-styling- av-hover-grow av-img-linked avia-align-center  avia-builder-el-16  el_after_av_textblock  avia-builder-el-last '   itemprop=\"image\" itemscope=\"itemscope\" itemtype=\"https:\/\/schema.org\/ImageObject\" ><div class=\"avia-image-container-inner\"><div class=\"avia-image-overlay-wrap\"><a href=\"http:\/\/www.nicols.com\/?idag=38\" class='avia_image '  target=\"_blank\"  rel=\"noopener noreferrer\" aria-label='Location de bateau canal du Midi Nicols Canalfriends'><img decoding=\"async\" fetchpriority=\"high\" class='wp-image-9184 avia-img-lazy-loading-not-9184 avia_image ' src=\"https:\/\/i0.wp.com\/www.canalfriends.com\/wp-content\/uploads\/2016\/11\/Nicols-Canal-du-Midi-Canalfriends-pm.jpg?fit=469%2C352&ssl=1\" alt='location bateau sans permis, navigation, canal du midi, lot, canal de garonne, canal de briare, baise, fluvial' title='Location de bateau canal du Midi Nicols Canalfriends'  height=\"352\" width=\"469\"  itemprop=\"thumbnailUrl\" srcset=\"https:\/\/i0.wp.com\/www.canalfriends.com\/wp-content\/uploads\/2016\/11\/Nicols-Canal-du-Midi-Canalfriends-pm.jpg?w=600&amp;ssl=1 600w, https:\/\/i0.wp.com\/www.canalfriends.com\/wp-content\/uploads\/2016\/11\/Nicols-Canal-du-Midi-Canalfriends-pm.jpg?resize=80%2C60&amp;ssl=1 80w, https:\/\/i0.wp.com\/www.canalfriends.com\/wp-content\/uploads\/2016\/11\/Nicols-Canal-du-Midi-Canalfriends-pm.jpg?resize=496%2C372&amp;ssl=1 496w, https:\/\/i0.wp.com\/www.canalfriends.com\/wp-content\/uploads\/2016\/11\/Nicols-Canal-du-Midi-Canalfriends-pm.jpg?resize=533%2C400&amp;ssl=1 533w, https:\/\/i0.wp.com\/www.canalfriends.com\/wp-content\/uploads\/2016\/11\/Nicols-Canal-du-Midi-Canalfriends-pm.jpg?resize=450%2C338&amp;ssl=1 450w\" sizes=\"(max-width: 469px) 100vw, 469px\" \/><\/a><\/div><\/div><\/div><\/p><\/div>\n","protected":false},"excerpt":{"rendered":"","protected":false},"author":8,"featured_media":0,"parent":0,"menu_order":0,"comment_status":"closed","ping_status":"closed","template":"","meta":{"footnotes":""},"class_list":["post-7356","page","type-page","status-publish","hentry"],"jetpack_sharing_enabled":true,"_links":{"self":[{"href":"https:\/\/www.canalfriends.com\/fr\/wp-json\/wp\/v2\/pages\/7356","targetHints":{"allow":["GET"]}}],"collection":[{"href":"https:\/\/www.canalfriends.com\/fr\/wp-json\/wp\/v2\/pages"}],"about":[{"href":"https:\/\/www.canalfriends.com\/fr\/wp-json\/wp\/v2\/types\/page"}],"author":[{"embeddable":true,"href":"https:\/\/www.canalfriends.com\/fr\/wp-json\/wp\/v2\/users\/8"}],"replies":[{"embeddable":true,"href":"https:\/\/www.canalfriends.com\/fr\/wp-json\/wp\/v2\/comments?post=7356"}],"version-history":[{"count":1,"href":"https:\/\/www.canalfriends.com\/fr\/wp-json\/wp\/v2\/pages\/7356\/revisions"}],"predecessor-version":[{"id":14290,"href":"https:\/\/www.canalfriends.com\/fr\/wp-json\/wp\/v2\/pages\/7356\/revisions\/14290"}],"wp:attachment":[{"href":"https:\/\/www.canalfriends.com\/fr\/wp-json\/wp\/v2\/media?parent=7356"}],"curies":[{"name":"wp","href":"https:\/\/api.w.org\/{rel}","templated":true}]}}