{"id":7607,"date":"2016-04-15T01:22:03","date_gmt":"2016-04-14T23:22:03","guid":{"rendered":"http:\/\/www.canalfriends.com\/fr\/?page_id=7607"},"modified":"2016-07-16T10:00:23","modified_gmt":"2016-07-16T08:00:23","slug":"mobile-events","status":"publish","type":"page","link":"https:\/\/www.canalfriends.com\/fr\/mobile-events\/","title":{"rendered":"Ev\u00e9nements itin\u00e9rants"},"content":{"rendered":"\n<style type=\"text\/css\" data-created_by=\"avia_inline_auto\" id=\"style-css-av-av_one_full-9497bbf8bff73ea4c6992cc17fa9ec36\">\n.flex_column.av-av_one_full-9497bbf8bff73ea4c6992cc17fa9ec36{\nborder-radius:0px 0px 0px 0px;\npadding:0px 0px 0px 0px;\n}\n<\/style>\n<div  class='flex_column av-av_one_full-9497bbf8bff73ea4c6992cc17fa9ec36 av_one_full  avia-builder-el-0  el_before_av_section  avia-builder-el-no-sibling  first flex_column_div av-zero-column-padding  '     ><style type=\"text\/css\" data-created_by=\"avia_inline_auto\" id=\"style-css-av-av_heading-e54fe68a87b3f0bbaf95577fd7004ec5\">\n#top .av-special-heading.av-av_heading-e54fe68a87b3f0bbaf95577fd7004ec5{\npadding-bottom:3px;\ncolor:#277534;\n}\nbody .av-special-heading.av-av_heading-e54fe68a87b3f0bbaf95577fd7004ec5 .av-special-heading-tag .heading-char{\nfont-size:25px;\n}\n.av-special-heading.av-av_heading-e54fe68a87b3f0bbaf95577fd7004ec5 .special-heading-inner-border{\nborder-color:#277534;\n}\n.av-special-heading.av-av_heading-e54fe68a87b3f0bbaf95577fd7004ec5 .av-subheading{\nfont-size:17px;\n}\n<\/style>\n<div  class='av-special-heading av-av_heading-e54fe68a87b3f0bbaf95577fd7004ec5 av-special-heading-h2 custom-color-heading blockquote modern-quote modern-centered  avia-builder-el-1  avia-builder-el-no-sibling '><h2 class='av-special-heading-tag '  itemprop=\"headline\"  >Suivez ou participez \u00e0 un \u00e9v\u00e9nement itin\u00e9rant au fil de l\u2019eau<\/h2><div class=\"special-heading-border\"><div class=\"special-heading-inner-border\"><\/div><\/div><\/div><\/div><\/div><\/div><\/div><!-- close content main div --><\/div><\/div>\n<style type=\"text\/css\" data-created_by=\"avia_inline_auto\" id=\"style-css-av-av_section-0b3e61111a9699c3c5c6d53f43b50933\">\n.avia-section.av-av_section-0b3e61111a9699c3c5c6d53f43b50933{\nbackground-color:#f3f3f3;\nbackground-image:unset;\n}\n<\/style>\n<div id='av_section_1'  class='avia-section av-av_section-0b3e61111a9699c3c5c6d53f43b50933 main_color avia-section-default avia-no-shadow  avia-builder-el-2  el_after_av_one_full  avia-builder-el-last  avia-bg-style-scroll container_wrap fullsize'  ><div class='container av-section-cont-open' ><div class='template-page content  av-content-full alpha units'><div class='post-entry post-entry-type-page post-entry-7607'><div class='entry-content-wrapper clearfix'>\n\n<style type=\"text\/css\" data-created_by=\"avia_inline_auto\" id=\"style-css-av-av_one_full-9497bbf8bff73ea4c6992cc17fa9ec36\">\n.flex_column.av-av_one_full-9497bbf8bff73ea4c6992cc17fa9ec36{\nborder-radius:0px 0px 0px 0px;\npadding:0px 0px 0px 0px;\n}\n<\/style>\n<div  class='flex_column av-av_one_full-9497bbf8bff73ea4c6992cc17fa9ec36 av_one_full  avia-builder-el-3  el_before_av_one_fifth  avia-builder-el-first  first flex_column_div av-zero-column-padding  '     ><style type=\"text\/css\" data-created_by=\"avia_inline_auto\" id=\"style-css-av-av_textblock-624a3361c2a1e546fe8b22cbd724f286\">\n#top .av_textblock_section.av-av_textblock-624a3361c2a1e546fe8b22cbd724f286 .avia_textblock{\ncolor:#2d753a;\n}\n<\/style>\n<section  class='av_textblock_section av-av_textblock-624a3361c2a1e546fe8b22cbd724f286 '   itemscope=\"itemscope\" itemtype=\"https:\/\/schema.org\/CreativeWork\" ><div class='avia_textblock av_inherit_color'  itemprop=\"text\" ><p>Canalfriends \u00a0vous\u00a0aide \u00e0 trouver h\u00e9bergements et moyens de d\u00e9placement \u00a0(bateaux ou v\u00e9los de location,&#8230;) et \u00e0 rep\u00e9rer les activit\u00e9s propos\u00e9es\u00a0tout au\u00a0long de votre voyage.<\/p>\n<p>Vous voyagez seul(e) et vous \u00eates int\u00e9ress\u00e9(e) \u00e0 &laquo;&nbsp;co-louer&nbsp;&raquo; un bateau sans permis pour suivre l&rsquo;\u00e9v\u00e9nement?\u00a0<a href=\"http:\/\/www.canalfriends.com\/fr\/contact\/\">Contactez-nous<\/a>, pour \u00eatre en\u00a0relation avec d&rsquo;autres personnes int\u00e9ress\u00e9es.<\/p>\n<\/div><\/section><\/div>\n<style type=\"text\/css\" data-created_by=\"avia_inline_auto\" id=\"style-css-av-av_one_fifth-9497bbf8bff73ea4c6992cc17fa9ec36\">\n.flex_column.av-av_one_fifth-9497bbf8bff73ea4c6992cc17fa9ec36{\nborder-radius:0px 0px 0px 0px;\npadding:0px 0px 0px 0px;\n}\n<\/style>\n<div  class='flex_column av-av_one_fifth-9497bbf8bff73ea4c6992cc17fa9ec36 av_one_fifth  avia-builder-el-5  el_after_av_one_full  el_before_av_one_fifth  first flex_column_div av-zero-column-padding  column-top-margin'     ><p>\n<style type=\"text\/css\" data-created_by=\"avia_inline_auto\" id=\"style-css-av-av_image-ec3ddef08b270907aa08cf02074d1971\">\n.avia-image-container.av-av_image-ec3ddef08b270907aa08cf02074d1971 img.avia_image{\nbox-shadow:none;\n}\n.avia-image-container.av-av_image-ec3ddef08b270907aa08cf02074d1971 .av-image-caption-overlay-center{\ncolor:#ffffff;\n}\n<\/style>\n<div  class='avia-image-container av-av_image-ec3ddef08b270907aa08cf02074d1971 av-styling- av-img-linked avia-align-center  avia-builder-el-6  el_before_av_textblock  avia-builder-el-first '   itemprop=\"image\" itemscope=\"itemscope\" itemtype=\"https:\/\/schema.org\/ImageObject\" ><div class=\"avia-image-container-inner\"><div class=\"avia-image-overlay-wrap\"><a href=\"http:\/\/www.canalfriends.com\/fr\/harpe-in-bag\/\" class='avia_image '  ><img data-recalc-dims=\"1\" height=\"400\" width=\"283\" decoding=\"async\" fetchpriority=\"high\" class='wp-image- avia-img-lazy-loading-not- avia_image ' src=\"https:\/\/i0.wp.com\/www.canalfriends.com\/wp-content\/uploads\/2016\/07\/8146_FLYERHIB-MAIL-283x400.jpg?resize=283%2C400\" alt='' title=''   itemprop=\"thumbnailUrl\"  \/><\/a><\/div><\/div><\/div><br \/>\n<section  class='av_textblock_section av-av_textblock-0366cc7376be6c9e82a3e9cc8987b64f '   itemscope=\"itemscope\" itemtype=\"https:\/\/schema.org\/CreativeWork\" ><div class='avia_textblock'  itemprop=\"text\" ><p><a href=\"http:\/\/www.canalfriends.com\/fr\/harpe-in-bag\/\">11 au 23\u00a0juillet : Harpe on the canal : mini tourn\u00e9e Harpinbag le long du canal de Garonne<\/a><\/p>\n<\/div><\/section><\/p><\/div>\n<style type=\"text\/css\" data-created_by=\"avia_inline_auto\" id=\"style-css-av-av_one_fifth-9c1d454dc06f7247226bc4e8f931daae\">\n.flex_column.av-av_one_fifth-9c1d454dc06f7247226bc4e8f931daae{\nborder-radius:0px 0px 0px 0px;\npadding:0px 0px 0px 0px;\n}\n<\/style>\n<div  class='flex_column av-av_one_fifth-9c1d454dc06f7247226bc4e8f931daae av_one_fifth  avia-builder-el-8  el_after_av_one_fifth  el_before_av_one_fifth  flex_column_div av-zero-column-padding  column-top-margin'     ><p>\n<style type=\"text\/css\" data-created_by=\"avia_inline_auto\" id=\"style-css-av-av_image-eba9f843ac4d652c655fd78add2688af\">\n.avia-image-container.av-av_image-eba9f843ac4d652c655fd78add2688af img.avia_image{\nbox-shadow:none;\n}\n.avia-image-container.av-av_image-eba9f843ac4d652c655fd78add2688af .av-image-caption-overlay-center{\ncolor:#ffffff;\n}\n<\/style>\n<div  class='avia-image-container av-av_image-eba9f843ac4d652c655fd78add2688af av-styling- av-img-linked avia-align-center  avia-builder-el-9  el_before_av_textblock  avia-builder-el-first '   itemprop=\"image\" itemscope=\"itemscope\" itemtype=\"https:\/\/schema.org\/ImageObject\" ><div class=\"avia-image-container-inner\"><div class=\"avia-image-overlay-wrap\"><a href=\"http:\/\/www.canalfriends.com\/fr\/remontee-du-canal-de-nantes-brest-aulne-oubliee\/\" class='avia_image '  aria-label='peniche-de-vrouwe'><img decoding=\"async\" fetchpriority=\"high\" class='wp-image-7737 avia-img-lazy-loading-not-7737 avia_image ' src=\"https:\/\/i0.wp.com\/www.canalfriends.com\/wp-content\/uploads\/2016\/05\/7686_peniche-de-vrouwe.jpg?fit=469%2C352&ssl=1\" alt='' title='peniche-de-vrouwe'  height=\"352\" width=\"469\"  itemprop=\"thumbnailUrl\" srcset=\"https:\/\/i0.wp.com\/www.canalfriends.com\/wp-content\/uploads\/2016\/05\/7686_peniche-de-vrouwe.jpg?w=533&amp;ssl=1 533w, https:\/\/i0.wp.com\/www.canalfriends.com\/wp-content\/uploads\/2016\/05\/7686_peniche-de-vrouwe.jpg?resize=80%2C60&amp;ssl=1 80w, https:\/\/i0.wp.com\/www.canalfriends.com\/wp-content\/uploads\/2016\/05\/7686_peniche-de-vrouwe.jpg?resize=496%2C372&amp;ssl=1 496w, https:\/\/i0.wp.com\/www.canalfriends.com\/wp-content\/uploads\/2016\/05\/7686_peniche-de-vrouwe.jpg?resize=450%2C338&amp;ssl=1 450w\" sizes=\"(max-width: 469px) 100vw, 469px\" \/><\/a><\/div><\/div><\/div><br \/>\n<section  class='av_textblock_section av-av_textblock-0366cc7376be6c9e82a3e9cc8987b64f '   itemscope=\"itemscope\" itemtype=\"https:\/\/schema.org\/CreativeWork\" ><div class='avia_textblock'  itemprop=\"text\" ><p><a href=\"http:\/\/www.canalfriends.com\/fr\/remontee-du-canal-de-nantes-brest-aulne-oubliee\/\">26 juillet \/ 3 ao\u00fbt : Remont\u00e9e de l&rsquo;Aulne oubli\u00e9e &#8211; canal de Nantes \u00e0 Brest avec \u00e9quipage de 2 bateaux hollandais<\/a><\/p>\n<\/div><\/section><\/p><\/div>\n<style type=\"text\/css\" data-created_by=\"avia_inline_auto\" id=\"style-css-av-av_one_fifth-9c1d454dc06f7247226bc4e8f931daae\">\n.flex_column.av-av_one_fifth-9c1d454dc06f7247226bc4e8f931daae{\nborder-radius:0px 0px 0px 0px;\npadding:0px 0px 0px 0px;\n}\n<\/style>\n<div  class='flex_column av-av_one_fifth-9c1d454dc06f7247226bc4e8f931daae av_one_fifth  avia-builder-el-11  el_after_av_one_fifth  el_before_av_one_fifth  flex_column_div av-zero-column-padding  column-top-margin'     ><p>\n<style type=\"text\/css\" data-created_by=\"avia_inline_auto\" id=\"style-css-av-av_image-917e052b6237da1bb3178ab94b82c2fd\">\n.avia-image-container.av-av_image-917e052b6237da1bb3178ab94b82c2fd img.avia_image{\nbox-shadow:none;\n}\n.avia-image-container.av-av_image-917e052b6237da1bb3178ab94b82c2fd .av-image-caption-overlay-center{\ncolor:#ffffff;\n}\n<\/style>\n<div  class='avia-image-container av-av_image-917e052b6237da1bb3178ab94b82c2fd av-styling- av-hover-grow av-img-linked avia-align-center  avia-builder-el-12  el_before_av_textblock  avia-builder-el-first '   itemprop=\"image\" itemscope=\"itemscope\" itemtype=\"https:\/\/schema.org\/ImageObject\" ><div class=\"avia-image-container-inner\"><div class=\"avia-image-overlay-wrap\"><a href=\"http:\/\/www.canalfriends.com\/fr\/kaizoku-cinebateau\/\" class='avia_image '  aria-label='canalfriends.com Kaizoku'><img decoding=\"async\" fetchpriority=\"high\" class='wp-image-7915 avia-img-lazy-loading-not-7915 avia_image ' src=\"https:\/\/i0.wp.com\/www.canalfriends.com\/wp-content\/uploads\/2016\/04\/canalfriends.com-Kaizoku.jpg?fit=469%2C352&ssl=1\" alt='canalfriends.com Kaizoku' title='canalfriends.com Kaizoku'  height=\"352\" width=\"469\"  itemprop=\"thumbnailUrl\" srcset=\"https:\/\/i0.wp.com\/www.canalfriends.com\/wp-content\/uploads\/2016\/04\/canalfriends.com-Kaizoku.jpg?w=600&amp;ssl=1 600w, https:\/\/i0.wp.com\/www.canalfriends.com\/wp-content\/uploads\/2016\/04\/canalfriends.com-Kaizoku.jpg?resize=80%2C60&amp;ssl=1 80w, https:\/\/i0.wp.com\/www.canalfriends.com\/wp-content\/uploads\/2016\/04\/canalfriends.com-Kaizoku.jpg?resize=496%2C372&amp;ssl=1 496w, https:\/\/i0.wp.com\/www.canalfriends.com\/wp-content\/uploads\/2016\/04\/canalfriends.com-Kaizoku.jpg?resize=533%2C400&amp;ssl=1 533w, https:\/\/i0.wp.com\/www.canalfriends.com\/wp-content\/uploads\/2016\/04\/canalfriends.com-Kaizoku.jpg?resize=450%2C338&amp;ssl=1 450w\" sizes=\"(max-width: 469px) 100vw, 469px\" \/><\/a><\/div><\/div><\/div><br \/>\n\n<style type=\"text\/css\" data-created_by=\"avia_inline_auto\" id=\"style-css-av-av_textblock-624a3361c2a1e546fe8b22cbd724f286\">\n#top .av_textblock_section.av-av_textblock-624a3361c2a1e546fe8b22cbd724f286 .avia_textblock{\ncolor:#2d753a;\n}\n<\/style>\n<section  class='av_textblock_section av-av_textblock-624a3361c2a1e546fe8b22cbd724f286 '   itemscope=\"itemscope\" itemtype=\"https:\/\/schema.org\/CreativeWork\" ><div class='avia_textblock av_inherit_color'  itemprop=\"text\" ><p><a href=\"http:\/\/www.canalfriends.com\/fr\/kaizoku-cinebateau\/\">5 juillet\/4 ao\u00fbt : Cin\u00e9ma fluvial de plein air Bordeaux \u00e0 Toulouse, avec l&rsquo;association Ka\u00efzoku &#8211; canal de Garonne et Ba\u00efse<\/a><\/p>\n<\/div><\/section><\/p><\/div>\n<style type=\"text\/css\" data-created_by=\"avia_inline_auto\" id=\"style-css-av-av_one_fifth-9c1d454dc06f7247226bc4e8f931daae\">\n.flex_column.av-av_one_fifth-9c1d454dc06f7247226bc4e8f931daae{\nborder-radius:0px 0px 0px 0px;\npadding:0px 0px 0px 0px;\n}\n<\/style>\n<div  class='flex_column av-av_one_fifth-9c1d454dc06f7247226bc4e8f931daae av_one_fifth  avia-builder-el-14  el_after_av_one_fifth  el_before_av_one_fifth  flex_column_div av-zero-column-padding  column-top-margin'     ><p>\n<style type=\"text\/css\" data-created_by=\"avia_inline_auto\" id=\"style-css-av-av_image-d9dadce091358f3d7e6e342e576ffff3\">\n.avia-image-container.av-av_image-d9dadce091358f3d7e6e342e576ffff3 img.avia_image{\nbox-shadow:none;\n}\n.avia-image-container.av-av_image-d9dadce091358f3d7e6e342e576ffff3 .av-image-caption-overlay-center{\ncolor:#ffffff;\n}\n<\/style>\n<div  class='avia-image-container av-av_image-d9dadce091358f3d7e6e342e576ffff3 av-styling- av-img-linked avia-align-center  avia-builder-el-15  el_before_av_textblock  avia-builder-el-first '   itemprop=\"image\" itemscope=\"itemscope\" itemtype=\"https:\/\/schema.org\/ImageObject\" ><div class=\"avia-image-container-inner\"><div class=\"avia-image-overlay-wrap\"><a href=\"http:\/\/www.canalfriends.com\/fr\/le-festival-convivencia-fete-ses-20-ans-du-30-juin-au-4-aout\/\" class='avia_image '  aria-label='canalfriends'><img decoding=\"async\" fetchpriority=\"high\" class='wp-image-7914 avia-img-lazy-loading-not-7914 avia_image ' src=\"https:\/\/i0.wp.com\/www.canalfriends.com\/wp-content\/uploads\/2016\/05\/7585_canalfriends.com-convivencia-bateau.jpg?fit=469%2C352&ssl=1\" alt='Canalfriends.com boatstop, location bateaux, v\u00e9lo, canaux et rivieres boat rental, accommodation, canals &amp; rivers' title='canalfriends'  height=\"352\" width=\"469\"  itemprop=\"thumbnailUrl\" srcset=\"https:\/\/i0.wp.com\/www.canalfriends.com\/wp-content\/uploads\/2016\/05\/7585_canalfriends.com-convivencia-bateau.jpg?w=533&amp;ssl=1 533w, https:\/\/i0.wp.com\/www.canalfriends.com\/wp-content\/uploads\/2016\/05\/7585_canalfriends.com-convivencia-bateau.jpg?resize=80%2C60&amp;ssl=1 80w, https:\/\/i0.wp.com\/www.canalfriends.com\/wp-content\/uploads\/2016\/05\/7585_canalfriends.com-convivencia-bateau.jpg?resize=496%2C372&amp;ssl=1 496w, https:\/\/i0.wp.com\/www.canalfriends.com\/wp-content\/uploads\/2016\/05\/7585_canalfriends.com-convivencia-bateau.jpg?resize=450%2C338&amp;ssl=1 450w\" sizes=\"(max-width: 469px) 100vw, 469px\" \/><\/a><\/div><\/div><\/div><br \/>\n\n<style type=\"text\/css\" data-created_by=\"avia_inline_auto\" id=\"style-css-av-av_textblock-624a3361c2a1e546fe8b22cbd724f286\">\n#top .av_textblock_section.av-av_textblock-624a3361c2a1e546fe8b22cbd724f286 .avia_textblock{\ncolor:#2d753a;\n}\n<\/style>\n<section  class='av_textblock_section av-av_textblock-624a3361c2a1e546fe8b22cbd724f286 '   itemscope=\"itemscope\" itemtype=\"https:\/\/schema.org\/CreativeWork\" ><div class='avia_textblock av_inherit_color'  itemprop=\"text\" ><p><a href=\"http:\/\/www.canalfriends.com\/fr\/le-festival-convivencia-fete-ses-20-ans-du-30-juin-au-4-aout\/\">30 juin\/4 ao\u00fbt : Festival de musiques du monde Convivencia &#8211; Canal du Midi<\/a><\/p>\n<\/div><\/section><\/p><\/div>\n<style type=\"text\/css\" data-created_by=\"avia_inline_auto\" id=\"style-css-av-av_one_fifth-9c1d454dc06f7247226bc4e8f931daae\">\n.flex_column.av-av_one_fifth-9c1d454dc06f7247226bc4e8f931daae{\nborder-radius:0px 0px 0px 0px;\npadding:0px 0px 0px 0px;\n}\n<\/style>\n<div  class='flex_column av-av_one_fifth-9c1d454dc06f7247226bc4e8f931daae av_one_fifth  avia-builder-el-17  el_after_av_one_fifth  avia-builder-el-last  flex_column_div av-zero-column-padding  column-top-margin'     ><p>\n<style type=\"text\/css\" data-created_by=\"avia_inline_auto\" id=\"style-css-av-av_image-3e12483aa3b5a0c25420194136b4d10a\">\n.avia-image-container.av-av_image-3e12483aa3b5a0c25420194136b4d10a img.avia_image{\nbox-shadow:none;\n}\n.avia-image-container.av-av_image-3e12483aa3b5a0c25420194136b4d10a .av-image-caption-overlay-center{\ncolor:#ffffff;\n}\n<\/style>\n<div  class='avia-image-container av-av_image-3e12483aa3b5a0c25420194136b4d10a av-styling- av-img-linked avia-align-center  avia-builder-el-18  el_before_av_textblock  avia-builder-el-first '   itemprop=\"image\" itemscope=\"itemscope\" itemtype=\"https:\/\/schema.org\/ImageObject\" ><div class=\"avia-image-container-inner\"><div class=\"avia-image-overlay-wrap\"><a href=\"http:\/\/www.canalfriends.com\/fr\/nuits-theatrales-peniche-cristalcanal\/\" class='avia_image '  aria-label='theatre peniche sur canalfriends.com'><img decoding=\"async\" fetchpriority=\"high\" class='wp-image-7787 avia-img-lazy-loading-not-7787 avia_image ' src=\"https:\/\/i0.wp.com\/www.canalfriends.com\/wp-content\/uploads\/2016\/05\/7784_theatre-eux2.jpg?fit=469%2C352&ssl=1\" alt='theatre peniche sur canalfriends.com' title='theatre peniche sur canalfriends.com'  height=\"352\" width=\"469\"  itemprop=\"thumbnailUrl\" srcset=\"https:\/\/i0.wp.com\/www.canalfriends.com\/wp-content\/uploads\/2016\/05\/7784_theatre-eux2.jpg?w=533&amp;ssl=1 533w, https:\/\/i0.wp.com\/www.canalfriends.com\/wp-content\/uploads\/2016\/05\/7784_theatre-eux2.jpg?resize=80%2C60&amp;ssl=1 80w, https:\/\/i0.wp.com\/www.canalfriends.com\/wp-content\/uploads\/2016\/05\/7784_theatre-eux2.jpg?resize=496%2C372&amp;ssl=1 496w, https:\/\/i0.wp.com\/www.canalfriends.com\/wp-content\/uploads\/2016\/05\/7784_theatre-eux2.jpg?resize=450%2C338&amp;ssl=1 450w\" sizes=\"(max-width: 469px) 100vw, 469px\" \/><\/a><\/div><\/div><\/div><br \/>\n<section  class='av_textblock_section av-av_textblock-0366cc7376be6c9e82a3e9cc8987b64f '   itemscope=\"itemscope\" itemtype=\"https:\/\/schema.org\/CreativeWork\" ><div class='avia_textblock'  itemprop=\"text\" ><p><a href=\"http:\/\/www.canalfriends.com\/fr\/nuits-theatrales-peniche-cristalcanal\/\">Jusqu&rsquo;au\u00a016 octobre : P\u00e9niche th\u00e9\u00e2tre Cristal&rsquo;Canal, th\u00e9\u00e2tre itin\u00e9rant &#8211; canal du Rh\u00f4ne au Rhin, Sa\u00f4ne<\/a><\/p>\n<\/div><\/section><\/p><\/div>\n<\/p>\n","protected":false},"excerpt":{"rendered":"","protected":false},"author":8,"featured_media":0,"parent":0,"menu_order":0,"comment_status":"closed","ping_status":"closed","template":"","meta":{"footnotes":""},"class_list":["post-7607","page","type-page","status-publish","hentry"],"jetpack_sharing_enabled":true,"_links":{"self":[{"href":"https:\/\/www.canalfriends.com\/fr\/wp-json\/wp\/v2\/pages\/7607","targetHints":{"allow":["GET"]}}],"collection":[{"href":"https:\/\/www.canalfriends.com\/fr\/wp-json\/wp\/v2\/pages"}],"about":[{"href":"https:\/\/www.canalfriends.com\/fr\/wp-json\/wp\/v2\/types\/page"}],"author":[{"embeddable":true,"href":"https:\/\/www.canalfriends.com\/fr\/wp-json\/wp\/v2\/users\/8"}],"replies":[{"embeddable":true,"href":"https:\/\/www.canalfriends.com\/fr\/wp-json\/wp\/v2\/comments?post=7607"}],"version-history":[{"count":2,"href":"https:\/\/www.canalfriends.com\/fr\/wp-json\/wp\/v2\/pages\/7607\/revisions"}],"predecessor-version":[{"id":7609,"href":"https:\/\/www.canalfriends.com\/fr\/wp-json\/wp\/v2\/pages\/7607\/revisions\/7609"}],"wp:attachment":[{"href":"https:\/\/www.canalfriends.com\/fr\/wp-json\/wp\/v2\/media?parent=7607"}],"curies":[{"name":"wp","href":"https:\/\/api.w.org\/{rel}","templated":true}]}}