{"id":8128,"date":"2016-07-08T11:55:45","date_gmt":"2016-07-08T09:55:45","guid":{"rendered":"http:\/\/www.canalfriends.com\/fr\/?page_id=8128"},"modified":"2016-10-18T17:23:08","modified_gmt":"2016-10-18T15:23:08","slug":"les-premieres-canalfriends","status":"publish","type":"page","link":"https:\/\/www.canalfriends.com\/fr\/les-premieres-canalfriends\/","title":{"rendered":"Les &laquo;&nbsp;Premi\u00e8res Canalfriends&nbsp;&raquo;"},"content":{"rendered":"\n<style type=\"text\/css\" data-created_by=\"avia_inline_auto\" id=\"style-css-av-av_heading-603c42926ec63ce485ec473ee13d2be0\">\n#top .av-special-heading.av-av_heading-603c42926ec63ce485ec473ee13d2be0{\npadding-bottom:3px;\ncolor:#277534;\n}\nbody .av-special-heading.av-av_heading-603c42926ec63ce485ec473ee13d2be0 .av-special-heading-tag .heading-char{\nfont-size:25px;\n}\n.av-special-heading.av-av_heading-603c42926ec63ce485ec473ee13d2be0 .special-heading-inner-border{\nborder-color:#277534;\n}\n.av-special-heading.av-av_heading-603c42926ec63ce485ec473ee13d2be0 .av-subheading{\nfont-size:17px;\n}\n<\/style>\n<div  class='av-special-heading av-av_heading-603c42926ec63ce485ec473ee13d2be0 av-special-heading-h2 custom-color-heading blockquote modern-quote modern-centered  avia-builder-el-0  el_before_av_section  avia-builder-el-no-sibling '><h2 class='av-special-heading-tag '  itemprop=\"headline\"  >Les &laquo;&nbsp;Premi\u00e8res Canalfriends&nbsp;&raquo;<\/h2><div class='av_custom_color av-subheading av-subheading_below'><p>Vivez des aventures avec des passionn\u00e9s des voies d&rsquo;eau<\/p>\n<\/div><div class=\"special-heading-border\"><div class=\"special-heading-inner-border\"><\/div><\/div><\/div>\n<\/div><\/div><\/div><!-- close content main div --><\/div><\/div>\n<style type=\"text\/css\" data-created_by=\"avia_inline_auto\" id=\"style-css-av-av_section-0b3e61111a9699c3c5c6d53f43b50933\">\n.avia-section.av-av_section-0b3e61111a9699c3c5c6d53f43b50933{\nbackground-color:#f3f3f3;\nbackground-image:unset;\n}\n<\/style>\n<div id='av_section_1'  class='avia-section av-av_section-0b3e61111a9699c3c5c6d53f43b50933 main_color avia-section-default avia-no-shadow  avia-builder-el-1  el_after_av_heading  avia-builder-el-last  avia-bg-style-scroll container_wrap fullsize'  ><div class='container av-section-cont-open' ><div class='template-page content  av-content-full alpha units'><div class='post-entry post-entry-type-page post-entry-8128'><div class='entry-content-wrapper clearfix'>\n\n<style type=\"text\/css\" data-created_by=\"avia_inline_auto\" id=\"style-css-av-av_one_fourth-9497bbf8bff73ea4c6992cc17fa9ec36\">\n.flex_column.av-av_one_fourth-9497bbf8bff73ea4c6992cc17fa9ec36{\nborder-radius:0px 0px 0px 0px;\npadding:0px 0px 0px 0px;\n}\n<\/style>\n<div  class='flex_column av-av_one_fourth-9497bbf8bff73ea4c6992cc17fa9ec36 av_one_fourth  avia-builder-el-2  el_before_av_three_fourth  avia-builder-el-first  first flex_column_div av-zero-column-padding  '     ><p>\n<style type=\"text\/css\" data-created_by=\"avia_inline_auto\" id=\"style-css-av-av_image-150a2717157d62cbc32b714e3df4ce56\">\n.avia-image-container.av-av_image-150a2717157d62cbc32b714e3df4ce56 img.avia_image{\nbox-shadow:none;\n}\n.avia-image-container.av-av_image-150a2717157d62cbc32b714e3df4ce56 .av-image-caption-overlay-center{\ncolor:#ffffff;\n}\n<\/style>\n<div  class='avia-image-container av-av_image-150a2717157d62cbc32b714e3df4ce56 av-styling- av-hover-grow avia-align-center  avia-builder-el-3  el_before_av_image  avia-builder-el-first '   itemprop=\"image\" itemscope=\"itemscope\" itemtype=\"https:\/\/schema.org\/ImageObject\" ><div class=\"avia-image-container-inner\"><div class=\"avia-image-overlay-wrap\"><img decoding=\"async\" fetchpriority=\"high\" class='wp-image-8121 avia-img-lazy-loading-not-8121 avia_image ' src=\"https:\/\/i0.wp.com\/www.canalfriends.com\/wp-content\/uploads\/2016\/07\/canalfriends.com-de-vrouwe.jpg?fit=300%2C400&ssl=1\" alt='De Vrouwe Cornelia Canalfriends.com' title='canalfriends.com de vrouwe'  height=\"400\" width=\"300\"  itemprop=\"thumbnailUrl\" srcset=\"https:\/\/i0.wp.com\/www.canalfriends.com\/wp-content\/uploads\/2016\/07\/canalfriends.com-de-vrouwe.jpg?w=720&amp;ssl=1 720w, https:\/\/i0.wp.com\/www.canalfriends.com\/wp-content\/uploads\/2016\/07\/canalfriends.com-de-vrouwe.jpg?resize=60%2C80&amp;ssl=1 60w, https:\/\/i0.wp.com\/www.canalfriends.com\/wp-content\/uploads\/2016\/07\/canalfriends.com-de-vrouwe.jpg?resize=300%2C400&amp;ssl=1 300w, https:\/\/i0.wp.com\/www.canalfriends.com\/wp-content\/uploads\/2016\/07\/canalfriends.com-de-vrouwe.jpg?resize=529%2C705&amp;ssl=1 529w, https:\/\/i0.wp.com\/www.canalfriends.com\/wp-content\/uploads\/2016\/07\/canalfriends.com-de-vrouwe.jpg?resize=450%2C600&amp;ssl=1 450w\" sizes=\"(max-width: 300px) 100vw, 300px\" \/><\/div><\/div><\/div><br \/>\n\n<style type=\"text\/css\" data-created_by=\"avia_inline_auto\" id=\"style-css-av-av_image-a529750e5ce37abb27606f998e2a9c58\">\n.avia-image-container.av-av_image-a529750e5ce37abb27606f998e2a9c58 img.avia_image{\nbox-shadow:none;\n}\n.avia-image-container.av-av_image-a529750e5ce37abb27606f998e2a9c58 .av-image-caption-overlay-center{\ncolor:#ffffff;\n}\n<\/style>\n<div  class='avia-image-container av-av_image-a529750e5ce37abb27606f998e2a9c58 av-styling- av-hover-grow avia-align-center  avia-builder-el-4  el_after_av_image  avia-builder-el-last '   itemprop=\"image\" itemscope=\"itemscope\" itemtype=\"https:\/\/schema.org\/ImageObject\" ><div class=\"avia-image-container-inner\"><div class=\"avia-image-overlay-wrap\"><img decoding=\"async\" fetchpriority=\"high\" class='wp-image-8122 avia-img-lazy-loading-not-8122 avia_image ' src=\"https:\/\/i0.wp.com\/www.canalfriends.com\/wp-content\/uploads\/2016\/07\/canalfriends.com-canoe-tarn.jpg?fit=469%2C352&ssl=1\" alt='canalfriends.com canoe tarn' title='canalfriends.com canoe tarn'  height=\"352\" width=\"469\"  itemprop=\"thumbnailUrl\" srcset=\"https:\/\/i0.wp.com\/www.canalfriends.com\/wp-content\/uploads\/2016\/07\/canalfriends.com-canoe-tarn.jpg?w=600&amp;ssl=1 600w, https:\/\/i0.wp.com\/www.canalfriends.com\/wp-content\/uploads\/2016\/07\/canalfriends.com-canoe-tarn.jpg?resize=80%2C60&amp;ssl=1 80w, https:\/\/i0.wp.com\/www.canalfriends.com\/wp-content\/uploads\/2016\/07\/canalfriends.com-canoe-tarn.jpg?resize=496%2C372&amp;ssl=1 496w, https:\/\/i0.wp.com\/www.canalfriends.com\/wp-content\/uploads\/2016\/07\/canalfriends.com-canoe-tarn.jpg?resize=533%2C400&amp;ssl=1 533w, https:\/\/i0.wp.com\/www.canalfriends.com\/wp-content\/uploads\/2016\/07\/canalfriends.com-canoe-tarn.jpg?resize=450%2C338&amp;ssl=1 450w\" sizes=\"(max-width: 469px) 100vw, 469px\" \/><\/div><\/div><\/div><\/p><\/div>\n<style type=\"text\/css\" data-created_by=\"avia_inline_auto\" id=\"style-css-av-av_three_fourth-9c1d454dc06f7247226bc4e8f931daae\">\n.flex_column.av-av_three_fourth-9c1d454dc06f7247226bc4e8f931daae{\nborder-radius:0px 0px 0px 0px;\npadding:0px 0px 0px 0px;\n}\n<\/style>\n<div  class='flex_column av-av_three_fourth-9c1d454dc06f7247226bc4e8f931daae av_three_fourth  avia-builder-el-5  el_after_av_one_fourth  avia-builder-el-last  flex_column_div av-zero-column-padding  '     ><style type=\"text\/css\" data-created_by=\"avia_inline_auto\" id=\"style-css-av-av_textblock-624a3361c2a1e546fe8b22cbd724f286\">\n#top .av_textblock_section.av-av_textblock-624a3361c2a1e546fe8b22cbd724f286 .avia_textblock{\ncolor:#2d753a;\n}\n<\/style>\n<section  class='av_textblock_section av-av_textblock-624a3361c2a1e546fe8b22cbd724f286 '   itemscope=\"itemscope\" itemtype=\"https:\/\/schema.org\/CreativeWork\" ><div class='avia_textblock av_inherit_color'  itemprop=\"text\" ><h4 style=\"text-align: justify;\"><span style=\"color: #008000;\"><strong>Vous aimez les aventures, vous voulez d\u00e9couvrir les voies d&rsquo;eau avec des passionn\u00e9s, vous \u00eates pr\u00eat(e) \u00e0 tester en primeur des nouvelles activit\u00e9s dans une approche conviviale et collaborative ?<\/strong><\/span><\/h4>\n<h4 style=\"text-align: justify;\"><span style=\"color: #008000;\"><strong>Vous savez vous adapter aux al\u00e9as, vous reconnaissez qu&rsquo;il existe toujours une part d&rsquo;inconnu dans les &laquo;&nbsp;Premi\u00e8res fois&nbsp;&raquo;, vous savez ou vous souhaitez vous d\u00e9connecter de votre environnement pour vivre autre chose ?<\/strong><\/span><\/h4>\n<h4 style=\"text-align: justify;\"><span style=\"color: #008000;\"><strong>Alors les &laquo;&nbsp;Premi\u00e8res Canalfriends&nbsp;&raquo;, initiatives lanc\u00e9es par des membres de notre communaut\u00e9 sont faites pour vous !<\/strong><\/span><\/h4>\n<h4 style=\"text-align: justify;\"><span style=\"color: #008000;\"><strong>Si vous souhaitez \u00eatre inform\u00e9(e) des propositions \u00e0 venir ou si vous souhaitez r\u00e9aliser un projet dans le cadre de nos &laquo;&nbsp;Premi\u00e8res Canalfriends&nbsp;&raquo;, contactez nous.<\/strong><\/span><\/h4>\n<\/div><\/section><br \/>\n<div  class='hr av-av_hr-dcd2069817a0e3d34ae04cad8f3443c7 hr-default  avia-builder-el-7  el_after_av_textblock  el_before_av_button '><span class='hr-inner '><span class=\"hr-inner-style\"><\/span><\/span><\/div><br \/>\n<div  class='avia-button-wrap av-av_button-18eac61cdc7a05742baa4e272706d88c-wrap avia-button-center  avia-builder-el-8  el_after_av_hr  el_before_av_button '><a href='http:\/\/www.canalfriends.com\/fr\/revivez-la-remontee-du-canal-de-nantes-brest-sur-laulne-oubliee\/'  class='avia-button av-av_button-18eac61cdc7a05742baa4e272706d88c av-link-btn avia-icon_select-yes-left-icon avia-size-medium avia-position-center avia-color-grey'  target=\"_blank\"  rel=\"noopener noreferrer\"  aria-label=\"En juillet 2016 &quot;Remont\u00e9e du Canal de Nantes \u00e0 Brest - Aulne Oubli\u00e9e&quot; avec l\u2019\u00e9quipage de 2 tjalks (bateaux hollandais)\"><span class='avia_button_icon avia_button_icon_left avia-iconfont avia-font-entypo-fontello' data-av_icon='\ue82b' data-av_iconfont='entypo-fontello' ><\/span><span class='avia_iconbox_title' >En juillet 2016 \"Remont\u00e9e du Canal de Nantes \u00e0 Brest - Aulne Oubli\u00e9e\" avec l\u2019\u00e9quipage de 2 tjalks (bateaux hollandais)<\/span><\/a><\/div><br \/>\n<div  class='avia-button-wrap av-av_button-20f600cdabf4e065f24984a1c427b0cd-wrap avia-button-center  avia-builder-el-9  el_after_av_button  avia-builder-el-last '><a href='http:\/\/www.canalfriends.com\/fr\/contact\/'  class='avia-button av-av_button-20f600cdabf4e065f24984a1c427b0cd av-link-btn avia-icon_select-yes-left-icon avia-size-medium avia-position-center avia-color-blue'  target=\"_blank\"  rel=\"noopener noreferrer\"  aria-label=\"Pour nous contacter\"><span class='avia_button_icon avia_button_icon_left avia-iconfont avia-font-entypo-fontello' data-av_icon='\ue81e' data-av_iconfont='entypo-fontello' ><\/span><span class='avia_iconbox_title' >Pour nous contacter<\/span><\/a><\/div><\/p><\/div>\n","protected":false},"excerpt":{"rendered":"","protected":false},"author":8,"featured_media":0,"parent":0,"menu_order":0,"comment_status":"closed","ping_status":"closed","template":"","meta":{"footnotes":""},"class_list":["post-8128","page","type-page","status-publish","hentry"],"jetpack_sharing_enabled":true,"_links":{"self":[{"href":"https:\/\/www.canalfriends.com\/fr\/wp-json\/wp\/v2\/pages\/8128","targetHints":{"allow":["GET"]}}],"collection":[{"href":"https:\/\/www.canalfriends.com\/fr\/wp-json\/wp\/v2\/pages"}],"about":[{"href":"https:\/\/www.canalfriends.com\/fr\/wp-json\/wp\/v2\/types\/page"}],"author":[{"embeddable":true,"href":"https:\/\/www.canalfriends.com\/fr\/wp-json\/wp\/v2\/users\/8"}],"replies":[{"embeddable":true,"href":"https:\/\/www.canalfriends.com\/fr\/wp-json\/wp\/v2\/comments?post=8128"}],"version-history":[{"count":1,"href":"https:\/\/www.canalfriends.com\/fr\/wp-json\/wp\/v2\/pages\/8128\/revisions"}],"predecessor-version":[{"id":8407,"href":"https:\/\/www.canalfriends.com\/fr\/wp-json\/wp\/v2\/pages\/8128\/revisions\/8407"}],"wp:attachment":[{"href":"https:\/\/www.canalfriends.com\/fr\/wp-json\/wp\/v2\/media?parent=8128"}],"curies":[{"name":"wp","href":"https:\/\/api.w.org\/{rel}","templated":true}]}}