{"id":8166,"date":"2016-07-16T09:08:18","date_gmt":"2016-07-16T07:08:18","guid":{"rendered":"http:\/\/www.canalfriends.com\/fr\/?page_id=8166"},"modified":"2016-07-16T09:09:25","modified_gmt":"2016-07-16T07:09:25","slug":"kaizoku-cinebateau","status":"publish","type":"page","link":"https:\/\/www.canalfriends.com\/fr\/kaizoku-cinebateau\/","title":{"rendered":"Ka\u00efzoku Cin\u00e9bat&rsquo;eau"},"content":{"rendered":"\n<style type=\"text\/css\" data-created_by=\"avia_inline_auto\" id=\"style-css-av-av_heading-a33177c29cae81d3f14abe18ed0a924c\">\n#top .av-special-heading.av-av_heading-a33177c29cae81d3f14abe18ed0a924c{\npadding-bottom:14px;\ncolor:#2d753a;\nfont-size:27px;\n}\nbody .av-special-heading.av-av_heading-a33177c29cae81d3f14abe18ed0a924c .av-special-heading-tag .heading-char{\nfont-size:25px;\n}\n#top #wrap_all .av-special-heading.av-av_heading-a33177c29cae81d3f14abe18ed0a924c .av-special-heading-tag{\nfont-size:27px;\n}\n.av-special-heading.av-av_heading-a33177c29cae81d3f14abe18ed0a924c .special-heading-inner-border{\nborder-color:#2d753a;\n}\n.av-special-heading.av-av_heading-a33177c29cae81d3f14abe18ed0a924c .av-subheading{\nfont-size:20px;\n}\n\n@media only screen and (min-width: 480px) and (max-width: 767px){ \n#top #wrap_all .av-special-heading.av-av_heading-a33177c29cae81d3f14abe18ed0a924c .av-special-heading-tag{\nfont-size:0.8em;\n}\n}\n\n@media only screen and (max-width: 479px){ \n#top #wrap_all .av-special-heading.av-av_heading-a33177c29cae81d3f14abe18ed0a924c .av-special-heading-tag{\nfont-size:0.8em;\n}\n}\n<\/style>\n<div  class='av-special-heading av-av_heading-a33177c29cae81d3f14abe18ed0a924c av-special-heading-h2 custom-color-heading blockquote modern-quote modern-centered  avia-builder-el-0  el_before_av_hr  avia-builder-el-first  av-inherit-size'><h2 class='av-special-heading-tag '  itemprop=\"headline\"  >Ka\u00efzoku Cin\u00e9bat\u2019eau : cin\u00e9ma de plein air, sur le canal de Garonne et la Ba\u00efse, du 5 juillet au 1er ao\u00fbt<\/h2><div class=\"special-heading-border\"><div class=\"special-heading-inner-border\"><\/div><\/div><\/div>\n\n<style type=\"text\/css\" data-created_by=\"avia_inline_auto\" id=\"style-css-av-av_hr-57670a6c9c57f1965e19644b740507b6\">\n#top .hr.av-av_hr-57670a6c9c57f1965e19644b740507b6{\nmargin-top:6px;\nmargin-bottom:6px;\n}\n.hr.av-av_hr-57670a6c9c57f1965e19644b740507b6 .hr-inner{\nwidth:1200px;\n}\n<\/style>\n<div  class='hr av-av_hr-57670a6c9c57f1965e19644b740507b6 hr-custom  avia-builder-el-1  el_after_av_heading  el_before_av_one_half  hr-center hr-icon-no'><span class='hr-inner inner-border-av-border-fat'><span class=\"hr-inner-style\"><\/span><\/span><\/div>\n\n<style type=\"text\/css\" data-created_by=\"avia_inline_auto\" id=\"style-css-av-av_one_half-6126cab7d8fab8d08143dd2dacdf673c\">\n.flex_column.av-av_one_half-6126cab7d8fab8d08143dd2dacdf673c{\nborder-radius:0px 0px 0px 0px;\npadding:0px 0px 0px 0px;\n}\n<\/style>\n<div  class='flex_column av-av_one_half-6126cab7d8fab8d08143dd2dacdf673c av_one_half  avia-builder-el-2  el_after_av_hr  el_before_av_one_half  first flex_column_div av-zero-column-padding  '     ><style type=\"text\/css\" data-created_by=\"avia_inline_auto\" id=\"style-css-av-av_image-97361df44e0b5496cb9d1459453837b3\">\n.avia-image-container.av-av_image-97361df44e0b5496cb9d1459453837b3 img.avia_image{\nbox-shadow:none;\n}\n.avia-image-container.av-av_image-97361df44e0b5496cb9d1459453837b3 .av-image-caption-overlay-center{\ncolor:#ffffff;\n}\n<\/style>\n<div  class='avia-image-container av-av_image-97361df44e0b5496cb9d1459453837b3 av-styling- avia-align-center  avia-builder-el-3  avia-builder-el-no-sibling '   itemprop=\"image\" itemscope=\"itemscope\" itemtype=\"https:\/\/schema.org\/ImageObject\" ><div class=\"avia-image-container-inner\"><div class=\"avia-image-overlay-wrap\"><img decoding=\"async\" fetchpriority=\"high\" class='wp-image-7915 avia-img-lazy-loading-not-7915 avia_image ' src=\"https:\/\/i0.wp.com\/www.canalfriends.com\/wp-content\/uploads\/2016\/04\/canalfriends.com-Kaizoku.jpg?fit=469%2C352&ssl=1\" alt='canalfriends.com Kaizoku' title='canalfriends.com Kaizoku'  height=\"352\" width=\"469\"  itemprop=\"thumbnailUrl\" srcset=\"https:\/\/i0.wp.com\/www.canalfriends.com\/wp-content\/uploads\/2016\/04\/canalfriends.com-Kaizoku.jpg?w=600&amp;ssl=1 600w, https:\/\/i0.wp.com\/www.canalfriends.com\/wp-content\/uploads\/2016\/04\/canalfriends.com-Kaizoku.jpg?resize=80%2C60&amp;ssl=1 80w, https:\/\/i0.wp.com\/www.canalfriends.com\/wp-content\/uploads\/2016\/04\/canalfriends.com-Kaizoku.jpg?resize=496%2C372&amp;ssl=1 496w, https:\/\/i0.wp.com\/www.canalfriends.com\/wp-content\/uploads\/2016\/04\/canalfriends.com-Kaizoku.jpg?resize=533%2C400&amp;ssl=1 533w, https:\/\/i0.wp.com\/www.canalfriends.com\/wp-content\/uploads\/2016\/04\/canalfriends.com-Kaizoku.jpg?resize=450%2C338&amp;ssl=1 450w\" sizes=\"(max-width: 469px) 100vw, 469px\" \/><\/div><\/div><\/div><\/div>\n\n<style type=\"text\/css\" data-created_by=\"avia_inline_auto\" id=\"style-css-av-av_one_half-9c1d454dc06f7247226bc4e8f931daae\">\n.flex_column.av-av_one_half-9c1d454dc06f7247226bc4e8f931daae{\nborder-radius:0px 0px 0px 0px;\npadding:0px 0px 0px 0px;\n}\n<\/style>\n<div  class='flex_column av-av_one_half-9c1d454dc06f7247226bc4e8f931daae av_one_half  avia-builder-el-4  el_after_av_one_half  el_before_av_one_fourth  flex_column_div av-zero-column-padding  '     ><style type=\"text\/css\" data-created_by=\"avia_inline_auto\" id=\"style-css-av-av_textblock-624a3361c2a1e546fe8b22cbd724f286\">\n#top .av_textblock_section.av-av_textblock-624a3361c2a1e546fe8b22cbd724f286 .avia_textblock{\ncolor:#2d753a;\n}\n<\/style>\n<section  class='av_textblock_section av-av_textblock-624a3361c2a1e546fe8b22cbd724f286 '   itemscope=\"itemscope\" itemtype=\"https:\/\/schema.org\/CreativeWork\" ><div class='avia_textblock av_inherit_color'  itemprop=\"text\" ><p><strong>Cin\u00e9ma en plein air : \u00a0Du 5 juillet au 1er ao\u00fbt, \u00a0l&rsquo;association Ka\u00efzoku part \u00e0 la rencontre des habitants des berges\u00a0du Canal de Garonne et de la Ba\u00efse.<\/strong><\/p>\n<p><strong>La programmation des films est toute en lien avec le fleuve, le canal, et la vie qui s&rsquo;articule autour d&rsquo;eux.<\/strong><\/p>\n<p><strong>La projection d\u00e9bute \u00e0 la tomb\u00e9e de la nuit, premi\u00e8re partie \u00e0 partir de 19h : concerts, balades th\u00e9matiques, ateliers pour enfants, performances artistiques&#8230;<\/strong><\/p>\n<ul>\n<li><strong>5 juillet : Bordeaux &#8211; La Isla Minima<\/strong><\/li>\n<li><strong>11 juillet : Meillan sur Garonne &#8211; Rivi\u00e8re sans retour<\/strong><\/li>\n<li><strong>17 juillet : Toulouse &#8211; Rivi\u00e8re sans retour<\/strong><\/li>\n<li><strong>18 juillet : Toulouse &#8211; African Queen<\/strong><\/li>\n<li><strong>23 juillet : Agen &#8211; Steamboat Bill Junior<\/strong><\/li>\n<li><strong>24 juillet : Buzet sur Ba\u00efse &#8211; Madame l&rsquo;eau<\/strong><\/li>\n<li><strong>25 juillet : N\u00e9rac &#8211; Fitzcaraldo<\/strong><\/li>\n<li><strong>29 juillet : Meilhan sur Garonne &#8211; L&rsquo;Atalante<\/strong><\/li>\n<li><strong>01 ao\u00fbt : Bordeaux &#8211; African Queen<\/strong><\/li>\n<\/ul>\n<p><strong>Pour plus d\u2019informations\u00a0:\u00a0<a href=\"http:\/\/kaizoku-cinebateau.wix.com\/kaizoku\">site web de l&rsquo;association Ka\u00efzoku<\/a><\/strong><\/p>\n<\/div><\/section><\/div>\n<style type=\"text\/css\" data-created_by=\"avia_inline_auto\" id=\"style-css-av-av_one_fourth-6126cab7d8fab8d08143dd2dacdf673c\">\n.flex_column.av-av_one_fourth-6126cab7d8fab8d08143dd2dacdf673c{\nborder-radius:0px 0px 0px 0px;\npadding:0px 0px 0px 0px;\n}\n<\/style>\n<div  class='flex_column av-av_one_fourth-6126cab7d8fab8d08143dd2dacdf673c av_one_fourth  avia-builder-el-6  el_after_av_one_half  el_before_av_one_fourth  first flex_column_div av-zero-column-padding  column-top-margin'     ><div  class='avia-button-wrap av-av_button-75526546a74a8cf99c317c1e82447278-wrap avia-button-center  avia-builder-el-7  avia-builder-el-no-sibling '><a href='http:\/\/www.canalfriends.com\/fr\/contact\/'  class='avia-button av-av_button-75526546a74a8cf99c317c1e82447278 av-link-btn avia-icon_select-yes-left-icon avia-size-small avia-position-center avia-color-grey'  target=\"_blank\"  rel=\"noopener noreferrer\"  aria-label=\"Contactez-nous\"><span class='avia_button_icon avia_button_icon_left avia-iconfont avia-font-entypo-fontello' data-av_icon='\ue805' data-av_iconfont='entypo-fontello' ><\/span><span class='avia_iconbox_title' >Contactez-nous<\/span><\/a><\/div><\/div><\/p>\n\n<style type=\"text\/css\" data-created_by=\"avia_inline_auto\" id=\"style-css-av-av_one_fourth-0aa7055fe62c3622faec82866afbaeb2\">\n.flex_column.av-av_one_fourth-0aa7055fe62c3622faec82866afbaeb2{\nborder-radius:0px 0px 0px 0px;\npadding:0px 0px 0px 0px;\n}\n<\/style>\n<div  class='flex_column av-av_one_fourth-0aa7055fe62c3622faec82866afbaeb2 av_one_fourth  avia-builder-el-8  el_after_av_one_fourth  el_before_av_one_fourth  flex_column_div av-zero-column-padding  column-top-margin'     ><div  class='avia-button-wrap av-av_button-f52c02001b6f5d0db369a50e60e74038-wrap avia-button-center  avia-builder-el-9  avia-builder-el-no-sibling '><a href='https:\/\/www.facebook.com\/canalfriends.fr'  class='avia-button av-av_button-f52c02001b6f5d0db369a50e60e74038 av-link-btn avia-icon_select-yes-left-icon avia-size-small avia-position-center avia-color-green'   aria-label=\"Suivez-nous sur Facebook\"><span class='avia_button_icon avia_button_icon_left avia-iconfont avia-font-entypo-fontello' data-av_icon='\ue8f5' data-av_iconfont='entypo-fontello' ><\/span><span class='avia_iconbox_title' >Suivez-nous sur Facebook<\/span><\/a><\/div><\/div>\n\n<style type=\"text\/css\" data-created_by=\"avia_inline_auto\" id=\"style-css-av-av_one_fourth-0aa7055fe62c3622faec82866afbaeb2\">\n.flex_column.av-av_one_fourth-0aa7055fe62c3622faec82866afbaeb2{\nborder-radius:0px 0px 0px 0px;\npadding:0px 0px 0px 0px;\n}\n<\/style>\n<div  class='flex_column av-av_one_fourth-0aa7055fe62c3622faec82866afbaeb2 av_one_fourth  avia-builder-el-10  el_after_av_one_fourth  el_before_av_one_fourth  flex_column_div av-zero-column-padding  column-top-margin'     ><div  class='avia-button-wrap av-av_button-04558abb0e226aa5bbd803c5024cabb1-wrap avia-button-center  avia-builder-el-11  avia-builder-el-no-sibling '><a href='https:\/\/twitter.com\/Canal_Friends'  class='avia-button av-av_button-04558abb0e226aa5bbd803c5024cabb1 av-link-btn avia-icon_select-yes-left-icon avia-size-small avia-position-center avia-color-blue'   aria-label=\"Suivez-nous sur Twitter\"><span class='avia_button_icon avia_button_icon_left avia-iconfont avia-font-entypo-fontello' data-av_icon='\ue8f1' data-av_iconfont='entypo-fontello' ><\/span><span class='avia_iconbox_title' >Suivez-nous sur Twitter<\/span><\/a><\/div><\/div>\n\n<style type=\"text\/css\" data-created_by=\"avia_inline_auto\" id=\"style-css-av-av_one_fourth-0aa7055fe62c3622faec82866afbaeb2\">\n.flex_column.av-av_one_fourth-0aa7055fe62c3622faec82866afbaeb2{\nborder-radius:0px 0px 0px 0px;\npadding:0px 0px 0px 0px;\n}\n<\/style>\n<div  class='flex_column av-av_one_fourth-0aa7055fe62c3622faec82866afbaeb2 av_one_fourth  avia-builder-el-12  el_after_av_one_fourth  avia-builder-el-last  flex_column_div av-zero-column-padding  column-top-margin'     ><div  class='avia-button-wrap av-av_button-f937d688c921de483050a79d2fb9f326-wrap avia-button-center  avia-builder-el-13  avia-builder-el-no-sibling '><a href='http:\/\/www.instagram.com\/canal_friends\/'  class='avia-button av-av_button-f937d688c921de483050a79d2fb9f326 av-link-btn avia-icon_select-yes-left-icon avia-size-small avia-position-center avia-color-red'   aria-label=\"Suivez-nous sur Instagram\"><span class='avia_button_icon avia_button_icon_left avia-iconfont avia-font-entypo-fontello' data-av_icon='\ue909' data-av_iconfont='entypo-fontello' ><\/span><span class='avia_iconbox_title' >Suivez-nous sur Instagram<\/span><\/a><\/div><\/div>\n","protected":false},"excerpt":{"rendered":"","protected":false},"author":8,"featured_media":0,"parent":0,"menu_order":0,"comment_status":"closed","ping_status":"closed","template":"","meta":{"footnotes":""},"class_list":["post-8166","page","type-page","status-publish","hentry"],"jetpack_sharing_enabled":true,"_links":{"self":[{"href":"https:\/\/www.canalfriends.com\/fr\/wp-json\/wp\/v2\/pages\/8166","targetHints":{"allow":["GET"]}}],"collection":[{"href":"https:\/\/www.canalfriends.com\/fr\/wp-json\/wp\/v2\/pages"}],"about":[{"href":"https:\/\/www.canalfriends.com\/fr\/wp-json\/wp\/v2\/types\/page"}],"author":[{"embeddable":true,"href":"https:\/\/www.canalfriends.com\/fr\/wp-json\/wp\/v2\/users\/8"}],"replies":[{"embeddable":true,"href":"https:\/\/www.canalfriends.com\/fr\/wp-json\/wp\/v2\/comments?post=8166"}],"version-history":[{"count":0,"href":"https:\/\/www.canalfriends.com\/fr\/wp-json\/wp\/v2\/pages\/8166\/revisions"}],"wp:attachment":[{"href":"https:\/\/www.canalfriends.com\/fr\/wp-json\/wp\/v2\/media?parent=8166"}],"curies":[{"name":"wp","href":"https:\/\/api.w.org\/{rel}","templated":true}]}}