{"id":8167,"date":"2016-07-16T09:34:16","date_gmt":"2016-07-16T07:34:16","guid":{"rendered":"http:\/\/www.canalfriends.com\/fr\/?page_id=8167"},"modified":"2016-07-16T09:34:16","modified_gmt":"2016-07-16T07:34:16","slug":"le-festival-convivencia-fete-ses-20-ans-du-30-juin-au-4-aout","status":"publish","type":"page","link":"https:\/\/www.canalfriends.com\/fr\/le-festival-convivencia-fete-ses-20-ans-du-30-juin-au-4-aout\/","title":{"rendered":"Le Festival Convivencia f\u00eate ses 20 ans du 30 juin au 4 ao\u00fbt !"},"content":{"rendered":"\n<style type=\"text\/css\" data-created_by=\"avia_inline_auto\" id=\"style-css-av-av_heading-db2a4cccfc0f4629371edcfb032ed38b\">\n#top .av-special-heading.av-av_heading-db2a4cccfc0f4629371edcfb032ed38b{\npadding-bottom:14px;\ncolor:#2d753a;\nfont-size:27px;\n}\nbody .av-special-heading.av-av_heading-db2a4cccfc0f4629371edcfb032ed38b .av-special-heading-tag .heading-char{\nfont-size:25px;\n}\n#top #wrap_all .av-special-heading.av-av_heading-db2a4cccfc0f4629371edcfb032ed38b .av-special-heading-tag{\nfont-size:27px;\n}\n.av-special-heading.av-av_heading-db2a4cccfc0f4629371edcfb032ed38b .special-heading-inner-border{\nborder-color:#2d753a;\n}\n.av-special-heading.av-av_heading-db2a4cccfc0f4629371edcfb032ed38b .av-subheading{\nfont-size:20px;\n}\n\n@media only screen and (min-width: 480px) and (max-width: 767px){ \n#top #wrap_all .av-special-heading.av-av_heading-db2a4cccfc0f4629371edcfb032ed38b .av-special-heading-tag{\nfont-size:0.8em;\n}\n}\n\n@media only screen and (max-width: 479px){ \n#top #wrap_all .av-special-heading.av-av_heading-db2a4cccfc0f4629371edcfb032ed38b .av-special-heading-tag{\nfont-size:0.8em;\n}\n}\n<\/style>\n<div  class='av-special-heading av-av_heading-db2a4cccfc0f4629371edcfb032ed38b av-special-heading-h2 custom-color-heading blockquote modern-quote modern-centered  avia-builder-el-0  el_before_av_hr  avia-builder-el-first  av-inherit-size'><h2 class='av-special-heading-tag '  itemprop=\"headline\"  >Festival de musique du monde Convivencia jusqu\u2019au 4 ao\u00fbt sur le canal du Midi<\/h2><div class=\"special-heading-border\"><div class=\"special-heading-inner-border\"><\/div><\/div><\/div>\n\n<style type=\"text\/css\" data-created_by=\"avia_inline_auto\" id=\"style-css-av-av_hr-57670a6c9c57f1965e19644b740507b6\">\n#top .hr.av-av_hr-57670a6c9c57f1965e19644b740507b6{\nmargin-top:6px;\nmargin-bottom:6px;\n}\n.hr.av-av_hr-57670a6c9c57f1965e19644b740507b6 .hr-inner{\nwidth:1200px;\n}\n<\/style>\n<div  class='hr av-av_hr-57670a6c9c57f1965e19644b740507b6 hr-custom  avia-builder-el-1  el_after_av_heading  el_before_av_one_half  hr-center hr-icon-no'><span class='hr-inner inner-border-av-border-fat'><span class=\"hr-inner-style\"><\/span><\/span><\/div>\n\n<style type=\"text\/css\" data-created_by=\"avia_inline_auto\" id=\"style-css-av-av_one_half-6126cab7d8fab8d08143dd2dacdf673c\">\n.flex_column.av-av_one_half-6126cab7d8fab8d08143dd2dacdf673c{\nborder-radius:0px 0px 0px 0px;\npadding:0px 0px 0px 0px;\n}\n<\/style>\n<div  class='flex_column av-av_one_half-6126cab7d8fab8d08143dd2dacdf673c av_one_half  avia-builder-el-2  el_after_av_hr  el_before_av_one_half  first flex_column_div av-zero-column-padding  '     ><style type=\"text\/css\" data-created_by=\"avia_inline_auto\" id=\"style-css-av-av_image-2e65579eabf27f5606add06c06ac86cc\">\n.avia-image-container.av-av_image-2e65579eabf27f5606add06c06ac86cc img.avia_image{\nbox-shadow:none;\n}\n.avia-image-container.av-av_image-2e65579eabf27f5606add06c06ac86cc .av-image-caption-overlay-center{\ncolor:#ffffff;\n}\n<\/style>\n<div  class='avia-image-container av-av_image-2e65579eabf27f5606add06c06ac86cc av-styling- avia-align-center  avia-builder-el-3  avia-builder-el-no-sibling '   itemprop=\"image\" itemscope=\"itemscope\" itemtype=\"https:\/\/schema.org\/ImageObject\" ><div class=\"avia-image-container-inner\"><div class=\"avia-image-overlay-wrap\"><img data-recalc-dims=\"1\" height=\"400\" width=\"300\" decoding=\"async\" fetchpriority=\"high\" class='wp-image- avia-img-lazy-loading-not- avia_image ' src=\"https:\/\/i0.wp.com\/www.canalfriends.com\/wp-content\/uploads\/2016\/07\/canalfriends.com-convivencia-300x400.jpg?resize=300%2C400\" alt='' title=''   itemprop=\"thumbnailUrl\"  \/><\/div><\/div><\/div><\/div>\n<style type=\"text\/css\" data-created_by=\"avia_inline_auto\" id=\"style-css-av-av_one_half-9c1d454dc06f7247226bc4e8f931daae\">\n.flex_column.av-av_one_half-9c1d454dc06f7247226bc4e8f931daae{\nborder-radius:0px 0px 0px 0px;\npadding:0px 0px 0px 0px;\n}\n<\/style>\n<div  class='flex_column av-av_one_half-9c1d454dc06f7247226bc4e8f931daae av_one_half  avia-builder-el-4  el_after_av_one_half  el_before_av_one_fourth  flex_column_div av-zero-column-padding  '     ><style type=\"text\/css\" data-created_by=\"avia_inline_auto\" id=\"style-css-av-av_textblock-624a3361c2a1e546fe8b22cbd724f286\">\n#top .av_textblock_section.av-av_textblock-624a3361c2a1e546fe8b22cbd724f286 .avia_textblock{\ncolor:#2d753a;\n}\n<\/style>\n<section  class='av_textblock_section av-av_textblock-624a3361c2a1e546fe8b22cbd724f286 '   itemscope=\"itemscope\" itemtype=\"https:\/\/schema.org\/CreativeWork\" ><div class='avia_textblock av_inherit_color'  itemprop=\"text\" ><p><strong>Concerts itin\u00e9rants de musiques du monde gratuits donn\u00e9s depuis le pont d&rsquo;une p\u00e9niche, dans une\u00a0atmosph\u00e8re\u00a0de f\u00eate\u00a0populaire.<\/strong><\/p>\n<p><strong>Lanc\u00e9 en 1996, au moment du classement du Canal du Midi au patrimoine mondial de l&rsquo;UNESCO, le Festival Convivencia, \u00e9v\u00e9nement navigant sur le Canal des Deux Mers, propose de d\u00e9couvrir au gr\u00e9 des \u00e9tapes une programmation estampill\u00e9e musiques du monde. Convivencia favorise le maillage des territoires, la rencontre des publics et le \u00abvivre ensemble\u00bb.<\/strong><\/p>\n<ul>\n<li><strong>jeudi 30 juin : \u00e9cluse de Montgiscard (31)<\/strong><\/li>\n<li><strong>samedi 2 juillet : \u00e9cluse de Saint-Jory (31)<\/strong><\/li>\n<li><strong>lundi 4 juillet : jardins du Mus\u00e9um de Toulouse (31)<\/strong><\/li>\n<li><strong>mardi 5 juillet : place du canal de Ramonville (31)<\/strong><\/li>\n<li><strong>jeudi 7 juillet : port de l&rsquo;Embouchure de Toulouse (31)<\/strong><\/li>\n<li><strong>samedi 9 juillet : \u00e9cluse de Castenet-Tolosan (31)<\/strong><\/li>\n<li><strong>lundi 11 juillet : \u00e9cluse du sanglier de Ayguesvives (31)<\/strong><\/li>\n<li><strong>vendredi 15 juillet : le Port de Marseillette (11)<\/strong><\/li>\n<li><strong>lundi 18 juillet : le Port du Somail (11)<\/strong><\/li>\n<li><strong>mercredi 20 juillet : le Port de Paraza (11)<\/strong><\/li>\n<li><strong>jeudi 21 juillet : halte nautique de la Redorte (11)<\/strong><\/li>\n<li><strong>dimanche 24 juillet : Mus\u00e9e &amp; jardin du Canal du Midi de Revel (31)<\/strong><\/li>\n<li><strong>Jeudi 4 ao\u00fbt : Passerelle du Pilou de Villeneuve-les-Maguelone\u00a0(34) <\/strong><\/li>\n<\/ul>\n<p><strong>Plus d&rsquo;information :\u00a0http:\/\/www.convivencia.eu\/<\/strong><\/p>\n<\/div><\/section><\/div>\n<style type=\"text\/css\" data-created_by=\"avia_inline_auto\" id=\"style-css-av-av_one_fourth-6126cab7d8fab8d08143dd2dacdf673c\">\n.flex_column.av-av_one_fourth-6126cab7d8fab8d08143dd2dacdf673c{\nborder-radius:0px 0px 0px 0px;\npadding:0px 0px 0px 0px;\n}\n<\/style>\n<div  class='flex_column av-av_one_fourth-6126cab7d8fab8d08143dd2dacdf673c av_one_fourth  avia-builder-el-6  el_after_av_one_half  el_before_av_one_fourth  first flex_column_div av-zero-column-padding  column-top-margin'     ><div  class='avia-button-wrap av-av_button-75526546a74a8cf99c317c1e82447278-wrap avia-button-center  avia-builder-el-7  avia-builder-el-no-sibling '><a href='http:\/\/www.canalfriends.com\/fr\/contact\/'  class='avia-button av-av_button-75526546a74a8cf99c317c1e82447278 av-link-btn avia-icon_select-yes-left-icon avia-size-small avia-position-center avia-color-grey'  target=\"_blank\"  rel=\"noopener noreferrer\"  aria-label=\"Contactez-nous\"><span class='avia_button_icon avia_button_icon_left avia-iconfont avia-font-entypo-fontello' data-av_icon='\ue805' data-av_iconfont='entypo-fontello' ><\/span><span class='avia_iconbox_title' >Contactez-nous<\/span><\/a><\/div><\/div><\/p>\n\n<style type=\"text\/css\" data-created_by=\"avia_inline_auto\" id=\"style-css-av-av_one_fourth-0aa7055fe62c3622faec82866afbaeb2\">\n.flex_column.av-av_one_fourth-0aa7055fe62c3622faec82866afbaeb2{\nborder-radius:0px 0px 0px 0px;\npadding:0px 0px 0px 0px;\n}\n<\/style>\n<div  class='flex_column av-av_one_fourth-0aa7055fe62c3622faec82866afbaeb2 av_one_fourth  avia-builder-el-8  el_after_av_one_fourth  el_before_av_one_fourth  flex_column_div av-zero-column-padding  column-top-margin'     ><div  class='avia-button-wrap av-av_button-f52c02001b6f5d0db369a50e60e74038-wrap avia-button-center  avia-builder-el-9  avia-builder-el-no-sibling '><a href='https:\/\/www.facebook.com\/canalfriends.fr'  class='avia-button av-av_button-f52c02001b6f5d0db369a50e60e74038 av-link-btn avia-icon_select-yes-left-icon avia-size-small avia-position-center avia-color-green'   aria-label=\"Suivez-nous sur Facebook\"><span class='avia_button_icon avia_button_icon_left avia-iconfont avia-font-entypo-fontello' data-av_icon='\ue8f5' data-av_iconfont='entypo-fontello' ><\/span><span class='avia_iconbox_title' >Suivez-nous sur Facebook<\/span><\/a><\/div><\/div>\n\n<style type=\"text\/css\" data-created_by=\"avia_inline_auto\" id=\"style-css-av-av_one_fourth-0aa7055fe62c3622faec82866afbaeb2\">\n.flex_column.av-av_one_fourth-0aa7055fe62c3622faec82866afbaeb2{\nborder-radius:0px 0px 0px 0px;\npadding:0px 0px 0px 0px;\n}\n<\/style>\n<div  class='flex_column av-av_one_fourth-0aa7055fe62c3622faec82866afbaeb2 av_one_fourth  avia-builder-el-10  el_after_av_one_fourth  el_before_av_one_fourth  flex_column_div av-zero-column-padding  column-top-margin'     ><div  class='avia-button-wrap av-av_button-04558abb0e226aa5bbd803c5024cabb1-wrap avia-button-center  avia-builder-el-11  avia-builder-el-no-sibling '><a href='https:\/\/twitter.com\/Canal_Friends'  class='avia-button av-av_button-04558abb0e226aa5bbd803c5024cabb1 av-link-btn avia-icon_select-yes-left-icon avia-size-small avia-position-center avia-color-blue'   aria-label=\"Suivez-nous sur Twitter\"><span class='avia_button_icon avia_button_icon_left avia-iconfont avia-font-entypo-fontello' data-av_icon='\ue8f1' data-av_iconfont='entypo-fontello' ><\/span><span class='avia_iconbox_title' >Suivez-nous sur Twitter<\/span><\/a><\/div><\/div>\n\n<style type=\"text\/css\" data-created_by=\"avia_inline_auto\" id=\"style-css-av-av_one_fourth-0aa7055fe62c3622faec82866afbaeb2\">\n.flex_column.av-av_one_fourth-0aa7055fe62c3622faec82866afbaeb2{\nborder-radius:0px 0px 0px 0px;\npadding:0px 0px 0px 0px;\n}\n<\/style>\n<div  class='flex_column av-av_one_fourth-0aa7055fe62c3622faec82866afbaeb2 av_one_fourth  avia-builder-el-12  el_after_av_one_fourth  avia-builder-el-last  flex_column_div av-zero-column-padding  column-top-margin'     ><div  class='avia-button-wrap av-av_button-f937d688c921de483050a79d2fb9f326-wrap avia-button-center  avia-builder-el-13  avia-builder-el-no-sibling '><a href='http:\/\/www.instagram.com\/canal_friends\/'  class='avia-button av-av_button-f937d688c921de483050a79d2fb9f326 av-link-btn avia-icon_select-yes-left-icon avia-size-small avia-position-center avia-color-red'   aria-label=\"Suivez-nous sur Instagram\"><span class='avia_button_icon avia_button_icon_left avia-iconfont avia-font-entypo-fontello' data-av_icon='\ue909' data-av_iconfont='entypo-fontello' ><\/span><span class='avia_iconbox_title' >Suivez-nous sur Instagram<\/span><\/a><\/div><\/div>\n","protected":false},"excerpt":{"rendered":"","protected":false},"author":8,"featured_media":0,"parent":0,"menu_order":0,"comment_status":"closed","ping_status":"closed","template":"","meta":{"footnotes":""},"class_list":["post-8167","page","type-page","status-publish","hentry"],"jetpack_sharing_enabled":true,"_links":{"self":[{"href":"https:\/\/www.canalfriends.com\/fr\/wp-json\/wp\/v2\/pages\/8167","targetHints":{"allow":["GET"]}}],"collection":[{"href":"https:\/\/www.canalfriends.com\/fr\/wp-json\/wp\/v2\/pages"}],"about":[{"href":"https:\/\/www.canalfriends.com\/fr\/wp-json\/wp\/v2\/types\/page"}],"author":[{"embeddable":true,"href":"https:\/\/www.canalfriends.com\/fr\/wp-json\/wp\/v2\/users\/8"}],"replies":[{"embeddable":true,"href":"https:\/\/www.canalfriends.com\/fr\/wp-json\/wp\/v2\/comments?post=8167"}],"version-history":[{"count":0,"href":"https:\/\/www.canalfriends.com\/fr\/wp-json\/wp\/v2\/pages\/8167\/revisions"}],"wp:attachment":[{"href":"https:\/\/www.canalfriends.com\/fr\/wp-json\/wp\/v2\/media?parent=8167"}],"curies":[{"name":"wp","href":"https:\/\/api.w.org\/{rel}","templated":true}]}}