{"id":8389,"date":"2016-09-08T17:13:58","date_gmt":"2016-09-08T15:13:58","guid":{"rendered":"http:\/\/www.canalfriends.com\/fr\/?page_id=8389"},"modified":"2018-02-11T13:39:18","modified_gmt":"2018-02-11T12:39:18","slug":"revivez-la-remontee-du-canal-de-nantes-brest-sur-laulne-oubliee","status":"publish","type":"page","link":"https:\/\/www.canalfriends.com\/fr\/revivez-la-remontee-du-canal-de-nantes-brest-sur-laulne-oubliee\/","title":{"rendered":"Canal de Nantes \u00e0 Brest sur l&rsquo;Aulne Oubli\u00e9e&#8230;retrouv\u00e9e"},"content":{"rendered":"\n<style type=\"text\/css\" data-created_by=\"avia_inline_auto\" id=\"style-css-av-av_heading-c502739a75dfa241624ff64824bb68ce\">\n#top .av-special-heading.av-av_heading-c502739a75dfa241624ff64824bb68ce{\npadding-bottom:14px;\ncolor:#2d753a;\nfont-size:27px;\n}\nbody .av-special-heading.av-av_heading-c502739a75dfa241624ff64824bb68ce .av-special-heading-tag .heading-char{\nfont-size:25px;\n}\n#top #wrap_all .av-special-heading.av-av_heading-c502739a75dfa241624ff64824bb68ce .av-special-heading-tag{\nfont-size:27px;\n}\n.av-special-heading.av-av_heading-c502739a75dfa241624ff64824bb68ce .special-heading-inner-border{\nborder-color:#2d753a;\n}\n.av-special-heading.av-av_heading-c502739a75dfa241624ff64824bb68ce .av-subheading{\nfont-size:20px;\n}\n\n@media only screen and (min-width: 480px) and (max-width: 767px){ \n#top #wrap_all .av-special-heading.av-av_heading-c502739a75dfa241624ff64824bb68ce .av-special-heading-tag{\nfont-size:0.8em;\n}\n}\n\n@media only screen and (max-width: 479px){ \n#top #wrap_all .av-special-heading.av-av_heading-c502739a75dfa241624ff64824bb68ce .av-special-heading-tag{\nfont-size:0.8em;\n}\n}\n<\/style>\n<div  class='av-special-heading av-av_heading-c502739a75dfa241624ff64824bb68ce av-special-heading-h2 custom-color-heading blockquote modern-quote modern-centered  avia-builder-el-0  el_before_av_hr  avia-builder-el-first  av-inherit-size'><h2 class='av-special-heading-tag '  itemprop=\"headline\"  >Et\u00e9 2016, des passionn\u00e9s d\u00e9cidaient de remonter avec leurs bateaux, le canal de Nantes \u00e0 Brest sur l\u2019Aulne oubli\u00e9e<\/h2><div class=\"special-heading-border\"><div class=\"special-heading-inner-border\"><\/div><\/div><\/div>\n\n<style type=\"text\/css\" data-created_by=\"avia_inline_auto\" id=\"style-css-av-av_hr-57670a6c9c57f1965e19644b740507b6\">\n#top .hr.av-av_hr-57670a6c9c57f1965e19644b740507b6{\nmargin-top:6px;\nmargin-bottom:6px;\n}\n.hr.av-av_hr-57670a6c9c57f1965e19644b740507b6 .hr-inner{\nwidth:1200px;\n}\n<\/style>\n<div  class='hr av-av_hr-57670a6c9c57f1965e19644b740507b6 hr-custom  avia-builder-el-1  el_after_av_heading  el_before_av_one_half  hr-center hr-icon-no'><span class='hr-inner inner-border-av-border-fat'><span class=\"hr-inner-style\"><\/span><\/span><\/div>\n\n<style type=\"text\/css\" data-created_by=\"avia_inline_auto\" id=\"style-css-av-av_one_half-6126cab7d8fab8d08143dd2dacdf673c\">\n.flex_column.av-av_one_half-6126cab7d8fab8d08143dd2dacdf673c{\nborder-radius:0px 0px 0px 0px;\npadding:0px 0px 0px 0px;\n}\n<\/style>\n<div  class='flex_column av-av_one_half-6126cab7d8fab8d08143dd2dacdf673c av_one_half  avia-builder-el-2  el_after_av_hr  el_before_av_one_half  first flex_column_div av-zero-column-padding  '     ><p>\n<style type=\"text\/css\" data-created_by=\"avia_inline_auto\" id=\"style-css-av-av_heading-e194fc215d6240a6bbe8327cbdf24e12\">\n#top .av-special-heading.av-av_heading-e194fc215d6240a6bbe8327cbdf24e12{\npadding-bottom:10px;\n}\nbody .av-special-heading.av-av_heading-e194fc215d6240a6bbe8327cbdf24e12 .av-special-heading-tag .heading-char{\nfont-size:25px;\n}\n.av-special-heading.av-av_heading-e194fc215d6240a6bbe8327cbdf24e12 .av-subheading{\nfont-size:15px;\n}\n<\/style>\n<div  class='av-special-heading av-av_heading-e194fc215d6240a6bbe8327cbdf24e12 av-special-heading-h3 blockquote modern-quote modern-centered  avia-builder-el-3  el_before_av_textblock  avia-builder-el-first '><h3 class='av-special-heading-tag '  itemprop=\"headline\"  >Initiateurs : Equipages de 2 Tjalks (p\u00e9niche hollandaise)<\/h3><div class=\"special-heading-border\"><div class=\"special-heading-inner-border\"><\/div><\/div><\/div><br \/>\n\n<style type=\"text\/css\" data-created_by=\"avia_inline_auto\" id=\"style-css-av-av_textblock-624a3361c2a1e546fe8b22cbd724f286\">\n#top .av_textblock_section.av-av_textblock-624a3361c2a1e546fe8b22cbd724f286 .avia_textblock{\ncolor:#2d753a;\n}\n<\/style>\n<section  class='av_textblock_section av-av_textblock-624a3361c2a1e546fe8b22cbd724f286 '   itemscope=\"itemscope\" itemtype=\"https:\/\/schema.org\/CreativeWork\" ><div class='avia_textblock av_inherit_color'  itemprop=\"text\" ><p style=\"text-align: center;\"><strong><a href=\"http:\/\/tjalk.dv.cornelia.over-blog.com\/\">De Vrouwe Corn\u00e9lia<\/a> &#8211; P\u00e9niche hollandaise de 1908<\/strong><\/p>\n<p style=\"text-align: center;\"><strong>Equipage : Laurent &amp; C\u00e9line<\/strong><\/p>\n<\/div><\/section><br \/>\n\n<style type=\"text\/css\" data-created_by=\"avia_inline_auto\" id=\"style-css-av-av_image-3b21168976317b593e50b60e861cfc72\">\n.avia-image-container.av-av_image-3b21168976317b593e50b60e861cfc72 img.avia_image{\nbox-shadow:none;\n}\n.avia-image-container.av-av_image-3b21168976317b593e50b60e861cfc72 .av-image-caption-overlay-center{\ncolor:#ffffff;\n}\n<\/style>\n<div  class='avia-image-container av-av_image-3b21168976317b593e50b60e861cfc72 av-styling- avia-align-center  avia-builder-el-5  el_after_av_textblock  el_before_av_textblock '   itemprop=\"image\" itemscope=\"itemscope\" itemtype=\"https:\/\/schema.org\/ImageObject\" ><div class=\"avia-image-container-inner\"><div class=\"avia-image-overlay-wrap\"><img decoding=\"async\" fetchpriority=\"high\" class='wp-image-21541 avia-img-lazy-loading-not-21541 avia_image ' src=\"https:\/\/i0.wp.com\/www.canalfriends.com\/wp-content\/uploads\/2016\/05\/7686_peniche-de-vrouwe.jpg?fit=469%2C352&ssl=1\" alt='' title='peniche-de-vrouwe'  height=\"352\" width=\"469\"  itemprop=\"thumbnailUrl\" srcset=\"https:\/\/i0.wp.com\/www.canalfriends.com\/wp-content\/uploads\/2016\/05\/7686_peniche-de-vrouwe.jpg?w=533&amp;ssl=1 533w, https:\/\/i0.wp.com\/www.canalfriends.com\/wp-content\/uploads\/2016\/05\/7686_peniche-de-vrouwe.jpg?resize=80%2C60&amp;ssl=1 80w, https:\/\/i0.wp.com\/www.canalfriends.com\/wp-content\/uploads\/2016\/05\/7686_peniche-de-vrouwe.jpg?resize=496%2C372&amp;ssl=1 496w, https:\/\/i0.wp.com\/www.canalfriends.com\/wp-content\/uploads\/2016\/05\/7686_peniche-de-vrouwe.jpg?resize=450%2C338&amp;ssl=1 450w\" sizes=\"(max-width: 469px) 100vw, 469px\" \/><\/div><\/div><\/div><br \/>\n\n<style type=\"text\/css\" data-created_by=\"avia_inline_auto\" id=\"style-css-av-av_textblock-624a3361c2a1e546fe8b22cbd724f286\">\n#top .av_textblock_section.av-av_textblock-624a3361c2a1e546fe8b22cbd724f286 .avia_textblock{\ncolor:#2d753a;\n}\n<\/style>\n<section  class='av_textblock_section av-av_textblock-624a3361c2a1e546fe8b22cbd724f286 '   itemscope=\"itemscope\" itemtype=\"https:\/\/schema.org\/CreativeWork\" ><div class='avia_textblock av_inherit_color'  itemprop=\"text\" ><p style=\"text-align: center;\"><strong><a href=\"http:\/\/www.het-leven.co\/\">Het Leven<\/a> &#8211; P\u00e9niche hollandaise de 1910<\/strong><\/p>\n<p style=\"text-align: center;\"><strong>Equipage : Herv\u00e9 &amp; Martine<\/strong><\/p>\n<\/div><\/section><br \/>\n\n<style type=\"text\/css\" data-created_by=\"avia_inline_auto\" id=\"style-css-av-av_image-9582bcbb1801d5167927d51a43967594\">\n.avia-image-container.av-av_image-9582bcbb1801d5167927d51a43967594 img.avia_image{\nbox-shadow:none;\n}\n.avia-image-container.av-av_image-9582bcbb1801d5167927d51a43967594 .av-image-caption-overlay-center{\ncolor:#ffffff;\n}\n<\/style>\n<div  class='avia-image-container av-av_image-9582bcbb1801d5167927d51a43967594 av-styling- avia-align-center  avia-builder-el-7  el_after_av_textblock  el_before_av_textblock '   itemprop=\"image\" itemscope=\"itemscope\" itemtype=\"https:\/\/schema.org\/ImageObject\" ><div class=\"avia-image-container-inner\"><div class=\"avia-image-overlay-wrap\"><img decoding=\"async\" fetchpriority=\"high\" class='wp-image-8112 avia-img-lazy-loading-not-8112 avia_image ' src=\"https:\/\/i0.wp.com\/www.canalfriends.com\/wp-content\/uploads\/2016\/07\/canalfriends.com-Hetleven.jpg?fit=469%2C352&ssl=1\" alt='canalfriends.com Hetleven' title='canalfriends.com Hetleven'  height=\"352\" width=\"469\"  itemprop=\"thumbnailUrl\" srcset=\"https:\/\/i0.wp.com\/www.canalfriends.com\/wp-content\/uploads\/2016\/07\/canalfriends.com-Hetleven.jpg?w=600&amp;ssl=1 600w, https:\/\/i0.wp.com\/www.canalfriends.com\/wp-content\/uploads\/2016\/07\/canalfriends.com-Hetleven.jpg?resize=80%2C60&amp;ssl=1 80w, https:\/\/i0.wp.com\/www.canalfriends.com\/wp-content\/uploads\/2016\/07\/canalfriends.com-Hetleven.jpg?resize=496%2C372&amp;ssl=1 496w, https:\/\/i0.wp.com\/www.canalfriends.com\/wp-content\/uploads\/2016\/07\/canalfriends.com-Hetleven.jpg?resize=533%2C400&amp;ssl=1 533w, https:\/\/i0.wp.com\/www.canalfriends.com\/wp-content\/uploads\/2016\/07\/canalfriends.com-Hetleven.jpg?resize=450%2C338&amp;ssl=1 450w\" sizes=\"(max-width: 469px) 100vw, 469px\" \/><\/div><\/div><\/div><br \/>\n\n<style type=\"text\/css\" data-created_by=\"avia_inline_auto\" id=\"style-css-av-av_textblock-624a3361c2a1e546fe8b22cbd724f286\">\n#top .av_textblock_section.av-av_textblock-624a3361c2a1e546fe8b22cbd724f286 .avia_textblock{\ncolor:#2d753a;\n}\n<\/style>\n<section  class='av_textblock_section av-av_textblock-624a3361c2a1e546fe8b22cbd724f286 '   itemscope=\"itemscope\" itemtype=\"https:\/\/schema.org\/CreativeWork\" ><div class='avia_textblock av_inherit_color'  itemprop=\"text\" ><p style=\"text-align: center;\"><strong>Avec le soutien des <a href=\"http:\/\/www.amisducanal22.fr\/427253224\">Amis du canal 22<\/a>\u00a0pour passer les \u00e9cluses<\/strong><\/p>\n<\/div><\/section><br \/>\n\n<style type=\"text\/css\" data-created_by=\"avia_inline_auto\" id=\"style-css-av-av_image-deb93b6cda24b2f14611ee709f1dc1c8\">\n.avia-image-container.av-av_image-deb93b6cda24b2f14611ee709f1dc1c8 img.avia_image{\nbox-shadow:none;\n}\n.avia-image-container.av-av_image-deb93b6cda24b2f14611ee709f1dc1c8 .av-image-caption-overlay-center{\ncolor:#ffffff;\n}\n<\/style>\n<div  class='avia-image-container av-av_image-deb93b6cda24b2f14611ee709f1dc1c8 av-styling- avia-align-center  avia-builder-el-9  el_after_av_textblock  avia-builder-el-last '   itemprop=\"image\" itemscope=\"itemscope\" itemtype=\"https:\/\/schema.org\/ImageObject\" ><div class=\"avia-image-container-inner\"><div class=\"avia-image-overlay-wrap\"><img decoding=\"async\" fetchpriority=\"high\" class='wp-image-8120 avia-img-lazy-loading-not-8120 avia_image ' src=\"https:\/\/i0.wp.com\/www.canalfriends.com\/wp-content\/uploads\/2016\/01\/Canalfriends.com-logo-AC22-80.jpg?fit=80%2C80&ssl=1\" alt='canalfriends.com AC22' title='canalfriends.com AC22'  height=\"80\" width=\"80\"  itemprop=\"thumbnailUrl\" srcset=\"https:\/\/i0.wp.com\/www.canalfriends.com\/wp-content\/uploads\/2016\/01\/Canalfriends.com-logo-AC22-80.jpg?w=80&amp;ssl=1 80w, https:\/\/i0.wp.com\/www.canalfriends.com\/wp-content\/uploads\/2016\/01\/Canalfriends.com-logo-AC22-80.jpg?resize=36%2C36&amp;ssl=1 36w\" sizes=\"(max-width: 80px) 100vw, 80px\" \/><\/div><\/div><\/div><\/p><\/div>\n\n<style type=\"text\/css\" data-created_by=\"avia_inline_auto\" id=\"style-css-av-av_one_half-9c1d454dc06f7247226bc4e8f931daae\">\n.flex_column.av-av_one_half-9c1d454dc06f7247226bc4e8f931daae{\nborder-radius:0px 0px 0px 0px;\npadding:0px 0px 0px 0px;\n}\n<\/style>\n<div  class='flex_column av-av_one_half-9c1d454dc06f7247226bc4e8f931daae av_one_half  avia-builder-el-10  el_after_av_one_half  el_before_av_one_fourth  flex_column_div av-zero-column-padding  '     ><p>\n<style type=\"text\/css\" data-created_by=\"avia_inline_auto\" id=\"style-css-av-av_heading-5f86fc0b3c46b8cc0b678ff8a2e11d21\">\n#top .av-special-heading.av-av_heading-5f86fc0b3c46b8cc0b678ff8a2e11d21{\npadding-bottom:10px;\n}\nbody .av-special-heading.av-av_heading-5f86fc0b3c46b8cc0b678ff8a2e11d21 .av-special-heading-tag .heading-char{\nfont-size:25px;\n}\n.av-special-heading.av-av_heading-5f86fc0b3c46b8cc0b678ff8a2e11d21 .av-subheading{\nfont-size:15px;\n}\n<\/style>\n<div  class='av-special-heading av-av_heading-5f86fc0b3c46b8cc0b678ff8a2e11d21 av-special-heading-h3 blockquote modern-quote modern-centered  avia-builder-el-11  el_before_av_textblock  avia-builder-el-first '><h3 class='av-special-heading-tag '  itemprop=\"headline\"  >&laquo;&nbsp;L\u2019aventure&nbsp;&raquo;<\/h3><div class=\"special-heading-border\"><div class=\"special-heading-inner-border\"><\/div><\/div><\/div><br \/>\n\n<style type=\"text\/css\" data-created_by=\"avia_inline_auto\" id=\"style-css-av-av_textblock-624a3361c2a1e546fe8b22cbd724f286\">\n#top .av_textblock_section.av-av_textblock-624a3361c2a1e546fe8b22cbd724f286 .avia_textblock{\ncolor:#2d753a;\n}\n<\/style>\n<section  class='av_textblock_section av-av_textblock-624a3361c2a1e546fe8b22cbd724f286 '   itemscope=\"itemscope\" itemtype=\"https:\/\/schema.org\/CreativeWork\" ><div class='avia_textblock av_inherit_color'  itemprop=\"text\" ><div class=\"ox-c517052acf-gmail_default\"><strong>Laurent, C\u00e9line, Herv\u00e9 et Martine ont d\u00e9cid\u00e9 de remonter avec leurs bateaux,\u00a0le\u00a0canal de Nantes \u00e0 Brest, depuis Brest jusqu&rsquo;au plus loin possible, id\u00e9alement, jusqu&rsquo;au port de Carhaix (70km aller), puis de le redescendre, du\u00a027 juillet\u00a0au 6\u00a0ao\u00fbt. Ils proposaient des places sur leur bateau, avec possibilit\u00e9 de couchage. D&rsquo;autres les ont suivis en v\u00e9lo pour aider \u00e0 passer les \u00e9cluses, &#8230;<\/strong><\/div>\n<div class=\"ox-c517052acf-gmail_default\"><\/div>\n<div class=\"ox-c517052acf-gmail_default\"><\/div>\n<div class=\"ox-c517052acf-gmail_default\"><strong>Des escales festives\u00a0\u00e9taient\u00a0pr\u00e9vues, en autogestion : musiciens, plasticiens, randonneurs, \u00e9crivains, passionn\u00e9s du canal&#8230;<\/strong><\/div>\n<div class=\"ox-c517052acf-gmail_default\"><\/div>\n<div class=\"ox-c517052acf-gmail_default\"><strong>Cet \u00e9v\u00e9nement a \u00e9t\u00e9\u00a0une bonne occasion de d\u00e9couvrir cette partie du canal, tr\u00e8s belle et tr\u00e8s sauvage, en famille ou entre amis.<\/strong><\/div>\n<div class=\"ox-c517052acf-gmail_default\"><\/div>\n<div class=\"ox-c517052acf-gmail_default\"><\/div>\n<div class=\"ox-c517052acf-gmail_default\"><\/div>\n<div class=\"ox-c517052acf-gmail_default\"><\/div>\n<div class=\"ox-c517052acf-gmail_default\"><\/div>\n<\/div><\/section><br \/>\n\n<style type=\"text\/css\" data-created_by=\"avia_inline_auto\" id=\"style-css-av-av_heading-13f03de369b24cdd06e98cb59f12b19f\">\n#top .av-special-heading.av-av_heading-13f03de369b24cdd06e98cb59f12b19f{\npadding-bottom:10px;\n}\nbody .av-special-heading.av-av_heading-13f03de369b24cdd06e98cb59f12b19f .av-special-heading-tag .heading-char{\nfont-size:25px;\n}\n.av-special-heading.av-av_heading-13f03de369b24cdd06e98cb59f12b19f .av-subheading{\nfont-size:15px;\n}\n<\/style>\n<div  class='av-special-heading av-av_heading-13f03de369b24cdd06e98cb59f12b19f av-special-heading-h3 blockquote modern-quote modern-centered  avia-builder-el-13  el_after_av_textblock  el_before_av_textblock '><h3 class='av-special-heading-tag '  itemprop=\"headline\"  >Objectif atteint !<\/h3><div class=\"special-heading-border\"><div class=\"special-heading-inner-border\"><\/div><\/div><\/div><br \/>\n\n<style type=\"text\/css\" data-created_by=\"avia_inline_auto\" id=\"style-css-av-av_textblock-624a3361c2a1e546fe8b22cbd724f286\">\n#top .av_textblock_section.av-av_textblock-624a3361c2a1e546fe8b22cbd724f286 .avia_textblock{\ncolor:#2d753a;\n}\n<\/style>\n<section  class='av_textblock_section av-av_textblock-624a3361c2a1e546fe8b22cbd724f286 '   itemscope=\"itemscope\" itemtype=\"https:\/\/schema.org\/CreativeWork\" ><div class='avia_textblock av_inherit_color'  itemprop=\"text\" ><p><strong>Qualifi\u00e9 de &laquo;&nbsp;<a href=\"http:\/\/www.canalfriends.com\/fr\/les-premieres-canalfriends\/\">Premi\u00e8re Canalfriends<\/a>&laquo;&nbsp;, cet \u00e9v\u00e9nement comportait des incertitudes que les participants devaient accepter notamment :<\/strong><\/p>\n<ul>\n<li><strong>Navigation sur la totalit\u00e9 du parcours pr\u00e9vu car la voie d&rsquo;eau n&rsquo;a pas \u00e9t\u00e9 utilis\u00e9e depuis tr\u00e8s longtemps ; trop risqu\u00e9 pour les bateaux et les passagers.. les \u00e9quipages pourront d\u00e9cider de ne pas aller plus loin<\/strong><\/li>\n<li><strong>Temps \u00e0 passer pour ouvrir les \u00e9cluses qui n&rsquo;ont pas fonctionn\u00e9\u00a0depuis longtemps<\/strong><\/li>\n<li><strong>Planning g\u00e9n\u00e9ral, pour les raisons ci-dessus<\/strong><\/li>\n<li><strong>Couverture r\u00e9seau t\u00e9l\u00e9phonique<\/strong><\/li>\n<\/ul>\n<\/div><\/section><br \/>\n\n<style type=\"text\/css\" data-created_by=\"avia_inline_auto\" id=\"style-css-av-av_heading-b4b1c6a5a0e52a788421a6fc43f13f10\">\n#top .av-special-heading.av-av_heading-b4b1c6a5a0e52a788421a6fc43f13f10{\npadding-bottom:10px;\n}\nbody .av-special-heading.av-av_heading-b4b1c6a5a0e52a788421a6fc43f13f10 .av-special-heading-tag .heading-char{\nfont-size:25px;\n}\n.av-special-heading.av-av_heading-b4b1c6a5a0e52a788421a6fc43f13f10 .av-subheading{\nfont-size:15px;\n}\n<\/style>\n<div  class='av-special-heading av-av_heading-b4b1c6a5a0e52a788421a6fc43f13f10 av-special-heading-h3 blockquote modern-quote modern-centered  avia-builder-el-15  el_after_av_textblock  el_before_av_textblock '><h3 class='av-special-heading-tag '  itemprop=\"headline\"  >Trac\u00e9 de la remont\u00e9e<\/h3><div class=\"special-heading-border\"><div class=\"special-heading-inner-border\"><\/div><\/div><\/div><br \/>\n<section  class='av_textblock_section av-av_textblock-0366cc7376be6c9e82a3e9cc8987b64f '   itemscope=\"itemscope\" itemtype=\"https:\/\/schema.org\/CreativeWork\" ><div class='avia_textblock'  itemprop=\"text\" ><p><iframe loading=\"lazy\" src=\"https:\/\/www.google.com\/maps\/d\/embed?mid=1S-Q55ee9ckk9ELq46vZDCiCko9M\" width=\"350\" height=\"350\"><\/iframe><\/p>\n<\/div><\/section><br \/>\n\n<style type=\"text\/css\" data-created_by=\"avia_inline_auto\" id=\"style-css-av-av_textblock-624a3361c2a1e546fe8b22cbd724f286\">\n#top .av_textblock_section.av-av_textblock-624a3361c2a1e546fe8b22cbd724f286 .avia_textblock{\ncolor:#2d753a;\n}\n<\/style>\n<section  class='av_textblock_section av-av_textblock-624a3361c2a1e546fe8b22cbd724f286 '   itemscope=\"itemscope\" itemtype=\"https:\/\/schema.org\/CreativeWork\" ><div class='avia_textblock av_inherit_color'  itemprop=\"text\" ><p><strong>Contacts :<\/strong><\/p>\n<ul>\n<li><strong>De Vrouwe Corn\u00e9lia : C\u00e9line : 06 66 31 67 19<\/strong><\/li>\n<\/ul>\n<ul>\n<li><strong>AC22 : Judith : 07 83 34 94 45<\/strong><\/li>\n<\/ul>\n<\/div><\/section><\/p><\/div>\n\n<style type=\"text\/css\" data-created_by=\"avia_inline_auto\" id=\"style-css-av-av_one_fourth-6126cab7d8fab8d08143dd2dacdf673c\">\n.flex_column.av-av_one_fourth-6126cab7d8fab8d08143dd2dacdf673c{\nborder-radius:0px 0px 0px 0px;\npadding:0px 0px 0px 0px;\n}\n<\/style>\n<div  class='flex_column av-av_one_fourth-6126cab7d8fab8d08143dd2dacdf673c av_one_fourth  avia-builder-el-18  el_after_av_one_half  el_before_av_one_fourth  first flex_column_div av-zero-column-padding  column-top-margin'     ><div  class='avia-button-wrap av-av_button-75526546a74a8cf99c317c1e82447278-wrap avia-button-center  avia-builder-el-19  avia-builder-el-no-sibling '><a href='http:\/\/www.canalfriends.com\/fr\/contact\/'  class='avia-button av-av_button-75526546a74a8cf99c317c1e82447278 av-link-btn avia-icon_select-yes-left-icon avia-size-small avia-position-center avia-color-grey'  target=\"_blank\"  rel=\"noopener noreferrer\"  aria-label=\"Contactez-nous\"><span class='avia_button_icon avia_button_icon_left avia-iconfont avia-font-entypo-fontello' data-av_icon='\ue805' data-av_iconfont='entypo-fontello' ><\/span><span class='avia_iconbox_title' >Contactez-nous<\/span><\/a><\/div><\/div>\n\n<style type=\"text\/css\" data-created_by=\"avia_inline_auto\" id=\"style-css-av-av_one_fourth-0aa7055fe62c3622faec82866afbaeb2\">\n.flex_column.av-av_one_fourth-0aa7055fe62c3622faec82866afbaeb2{\nborder-radius:0px 0px 0px 0px;\npadding:0px 0px 0px 0px;\n}\n<\/style>\n<div  class='flex_column av-av_one_fourth-0aa7055fe62c3622faec82866afbaeb2 av_one_fourth  avia-builder-el-20  el_after_av_one_fourth  el_before_av_one_fourth  flex_column_div av-zero-column-padding  column-top-margin'     ><div  class='avia-button-wrap av-av_button-f52c02001b6f5d0db369a50e60e74038-wrap avia-button-center  avia-builder-el-21  avia-builder-el-no-sibling '><a href='https:\/\/www.facebook.com\/canalfriends.fr'  class='avia-button av-av_button-f52c02001b6f5d0db369a50e60e74038 av-link-btn avia-icon_select-yes-left-icon avia-size-small avia-position-center avia-color-green'   aria-label=\"Suivez-nous sur Facebook\"><span class='avia_button_icon avia_button_icon_left avia-iconfont avia-font-entypo-fontello' data-av_icon='\ue8f5' data-av_iconfont='entypo-fontello' ><\/span><span class='avia_iconbox_title' >Suivez-nous sur Facebook<\/span><\/a><\/div><\/div>\n\n<style type=\"text\/css\" data-created_by=\"avia_inline_auto\" id=\"style-css-av-av_one_fourth-0aa7055fe62c3622faec82866afbaeb2\">\n.flex_column.av-av_one_fourth-0aa7055fe62c3622faec82866afbaeb2{\nborder-radius:0px 0px 0px 0px;\npadding:0px 0px 0px 0px;\n}\n<\/style>\n<div  class='flex_column av-av_one_fourth-0aa7055fe62c3622faec82866afbaeb2 av_one_fourth  avia-builder-el-22  el_after_av_one_fourth  el_before_av_one_fourth  flex_column_div av-zero-column-padding  column-top-margin'     ><div  class='avia-button-wrap av-av_button-04558abb0e226aa5bbd803c5024cabb1-wrap avia-button-center  avia-builder-el-23  avia-builder-el-no-sibling '><a href='https:\/\/twitter.com\/Canal_Friends'  class='avia-button av-av_button-04558abb0e226aa5bbd803c5024cabb1 av-link-btn avia-icon_select-yes-left-icon avia-size-small avia-position-center avia-color-blue'   aria-label=\"Suivez-nous sur Twitter\"><span class='avia_button_icon avia_button_icon_left avia-iconfont avia-font-entypo-fontello' data-av_icon='\ue8f1' data-av_iconfont='entypo-fontello' ><\/span><span class='avia_iconbox_title' >Suivez-nous sur Twitter<\/span><\/a><\/div><\/div>\n\n<style type=\"text\/css\" data-created_by=\"avia_inline_auto\" id=\"style-css-av-av_one_fourth-0aa7055fe62c3622faec82866afbaeb2\">\n.flex_column.av-av_one_fourth-0aa7055fe62c3622faec82866afbaeb2{\nborder-radius:0px 0px 0px 0px;\npadding:0px 0px 0px 0px;\n}\n<\/style>\n<div  class='flex_column av-av_one_fourth-0aa7055fe62c3622faec82866afbaeb2 av_one_fourth  avia-builder-el-24  el_after_av_one_fourth  avia-builder-el-last  flex_column_div av-zero-column-padding  column-top-margin'     ><div  class='avia-button-wrap av-av_button-f937d688c921de483050a79d2fb9f326-wrap avia-button-center  avia-builder-el-25  avia-builder-el-no-sibling '><a href='http:\/\/www.instagram.com\/canal_friends\/'  class='avia-button av-av_button-f937d688c921de483050a79d2fb9f326 av-link-btn avia-icon_select-yes-left-icon avia-size-small avia-position-center avia-color-red'   aria-label=\"Suivez-nous sur Instagram\"><span class='avia_button_icon avia_button_icon_left avia-iconfont avia-font-entypo-fontello' data-av_icon='\ue909' data-av_iconfont='entypo-fontello' ><\/span><span class='avia_iconbox_title' >Suivez-nous sur Instagram<\/span><\/a><\/div><\/div>\n","protected":false},"excerpt":{"rendered":"","protected":false},"author":8,"featured_media":0,"parent":0,"menu_order":0,"comment_status":"closed","ping_status":"closed","template":"","meta":{"footnotes":""},"class_list":["post-8389","page","type-page","status-publish","hentry"],"jetpack_sharing_enabled":true,"_links":{"self":[{"href":"https:\/\/www.canalfriends.com\/fr\/wp-json\/wp\/v2\/pages\/8389","targetHints":{"allow":["GET"]}}],"collection":[{"href":"https:\/\/www.canalfriends.com\/fr\/wp-json\/wp\/v2\/pages"}],"about":[{"href":"https:\/\/www.canalfriends.com\/fr\/wp-json\/wp\/v2\/types\/page"}],"author":[{"embeddable":true,"href":"https:\/\/www.canalfriends.com\/fr\/wp-json\/wp\/v2\/users\/8"}],"replies":[{"embeddable":true,"href":"https:\/\/www.canalfriends.com\/fr\/wp-json\/wp\/v2\/comments?post=8389"}],"version-history":[{"count":2,"href":"https:\/\/www.canalfriends.com\/fr\/wp-json\/wp\/v2\/pages\/8389\/revisions"}],"predecessor-version":[{"id":8796,"href":"https:\/\/www.canalfriends.com\/fr\/wp-json\/wp\/v2\/pages\/8389\/revisions\/8796"}],"wp:attachment":[{"href":"https:\/\/www.canalfriends.com\/fr\/wp-json\/wp\/v2\/media?parent=8389"}],"curies":[{"name":"wp","href":"https:\/\/api.w.org\/{rel}","templated":true}]}}