{"id":8915,"date":"2016-10-31T00:03:13","date_gmt":"2016-10-30T23:03:13","guid":{"rendered":"http:\/\/www.canalfriends.com\/fr\/?page_id=8915"},"modified":"2023-01-13T13:16:12","modified_gmt":"2023-01-13T12:16:12","slug":"conditions-de-navigation","status":"publish","type":"page","link":"https:\/\/www.canalfriends.com\/fr\/conditions-de-navigation\/","title":{"rendered":"Conditions de navigation"},"content":{"rendered":"\n<style type=\"text\/css\" data-created_by=\"avia_inline_auto\" id=\"style-css-av-utkgpf-0facaefedb928c69f950ce88e7d52d96\">\n#top .av-special-heading.av-utkgpf-0facaefedb928c69f950ce88e7d52d96{\npadding-bottom:5px;\n}\nbody .av-special-heading.av-utkgpf-0facaefedb928c69f950ce88e7d52d96 .av-special-heading-tag .heading-char{\nfont-size:25px;\n}\n.av-special-heading.av-utkgpf-0facaefedb928c69f950ce88e7d52d96 .av-subheading{\nfont-size:20px;\n}\n<\/style>\n<div  class='av-special-heading av-utkgpf-0facaefedb928c69f950ce88e7d52d96 av-special-heading-h2 blockquote modern-quote modern-centered  avia-builder-el-0  el_before_av_section  avia-builder-el-no-sibling '><h2 class='av-special-heading-tag '  itemprop=\"headline\"  >Recommandations et conseils des gestionnaire des voies d\u2019eau<\/h2><div class='av-subheading av-subheading_below'><p>Informations concernant le mouillage garanti, les p\u00e9riodes de ch\u00f4mage et les r\u00e8glements de police<\/p>\n<\/div><div class=\"special-heading-border\"><div class=\"special-heading-inner-border\"><\/div><\/div><\/div>\n<\/div><\/div><\/div><!-- close content main div --><\/div><\/div>\n<style type=\"text\/css\" data-created_by=\"avia_inline_auto\" id=\"style-css-av-socjjn-be25a9f4e304d4fa85511a1f01ff459f\">\n.avia-section.av-socjjn-be25a9f4e304d4fa85511a1f01ff459f{\nbackground-color:#f3f3f3;\nbackground-image:unset;\n}\n<\/style>\n<div id='av_section_1'  class='avia-section av-socjjn-be25a9f4e304d4fa85511a1f01ff459f main_color avia-section-default avia-no-shadow  avia-builder-el-1  el_after_av_heading  avia-builder-el-last  avia-bg-style-scroll container_wrap fullsize'  ><div class='container av-section-cont-open' ><div class='template-page content  av-content-full alpha units'><div class='post-entry post-entry-type-page post-entry-8915'><div class='entry-content-wrapper clearfix'>\n\n<style type=\"text\/css\" data-created_by=\"avia_inline_auto\" id=\"style-css-av-qvrfub-898e49cbbcec7afb1dcd002d42cfe42a\">\n.flex_column.av-qvrfub-898e49cbbcec7afb1dcd002d42cfe42a{\nborder-radius:0px 0px 0px 0px;\npadding:0px 0px 0px 0px;\n}\n<\/style>\n<div  class='flex_column av-qvrfub-898e49cbbcec7afb1dcd002d42cfe42a av_one_third  avia-builder-el-2  el_before_av_two_third  avia-builder-el-first  first flex_column_div av-zero-column-padding  '     ><p>\n<style type=\"text\/css\" data-created_by=\"avia_inline_auto\" id=\"style-css-av-px6sqr-b5ea6d097a9a3bf1065bd2113a123caf\">\n.avia-image-container.av-px6sqr-b5ea6d097a9a3bf1065bd2113a123caf img.avia_image{\nbox-shadow:none;\n}\n.avia-image-container.av-px6sqr-b5ea6d097a9a3bf1065bd2113a123caf .av-image-caption-overlay-center{\ncolor:#ffffff;\n}\n<\/style>\n<div  class='avia-image-container av-px6sqr-b5ea6d097a9a3bf1065bd2113a123caf av-styling- av-hover-grow avia-align-center  avia-builder-el-3  el_before_av_image  avia-builder-el-first '   itemprop=\"image\" itemscope=\"itemscope\" itemtype=\"https:\/\/schema.org\/ImageObject\" ><div class=\"avia-image-container-inner\"><div class=\"avia-image-overlay-wrap\"><img decoding=\"async\" fetchpriority=\"high\" class='wp-image-8808 avia-img-lazy-loading-not-8808 avia_image ' src=\"https:\/\/i0.wp.com\/www.canalfriends.com\/wp-content\/uploads\/2016\/10\/chomage-canal-canalfriends.jpg?fit=469%2C352&ssl=1\" alt='travaux canal garonne agen canalfriends' title='chomage canal canalfriends'  height=\"352\" width=\"469\"  itemprop=\"thumbnailUrl\" srcset=\"https:\/\/i0.wp.com\/www.canalfriends.com\/wp-content\/uploads\/2016\/10\/chomage-canal-canalfriends.jpg?w=600&amp;ssl=1 600w, https:\/\/i0.wp.com\/www.canalfriends.com\/wp-content\/uploads\/2016\/10\/chomage-canal-canalfriends.jpg?resize=80%2C60&amp;ssl=1 80w, https:\/\/i0.wp.com\/www.canalfriends.com\/wp-content\/uploads\/2016\/10\/chomage-canal-canalfriends.jpg?resize=496%2C372&amp;ssl=1 496w, https:\/\/i0.wp.com\/www.canalfriends.com\/wp-content\/uploads\/2016\/10\/chomage-canal-canalfriends.jpg?resize=533%2C400&amp;ssl=1 533w, https:\/\/i0.wp.com\/www.canalfriends.com\/wp-content\/uploads\/2016\/10\/chomage-canal-canalfriends.jpg?resize=450%2C338&amp;ssl=1 450w\" sizes=\"(max-width: 469px) 100vw, 469px\" \/><\/div><\/div><\/div><br \/>\n\n<style type=\"text\/css\" data-created_by=\"avia_inline_auto\" id=\"style-css-av-nok2ab-12a4db280f4cb347a0d08ecb8600ac68\">\n.avia-image-container.av-nok2ab-12a4db280f4cb347a0d08ecb8600ac68 img.avia_image{\nbox-shadow:none;\n}\n.avia-image-container.av-nok2ab-12a4db280f4cb347a0d08ecb8600ac68 .av-image-caption-overlay-center{\ncolor:#ffffff;\n}\n<\/style>\n<div  class='avia-image-container av-nok2ab-12a4db280f4cb347a0d08ecb8600ac68 av-styling- avia-align-center  avia-builder-el-4  el_after_av_image  avia-builder-el-last '   itemprop=\"image\" itemscope=\"itemscope\" itemtype=\"https:\/\/schema.org\/ImageObject\" ><div class=\"avia-image-container-inner\"><div class=\"avia-image-overlay-wrap\"><img decoding=\"async\" fetchpriority=\"high\" class='wp-image-8809 avia-img-lazy-loading-not-8809 avia_image ' src=\"https:\/\/i0.wp.com\/www.canalfriends.com\/wp-content\/uploads\/2016\/10\/Ecluses-de-fonseranes-canalfriends.com_.jpg?fit=469%2C352&ssl=1\" alt='canal du midi fonserannes fonseranes chomage' title='ecluses de fonseranes canalfriends'  height=\"352\" width=\"469\"  itemprop=\"thumbnailUrl\" srcset=\"https:\/\/i0.wp.com\/www.canalfriends.com\/wp-content\/uploads\/2016\/10\/Ecluses-de-fonseranes-canalfriends.com_.jpg?w=600&amp;ssl=1 600w, https:\/\/i0.wp.com\/www.canalfriends.com\/wp-content\/uploads\/2016\/10\/Ecluses-de-fonseranes-canalfriends.com_.jpg?resize=80%2C60&amp;ssl=1 80w, https:\/\/i0.wp.com\/www.canalfriends.com\/wp-content\/uploads\/2016\/10\/Ecluses-de-fonseranes-canalfriends.com_.jpg?resize=496%2C372&amp;ssl=1 496w, https:\/\/i0.wp.com\/www.canalfriends.com\/wp-content\/uploads\/2016\/10\/Ecluses-de-fonseranes-canalfriends.com_.jpg?resize=533%2C400&amp;ssl=1 533w, https:\/\/i0.wp.com\/www.canalfriends.com\/wp-content\/uploads\/2016\/10\/Ecluses-de-fonseranes-canalfriends.com_.jpg?resize=450%2C338&amp;ssl=1 450w\" sizes=\"(max-width: 469px) 100vw, 469px\" \/><\/div><\/div><\/div><\/p><\/div>\n<style type=\"text\/css\" data-created_by=\"avia_inline_auto\" id=\"style-css-av-md5yj7-c8e6814c73ac58030583eeff5764a6df\">\n.flex_column.av-md5yj7-c8e6814c73ac58030583eeff5764a6df{\nborder-radius:0px 0px 0px 0px;\npadding:0px 0px 0px 0px;\n}\n<\/style>\n<div  class='flex_column av-md5yj7-c8e6814c73ac58030583eeff5764a6df av_two_third  avia-builder-el-5  el_after_av_one_third  avia-builder-el-last  flex_column_div av-zero-column-padding  '     ><p>\n<style type=\"text\/css\" data-created_by=\"avia_inline_auto\" id=\"style-css-av-kbw543-b1d9c54ed94ae83a09d1f3b6347c1576\">\n#top .av-special-heading.av-kbw543-b1d9c54ed94ae83a09d1f3b6347c1576{\npadding-bottom:10px;\ncolor:#2d753a;\n}\nbody .av-special-heading.av-kbw543-b1d9c54ed94ae83a09d1f3b6347c1576 .av-special-heading-tag .heading-char{\nfont-size:25px;\n}\n.av-special-heading.av-kbw543-b1d9c54ed94ae83a09d1f3b6347c1576 .special-heading-inner-border{\nborder-color:#2d753a;\n}\n.av-special-heading.av-kbw543-b1d9c54ed94ae83a09d1f3b6347c1576 .av-subheading{\nfont-size:15px;\n}\n<\/style>\n<div  class='av-special-heading av-kbw543-b1d9c54ed94ae83a09d1f3b6347c1576 av-special-heading-h3 custom-color-heading  avia-builder-el-6  el_before_av_textblock  avia-builder-el-first '><h3 class='av-special-heading-tag '  itemprop=\"headline\"  >Avis de VNF (Voies Navigables de France) <span class='special_amp'>&amp;<\/span> r\u00e8glements de police<\/h3><div class=\"special-heading-border\"><div class=\"special-heading-inner-border\"><\/div><\/div><\/div><br \/>\n\n<style type=\"text\/css\" data-created_by=\"avia_inline_auto\" id=\"style-css-av-j7uiyr-6c496a3423d3d5c1eb0fd7b25e026267\">\n#top .av_textblock_section.av-j7uiyr-6c496a3423d3d5c1eb0fd7b25e026267 .avia_textblock{\ncolor:#2d753a;\n}\n<\/style>\n<section  class='av_textblock_section av-j7uiyr-6c496a3423d3d5c1eb0fd7b25e026267 '   itemscope=\"itemscope\" itemtype=\"https:\/\/schema.org\/CreativeWork\" ><div class='avia_textblock av_inherit_color'  itemprop=\"text\" ><p><strong>Le territoire est d\u00e9coup\u00e9 en directions r\u00e9gionales. Certaines directions regroupent les recommandations et conseils pour la navigation dans un avis \u00e0 batellerie n\u00b01.<\/strong><\/p>\n<p><strong>Les informations concernant des<\/strong><strong> baisses ponctuelles, p\u00e9riodes de ch\u00f4mage et autres impossibilit\u00e9s de naviguer font l&rsquo;objet d&rsquo;avis \u00e0 la batellerie<\/strong><\/p>\n<p><strong>Pour retrouver ces avis, les r\u00e8glements de police d&rsquo;itin\u00e9raire et connaitre les p\u00e9riodes de ch\u00f4mage :\u00a0<\/strong><strong>site de VNF : <a href=\"https:\/\/www.vnf.fr\/vnf\/\" target=\"_blank\" rel=\"noopener\">www.vnf.fr<\/a><\/strong><\/p>\n<p><strong>Pour tout contact : n\u00b0 vert de VNF :\u00a00800 863 000<\/strong><\/p>\n<div><\/div>\n<div><\/div>\n<div><\/div>\n<\/div><\/section><br \/>\n\n<style type=\"text\/css\" data-created_by=\"avia_inline_auto\" id=\"style-css-av-1ogz2r-1d1e3ceefeae2d771e2e42b45a333b0e\">\n#top .av-special-heading.av-1ogz2r-1d1e3ceefeae2d771e2e42b45a333b0e{\npadding-bottom:10px;\ncolor:#2d753a;\n}\nbody .av-special-heading.av-1ogz2r-1d1e3ceefeae2d771e2e42b45a333b0e .av-special-heading-tag .heading-char{\nfont-size:25px;\n}\n.av-special-heading.av-1ogz2r-1d1e3ceefeae2d771e2e42b45a333b0e .special-heading-inner-border{\nborder-color:#2d753a;\n}\n.av-special-heading.av-1ogz2r-1d1e3ceefeae2d771e2e42b45a333b0e .av-subheading{\nfont-size:15px;\n}\n<\/style>\n<div  class='av-special-heading av-1ogz2r-1d1e3ceefeae2d771e2e42b45a333b0e av-special-heading-h3 custom-color-heading  avia-builder-el-8  el_after_av_textblock  el_before_av_textblock '><h3 class='av-special-heading-tag '  itemprop=\"headline\"  >1 &#8211; VNF Direction territoriale Sud-Ouest<\/h3><div class=\"special-heading-border\"><div class=\"special-heading-inner-border\"><\/div><\/div><\/div><br \/>\n\n<style type=\"text\/css\" data-created_by=\"avia_inline_auto\" id=\"style-css-av-g6ycf7-1a92310b513732f80c2cdacb82ed14dc\">\n#top .av_textblock_section.av-g6ycf7-1a92310b513732f80c2cdacb82ed14dc .avia_textblock{\ncolor:#2d753a;\n}\n<\/style>\n<section  class='av_textblock_section av-g6ycf7-1a92310b513732f80c2cdacb82ed14dc '   itemscope=\"itemscope\" itemtype=\"https:\/\/schema.org\/CreativeWork\" ><div class='avia_textblock av_inherit_color'  itemprop=\"text\" ><p><strong>Voies d&rsquo;eau concern\u00e9es :<\/strong><\/p>\n<ul>\n<li>fleuve Garonne<\/li>\n<li>Rivi\u00e8re Ba\u00efse<\/li>\n<li>Fleuves H\u00e9rault et Orb<\/li>\n<li>Canal lat\u00e9ral \u00e0 la Garonne<\/li>\n<li>Canal de Montech \u00e0 Montauban<\/li>\n<li>Canal de Brienne<\/li>\n<li>Canal du Midi<\/li>\n<li>Canal de Jonction Canal de la Robine<\/li>\n<\/ul>\n<\/div><\/section><br \/>\n\n<style type=\"text\/css\" data-created_by=\"avia_inline_auto\" id=\"style-css-av-dmlss3-f3a6fb7fdc1b8781954ec08dd3967a00\">\n#top .av-special-heading.av-dmlss3-f3a6fb7fdc1b8781954ec08dd3967a00{\npadding-bottom:10px;\ncolor:#2d753a;\n}\nbody .av-special-heading.av-dmlss3-f3a6fb7fdc1b8781954ec08dd3967a00 .av-special-heading-tag .heading-char{\nfont-size:25px;\n}\n.av-special-heading.av-dmlss3-f3a6fb7fdc1b8781954ec08dd3967a00 .special-heading-inner-border{\nborder-color:#2d753a;\n}\n.av-special-heading.av-dmlss3-f3a6fb7fdc1b8781954ec08dd3967a00 .av-subheading{\nfont-size:15px;\n}\n<\/style>\n<div  class='av-special-heading av-dmlss3-f3a6fb7fdc1b8781954ec08dd3967a00 av-special-heading-h3 custom-color-heading  avia-builder-el-10  el_after_av_textblock  el_before_av_textblock '><h3 class='av-special-heading-tag '  itemprop=\"headline\"  >2 &#8211; VNF Direction territoriale Rh\u00f4ne-Sa\u00f4ne<\/h3><div class=\"special-heading-border\"><div class=\"special-heading-inner-border\"><\/div><\/div><\/div><br \/>\n\n<style type=\"text\/css\" data-created_by=\"avia_inline_auto\" id=\"style-css-av-cnoq5f-d6f2e89bd19e8af6ec791454e73570f7\">\n#top .av_textblock_section.av-cnoq5f-d6f2e89bd19e8af6ec791454e73570f7 .avia_textblock{\ncolor:#2d753a;\n}\n<\/style>\n<section  class='av_textblock_section av-cnoq5f-d6f2e89bd19e8af6ec791454e73570f7 '   itemscope=\"itemscope\" itemtype=\"https:\/\/schema.org\/CreativeWork\" ><div class='avia_textblock av_inherit_color'  itemprop=\"text\" ><p><strong>Voies d&rsquo;eau concern\u00e9es :<\/strong><\/p>\n<ul>\n<li>Sa\u00f4ne<\/li>\n<li>Rh\u00f4ne<\/li>\n<li>Canal du Rh\u00f4ne \u00e0 S\u00e8te<\/li>\n<li>Canal du Rh\u00f4ne au Rhin<\/li>\n<li>Haut-Rh\u00f4ne<\/li>\n<li>Petite Sa\u00f4ne<\/li>\n<\/ul>\n<\/div><\/section><br \/>\n\n<style type=\"text\/css\" data-created_by=\"avia_inline_auto\" id=\"style-css-av-apbxlf-a0758c8e72502dfea434ff5146d46c5b\">\n#top .av-special-heading.av-apbxlf-a0758c8e72502dfea434ff5146d46c5b{\npadding-bottom:10px;\ncolor:#2d753a;\n}\nbody .av-special-heading.av-apbxlf-a0758c8e72502dfea434ff5146d46c5b .av-special-heading-tag .heading-char{\nfont-size:25px;\n}\n.av-special-heading.av-apbxlf-a0758c8e72502dfea434ff5146d46c5b .special-heading-inner-border{\nborder-color:#2d753a;\n}\n.av-special-heading.av-apbxlf-a0758c8e72502dfea434ff5146d46c5b .av-subheading{\nfont-size:15px;\n}\n<\/style>\n<div  class='av-special-heading av-apbxlf-a0758c8e72502dfea434ff5146d46c5b av-special-heading-h3 custom-color-heading  avia-builder-el-12  el_after_av_textblock  el_before_av_textblock '><h3 class='av-special-heading-tag '  itemprop=\"headline\"  >3 &#8211; VNF Direction territoriale Bassin de la Seine<\/h3><div class=\"special-heading-border\"><div class=\"special-heading-inner-border\"><\/div><\/div><\/div><br \/>\n\n<style type=\"text\/css\" data-created_by=\"avia_inline_auto\" id=\"style-css-av-9ghkb7-9e3808b381af2841635d082a707dca3b\">\n#top .av_textblock_section.av-9ghkb7-9e3808b381af2841635d082a707dca3b .avia_textblock{\ncolor:#2d753a;\n}\n<\/style>\n<section  class='av_textblock_section av-9ghkb7-9e3808b381af2841635d082a707dca3b '   itemscope=\"itemscope\" itemtype=\"https:\/\/schema.org\/CreativeWork\" ><div class='avia_textblock av_inherit_color'  itemprop=\"text\" ><p><strong>Voies d&rsquo;eau concern\u00e9es :<\/strong><\/p>\n<ul>\n<li>Seine<\/li>\n<li>Aisne<\/li>\n<li>Loire<\/li>\n<li>Marne<\/li>\n<li>Oise<\/li>\n<li>Yonne<\/li>\n<li>Canal de l&rsquo;Aisne \u00e0 la Marne<\/li>\n<li>Canal des Ardennes<\/li>\n<li>Canal de Champagne \u00e0 Bourgogne<\/li>\n<li>Canal de la Haute Seine<\/li>\n<li>Canal lat\u00e9ral \u00e0 l&rsquo;Aisne<\/li>\n<li>Canal lat\u00e9ral \u00e0 la Marne<\/li>\n<li>Canal lat\u00e9ral \u00e0 l&rsquo;Oise<\/li>\n<li>Canal du Loing<\/li>\n<li>Canal de la Marne au Rhin<\/li>\n<li>Canal du Nord<\/li>\n<li>Canal de l&rsquo;Oise \u00e0 l&rsquo;Aisne<\/li>\n<li>Canal Saint Denis<\/li>\n<li>Canal Saint Martin<\/li>\n<li>Canal de Saint Quentin<\/li>\n<li>Canal de la Sambre \u00e0 l&rsquo;Oise<\/li>\n<li>Canal de la Somme<\/li>\n<\/ul>\n<\/div><\/section><br \/>\n\n<style type=\"text\/css\" data-created_by=\"avia_inline_auto\" id=\"style-css-av-7mal9v-186b94ddbd3a0713385b4084579f5d65\">\n#top .av-special-heading.av-7mal9v-186b94ddbd3a0713385b4084579f5d65{\npadding-bottom:10px;\ncolor:#2d753a;\n}\nbody .av-special-heading.av-7mal9v-186b94ddbd3a0713385b4084579f5d65 .av-special-heading-tag .heading-char{\nfont-size:25px;\n}\n.av-special-heading.av-7mal9v-186b94ddbd3a0713385b4084579f5d65 .special-heading-inner-border{\nborder-color:#2d753a;\n}\n.av-special-heading.av-7mal9v-186b94ddbd3a0713385b4084579f5d65 .av-subheading{\nfont-size:15px;\n}\n<\/style>\n<div  class='av-special-heading av-7mal9v-186b94ddbd3a0713385b4084579f5d65 av-special-heading-h3 custom-color-heading  avia-builder-el-14  el_after_av_textblock  el_before_av_textblock '><h3 class='av-special-heading-tag '  itemprop=\"headline\"  >4 &#8211; VNF Direction territoriale Centre Bourgogne<\/h3><div class=\"special-heading-border\"><div class=\"special-heading-inner-border\"><\/div><\/div><\/div><br \/>\n\n<style type=\"text\/css\" data-created_by=\"avia_inline_auto\" id=\"style-css-av-576vgz-4b9186817ba0519d7af7526499d1364f\">\n#top .av_textblock_section.av-576vgz-4b9186817ba0519d7af7526499d1364f .avia_textblock{\ncolor:#2d753a;\n}\n<\/style>\n<section  class='av_textblock_section av-576vgz-4b9186817ba0519d7af7526499d1364f '   itemscope=\"itemscope\" itemtype=\"https:\/\/schema.org\/CreativeWork\" ><div class='avia_textblock av_inherit_color'  itemprop=\"text\" ><p><strong>Voies d&rsquo;eau concern\u00e9es :<\/strong><\/p>\n<ul>\n<li>Yonne amont<\/li>\n<li>Canal de Roanne \u00e0 Digoin<\/li>\n<li>Canal du Nivernais<\/li>\n<li>Canal de Bourgogne<\/li>\n<li>Seille<\/li>\n<li>Et leurs d\u00e9pendances<\/li>\n<li>Canal du Centre<\/li>\n<li>Canal lat\u00e9ral \u00e0 la Loire<\/li>\n<li>Canal de Briaire<\/li>\n<li>Canal du Loing<\/li>\n<li>Et leurs d\u00e9pendances<\/li>\n<\/ul>\n<\/div><\/section><br \/>\n\n<style type=\"text\/css\" data-created_by=\"avia_inline_auto\" id=\"style-css-av-3nwzo3-73b87dd1c998c0b66b8e4c6dd29a88d1\">\n#top .av-special-heading.av-3nwzo3-73b87dd1c998c0b66b8e4c6dd29a88d1{\npadding-bottom:10px;\ncolor:#2d753a;\n}\nbody .av-special-heading.av-3nwzo3-73b87dd1c998c0b66b8e4c6dd29a88d1 .av-special-heading-tag .heading-char{\nfont-size:25px;\n}\n.av-special-heading.av-3nwzo3-73b87dd1c998c0b66b8e4c6dd29a88d1 .special-heading-inner-border{\nborder-color:#2d753a;\n}\n.av-special-heading.av-3nwzo3-73b87dd1c998c0b66b8e4c6dd29a88d1 .av-subheading{\nfont-size:15px;\n}\n<\/style>\n<div  class='av-special-heading av-3nwzo3-73b87dd1c998c0b66b8e4c6dd29a88d1 av-special-heading-h3 custom-color-heading  avia-builder-el-16  el_after_av_textblock  el_before_av_textblock '><h3 class='av-special-heading-tag '  itemprop=\"headline\"  >Avis de la R\u00e9gion Bretagne<\/h3><div class=\"special-heading-border\"><div class=\"special-heading-inner-border\"><\/div><\/div><\/div><br \/>\n\n<style type=\"text\/css\" data-created_by=\"avia_inline_auto\" id=\"style-css-av-73goz-7f736d0f428f09477e5dbf1808a3e6dc\">\n#top .av_textblock_section.av-73goz-7f736d0f428f09477e5dbf1808a3e6dc .avia_textblock{\ncolor:#2d753a;\n}\n<\/style>\n<section  class='av_textblock_section av-73goz-7f736d0f428f09477e5dbf1808a3e6dc '   itemscope=\"itemscope\" itemtype=\"https:\/\/schema.org\/CreativeWork\" ><div class='avia_textblock av_inherit_color'  itemprop=\"text\" ><p><strong>Conditions normales de navigation :<\/strong><\/p>\n<ul>\n<li>Canal d&rsquo;Ille et Rance (section Rennes-Dinan)<\/li>\n<li>Canal d&rsquo;Ille et Rance (section Dinan &#8211; Le Chatelier)<\/li>\n<li>La Vilaine (section Rennes-Redon)<\/li>\n<li>La Vilaine (section Redon-Arzal)<\/li>\n<li>Canal de Nantes \u00e0 Brest (section Redon &#8211; Pontivy)<\/li>\n<li>Canal de Nantes \u00e0 Brest (\u00e0 l&rsquo;aval de Ch\u00e2teaulin)<\/li>\n<\/ul>\n<p><strong>1 &#8211; Arr\u00eat\u00e9 inter-pr\u00e9fectoral portant r\u00e8glement particulier de police de la navigation int\u00e9rieure de l&rsquo;itin\u00e9raire &laquo;&nbsp;Voies touristiques de Centre Bourgogne&nbsp;&raquo; <\/strong><\/p>\n<p><strong>Voies d&rsquo;eau concern\u00e9es :<\/strong><\/p>\n<ul>\n<li>Yonne amont<\/li>\n<li>Canal de Roanne \u00e0 Digoin<\/li>\n<li>Canal du Nivernais<\/li>\n<li>Canal de Bourgogne<\/li>\n<li>Seille<\/li>\n<li>Et leurs d\u00e9pendances<\/li>\n<\/ul>\n<p><strong>2 &#8211; Arr\u00eat\u00e9 inter-pr\u00e9fectoral portant r\u00e8glement particulier de police sur l&rsquo;itin\u00e9raire Sa\u00f4ne Seine\u00a0<\/strong><\/p>\n<p><strong>Voies d&rsquo;eau concern\u00e9es :\u00a0<\/strong><\/p>\n<ul>\n<li>Canal du Centre<\/li>\n<li>Canal lat\u00e9ral \u00e0 la Loire<\/li>\n<li>Canal de Briaire<\/li>\n<li>Canal du Loing<\/li>\n<li>Et leurs d\u00e9pendances<\/li>\n<\/ul>\n<\/div><\/section><\/p><\/div>\n","protected":false},"excerpt":{"rendered":"","protected":false},"author":8,"featured_media":0,"parent":0,"menu_order":0,"comment_status":"closed","ping_status":"closed","template":"","meta":{"footnotes":""},"class_list":["post-8915","page","type-page","status-publish","hentry"],"jetpack_sharing_enabled":true,"_links":{"self":[{"href":"https:\/\/www.canalfriends.com\/fr\/wp-json\/wp\/v2\/pages\/8915","targetHints":{"allow":["GET"]}}],"collection":[{"href":"https:\/\/www.canalfriends.com\/fr\/wp-json\/wp\/v2\/pages"}],"about":[{"href":"https:\/\/www.canalfriends.com\/fr\/wp-json\/wp\/v2\/types\/page"}],"author":[{"embeddable":true,"href":"https:\/\/www.canalfriends.com\/fr\/wp-json\/wp\/v2\/users\/8"}],"replies":[{"embeddable":true,"href":"https:\/\/www.canalfriends.com\/fr\/wp-json\/wp\/v2\/comments?post=8915"}],"version-history":[{"count":1,"href":"https:\/\/www.canalfriends.com\/fr\/wp-json\/wp\/v2\/pages\/8915\/revisions"}],"predecessor-version":[{"id":21823,"href":"https:\/\/www.canalfriends.com\/fr\/wp-json\/wp\/v2\/pages\/8915\/revisions\/21823"}],"wp:attachment":[{"href":"https:\/\/www.canalfriends.com\/fr\/wp-json\/wp\/v2\/media?parent=8915"}],"curies":[{"name":"wp","href":"https:\/\/api.w.org\/{rel}","templated":true}]}}